{"id":13398,"date":"2023-03-24T11:26:57","date_gmt":"2023-03-24T11:26:57","guid":{"rendered":"https:\/\/cryopdp.com\/quienes-somos\/experiencia\/nuestras-soluciones\/logistica-de-muestras-biologicas\/"},"modified":"2026-02-25T17:51:47","modified_gmt":"2026-02-25T17:51:47","slug":"logistica-de-muestras-biologicas","status":"publish","type":"page","link":"https:\/\/cryopdp.com\/es\/quienes-somos\/nuestra-experiencia\/logistica-a-temperatura-controlada\/logistica-de-muestras-biologicas\/","title":{"rendered":"Log\u00edstica de muestras biol\u00f3gicas"},"content":{"rendered":"","protected":false},"excerpt":{"rendered":"","protected":false},"author":2,"featured_media":1582,"parent":14073,"menu_order":0,"comment_status":"closed","ping_status":"closed","template":"","meta":{"_acf_changed":false,"_lmt_disableupdate":"","_lmt_disable":"","footnotes":""},"class_list":["post-13398","page","type-page","status-publish","has-post-thumbnail","hentry"],"acf":[],"yoast_head":"<!-- This site is optimized with the Yoast SEO plugin v27.3 - https:\/\/yoast.com\/product\/yoast-seo-wordpress\/ -->\n<title>Log\u00edstica de muestras biol\u00f3gicas - CRYOPDP<\/title>\n<meta name=\"description\" content=\"CRYOPDP se especializa en la log\u00edstica de muestras biol\u00f3gicas precisas y conformes para las industrias farmac\u00e9utica y biotecnol\u00f3gica.\" \/>\n<meta name=\"robots\" content=\"index, follow, max-snippet:-1, max-image-preview:large, max-video-preview:-1\" \/>\n<link rel=\"canonical\" href=\"https:\/\/cryopdp.com\/es\/quienes-somos\/nuestra-experiencia\/logistica-a-temperatura-controlada\/logistica-de-muestras-biologicas\/\" \/>\n<meta property=\"og:locale\" content=\"es_ES\" \/>\n<meta property=\"og:type\" content=\"article\" \/>\n<meta property=\"og:title\" content=\"Log\u00edstica de muestras biol\u00f3gicas - CRYOPDP\" \/>\n<meta property=\"og:description\" content=\"CRYOPDP se especializa en la log\u00edstica de muestras biol\u00f3gicas precisas y conformes para las industrias farmac\u00e9utica y biotecnol\u00f3gica.\" \/>\n<meta property=\"og:url\" content=\"https:\/\/cryopdp.com\/es\/quienes-somos\/nuestra-experiencia\/logistica-a-temperatura-controlada\/logistica-de-muestras-biologicas\/\" \/>\n<meta property=\"og:site_name\" content=\"CRYOPDP\" \/>\n<meta property=\"article:modified_time\" content=\"2026-02-25T17:51:47+00:00\" \/>\n<meta property=\"og:image\" content=\"https:\/\/cryopdp.com\/wp-content\/uploads\/2023\/11\/topbanner-8.jpg\" \/>\n\t<meta property=\"og:image:width\" content=\"1920\" \/>\n\t<meta property=\"og:image:height\" content=\"960\" \/>\n\t<meta property=\"og:image:type\" content=\"image\/jpeg\" \/>\n<meta name=\"twitter:card\" content=\"summary_large_image\" \/>\n<meta name=\"twitter:site\" content=\"@CRYOPDP_\" \/>\n<script type=\"application\/ld+json\" class=\"yoast-schema-graph\">{\"@context\":\"https:\\\/\\\/schema.org\",\"@graph\":[{\"@type\":\"WebPage\",\"@id\":\"https:\\\/\\\/cryopdp.com\\\/es\\\/quienes-somos\\\/nuestra-experiencia\\\/logistica-a-temperatura-controlada\\\/logistica-de-muestras-biologicas\\\/\",\"url\":\"https:\\\/\\\/cryopdp.com\\\/es\\\/quienes-somos\\\/nuestra-experiencia\\\/logistica-a-temperatura-controlada\\\/logistica-de-muestras-biologicas\\\/\",\"name\":\"Log\u00edstica de muestras biol\u00f3gicas - CRYOPDP\",\"isPartOf\":{\"@id\":\"https:\\\/\\\/cryopdp.com\\\/es\\\/#website\"},\"primaryImageOfPage\":{\"@id\":\"https:\\\/\\\/cryopdp.com\\\/es\\\/quienes-somos\\\/nuestra-experiencia\\\/logistica-a-temperatura-controlada\\\/logistica-de-muestras-biologicas\\\/#primaryimage\"},\"image\":{\"@id\":\"https:\\\/\\\/cryopdp.com\\\/es\\\/quienes-somos\\\/nuestra-experiencia\\\/logistica-a-temperatura-controlada\\\/logistica-de-muestras-biologicas\\\/#primaryimage\"},\"thumbnailUrl\":\"https:\\\/\\\/cryopdp.com\\\/wp-content\\\/uploads\\\/2023\\\/11\\\/topbanner-8.jpg\",\"datePublished\":\"2023-03-24T11:26:57+00:00\",\"dateModified\":\"2026-02-25T17:51:47+00:00\",\"description\":\"CRYOPDP se especializa en la log\u00edstica de muestras biol\u00f3gicas precisas y conformes para las industrias farmac\u00e9utica y biotecnol\u00f3gica.\",\"breadcrumb\":{\"@id\":\"https:\\\/\\\/cryopdp.com\\\/es\\\/quienes-somos\\\/nuestra-experiencia\\\/logistica-a-temperatura-controlada\\\/logistica-de-muestras-biologicas\\\/#breadcrumb\"},\"inLanguage\":\"es\",\"potentialAction\":[{\"@type\":\"ReadAction\",\"target\":[\"https:\\\/\\\/cryopdp.com\\\/es\\\/quienes-somos\\\/nuestra-experiencia\\\/logistica-a-temperatura-controlada\\\/logistica-de-muestras-biologicas\\\/\"]}]},{\"@type\":\"ImageObject\",\"inLanguage\":\"es\",\"@id\":\"https:\\\/\\\/cryopdp.com\\\/es\\\/quienes-somos\\\/nuestra-experiencia\\\/logistica-a-temperatura-controlada\\\/logistica-de-muestras-biologicas\\\/#primaryimage\",\"url\":\"https:\\\/\\\/cryopdp.com\\\/wp-content\\\/uploads\\\/2023\\\/11\\\/topbanner-8.jpg\",\"contentUrl\":\"https:\\\/\\\/cryopdp.com\\\/wp-content\\\/uploads\\\/2023\\\/11\\\/topbanner-8.jpg\",\"width\":1920,\"height\":960,\"caption\":\"Soluciones log\u00edsticas especializadas para el transporte seguro y eficaz de muestras biol\u00f3gicas en entornos controlados.\"},{\"@type\":\"BreadcrumbList\",\"@id\":\"https:\\\/\\\/cryopdp.com\\\/es\\\/quienes-somos\\\/nuestra-experiencia\\\/logistica-a-temperatura-controlada\\\/logistica-de-muestras-biologicas\\\/#breadcrumb\",\"itemListElement\":[{\"@type\":\"ListItem\",\"position\":1,\"name\":\"Inicio\",\"item\":\"https:\\\/\\\/cryopdp.com\\\/es\\\/\"},{\"@type\":\"ListItem\",\"position\":2,\"name\":\"Nuestra experiencia\",\"item\":\"https:\\\/\\\/cryopdp.com\\\/es\\\/quienes-somos__trashed\\\/nuestra-experiencia\\\/\"},{\"@type\":\"ListItem\",\"position\":3,\"name\":\"Log\u00edstica a temperatura controlada\",\"item\":\"https:\\\/\\\/cryopdp.com\\\/es\\\/quienes-somos__trashed\\\/nuestra-experiencia\\\/logistica-a-temperatura-controlada\\\/\"},{\"@type\":\"ListItem\",\"position\":4,\"name\":\"Log\u00edstica de muestras biol\u00f3gicas\"}]},{\"@type\":\"WebSite\",\"@id\":\"https:\\\/\\\/cryopdp.com\\\/es\\\/#website\",\"url\":\"https:\\\/\\\/cryopdp.com\\\/es\\\/\",\"name\":\"CRYOPDP\",\"description\":\"\",\"publisher\":{\"@id\":\"https:\\\/\\\/cryopdp.com\\\/es\\\/#organization\"},\"potentialAction\":[{\"@type\":\"SearchAction\",\"target\":{\"@type\":\"EntryPoint\",\"urlTemplate\":\"https:\\\/\\\/cryopdp.com\\\/es\\\/?s={search_term_string}\"},\"query-input\":{\"@type\":\"PropertyValueSpecification\",\"valueRequired\":true,\"valueName\":\"search_term_string\"}}],\"inLanguage\":\"es\"},{\"@type\":\"Organization\",\"@id\":\"https:\\\/\\\/cryopdp.com\\\/es\\\/#organization\",\"name\":\"CRYOPDP\",\"url\":\"https:\\\/\\\/cryopdp.com\\\/es\\\/\",\"logo\":{\"@type\":\"ImageObject\",\"inLanguage\":\"es\",\"@id\":\"https:\\\/\\\/cryopdp.com\\\/es\\\/#\\\/schema\\\/logo\\\/image\\\/\",\"url\":\"https:\\\/\\\/cryopdp.com\\\/wp-content\\\/uploads\\\/sites\\\/2\\\/2023\\\/12\\\/pdp-square.png\",\"contentUrl\":\"https:\\\/\\\/cryopdp.com\\\/wp-content\\\/uploads\\\/sites\\\/2\\\/2023\\\/12\\\/pdp-square.png\",\"width\":1200,\"height\":1200,\"caption\":\"CRYOPDP\"},\"image\":{\"@id\":\"https:\\\/\\\/cryopdp.com\\\/es\\\/#\\\/schema\\\/logo\\\/image\\\/\"},\"sameAs\":[\"https:\\\/\\\/x.com\\\/CRYOPDP_\",\"https:\\\/\\\/www.linkedin.com\\\/company\\\/cryopdp\",\"https:\\\/\\\/www.youtube.com\\\/channel\\\/UCMAksAtjJDxbVHG0ItM4lUQ\",\"https:\\\/\\\/open.spotify.com\\\/show\\\/38TuNaX1QexPKFvL6mU0Fw?si=9766c86aea1e4b7f\"]}]}<\/script>\n<!-- \/ Yoast SEO plugin. -->","yoast_head_json":{"title":"Log\u00edstica de muestras biol\u00f3gicas - CRYOPDP","description":"CRYOPDP se especializa en la log\u00edstica de muestras biol\u00f3gicas precisas y conformes para las industrias farmac\u00e9utica y biotecnol\u00f3gica.","robots":{"index":"index","follow":"follow","max-snippet":"max-snippet:-1","max-image-preview":"max-image-preview:large","max-video-preview":"max-video-preview:-1"},"canonical":"https:\/\/cryopdp.com\/es\/quienes-somos\/nuestra-experiencia\/logistica-a-temperatura-controlada\/logistica-de-muestras-biologicas\/","og_locale":"es_ES","og_type":"article","og_title":"Log\u00edstica de muestras biol\u00f3gicas - CRYOPDP","og_description":"CRYOPDP se especializa en la log\u00edstica de muestras biol\u00f3gicas precisas y conformes para las industrias farmac\u00e9utica y biotecnol\u00f3gica.","og_url":"https:\/\/cryopdp.com\/es\/quienes-somos\/nuestra-experiencia\/logistica-a-temperatura-controlada\/logistica-de-muestras-biologicas\/","og_site_name":"CRYOPDP","article_modified_time":"2026-02-25T17:51:47+00:00","og_image":[{"width":1920,"height":960,"url":"https:\/\/cryopdp.com\/wp-content\/uploads\/2023\/11\/topbanner-8.jpg","type":"image\/jpeg"}],"twitter_card":"summary_large_image","twitter_site":"@CRYOPDP_","schema":{"@context":"https:\/\/schema.org","@graph":[{"@type":"WebPage","@id":"https:\/\/cryopdp.com\/es\/quienes-somos\/nuestra-experiencia\/logistica-a-temperatura-controlada\/logistica-de-muestras-biologicas\/","url":"https:\/\/cryopdp.com\/es\/quienes-somos\/nuestra-experiencia\/logistica-a-temperatura-controlada\/logistica-de-muestras-biologicas\/","name":"Log\u00edstica de muestras biol\u00f3gicas - CRYOPDP","isPartOf":{"@id":"https:\/\/cryopdp.com\/es\/#website"},"primaryImageOfPage":{"@id":"https:\/\/cryopdp.com\/es\/quienes-somos\/nuestra-experiencia\/logistica-a-temperatura-controlada\/logistica-de-muestras-biologicas\/#primaryimage"},"image":{"@id":"https:\/\/cryopdp.com\/es\/quienes-somos\/nuestra-experiencia\/logistica-a-temperatura-controlada\/logistica-de-muestras-biologicas\/#primaryimage"},"thumbnailUrl":"https:\/\/cryopdp.com\/wp-content\/uploads\/2023\/11\/topbanner-8.jpg","datePublished":"2023-03-24T11:26:57+00:00","dateModified":"2026-02-25T17:51:47+00:00","description":"CRYOPDP se especializa en la log\u00edstica de muestras biol\u00f3gicas precisas y conformes para las industrias farmac\u00e9utica y biotecnol\u00f3gica.","breadcrumb":{"@id":"https:\/\/cryopdp.com\/es\/quienes-somos\/nuestra-experiencia\/logistica-a-temperatura-controlada\/logistica-de-muestras-biologicas\/#breadcrumb"},"inLanguage":"es","potentialAction":[{"@type":"ReadAction","target":["https:\/\/cryopdp.com\/es\/quienes-somos\/nuestra-experiencia\/logistica-a-temperatura-controlada\/logistica-de-muestras-biologicas\/"]}]},{"@type":"ImageObject","inLanguage":"es","@id":"https:\/\/cryopdp.com\/es\/quienes-somos\/nuestra-experiencia\/logistica-a-temperatura-controlada\/logistica-de-muestras-biologicas\/#primaryimage","url":"https:\/\/cryopdp.com\/wp-content\/uploads\/2023\/11\/topbanner-8.jpg","contentUrl":"https:\/\/cryopdp.com\/wp-content\/uploads\/2023\/11\/topbanner-8.jpg","width":1920,"height":960,"caption":"Soluciones log\u00edsticas especializadas para el transporte seguro y eficaz de muestras biol\u00f3gicas en entornos controlados."},{"@type":"BreadcrumbList","@id":"https:\/\/cryopdp.com\/es\/quienes-somos\/nuestra-experiencia\/logistica-a-temperatura-controlada\/logistica-de-muestras-biologicas\/#breadcrumb","itemListElement":[{"@type":"ListItem","position":1,"name":"Inicio","item":"https:\/\/cryopdp.com\/es\/"},{"@type":"ListItem","position":2,"name":"Nuestra experiencia","item":"https:\/\/cryopdp.com\/es\/quienes-somos__trashed\/nuestra-experiencia\/"},{"@type":"ListItem","position":3,"name":"Log\u00edstica a temperatura controlada","item":"https:\/\/cryopdp.com\/es\/quienes-somos__trashed\/nuestra-experiencia\/logistica-a-temperatura-controlada\/"},{"@type":"ListItem","position":4,"name":"Log\u00edstica de muestras biol\u00f3gicas"}]},{"@type":"WebSite","@id":"https:\/\/cryopdp.com\/es\/#website","url":"https:\/\/cryopdp.com\/es\/","name":"CRYOPDP","description":"","publisher":{"@id":"https:\/\/cryopdp.com\/es\/#organization"},"potentialAction":[{"@type":"SearchAction","target":{"@type":"EntryPoint","urlTemplate":"https:\/\/cryopdp.com\/es\/?s={search_term_string}"},"query-input":{"@type":"PropertyValueSpecification","valueRequired":true,"valueName":"search_term_string"}}],"inLanguage":"es"},{"@type":"Organization","@id":"https:\/\/cryopdp.com\/es\/#organization","name":"CRYOPDP","url":"https:\/\/cryopdp.com\/es\/","logo":{"@type":"ImageObject","inLanguage":"es","@id":"https:\/\/cryopdp.com\/es\/#\/schema\/logo\/image\/","url":"https:\/\/cryopdp.com\/wp-content\/uploads\/sites\/2\/2023\/12\/pdp-square.png","contentUrl":"https:\/\/cryopdp.com\/wp-content\/uploads\/sites\/2\/2023\/12\/pdp-square.png","width":1200,"height":1200,"caption":"CRYOPDP"},"image":{"@id":"https:\/\/cryopdp.com\/es\/#\/schema\/logo\/image\/"},"sameAs":["https:\/\/x.com\/CRYOPDP_","https:\/\/www.linkedin.com\/company\/cryopdp","https:\/\/www.youtube.com\/channel\/UCMAksAtjJDxbVHG0ItM4lUQ","https:\/\/open.spotify.com\/show\/38TuNaX1QexPKFvL6mU0Fw?si=9766c86aea1e4b7f"]}]}},"_links":{"self":[{"href":"https:\/\/cryopdp.com\/es\/wp-json\/wp\/v2\/pages\/13398","targetHints":{"allow":["GET"]}}],"collection":[{"href":"https:\/\/cryopdp.com\/es\/wp-json\/wp\/v2\/pages"}],"about":[{"href":"https:\/\/cryopdp.com\/es\/wp-json\/wp\/v2\/types\/page"}],"author":[{"embeddable":true,"href":"https:\/\/cryopdp.com\/es\/wp-json\/wp\/v2\/users\/2"}],"replies":[{"embeddable":true,"href":"https:\/\/cryopdp.com\/es\/wp-json\/wp\/v2\/comments?post=13398"}],"version-history":[{"count":0,"href":"https:\/\/cryopdp.com\/es\/wp-json\/wp\/v2\/pages\/13398\/revisions"}],"up":[{"embeddable":true,"href":"https:\/\/cryopdp.com\/es\/wp-json\/wp\/v2\/pages\/14073"}],"wp:featuredmedia":[{"embeddable":true,"href":"https:\/\/cryopdp.com\/es\/wp-json\/wp\/v2\/media\/1582"}],"wp:attachment":[{"href":"https:\/\/cryopdp.com\/es\/wp-json\/wp\/v2\/media?parent=13398"}],"curies":[{"name":"wp","href":"https:\/\/api.w.org\/{rel}","templated":true}]}}