{"id":13456,"date":"2025-02-13T15:02:12","date_gmt":"2025-02-13T15:02:12","guid":{"rendered":"https:\/\/cryopdp.com\/quienes-somos\/experiencia\/certificaciones-y-conformidad\/"},"modified":"2026-02-25T18:12:55","modified_gmt":"2026-02-25T18:12:55","slug":"certificaciones-y-conformidad","status":"publish","type":"page","link":"https:\/\/cryopdp.com\/es\/quienes-somos\/nuestra-experiencia\/certificaciones-y-conformidad\/","title":{"rendered":"Certificaciones y conformidad"},"content":{"rendered":"","protected":false},"excerpt":{"rendered":"","protected":false},"author":4,"featured_media":9816,"parent":13960,"menu_order":0,"comment_status":"closed","ping_status":"closed","template":"","meta":{"_acf_changed":false,"_lmt_disableupdate":"","_lmt_disable":"","footnotes":""},"class_list":["post-13456","page","type-page","status-publish","has-post-thumbnail","hentry"],"acf":[],"yoast_head":"<!-- This site is optimized with the Yoast SEO plugin v27.3 - https:\/\/yoast.com\/product\/yoast-seo-wordpress\/ -->\n<title>Certificaciones y conformidad - CRYOPDP<\/title>\n<meta name=\"description\" content=\"CRYOPDP est\u00e1 especializada en log\u00edstica conforme a la GDP para ciencias de la vida, investigaci\u00f3n y terapia celular y g\u00e9nica, utilizando soluciones de control de temperatura a escala mundial.\" \/>\n<meta name=\"robots\" content=\"index, follow, max-snippet:-1, max-image-preview:large, max-video-preview:-1\" \/>\n<link rel=\"canonical\" href=\"https:\/\/cryopdp.com\/es\/quienes-somos\/nuestra-experiencia\/certificaciones-y-conformidad\/\" \/>\n<meta property=\"og:locale\" content=\"es_ES\" \/>\n<meta property=\"og:type\" content=\"article\" \/>\n<meta property=\"og:title\" content=\"Certificaciones y conformidad - CRYOPDP\" \/>\n<meta property=\"og:description\" content=\"CRYOPDP est\u00e1 especializada en log\u00edstica conforme a la GDP para ciencias de la vida, investigaci\u00f3n y terapia celular y g\u00e9nica, utilizando soluciones de control de temperatura a escala mundial.\" \/>\n<meta property=\"og:url\" content=\"https:\/\/cryopdp.com\/es\/quienes-somos\/nuestra-experiencia\/certificaciones-y-conformidad\/\" \/>\n<meta property=\"og:site_name\" content=\"CRYOPDP\" \/>\n<meta property=\"article:modified_time\" content=\"2026-02-25T18:12:55+00:00\" \/>\n<meta property=\"og:image\" content=\"https:\/\/cryopdp.com\/wp-content\/uploads\/2025\/02\/AdobeStock_317868703-scaled.jpeg\" \/>\n\t<meta property=\"og:image:width\" content=\"2560\" \/>\n\t<meta property=\"og:image:height\" content=\"1707\" \/>\n\t<meta property=\"og:image:type\" content=\"image\/jpeg\" \/>\n<meta name=\"twitter:card\" content=\"summary_large_image\" \/>\n<meta name=\"twitter:site\" content=\"@CRYOPDP_\" \/>\n<script type=\"application\/ld+json\" class=\"yoast-schema-graph\">{\"@context\":\"https:\\\/\\\/schema.org\",\"@graph\":[{\"@type\":\"WebPage\",\"@id\":\"https:\\\/\\\/cryopdp.com\\\/es\\\/quienes-somos\\\/nuestra-experiencia\\\/certificaciones-y-conformidad\\\/\",\"url\":\"https:\\\/\\\/cryopdp.com\\\/es\\\/quienes-somos\\\/nuestra-experiencia\\\/certificaciones-y-conformidad\\\/\",\"name\":\"Certificaciones y conformidad - CRYOPDP\",\"isPartOf\":{\"@id\":\"https:\\\/\\\/cryopdp.com\\\/es\\\/#website\"},\"primaryImageOfPage\":{\"@id\":\"https:\\\/\\\/cryopdp.com\\\/es\\\/quienes-somos\\\/nuestra-experiencia\\\/certificaciones-y-conformidad\\\/#primaryimage\"},\"image\":{\"@id\":\"https:\\\/\\\/cryopdp.com\\\/es\\\/quienes-somos\\\/nuestra-experiencia\\\/certificaciones-y-conformidad\\\/#primaryimage\"},\"thumbnailUrl\":\"https:\\\/\\\/cryopdp.com\\\/wp-content\\\/uploads\\\/2025\\\/02\\\/AdobeStock_317868703-scaled.jpeg\",\"datePublished\":\"2025-02-13T15:02:12+00:00\",\"dateModified\":\"2026-02-25T18:12:55+00:00\",\"description\":\"CRYOPDP est\u00e1 especializada en log\u00edstica conforme a la GDP para ciencias de la vida, investigaci\u00f3n y terapia celular y g\u00e9nica, utilizando soluciones de control de temperatura a escala mundial.\",\"breadcrumb\":{\"@id\":\"https:\\\/\\\/cryopdp.com\\\/es\\\/quienes-somos\\\/nuestra-experiencia\\\/certificaciones-y-conformidad\\\/#breadcrumb\"},\"inLanguage\":\"es\",\"potentialAction\":[{\"@type\":\"ReadAction\",\"target\":[\"https:\\\/\\\/cryopdp.com\\\/es\\\/quienes-somos\\\/nuestra-experiencia\\\/certificaciones-y-conformidad\\\/\"]}]},{\"@type\":\"ImageObject\",\"inLanguage\":\"es\",\"@id\":\"https:\\\/\\\/cryopdp.com\\\/es\\\/quienes-somos\\\/nuestra-experiencia\\\/certificaciones-y-conformidad\\\/#primaryimage\",\"url\":\"https:\\\/\\\/cryopdp.com\\\/wp-content\\\/uploads\\\/2025\\\/02\\\/AdobeStock_317868703-scaled.jpeg\",\"contentUrl\":\"https:\\\/\\\/cryopdp.com\\\/wp-content\\\/uploads\\\/2025\\\/02\\\/AdobeStock_317868703-scaled.jpeg\",\"width\":2560,\"height\":1707,\"caption\":\"Fomentar la confianza mediante el cumplimiento, un apret\u00f3n de manos que representa el compromiso con las pr\u00e1cticas log\u00edsticas conformes con el PIB en las ciencias de la vida.\"},{\"@type\":\"BreadcrumbList\",\"@id\":\"https:\\\/\\\/cryopdp.com\\\/es\\\/quienes-somos\\\/nuestra-experiencia\\\/certificaciones-y-conformidad\\\/#breadcrumb\",\"itemListElement\":[{\"@type\":\"ListItem\",\"position\":1,\"name\":\"Inicio\",\"item\":\"https:\\\/\\\/cryopdp.com\\\/es\\\/\"},{\"@type\":\"ListItem\",\"position\":2,\"name\":\"Nuestra experiencia\",\"item\":\"https:\\\/\\\/cryopdp.com\\\/es\\\/quienes-somos__trashed\\\/nuestra-experiencia\\\/\"},{\"@type\":\"ListItem\",\"position\":3,\"name\":\"Certificaciones y conformidad\"}]},{\"@type\":\"WebSite\",\"@id\":\"https:\\\/\\\/cryopdp.com\\\/es\\\/#website\",\"url\":\"https:\\\/\\\/cryopdp.com\\\/es\\\/\",\"name\":\"CRYOPDP\",\"description\":\"\",\"publisher\":{\"@id\":\"https:\\\/\\\/cryopdp.com\\\/es\\\/#organization\"},\"potentialAction\":[{\"@type\":\"SearchAction\",\"target\":{\"@type\":\"EntryPoint\",\"urlTemplate\":\"https:\\\/\\\/cryopdp.com\\\/es\\\/?s={search_term_string}\"},\"query-input\":{\"@type\":\"PropertyValueSpecification\",\"valueRequired\":true,\"valueName\":\"search_term_string\"}}],\"inLanguage\":\"es\"},{\"@type\":\"Organization\",\"@id\":\"https:\\\/\\\/cryopdp.com\\\/es\\\/#organization\",\"name\":\"CRYOPDP\",\"url\":\"https:\\\/\\\/cryopdp.com\\\/es\\\/\",\"logo\":{\"@type\":\"ImageObject\",\"inLanguage\":\"es\",\"@id\":\"https:\\\/\\\/cryopdp.com\\\/es\\\/#\\\/schema\\\/logo\\\/image\\\/\",\"url\":\"https:\\\/\\\/cryopdp.com\\\/wp-content\\\/uploads\\\/sites\\\/2\\\/2023\\\/12\\\/pdp-square.png\",\"contentUrl\":\"https:\\\/\\\/cryopdp.com\\\/wp-content\\\/uploads\\\/sites\\\/2\\\/2023\\\/12\\\/pdp-square.png\",\"width\":1200,\"height\":1200,\"caption\":\"CRYOPDP\"},\"image\":{\"@id\":\"https:\\\/\\\/cryopdp.com\\\/es\\\/#\\\/schema\\\/logo\\\/image\\\/\"},\"sameAs\":[\"https:\\\/\\\/x.com\\\/CRYOPDP_\",\"https:\\\/\\\/www.linkedin.com\\\/company\\\/cryopdp\",\"https:\\\/\\\/www.youtube.com\\\/channel\\\/UCMAksAtjJDxbVHG0ItM4lUQ\",\"https:\\\/\\\/open.spotify.com\\\/show\\\/38TuNaX1QexPKFvL6mU0Fw?si=9766c86aea1e4b7f\"]}]}<\/script>\n<!-- \/ Yoast SEO plugin. -->","yoast_head_json":{"title":"Certificaciones y conformidad - CRYOPDP","description":"CRYOPDP est\u00e1 especializada en log\u00edstica conforme a la GDP para ciencias de la vida, investigaci\u00f3n y terapia celular y g\u00e9nica, utilizando soluciones de control de temperatura a escala mundial.","robots":{"index":"index","follow":"follow","max-snippet":"max-snippet:-1","max-image-preview":"max-image-preview:large","max-video-preview":"max-video-preview:-1"},"canonical":"https:\/\/cryopdp.com\/es\/quienes-somos\/nuestra-experiencia\/certificaciones-y-conformidad\/","og_locale":"es_ES","og_type":"article","og_title":"Certificaciones y conformidad - CRYOPDP","og_description":"CRYOPDP est\u00e1 especializada en log\u00edstica conforme a la GDP para ciencias de la vida, investigaci\u00f3n y terapia celular y g\u00e9nica, utilizando soluciones de control de temperatura a escala mundial.","og_url":"https:\/\/cryopdp.com\/es\/quienes-somos\/nuestra-experiencia\/certificaciones-y-conformidad\/","og_site_name":"CRYOPDP","article_modified_time":"2026-02-25T18:12:55+00:00","og_image":[{"width":2560,"height":1707,"url":"https:\/\/cryopdp.com\/wp-content\/uploads\/2025\/02\/AdobeStock_317868703-scaled.jpeg","type":"image\/jpeg"}],"twitter_card":"summary_large_image","twitter_site":"@CRYOPDP_","schema":{"@context":"https:\/\/schema.org","@graph":[{"@type":"WebPage","@id":"https:\/\/cryopdp.com\/es\/quienes-somos\/nuestra-experiencia\/certificaciones-y-conformidad\/","url":"https:\/\/cryopdp.com\/es\/quienes-somos\/nuestra-experiencia\/certificaciones-y-conformidad\/","name":"Certificaciones y conformidad - CRYOPDP","isPartOf":{"@id":"https:\/\/cryopdp.com\/es\/#website"},"primaryImageOfPage":{"@id":"https:\/\/cryopdp.com\/es\/quienes-somos\/nuestra-experiencia\/certificaciones-y-conformidad\/#primaryimage"},"image":{"@id":"https:\/\/cryopdp.com\/es\/quienes-somos\/nuestra-experiencia\/certificaciones-y-conformidad\/#primaryimage"},"thumbnailUrl":"https:\/\/cryopdp.com\/wp-content\/uploads\/2025\/02\/AdobeStock_317868703-scaled.jpeg","datePublished":"2025-02-13T15:02:12+00:00","dateModified":"2026-02-25T18:12:55+00:00","description":"CRYOPDP est\u00e1 especializada en log\u00edstica conforme a la GDP para ciencias de la vida, investigaci\u00f3n y terapia celular y g\u00e9nica, utilizando soluciones de control de temperatura a escala mundial.","breadcrumb":{"@id":"https:\/\/cryopdp.com\/es\/quienes-somos\/nuestra-experiencia\/certificaciones-y-conformidad\/#breadcrumb"},"inLanguage":"es","potentialAction":[{"@type":"ReadAction","target":["https:\/\/cryopdp.com\/es\/quienes-somos\/nuestra-experiencia\/certificaciones-y-conformidad\/"]}]},{"@type":"ImageObject","inLanguage":"es","@id":"https:\/\/cryopdp.com\/es\/quienes-somos\/nuestra-experiencia\/certificaciones-y-conformidad\/#primaryimage","url":"https:\/\/cryopdp.com\/wp-content\/uploads\/2025\/02\/AdobeStock_317868703-scaled.jpeg","contentUrl":"https:\/\/cryopdp.com\/wp-content\/uploads\/2025\/02\/AdobeStock_317868703-scaled.jpeg","width":2560,"height":1707,"caption":"Fomentar la confianza mediante el cumplimiento, un apret\u00f3n de manos que representa el compromiso con las pr\u00e1cticas log\u00edsticas conformes con el PIB en las ciencias de la vida."},{"@type":"BreadcrumbList","@id":"https:\/\/cryopdp.com\/es\/quienes-somos\/nuestra-experiencia\/certificaciones-y-conformidad\/#breadcrumb","itemListElement":[{"@type":"ListItem","position":1,"name":"Inicio","item":"https:\/\/cryopdp.com\/es\/"},{"@type":"ListItem","position":2,"name":"Nuestra experiencia","item":"https:\/\/cryopdp.com\/es\/quienes-somos__trashed\/nuestra-experiencia\/"},{"@type":"ListItem","position":3,"name":"Certificaciones y conformidad"}]},{"@type":"WebSite","@id":"https:\/\/cryopdp.com\/es\/#website","url":"https:\/\/cryopdp.com\/es\/","name":"CRYOPDP","description":"","publisher":{"@id":"https:\/\/cryopdp.com\/es\/#organization"},"potentialAction":[{"@type":"SearchAction","target":{"@type":"EntryPoint","urlTemplate":"https:\/\/cryopdp.com\/es\/?s={search_term_string}"},"query-input":{"@type":"PropertyValueSpecification","valueRequired":true,"valueName":"search_term_string"}}],"inLanguage":"es"},{"@type":"Organization","@id":"https:\/\/cryopdp.com\/es\/#organization","name":"CRYOPDP","url":"https:\/\/cryopdp.com\/es\/","logo":{"@type":"ImageObject","inLanguage":"es","@id":"https:\/\/cryopdp.com\/es\/#\/schema\/logo\/image\/","url":"https:\/\/cryopdp.com\/wp-content\/uploads\/sites\/2\/2023\/12\/pdp-square.png","contentUrl":"https:\/\/cryopdp.com\/wp-content\/uploads\/sites\/2\/2023\/12\/pdp-square.png","width":1200,"height":1200,"caption":"CRYOPDP"},"image":{"@id":"https:\/\/cryopdp.com\/es\/#\/schema\/logo\/image\/"},"sameAs":["https:\/\/x.com\/CRYOPDP_","https:\/\/www.linkedin.com\/company\/cryopdp","https:\/\/www.youtube.com\/channel\/UCMAksAtjJDxbVHG0ItM4lUQ","https:\/\/open.spotify.com\/show\/38TuNaX1QexPKFvL6mU0Fw?si=9766c86aea1e4b7f"]}]}},"_links":{"self":[{"href":"https:\/\/cryopdp.com\/es\/wp-json\/wp\/v2\/pages\/13456","targetHints":{"allow":["GET"]}}],"collection":[{"href":"https:\/\/cryopdp.com\/es\/wp-json\/wp\/v2\/pages"}],"about":[{"href":"https:\/\/cryopdp.com\/es\/wp-json\/wp\/v2\/types\/page"}],"author":[{"embeddable":true,"href":"https:\/\/cryopdp.com\/es\/wp-json\/wp\/v2\/users\/4"}],"replies":[{"embeddable":true,"href":"https:\/\/cryopdp.com\/es\/wp-json\/wp\/v2\/comments?post=13456"}],"version-history":[{"count":0,"href":"https:\/\/cryopdp.com\/es\/wp-json\/wp\/v2\/pages\/13456\/revisions"}],"up":[{"embeddable":true,"href":"https:\/\/cryopdp.com\/es\/wp-json\/wp\/v2\/pages\/13960"}],"wp:featuredmedia":[{"embeddable":true,"href":"https:\/\/cryopdp.com\/es\/wp-json\/wp\/v2\/media\/9816"}],"wp:attachment":[{"href":"https:\/\/cryopdp.com\/es\/wp-json\/wp\/v2\/media?parent=13456"}],"curies":[{"name":"wp","href":"https:\/\/api.w.org\/{rel}","templated":true}]}}