{"id":13490,"date":"2023-09-07T14:19:48","date_gmt":"2023-09-07T13:19:48","guid":{"rendered":"https:\/\/cryopdp.com\/responsabilidad-social-corporativa-rsc\/"},"modified":"2026-02-25T18:26:55","modified_gmt":"2026-02-25T18:26:55","slug":"responsabilidad-social-corporativa-rsc","status":"publish","type":"page","link":"https:\/\/cryopdp.com\/es\/responsabilidad-social-corporativa-rsc\/","title":{"rendered":"Responsabilidad Social Corporativa (RSC)"},"content":{"rendered":"","protected":false},"excerpt":{"rendered":"","protected":false},"author":2,"featured_media":1467,"parent":0,"menu_order":0,"comment_status":"closed","ping_status":"closed","template":"","meta":{"_acf_changed":false,"_lmt_disableupdate":"","_lmt_disable":"","footnotes":""},"class_list":["post-13490","page","type-page","status-publish","has-post-thumbnail","hentry"],"acf":[],"yoast_head":"<!-- This site is optimized with the Yoast SEO plugin v27.3 - https:\/\/yoast.com\/product\/yoast-seo-wordpress\/ -->\n<title>Responsabilidad Social Corporativa (RSC) - CRYOPDP<\/title>\n<meta name=\"description\" content=\"CRYOPDP destaca en log\u00edstica sostenible, garantizando la preservaci\u00f3n del medio ambiente y el valor econ\u00f3mico, manteniendo la responsabilidad corporativa.\" \/>\n<meta name=\"robots\" content=\"index, follow, max-snippet:-1, max-image-preview:large, max-video-preview:-1\" \/>\n<link rel=\"canonical\" href=\"https:\/\/cryopdp.com\/es\/responsabilidad-social-corporativa-rsc\/\" \/>\n<meta property=\"og:locale\" content=\"es_ES\" \/>\n<meta property=\"og:type\" content=\"article\" \/>\n<meta property=\"og:title\" content=\"Responsabilidad Social Corporativa (RSC) - CRYOPDP\" \/>\n<meta property=\"og:description\" content=\"CRYOPDP destaca en log\u00edstica sostenible, garantizando la preservaci\u00f3n del medio ambiente y el valor econ\u00f3mico, manteniendo la responsabilidad corporativa.\" \/>\n<meta property=\"og:url\" content=\"https:\/\/cryopdp.com\/es\/responsabilidad-social-corporativa-rsc\/\" \/>\n<meta property=\"og:site_name\" content=\"CRYOPDP\" \/>\n<meta property=\"article:modified_time\" content=\"2026-02-25T18:26:55+00:00\" \/>\n<meta property=\"og:image\" content=\"https:\/\/cryopdp.com\/wp-content\/uploads\/2023\/11\/AdobeStock_642201318-scaled.jpeg\" \/>\n\t<meta property=\"og:image:width\" content=\"1728\" \/>\n\t<meta property=\"og:image:height\" content=\"313\" \/>\n\t<meta property=\"og:image:type\" content=\"image\/png\" \/>\n<meta name=\"twitter:card\" content=\"summary_large_image\" \/>\n<meta name=\"twitter:site\" content=\"@CRYOPDP_\" \/>\n<script type=\"application\/ld+json\" class=\"yoast-schema-graph\">{\"@context\":\"https:\\\/\\\/schema.org\",\"@graph\":[{\"@type\":\"WebPage\",\"@id\":\"https:\\\/\\\/cryopdp.com\\\/es\\\/responsabilidad-social-corporativa-rsc\\\/\",\"url\":\"https:\\\/\\\/cryopdp.com\\\/es\\\/responsabilidad-social-corporativa-rsc\\\/\",\"name\":\"Responsabilidad Social Corporativa (RSC) - CRYOPDP\",\"isPartOf\":{\"@id\":\"https:\\\/\\\/cryopdp.com\\\/es\\\/#website\"},\"primaryImageOfPage\":{\"@id\":\"https:\\\/\\\/cryopdp.com\\\/es\\\/responsabilidad-social-corporativa-rsc\\\/#primaryimage\"},\"image\":{\"@id\":\"https:\\\/\\\/cryopdp.com\\\/es\\\/responsabilidad-social-corporativa-rsc\\\/#primaryimage\"},\"thumbnailUrl\":\"https:\\\/\\\/cryopdp.com\\\/wp-content\\\/uploads\\\/2023\\\/11\\\/AdobeStock_642201318-scaled.jpeg\",\"datePublished\":\"2023-09-07T13:19:48+00:00\",\"dateModified\":\"2026-02-25T18:26:55+00:00\",\"description\":\"CRYOPDP destaca en log\u00edstica sostenible, garantizando la preservaci\u00f3n del medio ambiente y el valor econ\u00f3mico, manteniendo la responsabilidad corporativa.\",\"breadcrumb\":{\"@id\":\"https:\\\/\\\/cryopdp.com\\\/es\\\/responsabilidad-social-corporativa-rsc\\\/#breadcrumb\"},\"inLanguage\":\"es\",\"potentialAction\":[{\"@type\":\"ReadAction\",\"target\":[\"https:\\\/\\\/cryopdp.com\\\/es\\\/responsabilidad-social-corporativa-rsc\\\/\"]}]},{\"@type\":\"ImageObject\",\"inLanguage\":\"es\",\"@id\":\"https:\\\/\\\/cryopdp.com\\\/es\\\/responsabilidad-social-corporativa-rsc\\\/#primaryimage\",\"url\":\"https:\\\/\\\/cryopdp.com\\\/wp-content\\\/uploads\\\/2023\\\/11\\\/AdobeStock_642201318-scaled.jpeg\",\"contentUrl\":\"https:\\\/\\\/cryopdp.com\\\/wp-content\\\/uploads\\\/2023\\\/11\\\/AdobeStock_642201318-scaled.jpeg\",\"width\":1728,\"height\":313,\"caption\":\"Planta, sostenibilidad y apoyo con las manos de los empresarios para el trabajo en equipo, la tierra o el medio ambiente desde arriba. Colaboraci\u00f3n, crecimiento e inversi\u00f3n con los empleados para el futuro, la asociaci\u00f3n o la comunidad.\"},{\"@type\":\"BreadcrumbList\",\"@id\":\"https:\\\/\\\/cryopdp.com\\\/es\\\/responsabilidad-social-corporativa-rsc\\\/#breadcrumb\",\"itemListElement\":[{\"@type\":\"ListItem\",\"position\":1,\"name\":\"Inicio\",\"item\":\"https:\\\/\\\/cryopdp.com\\\/es\\\/\"},{\"@type\":\"ListItem\",\"position\":2,\"name\":\"Responsabilidad Social Corporativa (RSC)\"}]},{\"@type\":\"WebSite\",\"@id\":\"https:\\\/\\\/cryopdp.com\\\/es\\\/#website\",\"url\":\"https:\\\/\\\/cryopdp.com\\\/es\\\/\",\"name\":\"CRYOPDP\",\"description\":\"\",\"publisher\":{\"@id\":\"https:\\\/\\\/cryopdp.com\\\/es\\\/#organization\"},\"potentialAction\":[{\"@type\":\"SearchAction\",\"target\":{\"@type\":\"EntryPoint\",\"urlTemplate\":\"https:\\\/\\\/cryopdp.com\\\/es\\\/?s={search_term_string}\"},\"query-input\":{\"@type\":\"PropertyValueSpecification\",\"valueRequired\":true,\"valueName\":\"search_term_string\"}}],\"inLanguage\":\"es\"},{\"@type\":\"Organization\",\"@id\":\"https:\\\/\\\/cryopdp.com\\\/es\\\/#organization\",\"name\":\"CRYOPDP\",\"url\":\"https:\\\/\\\/cryopdp.com\\\/es\\\/\",\"logo\":{\"@type\":\"ImageObject\",\"inLanguage\":\"es\",\"@id\":\"https:\\\/\\\/cryopdp.com\\\/es\\\/#\\\/schema\\\/logo\\\/image\\\/\",\"url\":\"https:\\\/\\\/cryopdp.com\\\/wp-content\\\/uploads\\\/sites\\\/2\\\/2023\\\/12\\\/pdp-square.png\",\"contentUrl\":\"https:\\\/\\\/cryopdp.com\\\/wp-content\\\/uploads\\\/sites\\\/2\\\/2023\\\/12\\\/pdp-square.png\",\"width\":1200,\"height\":1200,\"caption\":\"CRYOPDP\"},\"image\":{\"@id\":\"https:\\\/\\\/cryopdp.com\\\/es\\\/#\\\/schema\\\/logo\\\/image\\\/\"},\"sameAs\":[\"https:\\\/\\\/x.com\\\/CRYOPDP_\",\"https:\\\/\\\/www.linkedin.com\\\/company\\\/cryopdp\",\"https:\\\/\\\/www.youtube.com\\\/channel\\\/UCMAksAtjJDxbVHG0ItM4lUQ\",\"https:\\\/\\\/open.spotify.com\\\/show\\\/38TuNaX1QexPKFvL6mU0Fw?si=9766c86aea1e4b7f\"]}]}<\/script>\n<!-- \/ Yoast SEO plugin. -->","yoast_head_json":{"title":"Responsabilidad Social Corporativa (RSC) - CRYOPDP","description":"CRYOPDP destaca en log\u00edstica sostenible, garantizando la preservaci\u00f3n del medio ambiente y el valor econ\u00f3mico, manteniendo la responsabilidad corporativa.","robots":{"index":"index","follow":"follow","max-snippet":"max-snippet:-1","max-image-preview":"max-image-preview:large","max-video-preview":"max-video-preview:-1"},"canonical":"https:\/\/cryopdp.com\/es\/responsabilidad-social-corporativa-rsc\/","og_locale":"es_ES","og_type":"article","og_title":"Responsabilidad Social Corporativa (RSC) - CRYOPDP","og_description":"CRYOPDP destaca en log\u00edstica sostenible, garantizando la preservaci\u00f3n del medio ambiente y el valor econ\u00f3mico, manteniendo la responsabilidad corporativa.","og_url":"https:\/\/cryopdp.com\/es\/responsabilidad-social-corporativa-rsc\/","og_site_name":"CRYOPDP","article_modified_time":"2026-02-25T18:26:55+00:00","og_image":[{"width":1728,"height":313,"url":"https:\/\/cryopdp.com\/wp-content\/uploads\/2023\/11\/AdobeStock_642201318-scaled.jpeg","type":"image\/png"}],"twitter_card":"summary_large_image","twitter_site":"@CRYOPDP_","schema":{"@context":"https:\/\/schema.org","@graph":[{"@type":"WebPage","@id":"https:\/\/cryopdp.com\/es\/responsabilidad-social-corporativa-rsc\/","url":"https:\/\/cryopdp.com\/es\/responsabilidad-social-corporativa-rsc\/","name":"Responsabilidad Social Corporativa (RSC) - CRYOPDP","isPartOf":{"@id":"https:\/\/cryopdp.com\/es\/#website"},"primaryImageOfPage":{"@id":"https:\/\/cryopdp.com\/es\/responsabilidad-social-corporativa-rsc\/#primaryimage"},"image":{"@id":"https:\/\/cryopdp.com\/es\/responsabilidad-social-corporativa-rsc\/#primaryimage"},"thumbnailUrl":"https:\/\/cryopdp.com\/wp-content\/uploads\/2023\/11\/AdobeStock_642201318-scaled.jpeg","datePublished":"2023-09-07T13:19:48+00:00","dateModified":"2026-02-25T18:26:55+00:00","description":"CRYOPDP destaca en log\u00edstica sostenible, garantizando la preservaci\u00f3n del medio ambiente y el valor econ\u00f3mico, manteniendo la responsabilidad corporativa.","breadcrumb":{"@id":"https:\/\/cryopdp.com\/es\/responsabilidad-social-corporativa-rsc\/#breadcrumb"},"inLanguage":"es","potentialAction":[{"@type":"ReadAction","target":["https:\/\/cryopdp.com\/es\/responsabilidad-social-corporativa-rsc\/"]}]},{"@type":"ImageObject","inLanguage":"es","@id":"https:\/\/cryopdp.com\/es\/responsabilidad-social-corporativa-rsc\/#primaryimage","url":"https:\/\/cryopdp.com\/wp-content\/uploads\/2023\/11\/AdobeStock_642201318-scaled.jpeg","contentUrl":"https:\/\/cryopdp.com\/wp-content\/uploads\/2023\/11\/AdobeStock_642201318-scaled.jpeg","width":1728,"height":313,"caption":"Planta, sostenibilidad y apoyo con las manos de los empresarios para el trabajo en equipo, la tierra o el medio ambiente desde arriba. Colaboraci\u00f3n, crecimiento e inversi\u00f3n con los empleados para el futuro, la asociaci\u00f3n o la comunidad."},{"@type":"BreadcrumbList","@id":"https:\/\/cryopdp.com\/es\/responsabilidad-social-corporativa-rsc\/#breadcrumb","itemListElement":[{"@type":"ListItem","position":1,"name":"Inicio","item":"https:\/\/cryopdp.com\/es\/"},{"@type":"ListItem","position":2,"name":"Responsabilidad Social Corporativa (RSC)"}]},{"@type":"WebSite","@id":"https:\/\/cryopdp.com\/es\/#website","url":"https:\/\/cryopdp.com\/es\/","name":"CRYOPDP","description":"","publisher":{"@id":"https:\/\/cryopdp.com\/es\/#organization"},"potentialAction":[{"@type":"SearchAction","target":{"@type":"EntryPoint","urlTemplate":"https:\/\/cryopdp.com\/es\/?s={search_term_string}"},"query-input":{"@type":"PropertyValueSpecification","valueRequired":true,"valueName":"search_term_string"}}],"inLanguage":"es"},{"@type":"Organization","@id":"https:\/\/cryopdp.com\/es\/#organization","name":"CRYOPDP","url":"https:\/\/cryopdp.com\/es\/","logo":{"@type":"ImageObject","inLanguage":"es","@id":"https:\/\/cryopdp.com\/es\/#\/schema\/logo\/image\/","url":"https:\/\/cryopdp.com\/wp-content\/uploads\/sites\/2\/2023\/12\/pdp-square.png","contentUrl":"https:\/\/cryopdp.com\/wp-content\/uploads\/sites\/2\/2023\/12\/pdp-square.png","width":1200,"height":1200,"caption":"CRYOPDP"},"image":{"@id":"https:\/\/cryopdp.com\/es\/#\/schema\/logo\/image\/"},"sameAs":["https:\/\/x.com\/CRYOPDP_","https:\/\/www.linkedin.com\/company\/cryopdp","https:\/\/www.youtube.com\/channel\/UCMAksAtjJDxbVHG0ItM4lUQ","https:\/\/open.spotify.com\/show\/38TuNaX1QexPKFvL6mU0Fw?si=9766c86aea1e4b7f"]}]}},"_links":{"self":[{"href":"https:\/\/cryopdp.com\/es\/wp-json\/wp\/v2\/pages\/13490","targetHints":{"allow":["GET"]}}],"collection":[{"href":"https:\/\/cryopdp.com\/es\/wp-json\/wp\/v2\/pages"}],"about":[{"href":"https:\/\/cryopdp.com\/es\/wp-json\/wp\/v2\/types\/page"}],"author":[{"embeddable":true,"href":"https:\/\/cryopdp.com\/es\/wp-json\/wp\/v2\/users\/2"}],"replies":[{"embeddable":true,"href":"https:\/\/cryopdp.com\/es\/wp-json\/wp\/v2\/comments?post=13490"}],"version-history":[{"count":0,"href":"https:\/\/cryopdp.com\/es\/wp-json\/wp\/v2\/pages\/13490\/revisions"}],"wp:featuredmedia":[{"embeddable":true,"href":"https:\/\/cryopdp.com\/es\/wp-json\/wp\/v2\/media\/1467"}],"wp:attachment":[{"href":"https:\/\/cryopdp.com\/es\/wp-json\/wp\/v2\/media?parent=13490"}],"curies":[{"name":"wp","href":"https:\/\/api.w.org\/{rel}","templated":true}]}}