{"id":13839,"date":"2025-02-14T10:13:50","date_gmt":"2025-02-14T10:13:50","guid":{"rendered":"https:\/\/cryopdp.com\/gestion-de-proyectos-y-consultoria\/proceso-luz-verde\/"},"modified":"2026-03-09T13:34:24","modified_gmt":"2026-03-09T13:34:24","slug":"proceso-luz-verde","status":"publish","type":"page","link":"https:\/\/cryopdp.com\/es\/gestion-de-proyectos-y-consultoria\/proceso-luz-verde\/","title":{"rendered":"Proceso Luz Verde"},"content":{"rendered":"","protected":false},"excerpt":{"rendered":"","protected":false},"author":8,"featured_media":10257,"parent":14019,"menu_order":0,"comment_status":"closed","ping_status":"closed","template":"","meta":{"_acf_changed":false,"_lmt_disableupdate":"","_lmt_disable":"","footnotes":""},"class_list":["post-13839","page","type-page","status-publish","has-post-thumbnail","hentry"],"acf":[],"yoast_head":"<!-- This site is optimized with the Yoast SEO plugin v27.3 - https:\/\/yoast.com\/product\/yoast-seo-wordpress\/ -->\n<title>Proceso Luz Verde - CRYOPDP<\/title>\n<meta name=\"description\" content=\"Proceso Luz Verde: CRYOPDP est\u00e1 especializada en log\u00edstica a temperatura controlada para las ciencias de la vida, la investigaci\u00f3n cl\u00ednica y la terapia celular y g\u00e9nica a escala mundial.\" \/>\n<meta name=\"robots\" content=\"index, follow, max-snippet:-1, max-image-preview:large, max-video-preview:-1\" \/>\n<link rel=\"canonical\" href=\"https:\/\/cryopdp.com\/es\/gestion-de-proyectos-y-consultoria\/proceso-luz-verde\/\" \/>\n<meta property=\"og:locale\" content=\"es_ES\" \/>\n<meta property=\"og:type\" content=\"article\" \/>\n<meta property=\"og:title\" content=\"Proceso Luz Verde - CRYOPDP\" \/>\n<meta property=\"og:description\" content=\"Proceso Luz Verde: CRYOPDP est\u00e1 especializada en log\u00edstica a temperatura controlada para las ciencias de la vida, la investigaci\u00f3n cl\u00ednica y la terapia celular y g\u00e9nica a escala mundial.\" \/>\n<meta property=\"og:url\" content=\"https:\/\/cryopdp.com\/es\/gestion-de-proyectos-y-consultoria\/proceso-luz-verde\/\" \/>\n<meta property=\"og:site_name\" content=\"CRYOPDP\" \/>\n<meta property=\"article:modified_time\" content=\"2026-03-09T13:34:24+00:00\" \/>\n<meta property=\"og:image\" content=\"https:\/\/cryopdp.com\/wp-content\/uploads\/2025\/02\/373-1-1024x683.png\" \/>\n\t<meta property=\"og:image:width\" content=\"1024\" \/>\n\t<meta property=\"og:image:height\" content=\"683\" \/>\n\t<meta property=\"og:image:type\" content=\"image\/png\" \/>\n<meta name=\"twitter:card\" content=\"summary_large_image\" \/>\n<meta name=\"twitter:site\" content=\"@CRYOPDP_\" \/>\n<script type=\"application\/ld+json\" class=\"yoast-schema-graph\">{\"@context\":\"https:\\\/\\\/schema.org\",\"@graph\":[{\"@type\":\"WebPage\",\"@id\":\"https:\\\/\\\/cryopdp.com\\\/es\\\/gestion-de-proyectos-y-consultoria\\\/proceso-luz-verde\\\/\",\"url\":\"https:\\\/\\\/cryopdp.com\\\/es\\\/gestion-de-proyectos-y-consultoria\\\/proceso-luz-verde\\\/\",\"name\":\"Proceso Luz Verde - CRYOPDP\",\"isPartOf\":{\"@id\":\"https:\\\/\\\/cryopdp.com\\\/es\\\/#website\"},\"primaryImageOfPage\":{\"@id\":\"https:\\\/\\\/cryopdp.com\\\/es\\\/gestion-de-proyectos-y-consultoria\\\/proceso-luz-verde\\\/#primaryimage\"},\"image\":{\"@id\":\"https:\\\/\\\/cryopdp.com\\\/es\\\/gestion-de-proyectos-y-consultoria\\\/proceso-luz-verde\\\/#primaryimage\"},\"thumbnailUrl\":\"https:\\\/\\\/cryopdp.com\\\/wp-content\\\/uploads\\\/2025\\\/02\\\/373-1.png\",\"datePublished\":\"2025-02-14T10:13:50+00:00\",\"dateModified\":\"2026-03-09T13:34:24+00:00\",\"description\":\"Proceso Luz Verde: CRYOPDP est\u00e1 especializada en log\u00edstica a temperatura controlada para las ciencias de la vida, la investigaci\u00f3n cl\u00ednica y la terapia celular y g\u00e9nica a escala mundial.\",\"breadcrumb\":{\"@id\":\"https:\\\/\\\/cryopdp.com\\\/es\\\/gestion-de-proyectos-y-consultoria\\\/proceso-luz-verde\\\/#breadcrumb\"},\"inLanguage\":\"es\",\"potentialAction\":[{\"@type\":\"ReadAction\",\"target\":[\"https:\\\/\\\/cryopdp.com\\\/es\\\/gestion-de-proyectos-y-consultoria\\\/proceso-luz-verde\\\/\"]}]},{\"@type\":\"ImageObject\",\"inLanguage\":\"es\",\"@id\":\"https:\\\/\\\/cryopdp.com\\\/es\\\/gestion-de-proyectos-y-consultoria\\\/proceso-luz-verde\\\/#primaryimage\",\"url\":\"https:\\\/\\\/cryopdp.com\\\/wp-content\\\/uploads\\\/2025\\\/02\\\/373-1.png\",\"contentUrl\":\"https:\\\/\\\/cryopdp.com\\\/wp-content\\\/uploads\\\/2025\\\/02\\\/373-1.png\",\"width\":3840,\"height\":2560,\"caption\":\"Cada env\u00edo se embala con precisi\u00f3n para cumplir las normas de log\u00edstica sanitaria.\"},{\"@type\":\"BreadcrumbList\",\"@id\":\"https:\\\/\\\/cryopdp.com\\\/es\\\/gestion-de-proyectos-y-consultoria\\\/proceso-luz-verde\\\/#breadcrumb\",\"itemListElement\":[{\"@type\":\"ListItem\",\"position\":1,\"name\":\"Inicio\",\"item\":\"https:\\\/\\\/cryopdp.com\\\/es\\\/\"},{\"@type\":\"ListItem\",\"position\":2,\"name\":\"Proceso Luz Verde\"}]},{\"@type\":\"WebSite\",\"@id\":\"https:\\\/\\\/cryopdp.com\\\/es\\\/#website\",\"url\":\"https:\\\/\\\/cryopdp.com\\\/es\\\/\",\"name\":\"CRYOPDP\",\"description\":\"\",\"publisher\":{\"@id\":\"https:\\\/\\\/cryopdp.com\\\/es\\\/#organization\"},\"potentialAction\":[{\"@type\":\"SearchAction\",\"target\":{\"@type\":\"EntryPoint\",\"urlTemplate\":\"https:\\\/\\\/cryopdp.com\\\/es\\\/?s={search_term_string}\"},\"query-input\":{\"@type\":\"PropertyValueSpecification\",\"valueRequired\":true,\"valueName\":\"search_term_string\"}}],\"inLanguage\":\"es\"},{\"@type\":\"Organization\",\"@id\":\"https:\\\/\\\/cryopdp.com\\\/es\\\/#organization\",\"name\":\"CRYOPDP\",\"url\":\"https:\\\/\\\/cryopdp.com\\\/es\\\/\",\"logo\":{\"@type\":\"ImageObject\",\"inLanguage\":\"es\",\"@id\":\"https:\\\/\\\/cryopdp.com\\\/es\\\/#\\\/schema\\\/logo\\\/image\\\/\",\"url\":\"https:\\\/\\\/cryopdp.com\\\/wp-content\\\/uploads\\\/sites\\\/2\\\/2023\\\/12\\\/pdp-square.png\",\"contentUrl\":\"https:\\\/\\\/cryopdp.com\\\/wp-content\\\/uploads\\\/sites\\\/2\\\/2023\\\/12\\\/pdp-square.png\",\"width\":1200,\"height\":1200,\"caption\":\"CRYOPDP\"},\"image\":{\"@id\":\"https:\\\/\\\/cryopdp.com\\\/es\\\/#\\\/schema\\\/logo\\\/image\\\/\"},\"sameAs\":[\"https:\\\/\\\/x.com\\\/CRYOPDP_\",\"https:\\\/\\\/www.linkedin.com\\\/company\\\/cryopdp\",\"https:\\\/\\\/www.youtube.com\\\/channel\\\/UCMAksAtjJDxbVHG0ItM4lUQ\",\"https:\\\/\\\/open.spotify.com\\\/show\\\/38TuNaX1QexPKFvL6mU0Fw?si=9766c86aea1e4b7f\"]}]}<\/script>\n<!-- \/ Yoast SEO plugin. -->","yoast_head_json":{"title":"Proceso Luz Verde - CRYOPDP","description":"Proceso Luz Verde: CRYOPDP est\u00e1 especializada en log\u00edstica a temperatura controlada para las ciencias de la vida, la investigaci\u00f3n cl\u00ednica y la terapia celular y g\u00e9nica a escala mundial.","robots":{"index":"index","follow":"follow","max-snippet":"max-snippet:-1","max-image-preview":"max-image-preview:large","max-video-preview":"max-video-preview:-1"},"canonical":"https:\/\/cryopdp.com\/es\/gestion-de-proyectos-y-consultoria\/proceso-luz-verde\/","og_locale":"es_ES","og_type":"article","og_title":"Proceso Luz Verde - CRYOPDP","og_description":"Proceso Luz Verde: CRYOPDP est\u00e1 especializada en log\u00edstica a temperatura controlada para las ciencias de la vida, la investigaci\u00f3n cl\u00ednica y la terapia celular y g\u00e9nica a escala mundial.","og_url":"https:\/\/cryopdp.com\/es\/gestion-de-proyectos-y-consultoria\/proceso-luz-verde\/","og_site_name":"CRYOPDP","article_modified_time":"2026-03-09T13:34:24+00:00","og_image":[{"width":1024,"height":683,"url":"https:\/\/cryopdp.com\/wp-content\/uploads\/2025\/02\/373-1-1024x683.png","type":"image\/png"}],"twitter_card":"summary_large_image","twitter_site":"@CRYOPDP_","schema":{"@context":"https:\/\/schema.org","@graph":[{"@type":"WebPage","@id":"https:\/\/cryopdp.com\/es\/gestion-de-proyectos-y-consultoria\/proceso-luz-verde\/","url":"https:\/\/cryopdp.com\/es\/gestion-de-proyectos-y-consultoria\/proceso-luz-verde\/","name":"Proceso Luz Verde - CRYOPDP","isPartOf":{"@id":"https:\/\/cryopdp.com\/es\/#website"},"primaryImageOfPage":{"@id":"https:\/\/cryopdp.com\/es\/gestion-de-proyectos-y-consultoria\/proceso-luz-verde\/#primaryimage"},"image":{"@id":"https:\/\/cryopdp.com\/es\/gestion-de-proyectos-y-consultoria\/proceso-luz-verde\/#primaryimage"},"thumbnailUrl":"https:\/\/cryopdp.com\/wp-content\/uploads\/2025\/02\/373-1.png","datePublished":"2025-02-14T10:13:50+00:00","dateModified":"2026-03-09T13:34:24+00:00","description":"Proceso Luz Verde: CRYOPDP est\u00e1 especializada en log\u00edstica a temperatura controlada para las ciencias de la vida, la investigaci\u00f3n cl\u00ednica y la terapia celular y g\u00e9nica a escala mundial.","breadcrumb":{"@id":"https:\/\/cryopdp.com\/es\/gestion-de-proyectos-y-consultoria\/proceso-luz-verde\/#breadcrumb"},"inLanguage":"es","potentialAction":[{"@type":"ReadAction","target":["https:\/\/cryopdp.com\/es\/gestion-de-proyectos-y-consultoria\/proceso-luz-verde\/"]}]},{"@type":"ImageObject","inLanguage":"es","@id":"https:\/\/cryopdp.com\/es\/gestion-de-proyectos-y-consultoria\/proceso-luz-verde\/#primaryimage","url":"https:\/\/cryopdp.com\/wp-content\/uploads\/2025\/02\/373-1.png","contentUrl":"https:\/\/cryopdp.com\/wp-content\/uploads\/2025\/02\/373-1.png","width":3840,"height":2560,"caption":"Cada env\u00edo se embala con precisi\u00f3n para cumplir las normas de log\u00edstica sanitaria."},{"@type":"BreadcrumbList","@id":"https:\/\/cryopdp.com\/es\/gestion-de-proyectos-y-consultoria\/proceso-luz-verde\/#breadcrumb","itemListElement":[{"@type":"ListItem","position":1,"name":"Inicio","item":"https:\/\/cryopdp.com\/es\/"},{"@type":"ListItem","position":2,"name":"Proceso Luz Verde"}]},{"@type":"WebSite","@id":"https:\/\/cryopdp.com\/es\/#website","url":"https:\/\/cryopdp.com\/es\/","name":"CRYOPDP","description":"","publisher":{"@id":"https:\/\/cryopdp.com\/es\/#organization"},"potentialAction":[{"@type":"SearchAction","target":{"@type":"EntryPoint","urlTemplate":"https:\/\/cryopdp.com\/es\/?s={search_term_string}"},"query-input":{"@type":"PropertyValueSpecification","valueRequired":true,"valueName":"search_term_string"}}],"inLanguage":"es"},{"@type":"Organization","@id":"https:\/\/cryopdp.com\/es\/#organization","name":"CRYOPDP","url":"https:\/\/cryopdp.com\/es\/","logo":{"@type":"ImageObject","inLanguage":"es","@id":"https:\/\/cryopdp.com\/es\/#\/schema\/logo\/image\/","url":"https:\/\/cryopdp.com\/wp-content\/uploads\/sites\/2\/2023\/12\/pdp-square.png","contentUrl":"https:\/\/cryopdp.com\/wp-content\/uploads\/sites\/2\/2023\/12\/pdp-square.png","width":1200,"height":1200,"caption":"CRYOPDP"},"image":{"@id":"https:\/\/cryopdp.com\/es\/#\/schema\/logo\/image\/"},"sameAs":["https:\/\/x.com\/CRYOPDP_","https:\/\/www.linkedin.com\/company\/cryopdp","https:\/\/www.youtube.com\/channel\/UCMAksAtjJDxbVHG0ItM4lUQ","https:\/\/open.spotify.com\/show\/38TuNaX1QexPKFvL6mU0Fw?si=9766c86aea1e4b7f"]}]}},"_links":{"self":[{"href":"https:\/\/cryopdp.com\/es\/wp-json\/wp\/v2\/pages\/13839","targetHints":{"allow":["GET"]}}],"collection":[{"href":"https:\/\/cryopdp.com\/es\/wp-json\/wp\/v2\/pages"}],"about":[{"href":"https:\/\/cryopdp.com\/es\/wp-json\/wp\/v2\/types\/page"}],"author":[{"embeddable":true,"href":"https:\/\/cryopdp.com\/es\/wp-json\/wp\/v2\/users\/8"}],"replies":[{"embeddable":true,"href":"https:\/\/cryopdp.com\/es\/wp-json\/wp\/v2\/comments?post=13839"}],"version-history":[{"count":0,"href":"https:\/\/cryopdp.com\/es\/wp-json\/wp\/v2\/pages\/13839\/revisions"}],"up":[{"embeddable":true,"href":"https:\/\/cryopdp.com\/es\/wp-json\/wp\/v2\/pages\/14019"}],"wp:featuredmedia":[{"embeddable":true,"href":"https:\/\/cryopdp.com\/es\/wp-json\/wp\/v2\/media\/10257"}],"wp:attachment":[{"href":"https:\/\/cryopdp.com\/es\/wp-json\/wp\/v2\/media?parent=13839"}],"curies":[{"name":"wp","href":"https:\/\/api.w.org\/{rel}","templated":true}]}}