{"id":13910,"date":"2024-03-21T11:33:12","date_gmt":"2024-03-21T11:33:12","guid":{"rendered":"https:\/\/cryopdp.com\/cryopdp-suministro-de-productos\/nitrogeno-liquido\/"},"modified":"2026-03-09T13:55:33","modified_gmt":"2026-03-09T13:55:33","slug":"nitrogeno-liquido","status":"publish","type":"page","link":"https:\/\/cryopdp.com\/es\/cryopdp-suministro-de-productos\/nitrogeno-liquido\/","title":{"rendered":"Nitr\u00f3geno l\u00edquido"},"content":{"rendered":"","protected":false},"excerpt":{"rendered":"","protected":false},"author":8,"featured_media":4832,"parent":13599,"menu_order":0,"comment_status":"closed","ping_status":"closed","template":"","meta":{"_acf_changed":false,"_lmt_disableupdate":"","_lmt_disable":"","footnotes":""},"class_list":["post-13910","page","type-page","status-publish","has-post-thumbnail","hentry"],"acf":[],"yoast_head":"<!-- This site is optimized with the Yoast SEO plugin v27.3 - https:\/\/yoast.com\/product\/yoast-seo-wordpress\/ -->\n<title>Nitr\u00f3geno l\u00edquido - CRYOPDP<\/title>\n<meta name=\"description\" content=\"CRYOPDP suministra nitr\u00f3geno l\u00edquido para un almacenamiento y transporte criog\u00e9nicos seguros, utilizando equipos certificados y una manipulaci\u00f3n experta de las muestras.\" \/>\n<meta name=\"robots\" content=\"index, follow, max-snippet:-1, max-image-preview:large, max-video-preview:-1\" \/>\n<link rel=\"canonical\" href=\"https:\/\/cryopdp.com\/es\/cryopdp-suministro-de-productos\/nitrogeno-liquido\/\" \/>\n<meta property=\"og:locale\" content=\"es_ES\" \/>\n<meta property=\"og:type\" content=\"article\" \/>\n<meta property=\"og:title\" content=\"Nitr\u00f3geno l\u00edquido - CRYOPDP\" \/>\n<meta property=\"og:description\" content=\"CRYOPDP suministra nitr\u00f3geno l\u00edquido para un almacenamiento y transporte criog\u00e9nicos seguros, utilizando equipos certificados y una manipulaci\u00f3n experta de las muestras.\" \/>\n<meta property=\"og:url\" content=\"https:\/\/cryopdp.com\/es\/cryopdp-suministro-de-productos\/nitrogeno-liquido\/\" \/>\n<meta property=\"og:site_name\" content=\"CRYOPDP\" \/>\n<meta property=\"article:modified_time\" content=\"2026-03-09T13:55:33+00:00\" \/>\n<meta property=\"og:image\" content=\"https:\/\/cryopdp.com\/wp-content\/uploads\/2024\/03\/shutterstock_2022695903-scaled.jpg\" \/>\n\t<meta property=\"og:image:width\" content=\"2560\" \/>\n\t<meta property=\"og:image:height\" content=\"1706\" \/>\n\t<meta property=\"og:image:type\" content=\"image\/jpeg\" \/>\n<meta name=\"twitter:card\" content=\"summary_large_image\" \/>\n<meta name=\"twitter:site\" content=\"@CRYOPDP_\" \/>\n<script type=\"application\/ld+json\" class=\"yoast-schema-graph\">{\"@context\":\"https:\\\/\\\/schema.org\",\"@graph\":[{\"@type\":\"WebPage\",\"@id\":\"https:\\\/\\\/cryopdp.com\\\/es\\\/cryopdp-suministro-de-productos\\\/nitrogeno-liquido\\\/\",\"url\":\"https:\\\/\\\/cryopdp.com\\\/es\\\/cryopdp-suministro-de-productos\\\/nitrogeno-liquido\\\/\",\"name\":\"Nitr\u00f3geno l\u00edquido - CRYOPDP\",\"isPartOf\":{\"@id\":\"https:\\\/\\\/cryopdp.com\\\/es\\\/#website\"},\"primaryImageOfPage\":{\"@id\":\"https:\\\/\\\/cryopdp.com\\\/es\\\/cryopdp-suministro-de-productos\\\/nitrogeno-liquido\\\/#primaryimage\"},\"image\":{\"@id\":\"https:\\\/\\\/cryopdp.com\\\/es\\\/cryopdp-suministro-de-productos\\\/nitrogeno-liquido\\\/#primaryimage\"},\"thumbnailUrl\":\"https:\\\/\\\/cryopdp.com\\\/wp-content\\\/uploads\\\/2024\\\/03\\\/shutterstock_2022695903-scaled.jpg\",\"datePublished\":\"2024-03-21T11:33:12+00:00\",\"dateModified\":\"2026-03-09T13:55:33+00:00\",\"description\":\"CRYOPDP suministra nitr\u00f3geno l\u00edquido para un almacenamiento y transporte criog\u00e9nicos seguros, utilizando equipos certificados y una manipulaci\u00f3n experta de las muestras.\",\"breadcrumb\":{\"@id\":\"https:\\\/\\\/cryopdp.com\\\/es\\\/cryopdp-suministro-de-productos\\\/nitrogeno-liquido\\\/#breadcrumb\"},\"inLanguage\":\"es\",\"potentialAction\":[{\"@type\":\"ReadAction\",\"target\":[\"https:\\\/\\\/cryopdp.com\\\/es\\\/cryopdp-suministro-de-productos\\\/nitrogeno-liquido\\\/\"]}]},{\"@type\":\"ImageObject\",\"inLanguage\":\"es\",\"@id\":\"https:\\\/\\\/cryopdp.com\\\/es\\\/cryopdp-suministro-de-productos\\\/nitrogeno-liquido\\\/#primaryimage\",\"url\":\"https:\\\/\\\/cryopdp.com\\\/wp-content\\\/uploads\\\/2024\\\/03\\\/shutterstock_2022695903-scaled.jpg\",\"contentUrl\":\"https:\\\/\\\/cryopdp.com\\\/wp-content\\\/uploads\\\/2024\\\/03\\\/shutterstock_2022695903-scaled.jpg\",\"width\":2560,\"height\":1706,\"caption\":\"Los cargadores de vapor seco est\u00e1n dise\u00f1ados para proteger los materiales sensibles en tr\u00e1nsito, manteniendo las condiciones criog\u00e9nicas sin exposici\u00f3n a l\u00edquidos.\"},{\"@type\":\"BreadcrumbList\",\"@id\":\"https:\\\/\\\/cryopdp.com\\\/es\\\/cryopdp-suministro-de-productos\\\/nitrogeno-liquido\\\/#breadcrumb\",\"itemListElement\":[{\"@type\":\"ListItem\",\"position\":1,\"name\":\"Inicio\",\"item\":\"https:\\\/\\\/cryopdp.com\\\/es\\\/\"},{\"@type\":\"ListItem\",\"position\":2,\"name\":\"CRYOPDP Suministro de productos\",\"item\":\"https:\\\/\\\/cryopdp.com\\\/es\\\/cryopdp-suministro-de-productos\\\/\"},{\"@type\":\"ListItem\",\"position\":3,\"name\":\"Nitr\u00f3geno l\u00edquido\"}]},{\"@type\":\"WebSite\",\"@id\":\"https:\\\/\\\/cryopdp.com\\\/es\\\/#website\",\"url\":\"https:\\\/\\\/cryopdp.com\\\/es\\\/\",\"name\":\"CRYOPDP\",\"description\":\"\",\"publisher\":{\"@id\":\"https:\\\/\\\/cryopdp.com\\\/es\\\/#organization\"},\"potentialAction\":[{\"@type\":\"SearchAction\",\"target\":{\"@type\":\"EntryPoint\",\"urlTemplate\":\"https:\\\/\\\/cryopdp.com\\\/es\\\/?s={search_term_string}\"},\"query-input\":{\"@type\":\"PropertyValueSpecification\",\"valueRequired\":true,\"valueName\":\"search_term_string\"}}],\"inLanguage\":\"es\"},{\"@type\":\"Organization\",\"@id\":\"https:\\\/\\\/cryopdp.com\\\/es\\\/#organization\",\"name\":\"CRYOPDP\",\"url\":\"https:\\\/\\\/cryopdp.com\\\/es\\\/\",\"logo\":{\"@type\":\"ImageObject\",\"inLanguage\":\"es\",\"@id\":\"https:\\\/\\\/cryopdp.com\\\/es\\\/#\\\/schema\\\/logo\\\/image\\\/\",\"url\":\"https:\\\/\\\/cryopdp.com\\\/wp-content\\\/uploads\\\/sites\\\/2\\\/2023\\\/12\\\/pdp-square.png\",\"contentUrl\":\"https:\\\/\\\/cryopdp.com\\\/wp-content\\\/uploads\\\/sites\\\/2\\\/2023\\\/12\\\/pdp-square.png\",\"width\":1200,\"height\":1200,\"caption\":\"CRYOPDP\"},\"image\":{\"@id\":\"https:\\\/\\\/cryopdp.com\\\/es\\\/#\\\/schema\\\/logo\\\/image\\\/\"},\"sameAs\":[\"https:\\\/\\\/x.com\\\/CRYOPDP_\",\"https:\\\/\\\/www.linkedin.com\\\/company\\\/cryopdp\",\"https:\\\/\\\/www.youtube.com\\\/channel\\\/UCMAksAtjJDxbVHG0ItM4lUQ\",\"https:\\\/\\\/open.spotify.com\\\/show\\\/38TuNaX1QexPKFvL6mU0Fw?si=9766c86aea1e4b7f\"]}]}<\/script>\n<!-- \/ Yoast SEO plugin. -->","yoast_head_json":{"title":"Nitr\u00f3geno l\u00edquido - CRYOPDP","description":"CRYOPDP suministra nitr\u00f3geno l\u00edquido para un almacenamiento y transporte criog\u00e9nicos seguros, utilizando equipos certificados y una manipulaci\u00f3n experta de las muestras.","robots":{"index":"index","follow":"follow","max-snippet":"max-snippet:-1","max-image-preview":"max-image-preview:large","max-video-preview":"max-video-preview:-1"},"canonical":"https:\/\/cryopdp.com\/es\/cryopdp-suministro-de-productos\/nitrogeno-liquido\/","og_locale":"es_ES","og_type":"article","og_title":"Nitr\u00f3geno l\u00edquido - CRYOPDP","og_description":"CRYOPDP suministra nitr\u00f3geno l\u00edquido para un almacenamiento y transporte criog\u00e9nicos seguros, utilizando equipos certificados y una manipulaci\u00f3n experta de las muestras.","og_url":"https:\/\/cryopdp.com\/es\/cryopdp-suministro-de-productos\/nitrogeno-liquido\/","og_site_name":"CRYOPDP","article_modified_time":"2026-03-09T13:55:33+00:00","og_image":[{"width":2560,"height":1706,"url":"https:\/\/cryopdp.com\/wp-content\/uploads\/2024\/03\/shutterstock_2022695903-scaled.jpg","type":"image\/jpeg"}],"twitter_card":"summary_large_image","twitter_site":"@CRYOPDP_","schema":{"@context":"https:\/\/schema.org","@graph":[{"@type":"WebPage","@id":"https:\/\/cryopdp.com\/es\/cryopdp-suministro-de-productos\/nitrogeno-liquido\/","url":"https:\/\/cryopdp.com\/es\/cryopdp-suministro-de-productos\/nitrogeno-liquido\/","name":"Nitr\u00f3geno l\u00edquido - CRYOPDP","isPartOf":{"@id":"https:\/\/cryopdp.com\/es\/#website"},"primaryImageOfPage":{"@id":"https:\/\/cryopdp.com\/es\/cryopdp-suministro-de-productos\/nitrogeno-liquido\/#primaryimage"},"image":{"@id":"https:\/\/cryopdp.com\/es\/cryopdp-suministro-de-productos\/nitrogeno-liquido\/#primaryimage"},"thumbnailUrl":"https:\/\/cryopdp.com\/wp-content\/uploads\/2024\/03\/shutterstock_2022695903-scaled.jpg","datePublished":"2024-03-21T11:33:12+00:00","dateModified":"2026-03-09T13:55:33+00:00","description":"CRYOPDP suministra nitr\u00f3geno l\u00edquido para un almacenamiento y transporte criog\u00e9nicos seguros, utilizando equipos certificados y una manipulaci\u00f3n experta de las muestras.","breadcrumb":{"@id":"https:\/\/cryopdp.com\/es\/cryopdp-suministro-de-productos\/nitrogeno-liquido\/#breadcrumb"},"inLanguage":"es","potentialAction":[{"@type":"ReadAction","target":["https:\/\/cryopdp.com\/es\/cryopdp-suministro-de-productos\/nitrogeno-liquido\/"]}]},{"@type":"ImageObject","inLanguage":"es","@id":"https:\/\/cryopdp.com\/es\/cryopdp-suministro-de-productos\/nitrogeno-liquido\/#primaryimage","url":"https:\/\/cryopdp.com\/wp-content\/uploads\/2024\/03\/shutterstock_2022695903-scaled.jpg","contentUrl":"https:\/\/cryopdp.com\/wp-content\/uploads\/2024\/03\/shutterstock_2022695903-scaled.jpg","width":2560,"height":1706,"caption":"Los cargadores de vapor seco est\u00e1n dise\u00f1ados para proteger los materiales sensibles en tr\u00e1nsito, manteniendo las condiciones criog\u00e9nicas sin exposici\u00f3n a l\u00edquidos."},{"@type":"BreadcrumbList","@id":"https:\/\/cryopdp.com\/es\/cryopdp-suministro-de-productos\/nitrogeno-liquido\/#breadcrumb","itemListElement":[{"@type":"ListItem","position":1,"name":"Inicio","item":"https:\/\/cryopdp.com\/es\/"},{"@type":"ListItem","position":2,"name":"CRYOPDP Suministro de productos","item":"https:\/\/cryopdp.com\/es\/cryopdp-suministro-de-productos\/"},{"@type":"ListItem","position":3,"name":"Nitr\u00f3geno l\u00edquido"}]},{"@type":"WebSite","@id":"https:\/\/cryopdp.com\/es\/#website","url":"https:\/\/cryopdp.com\/es\/","name":"CRYOPDP","description":"","publisher":{"@id":"https:\/\/cryopdp.com\/es\/#organization"},"potentialAction":[{"@type":"SearchAction","target":{"@type":"EntryPoint","urlTemplate":"https:\/\/cryopdp.com\/es\/?s={search_term_string}"},"query-input":{"@type":"PropertyValueSpecification","valueRequired":true,"valueName":"search_term_string"}}],"inLanguage":"es"},{"@type":"Organization","@id":"https:\/\/cryopdp.com\/es\/#organization","name":"CRYOPDP","url":"https:\/\/cryopdp.com\/es\/","logo":{"@type":"ImageObject","inLanguage":"es","@id":"https:\/\/cryopdp.com\/es\/#\/schema\/logo\/image\/","url":"https:\/\/cryopdp.com\/wp-content\/uploads\/sites\/2\/2023\/12\/pdp-square.png","contentUrl":"https:\/\/cryopdp.com\/wp-content\/uploads\/sites\/2\/2023\/12\/pdp-square.png","width":1200,"height":1200,"caption":"CRYOPDP"},"image":{"@id":"https:\/\/cryopdp.com\/es\/#\/schema\/logo\/image\/"},"sameAs":["https:\/\/x.com\/CRYOPDP_","https:\/\/www.linkedin.com\/company\/cryopdp","https:\/\/www.youtube.com\/channel\/UCMAksAtjJDxbVHG0ItM4lUQ","https:\/\/open.spotify.com\/show\/38TuNaX1QexPKFvL6mU0Fw?si=9766c86aea1e4b7f"]}]}},"_links":{"self":[{"href":"https:\/\/cryopdp.com\/es\/wp-json\/wp\/v2\/pages\/13910","targetHints":{"allow":["GET"]}}],"collection":[{"href":"https:\/\/cryopdp.com\/es\/wp-json\/wp\/v2\/pages"}],"about":[{"href":"https:\/\/cryopdp.com\/es\/wp-json\/wp\/v2\/types\/page"}],"author":[{"embeddable":true,"href":"https:\/\/cryopdp.com\/es\/wp-json\/wp\/v2\/users\/8"}],"replies":[{"embeddable":true,"href":"https:\/\/cryopdp.com\/es\/wp-json\/wp\/v2\/comments?post=13910"}],"version-history":[{"count":0,"href":"https:\/\/cryopdp.com\/es\/wp-json\/wp\/v2\/pages\/13910\/revisions"}],"up":[{"embeddable":true,"href":"https:\/\/cryopdp.com\/es\/wp-json\/wp\/v2\/pages\/13599"}],"wp:featuredmedia":[{"embeddable":true,"href":"https:\/\/cryopdp.com\/es\/wp-json\/wp\/v2\/media\/4832"}],"wp:attachment":[{"href":"https:\/\/cryopdp.com\/es\/wp-json\/wp\/v2\/media?parent=13910"}],"curies":[{"name":"wp","href":"https:\/\/api.w.org\/{rel}","templated":true}]}}