{"id":14117,"date":"2025-02-14T11:57:55","date_gmt":"2025-02-14T11:57:55","guid":{"rendered":"https:\/\/cryopdp.com\/seguimiento-control-y-tecnologias\/"},"modified":"2026-03-09T17:19:11","modified_gmt":"2026-03-09T17:19:11","slug":"seguimiento-control-y-tecnologias","status":"publish","type":"page","link":"https:\/\/cryopdp.com\/es\/seguimiento-control-y-tecnologias\/","title":{"rendered":"Seguimiento, Control y Tecnolog\u00edas"},"content":{"rendered":"","protected":false},"excerpt":{"rendered":"","protected":false},"author":8,"featured_media":11091,"parent":0,"menu_order":0,"comment_status":"closed","ping_status":"closed","template":"","meta":{"_acf_changed":false,"_lmt_disableupdate":"","_lmt_disable":"","footnotes":""},"class_list":["post-14117","page","type-page","status-publish","has-post-thumbnail","hentry"],"acf":[],"yoast_head":"<!-- This site is optimized with the Yoast SEO plugin v27.3 - https:\/\/yoast.com\/product\/yoast-seo-wordpress\/ -->\n<title>Seguimiento, Control y Tecnolog\u00edas - CRYOPDP<\/title>\n<meta name=\"description\" content=\"Transformando las soluciones log\u00edsticas para las ciencias de la vida, prestando servicios de env\u00edo a medida y de alta gama en todo el mundo.\" \/>\n<meta name=\"robots\" content=\"index, follow, max-snippet:-1, max-image-preview:large, max-video-preview:-1\" \/>\n<link rel=\"canonical\" href=\"https:\/\/cryopdp.com\/es\/seguimiento-control-y-tecnologias\/\" \/>\n<meta property=\"og:locale\" content=\"es_ES\" \/>\n<meta property=\"og:type\" content=\"article\" \/>\n<meta property=\"og:title\" content=\"Seguimiento, Control y Tecnolog\u00edas - CRYOPDP\" \/>\n<meta property=\"og:description\" content=\"Transformando las soluciones log\u00edsticas para las ciencias de la vida, prestando servicios de env\u00edo a medida y de alta gama en todo el mundo.\" \/>\n<meta property=\"og:url\" content=\"https:\/\/cryopdp.com\/es\/seguimiento-control-y-tecnologias\/\" \/>\n<meta property=\"og:site_name\" content=\"CRYOPDP\" \/>\n<meta property=\"article:modified_time\" content=\"2026-03-09T17:19:11+00:00\" \/>\n<meta property=\"og:image\" content=\"https:\/\/cryopdp.com\/wp-content\/uploads\/2025\/02\/website-hosting-concept-with-circuits-scaled.jpg\" \/>\n\t<meta property=\"og:image:width\" content=\"2560\" \/>\n\t<meta property=\"og:image:height\" content=\"1101\" \/>\n\t<meta property=\"og:image:type\" content=\"image\/jpeg\" \/>\n<meta name=\"twitter:card\" content=\"summary_large_image\" \/>\n<meta name=\"twitter:site\" content=\"@CRYOPDP_\" \/>\n<script type=\"application\/ld+json\" class=\"yoast-schema-graph\">{\"@context\":\"https:\\\/\\\/schema.org\",\"@graph\":[{\"@type\":\"WebPage\",\"@id\":\"https:\\\/\\\/cryopdp.com\\\/es\\\/seguimiento-control-y-tecnologias\\\/\",\"url\":\"https:\\\/\\\/cryopdp.com\\\/es\\\/seguimiento-control-y-tecnologias\\\/\",\"name\":\"Seguimiento, Control y Tecnolog\u00edas - CRYOPDP\",\"isPartOf\":{\"@id\":\"https:\\\/\\\/cryopdp.com\\\/es\\\/#website\"},\"primaryImageOfPage\":{\"@id\":\"https:\\\/\\\/cryopdp.com\\\/es\\\/seguimiento-control-y-tecnologias\\\/#primaryimage\"},\"image\":{\"@id\":\"https:\\\/\\\/cryopdp.com\\\/es\\\/seguimiento-control-y-tecnologias\\\/#primaryimage\"},\"thumbnailUrl\":\"https:\\\/\\\/cryopdp.com\\\/wp-content\\\/uploads\\\/2025\\\/02\\\/website-hosting-concept-with-circuits-scaled.jpg\",\"datePublished\":\"2025-02-14T11:57:55+00:00\",\"dateModified\":\"2026-03-09T17:19:11+00:00\",\"description\":\"Transformando las soluciones log\u00edsticas para las ciencias de la vida, prestando servicios de env\u00edo a medida y de alta gama en todo el mundo.\",\"breadcrumb\":{\"@id\":\"https:\\\/\\\/cryopdp.com\\\/es\\\/seguimiento-control-y-tecnologias\\\/#breadcrumb\"},\"inLanguage\":\"es\",\"potentialAction\":[{\"@type\":\"ReadAction\",\"target\":[\"https:\\\/\\\/cryopdp.com\\\/es\\\/seguimiento-control-y-tecnologias\\\/\"]}]},{\"@type\":\"ImageObject\",\"inLanguage\":\"es\",\"@id\":\"https:\\\/\\\/cryopdp.com\\\/es\\\/seguimiento-control-y-tecnologias\\\/#primaryimage\",\"url\":\"https:\\\/\\\/cryopdp.com\\\/wp-content\\\/uploads\\\/2025\\\/02\\\/website-hosting-concept-with-circuits-scaled.jpg\",\"contentUrl\":\"https:\\\/\\\/cryopdp.com\\\/wp-content\\\/uploads\\\/2025\\\/02\\\/website-hosting-concept-with-circuits-scaled.jpg\",\"width\":2560,\"height\":1101,\"caption\":\"Nuestras soluciones log\u00edsticas est\u00e1n impulsadas por la tecnolog\u00eda, que proporciona visibilidad en tiempo real y control de la cadena de suministro.\"},{\"@type\":\"BreadcrumbList\",\"@id\":\"https:\\\/\\\/cryopdp.com\\\/es\\\/seguimiento-control-y-tecnologias\\\/#breadcrumb\",\"itemListElement\":[{\"@type\":\"ListItem\",\"position\":1,\"name\":\"Inicio\",\"item\":\"https:\\\/\\\/cryopdp.com\\\/es\\\/\"},{\"@type\":\"ListItem\",\"position\":2,\"name\":\"Seguimiento, Control y Tecnolog\u00edas\"}]},{\"@type\":\"WebSite\",\"@id\":\"https:\\\/\\\/cryopdp.com\\\/es\\\/#website\",\"url\":\"https:\\\/\\\/cryopdp.com\\\/es\\\/\",\"name\":\"CRYOPDP\",\"description\":\"\",\"publisher\":{\"@id\":\"https:\\\/\\\/cryopdp.com\\\/es\\\/#organization\"},\"potentialAction\":[{\"@type\":\"SearchAction\",\"target\":{\"@type\":\"EntryPoint\",\"urlTemplate\":\"https:\\\/\\\/cryopdp.com\\\/es\\\/?s={search_term_string}\"},\"query-input\":{\"@type\":\"PropertyValueSpecification\",\"valueRequired\":true,\"valueName\":\"search_term_string\"}}],\"inLanguage\":\"es\"},{\"@type\":\"Organization\",\"@id\":\"https:\\\/\\\/cryopdp.com\\\/es\\\/#organization\",\"name\":\"CRYOPDP\",\"url\":\"https:\\\/\\\/cryopdp.com\\\/es\\\/\",\"logo\":{\"@type\":\"ImageObject\",\"inLanguage\":\"es\",\"@id\":\"https:\\\/\\\/cryopdp.com\\\/es\\\/#\\\/schema\\\/logo\\\/image\\\/\",\"url\":\"https:\\\/\\\/cryopdp.com\\\/wp-content\\\/uploads\\\/sites\\\/2\\\/2023\\\/12\\\/pdp-square.png\",\"contentUrl\":\"https:\\\/\\\/cryopdp.com\\\/wp-content\\\/uploads\\\/sites\\\/2\\\/2023\\\/12\\\/pdp-square.png\",\"width\":1200,\"height\":1200,\"caption\":\"CRYOPDP\"},\"image\":{\"@id\":\"https:\\\/\\\/cryopdp.com\\\/es\\\/#\\\/schema\\\/logo\\\/image\\\/\"},\"sameAs\":[\"https:\\\/\\\/x.com\\\/CRYOPDP_\",\"https:\\\/\\\/www.linkedin.com\\\/company\\\/cryopdp\",\"https:\\\/\\\/www.youtube.com\\\/channel\\\/UCMAksAtjJDxbVHG0ItM4lUQ\",\"https:\\\/\\\/open.spotify.com\\\/show\\\/38TuNaX1QexPKFvL6mU0Fw?si=9766c86aea1e4b7f\"]}]}<\/script>\n<!-- \/ Yoast SEO plugin. -->","yoast_head_json":{"title":"Seguimiento, Control y Tecnolog\u00edas - CRYOPDP","description":"Transformando las soluciones log\u00edsticas para las ciencias de la vida, prestando servicios de env\u00edo a medida y de alta gama en todo el mundo.","robots":{"index":"index","follow":"follow","max-snippet":"max-snippet:-1","max-image-preview":"max-image-preview:large","max-video-preview":"max-video-preview:-1"},"canonical":"https:\/\/cryopdp.com\/es\/seguimiento-control-y-tecnologias\/","og_locale":"es_ES","og_type":"article","og_title":"Seguimiento, Control y Tecnolog\u00edas - CRYOPDP","og_description":"Transformando las soluciones log\u00edsticas para las ciencias de la vida, prestando servicios de env\u00edo a medida y de alta gama en todo el mundo.","og_url":"https:\/\/cryopdp.com\/es\/seguimiento-control-y-tecnologias\/","og_site_name":"CRYOPDP","article_modified_time":"2026-03-09T17:19:11+00:00","og_image":[{"width":2560,"height":1101,"url":"https:\/\/cryopdp.com\/wp-content\/uploads\/2025\/02\/website-hosting-concept-with-circuits-scaled.jpg","type":"image\/jpeg"}],"twitter_card":"summary_large_image","twitter_site":"@CRYOPDP_","schema":{"@context":"https:\/\/schema.org","@graph":[{"@type":"WebPage","@id":"https:\/\/cryopdp.com\/es\/seguimiento-control-y-tecnologias\/","url":"https:\/\/cryopdp.com\/es\/seguimiento-control-y-tecnologias\/","name":"Seguimiento, Control y Tecnolog\u00edas - CRYOPDP","isPartOf":{"@id":"https:\/\/cryopdp.com\/es\/#website"},"primaryImageOfPage":{"@id":"https:\/\/cryopdp.com\/es\/seguimiento-control-y-tecnologias\/#primaryimage"},"image":{"@id":"https:\/\/cryopdp.com\/es\/seguimiento-control-y-tecnologias\/#primaryimage"},"thumbnailUrl":"https:\/\/cryopdp.com\/wp-content\/uploads\/2025\/02\/website-hosting-concept-with-circuits-scaled.jpg","datePublished":"2025-02-14T11:57:55+00:00","dateModified":"2026-03-09T17:19:11+00:00","description":"Transformando las soluciones log\u00edsticas para las ciencias de la vida, prestando servicios de env\u00edo a medida y de alta gama en todo el mundo.","breadcrumb":{"@id":"https:\/\/cryopdp.com\/es\/seguimiento-control-y-tecnologias\/#breadcrumb"},"inLanguage":"es","potentialAction":[{"@type":"ReadAction","target":["https:\/\/cryopdp.com\/es\/seguimiento-control-y-tecnologias\/"]}]},{"@type":"ImageObject","inLanguage":"es","@id":"https:\/\/cryopdp.com\/es\/seguimiento-control-y-tecnologias\/#primaryimage","url":"https:\/\/cryopdp.com\/wp-content\/uploads\/2025\/02\/website-hosting-concept-with-circuits-scaled.jpg","contentUrl":"https:\/\/cryopdp.com\/wp-content\/uploads\/2025\/02\/website-hosting-concept-with-circuits-scaled.jpg","width":2560,"height":1101,"caption":"Nuestras soluciones log\u00edsticas est\u00e1n impulsadas por la tecnolog\u00eda, que proporciona visibilidad en tiempo real y control de la cadena de suministro."},{"@type":"BreadcrumbList","@id":"https:\/\/cryopdp.com\/es\/seguimiento-control-y-tecnologias\/#breadcrumb","itemListElement":[{"@type":"ListItem","position":1,"name":"Inicio","item":"https:\/\/cryopdp.com\/es\/"},{"@type":"ListItem","position":2,"name":"Seguimiento, Control y Tecnolog\u00edas"}]},{"@type":"WebSite","@id":"https:\/\/cryopdp.com\/es\/#website","url":"https:\/\/cryopdp.com\/es\/","name":"CRYOPDP","description":"","publisher":{"@id":"https:\/\/cryopdp.com\/es\/#organization"},"potentialAction":[{"@type":"SearchAction","target":{"@type":"EntryPoint","urlTemplate":"https:\/\/cryopdp.com\/es\/?s={search_term_string}"},"query-input":{"@type":"PropertyValueSpecification","valueRequired":true,"valueName":"search_term_string"}}],"inLanguage":"es"},{"@type":"Organization","@id":"https:\/\/cryopdp.com\/es\/#organization","name":"CRYOPDP","url":"https:\/\/cryopdp.com\/es\/","logo":{"@type":"ImageObject","inLanguage":"es","@id":"https:\/\/cryopdp.com\/es\/#\/schema\/logo\/image\/","url":"https:\/\/cryopdp.com\/wp-content\/uploads\/sites\/2\/2023\/12\/pdp-square.png","contentUrl":"https:\/\/cryopdp.com\/wp-content\/uploads\/sites\/2\/2023\/12\/pdp-square.png","width":1200,"height":1200,"caption":"CRYOPDP"},"image":{"@id":"https:\/\/cryopdp.com\/es\/#\/schema\/logo\/image\/"},"sameAs":["https:\/\/x.com\/CRYOPDP_","https:\/\/www.linkedin.com\/company\/cryopdp","https:\/\/www.youtube.com\/channel\/UCMAksAtjJDxbVHG0ItM4lUQ","https:\/\/open.spotify.com\/show\/38TuNaX1QexPKFvL6mU0Fw?si=9766c86aea1e4b7f"]}]}},"_links":{"self":[{"href":"https:\/\/cryopdp.com\/es\/wp-json\/wp\/v2\/pages\/14117","targetHints":{"allow":["GET"]}}],"collection":[{"href":"https:\/\/cryopdp.com\/es\/wp-json\/wp\/v2\/pages"}],"about":[{"href":"https:\/\/cryopdp.com\/es\/wp-json\/wp\/v2\/types\/page"}],"author":[{"embeddable":true,"href":"https:\/\/cryopdp.com\/es\/wp-json\/wp\/v2\/users\/8"}],"replies":[{"embeddable":true,"href":"https:\/\/cryopdp.com\/es\/wp-json\/wp\/v2\/comments?post=14117"}],"version-history":[{"count":0,"href":"https:\/\/cryopdp.com\/es\/wp-json\/wp\/v2\/pages\/14117\/revisions"}],"wp:featuredmedia":[{"embeddable":true,"href":"https:\/\/cryopdp.com\/es\/wp-json\/wp\/v2\/media\/11091"}],"wp:attachment":[{"href":"https:\/\/cryopdp.com\/es\/wp-json\/wp\/v2\/media?parent=14117"}],"curies":[{"name":"wp","href":"https:\/\/api.w.org\/{rel}","templated":true}]}}