{"id":13391,"date":"2025-02-14T10:13:39","date_gmt":"2025-02-14T10:13:39","guid":{"rendered":"https:\/\/cryopdp.com\/services-de-distribution-du-cryopdp\/"},"modified":"2026-02-25T17:33:20","modified_gmt":"2026-02-25T17:33:20","slug":"services-de-distribution-du-cryopdp","status":"publish","type":"page","link":"https:\/\/cryopdp.com\/fr\/services-de-distribution-du-cryopdp\/","title":{"rendered":"Services de distribution du CRYOPDP"},"content":{"rendered":"","protected":false},"excerpt":{"rendered":"","protected":false},"author":8,"featured_media":10970,"parent":0,"menu_order":0,"comment_status":"closed","ping_status":"closed","template":"","meta":{"_acf_changed":false,"_lmt_disableupdate":"","_lmt_disable":"","footnotes":""},"class_list":["post-13391","page","type-page","status-publish","has-post-thumbnail","hentry"],"acf":[],"yoast_head":"<!-- This site is optimized with the Yoast SEO plugin v27.3 - https:\/\/yoast.com\/product\/yoast-seo-wordpress\/ -->\n<title>Services de distribution du CRYOPDP - CRYOPDP<\/title>\n<meta name=\"description\" content=\"CRYOPDP offre des services de distribution sur mesure pour les sciences de la vie, garantissant des solutions d&#039;exp\u00e9dition conformes et haut de gamme dans le monde entier.\" \/>\n<meta name=\"robots\" content=\"index, follow, max-snippet:-1, max-image-preview:large, max-video-preview:-1\" \/>\n<link rel=\"canonical\" href=\"https:\/\/cryopdp.com\/fr\/services-de-distribution-du-cryopdp\/\" \/>\n<meta property=\"og:locale\" content=\"fr_FR\" \/>\n<meta property=\"og:type\" content=\"article\" \/>\n<meta property=\"og:title\" content=\"Services de distribution du CRYOPDP - CRYOPDP\" \/>\n<meta property=\"og:description\" content=\"CRYOPDP offre des services de distribution sur mesure pour les sciences de la vie, garantissant des solutions d&#039;exp\u00e9dition conformes et haut de gamme dans le monde entier.\" \/>\n<meta property=\"og:url\" content=\"https:\/\/cryopdp.com\/fr\/services-de-distribution-du-cryopdp\/\" \/>\n<meta property=\"og:site_name\" content=\"CRYOPDP\" \/>\n<meta property=\"article:modified_time\" content=\"2026-02-25T17:33:20+00:00\" \/>\n<meta property=\"og:image\" content=\"https:\/\/cryopdp.com\/wp-content\/uploads\/2025\/02\/shot-of-a-young-postal-worker-delivering-a-package-2023-11-27-04-51-29-utc-scaled-e1739529387606.jpg\" \/>\n\t<meta property=\"og:image:width\" content=\"2560\" \/>\n\t<meta property=\"og:image:height\" content=\"1945\" \/>\n\t<meta property=\"og:image:type\" content=\"image\/jpeg\" \/>\n<meta name=\"twitter:card\" content=\"summary_large_image\" \/>\n<meta name=\"twitter:site\" content=\"@CRYOPDP_\" \/>\n<script type=\"application\/ld+json\" class=\"yoast-schema-graph\">{\"@context\":\"https:\\\/\\\/schema.org\",\"@graph\":[{\"@type\":\"WebPage\",\"@id\":\"https:\\\/\\\/cryopdp.com\\\/fr\\\/services-de-distribution-du-cryopdp\\\/\",\"url\":\"https:\\\/\\\/cryopdp.com\\\/fr\\\/services-de-distribution-du-cryopdp\\\/\",\"name\":\"Services de distribution du CRYOPDP - CRYOPDP\",\"isPartOf\":{\"@id\":\"https:\\\/\\\/cryopdp.com\\\/fr\\\/#website\"},\"primaryImageOfPage\":{\"@id\":\"https:\\\/\\\/cryopdp.com\\\/fr\\\/services-de-distribution-du-cryopdp\\\/#primaryimage\"},\"image\":{\"@id\":\"https:\\\/\\\/cryopdp.com\\\/fr\\\/services-de-distribution-du-cryopdp\\\/#primaryimage\"},\"thumbnailUrl\":\"https:\\\/\\\/cryopdp.com\\\/wp-content\\\/uploads\\\/2025\\\/02\\\/shot-of-a-young-postal-worker-delivering-a-package-2023-11-27-04-51-29-utc-scaled-e1739529387606.jpg\",\"datePublished\":\"2025-02-14T10:13:39+00:00\",\"dateModified\":\"2026-02-25T17:33:20+00:00\",\"description\":\"CRYOPDP offre des services de distribution sur mesure pour les sciences de la vie, garantissant des solutions d'exp\u00e9dition conformes et haut de gamme dans le monde entier.\",\"breadcrumb\":{\"@id\":\"https:\\\/\\\/cryopdp.com\\\/fr\\\/services-de-distribution-du-cryopdp\\\/#breadcrumb\"},\"inLanguage\":\"fr-FR\",\"potentialAction\":[{\"@type\":\"ReadAction\",\"target\":[\"https:\\\/\\\/cryopdp.com\\\/fr\\\/services-de-distribution-du-cryopdp\\\/\"]}]},{\"@type\":\"ImageObject\",\"inLanguage\":\"fr-FR\",\"@id\":\"https:\\\/\\\/cryopdp.com\\\/fr\\\/services-de-distribution-du-cryopdp\\\/#primaryimage\",\"url\":\"https:\\\/\\\/cryopdp.com\\\/wp-content\\\/uploads\\\/2025\\\/02\\\/shot-of-a-young-postal-worker-delivering-a-package-2023-11-27-04-51-29-utc-scaled-e1739529387606.jpg\",\"contentUrl\":\"https:\\\/\\\/cryopdp.com\\\/wp-content\\\/uploads\\\/2025\\\/02\\\/shot-of-a-young-postal-worker-delivering-a-package-2023-11-27-04-51-29-utc-scaled-e1739529387606.jpg\",\"width\":2560,\"height\":1945,\"caption\":\"Un transfert s\u00fbr du d\u00e9but \u00e0 la fin.\"},{\"@type\":\"BreadcrumbList\",\"@id\":\"https:\\\/\\\/cryopdp.com\\\/fr\\\/services-de-distribution-du-cryopdp\\\/#breadcrumb\",\"itemListElement\":[{\"@type\":\"ListItem\",\"position\":1,\"name\":\"Accueil\",\"item\":\"https:\\\/\\\/cryopdp.com\\\/fr\\\/\"},{\"@type\":\"ListItem\",\"position\":2,\"name\":\"Services de distribution du CRYOPDP\"}]},{\"@type\":\"WebSite\",\"@id\":\"https:\\\/\\\/cryopdp.com\\\/fr\\\/#website\",\"url\":\"https:\\\/\\\/cryopdp.com\\\/fr\\\/\",\"name\":\"CRYOPDP\",\"description\":\"\",\"publisher\":{\"@id\":\"https:\\\/\\\/cryopdp.com\\\/fr\\\/#organization\"},\"potentialAction\":[{\"@type\":\"SearchAction\",\"target\":{\"@type\":\"EntryPoint\",\"urlTemplate\":\"https:\\\/\\\/cryopdp.com\\\/fr\\\/?s={search_term_string}\"},\"query-input\":{\"@type\":\"PropertyValueSpecification\",\"valueRequired\":true,\"valueName\":\"search_term_string\"}}],\"inLanguage\":\"fr-FR\"},{\"@type\":\"Organization\",\"@id\":\"https:\\\/\\\/cryopdp.com\\\/fr\\\/#organization\",\"name\":\"CRYOPDP\",\"url\":\"https:\\\/\\\/cryopdp.com\\\/fr\\\/\",\"logo\":{\"@type\":\"ImageObject\",\"inLanguage\":\"fr-FR\",\"@id\":\"https:\\\/\\\/cryopdp.com\\\/fr\\\/#\\\/schema\\\/logo\\\/image\\\/\",\"url\":\"https:\\\/\\\/cryopdp.com\\\/wp-content\\\/uploads\\\/sites\\\/2\\\/2023\\\/12\\\/pdp-square.png\",\"contentUrl\":\"https:\\\/\\\/cryopdp.com\\\/wp-content\\\/uploads\\\/sites\\\/2\\\/2023\\\/12\\\/pdp-square.png\",\"width\":1200,\"height\":1200,\"caption\":\"CRYOPDP\"},\"image\":{\"@id\":\"https:\\\/\\\/cryopdp.com\\\/fr\\\/#\\\/schema\\\/logo\\\/image\\\/\"},\"sameAs\":[\"https:\\\/\\\/x.com\\\/CRYOPDP_\",\"https:\\\/\\\/www.linkedin.com\\\/company\\\/cryopdp\",\"https:\\\/\\\/www.youtube.com\\\/channel\\\/UCMAksAtjJDxbVHG0ItM4lUQ\",\"https:\\\/\\\/open.spotify.com\\\/show\\\/38TuNaX1QexPKFvL6mU0Fw?si=9766c86aea1e4b7f\"]}]}<\/script>\n<!-- \/ Yoast SEO plugin. -->","yoast_head_json":{"title":"Services de distribution du CRYOPDP - CRYOPDP","description":"CRYOPDP offre des services de distribution sur mesure pour les sciences de la vie, garantissant des solutions d'exp\u00e9dition conformes et haut de gamme dans le monde entier.","robots":{"index":"index","follow":"follow","max-snippet":"max-snippet:-1","max-image-preview":"max-image-preview:large","max-video-preview":"max-video-preview:-1"},"canonical":"https:\/\/cryopdp.com\/fr\/services-de-distribution-du-cryopdp\/","og_locale":"fr_FR","og_type":"article","og_title":"Services de distribution du CRYOPDP - CRYOPDP","og_description":"CRYOPDP offre des services de distribution sur mesure pour les sciences de la vie, garantissant des solutions d'exp\u00e9dition conformes et haut de gamme dans le monde entier.","og_url":"https:\/\/cryopdp.com\/fr\/services-de-distribution-du-cryopdp\/","og_site_name":"CRYOPDP","article_modified_time":"2026-02-25T17:33:20+00:00","og_image":[{"width":2560,"height":1945,"url":"https:\/\/cryopdp.com\/wp-content\/uploads\/2025\/02\/shot-of-a-young-postal-worker-delivering-a-package-2023-11-27-04-51-29-utc-scaled-e1739529387606.jpg","type":"image\/jpeg"}],"twitter_card":"summary_large_image","twitter_site":"@CRYOPDP_","schema":{"@context":"https:\/\/schema.org","@graph":[{"@type":"WebPage","@id":"https:\/\/cryopdp.com\/fr\/services-de-distribution-du-cryopdp\/","url":"https:\/\/cryopdp.com\/fr\/services-de-distribution-du-cryopdp\/","name":"Services de distribution du CRYOPDP - CRYOPDP","isPartOf":{"@id":"https:\/\/cryopdp.com\/fr\/#website"},"primaryImageOfPage":{"@id":"https:\/\/cryopdp.com\/fr\/services-de-distribution-du-cryopdp\/#primaryimage"},"image":{"@id":"https:\/\/cryopdp.com\/fr\/services-de-distribution-du-cryopdp\/#primaryimage"},"thumbnailUrl":"https:\/\/cryopdp.com\/wp-content\/uploads\/2025\/02\/shot-of-a-young-postal-worker-delivering-a-package-2023-11-27-04-51-29-utc-scaled-e1739529387606.jpg","datePublished":"2025-02-14T10:13:39+00:00","dateModified":"2026-02-25T17:33:20+00:00","description":"CRYOPDP offre des services de distribution sur mesure pour les sciences de la vie, garantissant des solutions d'exp\u00e9dition conformes et haut de gamme dans le monde entier.","breadcrumb":{"@id":"https:\/\/cryopdp.com\/fr\/services-de-distribution-du-cryopdp\/#breadcrumb"},"inLanguage":"fr-FR","potentialAction":[{"@type":"ReadAction","target":["https:\/\/cryopdp.com\/fr\/services-de-distribution-du-cryopdp\/"]}]},{"@type":"ImageObject","inLanguage":"fr-FR","@id":"https:\/\/cryopdp.com\/fr\/services-de-distribution-du-cryopdp\/#primaryimage","url":"https:\/\/cryopdp.com\/wp-content\/uploads\/2025\/02\/shot-of-a-young-postal-worker-delivering-a-package-2023-11-27-04-51-29-utc-scaled-e1739529387606.jpg","contentUrl":"https:\/\/cryopdp.com\/wp-content\/uploads\/2025\/02\/shot-of-a-young-postal-worker-delivering-a-package-2023-11-27-04-51-29-utc-scaled-e1739529387606.jpg","width":2560,"height":1945,"caption":"Un transfert s\u00fbr du d\u00e9but \u00e0 la fin."},{"@type":"BreadcrumbList","@id":"https:\/\/cryopdp.com\/fr\/services-de-distribution-du-cryopdp\/#breadcrumb","itemListElement":[{"@type":"ListItem","position":1,"name":"Accueil","item":"https:\/\/cryopdp.com\/fr\/"},{"@type":"ListItem","position":2,"name":"Services de distribution du CRYOPDP"}]},{"@type":"WebSite","@id":"https:\/\/cryopdp.com\/fr\/#website","url":"https:\/\/cryopdp.com\/fr\/","name":"CRYOPDP","description":"","publisher":{"@id":"https:\/\/cryopdp.com\/fr\/#organization"},"potentialAction":[{"@type":"SearchAction","target":{"@type":"EntryPoint","urlTemplate":"https:\/\/cryopdp.com\/fr\/?s={search_term_string}"},"query-input":{"@type":"PropertyValueSpecification","valueRequired":true,"valueName":"search_term_string"}}],"inLanguage":"fr-FR"},{"@type":"Organization","@id":"https:\/\/cryopdp.com\/fr\/#organization","name":"CRYOPDP","url":"https:\/\/cryopdp.com\/fr\/","logo":{"@type":"ImageObject","inLanguage":"fr-FR","@id":"https:\/\/cryopdp.com\/fr\/#\/schema\/logo\/image\/","url":"https:\/\/cryopdp.com\/wp-content\/uploads\/sites\/2\/2023\/12\/pdp-square.png","contentUrl":"https:\/\/cryopdp.com\/wp-content\/uploads\/sites\/2\/2023\/12\/pdp-square.png","width":1200,"height":1200,"caption":"CRYOPDP"},"image":{"@id":"https:\/\/cryopdp.com\/fr\/#\/schema\/logo\/image\/"},"sameAs":["https:\/\/x.com\/CRYOPDP_","https:\/\/www.linkedin.com\/company\/cryopdp","https:\/\/www.youtube.com\/channel\/UCMAksAtjJDxbVHG0ItM4lUQ","https:\/\/open.spotify.com\/show\/38TuNaX1QexPKFvL6mU0Fw?si=9766c86aea1e4b7f"]}]}},"_links":{"self":[{"href":"https:\/\/cryopdp.com\/fr\/wp-json\/wp\/v2\/pages\/13391","targetHints":{"allow":["GET"]}}],"collection":[{"href":"https:\/\/cryopdp.com\/fr\/wp-json\/wp\/v2\/pages"}],"about":[{"href":"https:\/\/cryopdp.com\/fr\/wp-json\/wp\/v2\/types\/page"}],"author":[{"embeddable":true,"href":"https:\/\/cryopdp.com\/fr\/wp-json\/wp\/v2\/users\/8"}],"replies":[{"embeddable":true,"href":"https:\/\/cryopdp.com\/fr\/wp-json\/wp\/v2\/comments?post=13391"}],"version-history":[{"count":0,"href":"https:\/\/cryopdp.com\/fr\/wp-json\/wp\/v2\/pages\/13391\/revisions"}],"wp:featuredmedia":[{"embeddable":true,"href":"https:\/\/cryopdp.com\/fr\/wp-json\/wp\/v2\/media\/10970"}],"wp:attachment":[{"href":"https:\/\/cryopdp.com\/fr\/wp-json\/wp\/v2\/media?parent=13391"}],"curies":[{"name":"wp","href":"https:\/\/api.w.org\/{rel}","templated":true}]}}