{"id":13400,"date":"2023-03-24T11:26:57","date_gmt":"2023-03-24T11:26:57","guid":{"rendered":"https:\/\/cryopdp.com\/qui-sommes-nous\/expertise-solutions-de-chaine-du-froid\/solutions-logistiques-a-temperature-controlee\/logistique-des-echantillons-biologiques\/"},"modified":"2026-02-25T17:51:52","modified_gmt":"2026-02-25T17:51:52","slug":"logistique-des-echantillons-biologiques","status":"publish","type":"page","link":"https:\/\/cryopdp.com\/fr\/qui-sommes-nous\/notre-expertise\/logistique-a-temperature-controlee\/logistique-des-echantillons-biologiques\/","title":{"rendered":"Logistique des \u00e9chantillons biologiques"},"content":{"rendered":"","protected":false},"excerpt":{"rendered":"","protected":false},"author":2,"featured_media":1579,"parent":14070,"menu_order":0,"comment_status":"closed","ping_status":"closed","template":"","meta":{"_acf_changed":false,"_lmt_disableupdate":"","_lmt_disable":"","footnotes":""},"class_list":["post-13400","page","type-page","status-publish","has-post-thumbnail","hentry"],"acf":[],"yoast_head":"<!-- This site is optimized with the Yoast SEO plugin v27.3 - https:\/\/yoast.com\/product\/yoast-seo-wordpress\/ -->\n<title>Logistique des \u00e9chantillons biologiques - CRYOPDP<\/title>\n<meta name=\"description\" content=\"CRYOPDP est sp\u00e9cialis\u00e9 dans la logistique d&#039;\u00e9chantillons biologiques conformes et pr\u00e9cis pour les industries pharmaceutiques et biotechnologiques.\" \/>\n<meta name=\"robots\" content=\"index, follow, max-snippet:-1, max-image-preview:large, max-video-preview:-1\" \/>\n<link rel=\"canonical\" href=\"https:\/\/cryopdp.com\/fr\/qui-sommes-nous\/notre-expertise\/logistique-a-temperature-controlee\/logistique-des-echantillons-biologiques\/\" \/>\n<meta property=\"og:locale\" content=\"fr_FR\" \/>\n<meta property=\"og:type\" content=\"article\" \/>\n<meta property=\"og:title\" content=\"Logistique des \u00e9chantillons biologiques - CRYOPDP\" \/>\n<meta property=\"og:description\" content=\"CRYOPDP est sp\u00e9cialis\u00e9 dans la logistique d&#039;\u00e9chantillons biologiques conformes et pr\u00e9cis pour les industries pharmaceutiques et biotechnologiques.\" \/>\n<meta property=\"og:url\" content=\"https:\/\/cryopdp.com\/fr\/qui-sommes-nous\/notre-expertise\/logistique-a-temperature-controlee\/logistique-des-echantillons-biologiques\/\" \/>\n<meta property=\"og:site_name\" content=\"CRYOPDP\" \/>\n<meta property=\"article:modified_time\" content=\"2026-02-25T17:51:52+00:00\" \/>\n<meta property=\"og:image\" content=\"https:\/\/cryopdp.com\/wp-content\/uploads\/2023\/11\/topbanner-8.jpg\" \/>\n\t<meta property=\"og:image:width\" content=\"1920\" \/>\n\t<meta property=\"og:image:height\" content=\"960\" \/>\n\t<meta property=\"og:image:type\" content=\"image\/jpeg\" \/>\n<meta name=\"twitter:card\" content=\"summary_large_image\" \/>\n<meta name=\"twitter:site\" content=\"@CRYOPDP_\" \/>\n<script type=\"application\/ld+json\" class=\"yoast-schema-graph\">{\"@context\":\"https:\\\/\\\/schema.org\",\"@graph\":[{\"@type\":\"WebPage\",\"@id\":\"https:\\\/\\\/cryopdp.com\\\/fr\\\/qui-sommes-nous\\\/notre-expertise\\\/logistique-a-temperature-controlee\\\/logistique-des-echantillons-biologiques\\\/\",\"url\":\"https:\\\/\\\/cryopdp.com\\\/fr\\\/qui-sommes-nous\\\/notre-expertise\\\/logistique-a-temperature-controlee\\\/logistique-des-echantillons-biologiques\\\/\",\"name\":\"Logistique des \u00e9chantillons biologiques - CRYOPDP\",\"isPartOf\":{\"@id\":\"https:\\\/\\\/cryopdp.com\\\/fr\\\/#website\"},\"primaryImageOfPage\":{\"@id\":\"https:\\\/\\\/cryopdp.com\\\/fr\\\/qui-sommes-nous\\\/notre-expertise\\\/logistique-a-temperature-controlee\\\/logistique-des-echantillons-biologiques\\\/#primaryimage\"},\"image\":{\"@id\":\"https:\\\/\\\/cryopdp.com\\\/fr\\\/qui-sommes-nous\\\/notre-expertise\\\/logistique-a-temperature-controlee\\\/logistique-des-echantillons-biologiques\\\/#primaryimage\"},\"thumbnailUrl\":\"https:\\\/\\\/cryopdp.com\\\/wp-content\\\/uploads\\\/2023\\\/11\\\/topbanner-8.jpg\",\"datePublished\":\"2023-03-24T11:26:57+00:00\",\"dateModified\":\"2026-02-25T17:51:52+00:00\",\"description\":\"CRYOPDP est sp\u00e9cialis\u00e9 dans la logistique d'\u00e9chantillons biologiques conformes et pr\u00e9cis pour les industries pharmaceutiques et biotechnologiques.\",\"breadcrumb\":{\"@id\":\"https:\\\/\\\/cryopdp.com\\\/fr\\\/qui-sommes-nous\\\/notre-expertise\\\/logistique-a-temperature-controlee\\\/logistique-des-echantillons-biologiques\\\/#breadcrumb\"},\"inLanguage\":\"fr-FR\",\"potentialAction\":[{\"@type\":\"ReadAction\",\"target\":[\"https:\\\/\\\/cryopdp.com\\\/fr\\\/qui-sommes-nous\\\/notre-expertise\\\/logistique-a-temperature-controlee\\\/logistique-des-echantillons-biologiques\\\/\"]}]},{\"@type\":\"ImageObject\",\"inLanguage\":\"fr-FR\",\"@id\":\"https:\\\/\\\/cryopdp.com\\\/fr\\\/qui-sommes-nous\\\/notre-expertise\\\/logistique-a-temperature-controlee\\\/logistique-des-echantillons-biologiques\\\/#primaryimage\",\"url\":\"https:\\\/\\\/cryopdp.com\\\/wp-content\\\/uploads\\\/2023\\\/11\\\/topbanner-8.jpg\",\"contentUrl\":\"https:\\\/\\\/cryopdp.com\\\/wp-content\\\/uploads\\\/2023\\\/11\\\/topbanner-8.jpg\",\"width\":1920,\"height\":960,\"caption\":\"Solutions logistiques sp\u00e9cialis\u00e9es pour le transport s\u00e9curis\u00e9 et efficace d'\u00e9chantillons biologiques dans des environnements contr\u00f4l\u00e9s.\"},{\"@type\":\"BreadcrumbList\",\"@id\":\"https:\\\/\\\/cryopdp.com\\\/fr\\\/qui-sommes-nous\\\/notre-expertise\\\/logistique-a-temperature-controlee\\\/logistique-des-echantillons-biologiques\\\/#breadcrumb\",\"itemListElement\":[{\"@type\":\"ListItem\",\"position\":1,\"name\":\"Accueil\",\"item\":\"https:\\\/\\\/cryopdp.com\\\/fr\\\/\"},{\"@type\":\"ListItem\",\"position\":2,\"name\":\"Notre expertise\",\"item\":\"https:\\\/\\\/cryopdp.com\\\/fr\\\/qui-sommes-nous__trashed\\\/notre-expertise\\\/\"},{\"@type\":\"ListItem\",\"position\":3,\"name\":\"Logistique \u00e0 temp\u00e9rature contr\u00f4l\u00e9e\",\"item\":\"https:\\\/\\\/cryopdp.com\\\/fr\\\/qui-sommes-nous__trashed\\\/notre-expertise\\\/logistique-a-temperature-controlee\\\/\"},{\"@type\":\"ListItem\",\"position\":4,\"name\":\"Logistique des \u00e9chantillons biologiques\"}]},{\"@type\":\"WebSite\",\"@id\":\"https:\\\/\\\/cryopdp.com\\\/fr\\\/#website\",\"url\":\"https:\\\/\\\/cryopdp.com\\\/fr\\\/\",\"name\":\"CRYOPDP\",\"description\":\"\",\"publisher\":{\"@id\":\"https:\\\/\\\/cryopdp.com\\\/fr\\\/#organization\"},\"potentialAction\":[{\"@type\":\"SearchAction\",\"target\":{\"@type\":\"EntryPoint\",\"urlTemplate\":\"https:\\\/\\\/cryopdp.com\\\/fr\\\/?s={search_term_string}\"},\"query-input\":{\"@type\":\"PropertyValueSpecification\",\"valueRequired\":true,\"valueName\":\"search_term_string\"}}],\"inLanguage\":\"fr-FR\"},{\"@type\":\"Organization\",\"@id\":\"https:\\\/\\\/cryopdp.com\\\/fr\\\/#organization\",\"name\":\"CRYOPDP\",\"url\":\"https:\\\/\\\/cryopdp.com\\\/fr\\\/\",\"logo\":{\"@type\":\"ImageObject\",\"inLanguage\":\"fr-FR\",\"@id\":\"https:\\\/\\\/cryopdp.com\\\/fr\\\/#\\\/schema\\\/logo\\\/image\\\/\",\"url\":\"https:\\\/\\\/cryopdp.com\\\/wp-content\\\/uploads\\\/sites\\\/2\\\/2023\\\/12\\\/pdp-square.png\",\"contentUrl\":\"https:\\\/\\\/cryopdp.com\\\/wp-content\\\/uploads\\\/sites\\\/2\\\/2023\\\/12\\\/pdp-square.png\",\"width\":1200,\"height\":1200,\"caption\":\"CRYOPDP\"},\"image\":{\"@id\":\"https:\\\/\\\/cryopdp.com\\\/fr\\\/#\\\/schema\\\/logo\\\/image\\\/\"},\"sameAs\":[\"https:\\\/\\\/x.com\\\/CRYOPDP_\",\"https:\\\/\\\/www.linkedin.com\\\/company\\\/cryopdp\",\"https:\\\/\\\/www.youtube.com\\\/channel\\\/UCMAksAtjJDxbVHG0ItM4lUQ\",\"https:\\\/\\\/open.spotify.com\\\/show\\\/38TuNaX1QexPKFvL6mU0Fw?si=9766c86aea1e4b7f\"]}]}<\/script>\n<!-- \/ Yoast SEO plugin. -->","yoast_head_json":{"title":"Logistique des \u00e9chantillons biologiques - CRYOPDP","description":"CRYOPDP est sp\u00e9cialis\u00e9 dans la logistique d'\u00e9chantillons biologiques conformes et pr\u00e9cis pour les industries pharmaceutiques et biotechnologiques.","robots":{"index":"index","follow":"follow","max-snippet":"max-snippet:-1","max-image-preview":"max-image-preview:large","max-video-preview":"max-video-preview:-1"},"canonical":"https:\/\/cryopdp.com\/fr\/qui-sommes-nous\/notre-expertise\/logistique-a-temperature-controlee\/logistique-des-echantillons-biologiques\/","og_locale":"fr_FR","og_type":"article","og_title":"Logistique des \u00e9chantillons biologiques - CRYOPDP","og_description":"CRYOPDP est sp\u00e9cialis\u00e9 dans la logistique d'\u00e9chantillons biologiques conformes et pr\u00e9cis pour les industries pharmaceutiques et biotechnologiques.","og_url":"https:\/\/cryopdp.com\/fr\/qui-sommes-nous\/notre-expertise\/logistique-a-temperature-controlee\/logistique-des-echantillons-biologiques\/","og_site_name":"CRYOPDP","article_modified_time":"2026-02-25T17:51:52+00:00","og_image":[{"width":1920,"height":960,"url":"https:\/\/cryopdp.com\/wp-content\/uploads\/2023\/11\/topbanner-8.jpg","type":"image\/jpeg"}],"twitter_card":"summary_large_image","twitter_site":"@CRYOPDP_","schema":{"@context":"https:\/\/schema.org","@graph":[{"@type":"WebPage","@id":"https:\/\/cryopdp.com\/fr\/qui-sommes-nous\/notre-expertise\/logistique-a-temperature-controlee\/logistique-des-echantillons-biologiques\/","url":"https:\/\/cryopdp.com\/fr\/qui-sommes-nous\/notre-expertise\/logistique-a-temperature-controlee\/logistique-des-echantillons-biologiques\/","name":"Logistique des \u00e9chantillons biologiques - CRYOPDP","isPartOf":{"@id":"https:\/\/cryopdp.com\/fr\/#website"},"primaryImageOfPage":{"@id":"https:\/\/cryopdp.com\/fr\/qui-sommes-nous\/notre-expertise\/logistique-a-temperature-controlee\/logistique-des-echantillons-biologiques\/#primaryimage"},"image":{"@id":"https:\/\/cryopdp.com\/fr\/qui-sommes-nous\/notre-expertise\/logistique-a-temperature-controlee\/logistique-des-echantillons-biologiques\/#primaryimage"},"thumbnailUrl":"https:\/\/cryopdp.com\/wp-content\/uploads\/2023\/11\/topbanner-8.jpg","datePublished":"2023-03-24T11:26:57+00:00","dateModified":"2026-02-25T17:51:52+00:00","description":"CRYOPDP est sp\u00e9cialis\u00e9 dans la logistique d'\u00e9chantillons biologiques conformes et pr\u00e9cis pour les industries pharmaceutiques et biotechnologiques.","breadcrumb":{"@id":"https:\/\/cryopdp.com\/fr\/qui-sommes-nous\/notre-expertise\/logistique-a-temperature-controlee\/logistique-des-echantillons-biologiques\/#breadcrumb"},"inLanguage":"fr-FR","potentialAction":[{"@type":"ReadAction","target":["https:\/\/cryopdp.com\/fr\/qui-sommes-nous\/notre-expertise\/logistique-a-temperature-controlee\/logistique-des-echantillons-biologiques\/"]}]},{"@type":"ImageObject","inLanguage":"fr-FR","@id":"https:\/\/cryopdp.com\/fr\/qui-sommes-nous\/notre-expertise\/logistique-a-temperature-controlee\/logistique-des-echantillons-biologiques\/#primaryimage","url":"https:\/\/cryopdp.com\/wp-content\/uploads\/2023\/11\/topbanner-8.jpg","contentUrl":"https:\/\/cryopdp.com\/wp-content\/uploads\/2023\/11\/topbanner-8.jpg","width":1920,"height":960,"caption":"Solutions logistiques sp\u00e9cialis\u00e9es pour le transport s\u00e9curis\u00e9 et efficace d'\u00e9chantillons biologiques dans des environnements contr\u00f4l\u00e9s."},{"@type":"BreadcrumbList","@id":"https:\/\/cryopdp.com\/fr\/qui-sommes-nous\/notre-expertise\/logistique-a-temperature-controlee\/logistique-des-echantillons-biologiques\/#breadcrumb","itemListElement":[{"@type":"ListItem","position":1,"name":"Accueil","item":"https:\/\/cryopdp.com\/fr\/"},{"@type":"ListItem","position":2,"name":"Notre expertise","item":"https:\/\/cryopdp.com\/fr\/qui-sommes-nous__trashed\/notre-expertise\/"},{"@type":"ListItem","position":3,"name":"Logistique \u00e0 temp\u00e9rature contr\u00f4l\u00e9e","item":"https:\/\/cryopdp.com\/fr\/qui-sommes-nous__trashed\/notre-expertise\/logistique-a-temperature-controlee\/"},{"@type":"ListItem","position":4,"name":"Logistique des \u00e9chantillons biologiques"}]},{"@type":"WebSite","@id":"https:\/\/cryopdp.com\/fr\/#website","url":"https:\/\/cryopdp.com\/fr\/","name":"CRYOPDP","description":"","publisher":{"@id":"https:\/\/cryopdp.com\/fr\/#organization"},"potentialAction":[{"@type":"SearchAction","target":{"@type":"EntryPoint","urlTemplate":"https:\/\/cryopdp.com\/fr\/?s={search_term_string}"},"query-input":{"@type":"PropertyValueSpecification","valueRequired":true,"valueName":"search_term_string"}}],"inLanguage":"fr-FR"},{"@type":"Organization","@id":"https:\/\/cryopdp.com\/fr\/#organization","name":"CRYOPDP","url":"https:\/\/cryopdp.com\/fr\/","logo":{"@type":"ImageObject","inLanguage":"fr-FR","@id":"https:\/\/cryopdp.com\/fr\/#\/schema\/logo\/image\/","url":"https:\/\/cryopdp.com\/wp-content\/uploads\/sites\/2\/2023\/12\/pdp-square.png","contentUrl":"https:\/\/cryopdp.com\/wp-content\/uploads\/sites\/2\/2023\/12\/pdp-square.png","width":1200,"height":1200,"caption":"CRYOPDP"},"image":{"@id":"https:\/\/cryopdp.com\/fr\/#\/schema\/logo\/image\/"},"sameAs":["https:\/\/x.com\/CRYOPDP_","https:\/\/www.linkedin.com\/company\/cryopdp","https:\/\/www.youtube.com\/channel\/UCMAksAtjJDxbVHG0ItM4lUQ","https:\/\/open.spotify.com\/show\/38TuNaX1QexPKFvL6mU0Fw?si=9766c86aea1e4b7f"]}]}},"_links":{"self":[{"href":"https:\/\/cryopdp.com\/fr\/wp-json\/wp\/v2\/pages\/13400","targetHints":{"allow":["GET"]}}],"collection":[{"href":"https:\/\/cryopdp.com\/fr\/wp-json\/wp\/v2\/pages"}],"about":[{"href":"https:\/\/cryopdp.com\/fr\/wp-json\/wp\/v2\/types\/page"}],"author":[{"embeddable":true,"href":"https:\/\/cryopdp.com\/fr\/wp-json\/wp\/v2\/users\/2"}],"replies":[{"embeddable":true,"href":"https:\/\/cryopdp.com\/fr\/wp-json\/wp\/v2\/comments?post=13400"}],"version-history":[{"count":0,"href":"https:\/\/cryopdp.com\/fr\/wp-json\/wp\/v2\/pages\/13400\/revisions"}],"up":[{"embeddable":true,"href":"https:\/\/cryopdp.com\/fr\/wp-json\/wp\/v2\/pages\/14070"}],"wp:featuredmedia":[{"embeddable":true,"href":"https:\/\/cryopdp.com\/fr\/wp-json\/wp\/v2\/media\/1579"}],"wp:attachment":[{"href":"https:\/\/cryopdp.com\/fr\/wp-json\/wp\/v2\/media?parent=13400"}],"curies":[{"name":"wp","href":"https:\/\/api.w.org\/{rel}","templated":true}]}}