{"id":13446,"date":"2025-02-14T10:14:27","date_gmt":"2025-02-14T10:14:27","guid":{"rendered":"https:\/\/cryopdp.com\/logistique-des-essais-cliniques\/solution-central-labs\/"},"modified":"2026-02-25T18:10:40","modified_gmt":"2026-02-25T18:10:40","slug":"solution-central-labs","status":"publish","type":"page","link":"https:\/\/cryopdp.com\/fr\/logistique-des-essais-cliniques\/solution-central-labs\/","title":{"rendered":"Solution Central Labs"},"content":{"rendered":"","protected":false},"excerpt":{"rendered":"","protected":false},"author":8,"featured_media":9888,"parent":13476,"menu_order":0,"comment_status":"closed","ping_status":"closed","template":"","meta":{"_acf_changed":false,"_lmt_disableupdate":"","_lmt_disable":"","footnotes":""},"class_list":["post-13446","page","type-page","status-publish","has-post-thumbnail","hentry"],"acf":[],"yoast_head":"<!-- This site is optimized with the Yoast SEO plugin v27.3 - https:\/\/yoast.com\/product\/yoast-seo-wordpress\/ -->\n<title>Solution Central Labs - CRYOPDP<\/title>\n<meta name=\"description\" content=\"CRYOPDP assure la logistique des laboratoires centraux avec un contr\u00f4le de la temp\u00e9rature, un suivi en temps r\u00e9el et une conformit\u00e9 globale pour les \u00e9chantillons, les kits et le mat\u00e9riel clinique.\" \/>\n<meta name=\"robots\" content=\"index, follow, max-snippet:-1, max-image-preview:large, max-video-preview:-1\" \/>\n<link rel=\"canonical\" href=\"https:\/\/cryopdp.com\/fr\/logistique-des-essais-cliniques\/solution-central-labs\/\" \/>\n<meta property=\"og:locale\" content=\"fr_FR\" \/>\n<meta property=\"og:type\" content=\"article\" \/>\n<meta property=\"og:title\" content=\"Solution Central Labs - CRYOPDP\" \/>\n<meta property=\"og:description\" content=\"CRYOPDP assure la logistique des laboratoires centraux avec un contr\u00f4le de la temp\u00e9rature, un suivi en temps r\u00e9el et une conformit\u00e9 globale pour les \u00e9chantillons, les kits et le mat\u00e9riel clinique.\" \/>\n<meta property=\"og:url\" content=\"https:\/\/cryopdp.com\/fr\/logistique-des-essais-cliniques\/solution-central-labs\/\" \/>\n<meta property=\"og:site_name\" content=\"CRYOPDP\" \/>\n<meta property=\"article:modified_time\" content=\"2026-02-25T18:10:40+00:00\" \/>\n<meta property=\"og:image\" content=\"https:\/\/cryopdp.com\/wp-content\/uploads\/2025\/02\/AdobeStock_357304015-scaled.jpeg\" \/>\n\t<meta property=\"og:image:width\" content=\"2560\" \/>\n\t<meta property=\"og:image:height\" content=\"1172\" \/>\n\t<meta property=\"og:image:type\" content=\"image\/jpeg\" \/>\n<meta name=\"twitter:card\" content=\"summary_large_image\" \/>\n<meta name=\"twitter:site\" content=\"@CRYOPDP_\" \/>\n<script type=\"application\/ld+json\" class=\"yoast-schema-graph\">{\"@context\":\"https:\\\/\\\/schema.org\",\"@graph\":[{\"@type\":\"WebPage\",\"@id\":\"https:\\\/\\\/cryopdp.com\\\/fr\\\/logistique-des-essais-cliniques\\\/solution-central-labs\\\/\",\"url\":\"https:\\\/\\\/cryopdp.com\\\/fr\\\/logistique-des-essais-cliniques\\\/solution-central-labs\\\/\",\"name\":\"Solution Central Labs - CRYOPDP\",\"isPartOf\":{\"@id\":\"https:\\\/\\\/cryopdp.com\\\/fr\\\/#website\"},\"primaryImageOfPage\":{\"@id\":\"https:\\\/\\\/cryopdp.com\\\/fr\\\/logistique-des-essais-cliniques\\\/solution-central-labs\\\/#primaryimage\"},\"image\":{\"@id\":\"https:\\\/\\\/cryopdp.com\\\/fr\\\/logistique-des-essais-cliniques\\\/solution-central-labs\\\/#primaryimage\"},\"thumbnailUrl\":\"https:\\\/\\\/cryopdp.com\\\/wp-content\\\/uploads\\\/2025\\\/02\\\/AdobeStock_357304015-scaled.jpeg\",\"datePublished\":\"2025-02-14T10:14:27+00:00\",\"dateModified\":\"2026-02-25T18:10:40+00:00\",\"description\":\"CRYOPDP assure la logistique des laboratoires centraux avec un contr\u00f4le de la temp\u00e9rature, un suivi en temps r\u00e9el et une conformit\u00e9 globale pour les \u00e9chantillons, les kits et le mat\u00e9riel clinique.\",\"breadcrumb\":{\"@id\":\"https:\\\/\\\/cryopdp.com\\\/fr\\\/logistique-des-essais-cliniques\\\/solution-central-labs\\\/#breadcrumb\"},\"inLanguage\":\"fr-FR\",\"potentialAction\":[{\"@type\":\"ReadAction\",\"target\":[\"https:\\\/\\\/cryopdp.com\\\/fr\\\/logistique-des-essais-cliniques\\\/solution-central-labs\\\/\"]}]},{\"@type\":\"ImageObject\",\"inLanguage\":\"fr-FR\",\"@id\":\"https:\\\/\\\/cryopdp.com\\\/fr\\\/logistique-des-essais-cliniques\\\/solution-central-labs\\\/#primaryimage\",\"url\":\"https:\\\/\\\/cryopdp.com\\\/wp-content\\\/uploads\\\/2025\\\/02\\\/AdobeStock_357304015-scaled.jpeg\",\"contentUrl\":\"https:\\\/\\\/cryopdp.com\\\/wp-content\\\/uploads\\\/2025\\\/02\\\/AdobeStock_357304015-scaled.jpeg\",\"width\":2560,\"height\":1172,\"caption\":\"Derri\u00e8re chaque avanc\u00e9e se cache une cha\u00eene d'approvisionnement fiable. CRYOPDP fournit aux laboratoires ce dont ils ont besoin pour faire avancer la recherche.\"},{\"@type\":\"BreadcrumbList\",\"@id\":\"https:\\\/\\\/cryopdp.com\\\/fr\\\/logistique-des-essais-cliniques\\\/solution-central-labs\\\/#breadcrumb\",\"itemListElement\":[{\"@type\":\"ListItem\",\"position\":1,\"name\":\"Accueil\",\"item\":\"https:\\\/\\\/cryopdp.com\\\/fr\\\/\"},{\"@type\":\"ListItem\",\"position\":2,\"name\":\"Solution Central Labs\"}]},{\"@type\":\"WebSite\",\"@id\":\"https:\\\/\\\/cryopdp.com\\\/fr\\\/#website\",\"url\":\"https:\\\/\\\/cryopdp.com\\\/fr\\\/\",\"name\":\"CRYOPDP\",\"description\":\"\",\"publisher\":{\"@id\":\"https:\\\/\\\/cryopdp.com\\\/fr\\\/#organization\"},\"potentialAction\":[{\"@type\":\"SearchAction\",\"target\":{\"@type\":\"EntryPoint\",\"urlTemplate\":\"https:\\\/\\\/cryopdp.com\\\/fr\\\/?s={search_term_string}\"},\"query-input\":{\"@type\":\"PropertyValueSpecification\",\"valueRequired\":true,\"valueName\":\"search_term_string\"}}],\"inLanguage\":\"fr-FR\"},{\"@type\":\"Organization\",\"@id\":\"https:\\\/\\\/cryopdp.com\\\/fr\\\/#organization\",\"name\":\"CRYOPDP\",\"url\":\"https:\\\/\\\/cryopdp.com\\\/fr\\\/\",\"logo\":{\"@type\":\"ImageObject\",\"inLanguage\":\"fr-FR\",\"@id\":\"https:\\\/\\\/cryopdp.com\\\/fr\\\/#\\\/schema\\\/logo\\\/image\\\/\",\"url\":\"https:\\\/\\\/cryopdp.com\\\/wp-content\\\/uploads\\\/sites\\\/2\\\/2023\\\/12\\\/pdp-square.png\",\"contentUrl\":\"https:\\\/\\\/cryopdp.com\\\/wp-content\\\/uploads\\\/sites\\\/2\\\/2023\\\/12\\\/pdp-square.png\",\"width\":1200,\"height\":1200,\"caption\":\"CRYOPDP\"},\"image\":{\"@id\":\"https:\\\/\\\/cryopdp.com\\\/fr\\\/#\\\/schema\\\/logo\\\/image\\\/\"},\"sameAs\":[\"https:\\\/\\\/x.com\\\/CRYOPDP_\",\"https:\\\/\\\/www.linkedin.com\\\/company\\\/cryopdp\",\"https:\\\/\\\/www.youtube.com\\\/channel\\\/UCMAksAtjJDxbVHG0ItM4lUQ\",\"https:\\\/\\\/open.spotify.com\\\/show\\\/38TuNaX1QexPKFvL6mU0Fw?si=9766c86aea1e4b7f\"]}]}<\/script>\n<!-- \/ Yoast SEO plugin. -->","yoast_head_json":{"title":"Solution Central Labs - CRYOPDP","description":"CRYOPDP assure la logistique des laboratoires centraux avec un contr\u00f4le de la temp\u00e9rature, un suivi en temps r\u00e9el et une conformit\u00e9 globale pour les \u00e9chantillons, les kits et le mat\u00e9riel clinique.","robots":{"index":"index","follow":"follow","max-snippet":"max-snippet:-1","max-image-preview":"max-image-preview:large","max-video-preview":"max-video-preview:-1"},"canonical":"https:\/\/cryopdp.com\/fr\/logistique-des-essais-cliniques\/solution-central-labs\/","og_locale":"fr_FR","og_type":"article","og_title":"Solution Central Labs - CRYOPDP","og_description":"CRYOPDP assure la logistique des laboratoires centraux avec un contr\u00f4le de la temp\u00e9rature, un suivi en temps r\u00e9el et une conformit\u00e9 globale pour les \u00e9chantillons, les kits et le mat\u00e9riel clinique.","og_url":"https:\/\/cryopdp.com\/fr\/logistique-des-essais-cliniques\/solution-central-labs\/","og_site_name":"CRYOPDP","article_modified_time":"2026-02-25T18:10:40+00:00","og_image":[{"width":2560,"height":1172,"url":"https:\/\/cryopdp.com\/wp-content\/uploads\/2025\/02\/AdobeStock_357304015-scaled.jpeg","type":"image\/jpeg"}],"twitter_card":"summary_large_image","twitter_site":"@CRYOPDP_","schema":{"@context":"https:\/\/schema.org","@graph":[{"@type":"WebPage","@id":"https:\/\/cryopdp.com\/fr\/logistique-des-essais-cliniques\/solution-central-labs\/","url":"https:\/\/cryopdp.com\/fr\/logistique-des-essais-cliniques\/solution-central-labs\/","name":"Solution Central Labs - CRYOPDP","isPartOf":{"@id":"https:\/\/cryopdp.com\/fr\/#website"},"primaryImageOfPage":{"@id":"https:\/\/cryopdp.com\/fr\/logistique-des-essais-cliniques\/solution-central-labs\/#primaryimage"},"image":{"@id":"https:\/\/cryopdp.com\/fr\/logistique-des-essais-cliniques\/solution-central-labs\/#primaryimage"},"thumbnailUrl":"https:\/\/cryopdp.com\/wp-content\/uploads\/2025\/02\/AdobeStock_357304015-scaled.jpeg","datePublished":"2025-02-14T10:14:27+00:00","dateModified":"2026-02-25T18:10:40+00:00","description":"CRYOPDP assure la logistique des laboratoires centraux avec un contr\u00f4le de la temp\u00e9rature, un suivi en temps r\u00e9el et une conformit\u00e9 globale pour les \u00e9chantillons, les kits et le mat\u00e9riel clinique.","breadcrumb":{"@id":"https:\/\/cryopdp.com\/fr\/logistique-des-essais-cliniques\/solution-central-labs\/#breadcrumb"},"inLanguage":"fr-FR","potentialAction":[{"@type":"ReadAction","target":["https:\/\/cryopdp.com\/fr\/logistique-des-essais-cliniques\/solution-central-labs\/"]}]},{"@type":"ImageObject","inLanguage":"fr-FR","@id":"https:\/\/cryopdp.com\/fr\/logistique-des-essais-cliniques\/solution-central-labs\/#primaryimage","url":"https:\/\/cryopdp.com\/wp-content\/uploads\/2025\/02\/AdobeStock_357304015-scaled.jpeg","contentUrl":"https:\/\/cryopdp.com\/wp-content\/uploads\/2025\/02\/AdobeStock_357304015-scaled.jpeg","width":2560,"height":1172,"caption":"Derri\u00e8re chaque avanc\u00e9e se cache une cha\u00eene d'approvisionnement fiable. CRYOPDP fournit aux laboratoires ce dont ils ont besoin pour faire avancer la recherche."},{"@type":"BreadcrumbList","@id":"https:\/\/cryopdp.com\/fr\/logistique-des-essais-cliniques\/solution-central-labs\/#breadcrumb","itemListElement":[{"@type":"ListItem","position":1,"name":"Accueil","item":"https:\/\/cryopdp.com\/fr\/"},{"@type":"ListItem","position":2,"name":"Solution Central Labs"}]},{"@type":"WebSite","@id":"https:\/\/cryopdp.com\/fr\/#website","url":"https:\/\/cryopdp.com\/fr\/","name":"CRYOPDP","description":"","publisher":{"@id":"https:\/\/cryopdp.com\/fr\/#organization"},"potentialAction":[{"@type":"SearchAction","target":{"@type":"EntryPoint","urlTemplate":"https:\/\/cryopdp.com\/fr\/?s={search_term_string}"},"query-input":{"@type":"PropertyValueSpecification","valueRequired":true,"valueName":"search_term_string"}}],"inLanguage":"fr-FR"},{"@type":"Organization","@id":"https:\/\/cryopdp.com\/fr\/#organization","name":"CRYOPDP","url":"https:\/\/cryopdp.com\/fr\/","logo":{"@type":"ImageObject","inLanguage":"fr-FR","@id":"https:\/\/cryopdp.com\/fr\/#\/schema\/logo\/image\/","url":"https:\/\/cryopdp.com\/wp-content\/uploads\/sites\/2\/2023\/12\/pdp-square.png","contentUrl":"https:\/\/cryopdp.com\/wp-content\/uploads\/sites\/2\/2023\/12\/pdp-square.png","width":1200,"height":1200,"caption":"CRYOPDP"},"image":{"@id":"https:\/\/cryopdp.com\/fr\/#\/schema\/logo\/image\/"},"sameAs":["https:\/\/x.com\/CRYOPDP_","https:\/\/www.linkedin.com\/company\/cryopdp","https:\/\/www.youtube.com\/channel\/UCMAksAtjJDxbVHG0ItM4lUQ","https:\/\/open.spotify.com\/show\/38TuNaX1QexPKFvL6mU0Fw?si=9766c86aea1e4b7f"]}]}},"_links":{"self":[{"href":"https:\/\/cryopdp.com\/fr\/wp-json\/wp\/v2\/pages\/13446","targetHints":{"allow":["GET"]}}],"collection":[{"href":"https:\/\/cryopdp.com\/fr\/wp-json\/wp\/v2\/pages"}],"about":[{"href":"https:\/\/cryopdp.com\/fr\/wp-json\/wp\/v2\/types\/page"}],"author":[{"embeddable":true,"href":"https:\/\/cryopdp.com\/fr\/wp-json\/wp\/v2\/users\/8"}],"replies":[{"embeddable":true,"href":"https:\/\/cryopdp.com\/fr\/wp-json\/wp\/v2\/comments?post=13446"}],"version-history":[{"count":0,"href":"https:\/\/cryopdp.com\/fr\/wp-json\/wp\/v2\/pages\/13446\/revisions"}],"up":[{"embeddable":true,"href":"https:\/\/cryopdp.com\/fr\/wp-json\/wp\/v2\/pages\/13476"}],"wp:featuredmedia":[{"embeddable":true,"href":"https:\/\/cryopdp.com\/fr\/wp-json\/wp\/v2\/media\/9888"}],"wp:attachment":[{"href":"https:\/\/cryopdp.com\/fr\/wp-json\/wp\/v2\/media?parent=13446"}],"curies":[{"name":"wp","href":"https:\/\/api.w.org\/{rel}","templated":true}]}}