{"id":13458,"date":"2025-02-13T15:02:12","date_gmt":"2025-02-13T15:02:12","guid":{"rendered":"https:\/\/cryopdp.com\/qui-sommes-nous\/expertise-solutions-de-chaine-du-froid\/certifications-et-conformite\/"},"modified":"2026-02-25T18:12:59","modified_gmt":"2026-02-25T18:12:59","slug":"certifications-et-conformite","status":"publish","type":"page","link":"https:\/\/cryopdp.com\/fr\/qui-sommes-nous\/notre-expertise\/certifications-et-conformite\/","title":{"rendered":"Certifications et conformit\u00e9"},"content":{"rendered":"","protected":false},"excerpt":{"rendered":"","protected":false},"author":4,"featured_media":9813,"parent":13961,"menu_order":0,"comment_status":"closed","ping_status":"closed","template":"","meta":{"_acf_changed":false,"_lmt_disableupdate":"","_lmt_disable":"","footnotes":""},"class_list":["post-13458","page","type-page","status-publish","has-post-thumbnail","hentry"],"acf":[],"yoast_head":"<!-- This site is optimized with the Yoast SEO plugin v27.3 - https:\/\/yoast.com\/product\/yoast-seo-wordpress\/ -->\n<title>Certifications et conformit\u00e9 - CRYOPDP<\/title>\n<meta name=\"description\" content=\"CRYOPDP est sp\u00e9cialis\u00e9 dans la logistique conforme au PIB pour les sciences de la vie, la recherche et la th\u00e9rapie cellulaire et g\u00e9nique, en utilisant des solutions de contr\u00f4le de la temp\u00e9rature \u00e0 l&#039;\u00e9chelle mondiale.\" \/>\n<meta name=\"robots\" content=\"index, follow, max-snippet:-1, max-image-preview:large, max-video-preview:-1\" \/>\n<link rel=\"canonical\" href=\"https:\/\/cryopdp.com\/fr\/qui-sommes-nous\/notre-expertise\/certifications-et-conformite\/\" \/>\n<meta property=\"og:locale\" content=\"fr_FR\" \/>\n<meta property=\"og:type\" content=\"article\" \/>\n<meta property=\"og:title\" content=\"Certifications et conformit\u00e9 - CRYOPDP\" \/>\n<meta property=\"og:description\" content=\"CRYOPDP est sp\u00e9cialis\u00e9 dans la logistique conforme au PIB pour les sciences de la vie, la recherche et la th\u00e9rapie cellulaire et g\u00e9nique, en utilisant des solutions de contr\u00f4le de la temp\u00e9rature \u00e0 l&#039;\u00e9chelle mondiale.\" \/>\n<meta property=\"og:url\" content=\"https:\/\/cryopdp.com\/fr\/qui-sommes-nous\/notre-expertise\/certifications-et-conformite\/\" \/>\n<meta property=\"og:site_name\" content=\"CRYOPDP\" \/>\n<meta property=\"article:modified_time\" content=\"2026-02-25T18:12:59+00:00\" \/>\n<meta property=\"og:image\" content=\"https:\/\/cryopdp.com\/wp-content\/uploads\/2025\/02\/AdobeStock_317868703-scaled.jpeg\" \/>\n\t<meta property=\"og:image:width\" content=\"2560\" \/>\n\t<meta property=\"og:image:height\" content=\"1707\" \/>\n\t<meta property=\"og:image:type\" content=\"image\/jpeg\" \/>\n<meta name=\"twitter:card\" content=\"summary_large_image\" \/>\n<meta name=\"twitter:site\" content=\"@CRYOPDP_\" \/>\n<script type=\"application\/ld+json\" class=\"yoast-schema-graph\">{\"@context\":\"https:\\\/\\\/schema.org\",\"@graph\":[{\"@type\":\"WebPage\",\"@id\":\"https:\\\/\\\/cryopdp.com\\\/fr\\\/qui-sommes-nous\\\/notre-expertise\\\/certifications-et-conformite\\\/\",\"url\":\"https:\\\/\\\/cryopdp.com\\\/fr\\\/qui-sommes-nous\\\/notre-expertise\\\/certifications-et-conformite\\\/\",\"name\":\"Certifications et conformit\u00e9 - CRYOPDP\",\"isPartOf\":{\"@id\":\"https:\\\/\\\/cryopdp.com\\\/fr\\\/#website\"},\"primaryImageOfPage\":{\"@id\":\"https:\\\/\\\/cryopdp.com\\\/fr\\\/qui-sommes-nous\\\/notre-expertise\\\/certifications-et-conformite\\\/#primaryimage\"},\"image\":{\"@id\":\"https:\\\/\\\/cryopdp.com\\\/fr\\\/qui-sommes-nous\\\/notre-expertise\\\/certifications-et-conformite\\\/#primaryimage\"},\"thumbnailUrl\":\"https:\\\/\\\/cryopdp.com\\\/wp-content\\\/uploads\\\/2025\\\/02\\\/AdobeStock_317868703-scaled.jpeg\",\"datePublished\":\"2025-02-13T15:02:12+00:00\",\"dateModified\":\"2026-02-25T18:12:59+00:00\",\"description\":\"CRYOPDP est sp\u00e9cialis\u00e9 dans la logistique conforme au PIB pour les sciences de la vie, la recherche et la th\u00e9rapie cellulaire et g\u00e9nique, en utilisant des solutions de contr\u00f4le de la temp\u00e9rature \u00e0 l'\u00e9chelle mondiale.\",\"breadcrumb\":{\"@id\":\"https:\\\/\\\/cryopdp.com\\\/fr\\\/qui-sommes-nous\\\/notre-expertise\\\/certifications-et-conformite\\\/#breadcrumb\"},\"inLanguage\":\"fr-FR\",\"potentialAction\":[{\"@type\":\"ReadAction\",\"target\":[\"https:\\\/\\\/cryopdp.com\\\/fr\\\/qui-sommes-nous\\\/notre-expertise\\\/certifications-et-conformite\\\/\"]}]},{\"@type\":\"ImageObject\",\"inLanguage\":\"fr-FR\",\"@id\":\"https:\\\/\\\/cryopdp.com\\\/fr\\\/qui-sommes-nous\\\/notre-expertise\\\/certifications-et-conformite\\\/#primaryimage\",\"url\":\"https:\\\/\\\/cryopdp.com\\\/wp-content\\\/uploads\\\/2025\\\/02\\\/AdobeStock_317868703-scaled.jpeg\",\"contentUrl\":\"https:\\\/\\\/cryopdp.com\\\/wp-content\\\/uploads\\\/2025\\\/02\\\/AdobeStock_317868703-scaled.jpeg\",\"width\":2560,\"height\":1707,\"caption\":\"Construire la confiance par la conformit\u00e9, une poign\u00e9e de main repr\u00e9sentant l'engagement pour des pratiques logistiques conformes au PIB dans les sciences de la vie.\"},{\"@type\":\"BreadcrumbList\",\"@id\":\"https:\\\/\\\/cryopdp.com\\\/fr\\\/qui-sommes-nous\\\/notre-expertise\\\/certifications-et-conformite\\\/#breadcrumb\",\"itemListElement\":[{\"@type\":\"ListItem\",\"position\":1,\"name\":\"Accueil\",\"item\":\"https:\\\/\\\/cryopdp.com\\\/fr\\\/\"},{\"@type\":\"ListItem\",\"position\":2,\"name\":\"Notre expertise\",\"item\":\"https:\\\/\\\/cryopdp.com\\\/fr\\\/qui-sommes-nous__trashed\\\/notre-expertise\\\/\"},{\"@type\":\"ListItem\",\"position\":3,\"name\":\"Certifications et conformit\u00e9\"}]},{\"@type\":\"WebSite\",\"@id\":\"https:\\\/\\\/cryopdp.com\\\/fr\\\/#website\",\"url\":\"https:\\\/\\\/cryopdp.com\\\/fr\\\/\",\"name\":\"CRYOPDP\",\"description\":\"\",\"publisher\":{\"@id\":\"https:\\\/\\\/cryopdp.com\\\/fr\\\/#organization\"},\"potentialAction\":[{\"@type\":\"SearchAction\",\"target\":{\"@type\":\"EntryPoint\",\"urlTemplate\":\"https:\\\/\\\/cryopdp.com\\\/fr\\\/?s={search_term_string}\"},\"query-input\":{\"@type\":\"PropertyValueSpecification\",\"valueRequired\":true,\"valueName\":\"search_term_string\"}}],\"inLanguage\":\"fr-FR\"},{\"@type\":\"Organization\",\"@id\":\"https:\\\/\\\/cryopdp.com\\\/fr\\\/#organization\",\"name\":\"CRYOPDP\",\"url\":\"https:\\\/\\\/cryopdp.com\\\/fr\\\/\",\"logo\":{\"@type\":\"ImageObject\",\"inLanguage\":\"fr-FR\",\"@id\":\"https:\\\/\\\/cryopdp.com\\\/fr\\\/#\\\/schema\\\/logo\\\/image\\\/\",\"url\":\"https:\\\/\\\/cryopdp.com\\\/wp-content\\\/uploads\\\/sites\\\/2\\\/2023\\\/12\\\/pdp-square.png\",\"contentUrl\":\"https:\\\/\\\/cryopdp.com\\\/wp-content\\\/uploads\\\/sites\\\/2\\\/2023\\\/12\\\/pdp-square.png\",\"width\":1200,\"height\":1200,\"caption\":\"CRYOPDP\"},\"image\":{\"@id\":\"https:\\\/\\\/cryopdp.com\\\/fr\\\/#\\\/schema\\\/logo\\\/image\\\/\"},\"sameAs\":[\"https:\\\/\\\/x.com\\\/CRYOPDP_\",\"https:\\\/\\\/www.linkedin.com\\\/company\\\/cryopdp\",\"https:\\\/\\\/www.youtube.com\\\/channel\\\/UCMAksAtjJDxbVHG0ItM4lUQ\",\"https:\\\/\\\/open.spotify.com\\\/show\\\/38TuNaX1QexPKFvL6mU0Fw?si=9766c86aea1e4b7f\"]}]}<\/script>\n<!-- \/ Yoast SEO plugin. -->","yoast_head_json":{"title":"Certifications et conformit\u00e9 - CRYOPDP","description":"CRYOPDP est sp\u00e9cialis\u00e9 dans la logistique conforme au PIB pour les sciences de la vie, la recherche et la th\u00e9rapie cellulaire et g\u00e9nique, en utilisant des solutions de contr\u00f4le de la temp\u00e9rature \u00e0 l'\u00e9chelle mondiale.","robots":{"index":"index","follow":"follow","max-snippet":"max-snippet:-1","max-image-preview":"max-image-preview:large","max-video-preview":"max-video-preview:-1"},"canonical":"https:\/\/cryopdp.com\/fr\/qui-sommes-nous\/notre-expertise\/certifications-et-conformite\/","og_locale":"fr_FR","og_type":"article","og_title":"Certifications et conformit\u00e9 - CRYOPDP","og_description":"CRYOPDP est sp\u00e9cialis\u00e9 dans la logistique conforme au PIB pour les sciences de la vie, la recherche et la th\u00e9rapie cellulaire et g\u00e9nique, en utilisant des solutions de contr\u00f4le de la temp\u00e9rature \u00e0 l'\u00e9chelle mondiale.","og_url":"https:\/\/cryopdp.com\/fr\/qui-sommes-nous\/notre-expertise\/certifications-et-conformite\/","og_site_name":"CRYOPDP","article_modified_time":"2026-02-25T18:12:59+00:00","og_image":[{"width":2560,"height":1707,"url":"https:\/\/cryopdp.com\/wp-content\/uploads\/2025\/02\/AdobeStock_317868703-scaled.jpeg","type":"image\/jpeg"}],"twitter_card":"summary_large_image","twitter_site":"@CRYOPDP_","schema":{"@context":"https:\/\/schema.org","@graph":[{"@type":"WebPage","@id":"https:\/\/cryopdp.com\/fr\/qui-sommes-nous\/notre-expertise\/certifications-et-conformite\/","url":"https:\/\/cryopdp.com\/fr\/qui-sommes-nous\/notre-expertise\/certifications-et-conformite\/","name":"Certifications et conformit\u00e9 - CRYOPDP","isPartOf":{"@id":"https:\/\/cryopdp.com\/fr\/#website"},"primaryImageOfPage":{"@id":"https:\/\/cryopdp.com\/fr\/qui-sommes-nous\/notre-expertise\/certifications-et-conformite\/#primaryimage"},"image":{"@id":"https:\/\/cryopdp.com\/fr\/qui-sommes-nous\/notre-expertise\/certifications-et-conformite\/#primaryimage"},"thumbnailUrl":"https:\/\/cryopdp.com\/wp-content\/uploads\/2025\/02\/AdobeStock_317868703-scaled.jpeg","datePublished":"2025-02-13T15:02:12+00:00","dateModified":"2026-02-25T18:12:59+00:00","description":"CRYOPDP est sp\u00e9cialis\u00e9 dans la logistique conforme au PIB pour les sciences de la vie, la recherche et la th\u00e9rapie cellulaire et g\u00e9nique, en utilisant des solutions de contr\u00f4le de la temp\u00e9rature \u00e0 l'\u00e9chelle mondiale.","breadcrumb":{"@id":"https:\/\/cryopdp.com\/fr\/qui-sommes-nous\/notre-expertise\/certifications-et-conformite\/#breadcrumb"},"inLanguage":"fr-FR","potentialAction":[{"@type":"ReadAction","target":["https:\/\/cryopdp.com\/fr\/qui-sommes-nous\/notre-expertise\/certifications-et-conformite\/"]}]},{"@type":"ImageObject","inLanguage":"fr-FR","@id":"https:\/\/cryopdp.com\/fr\/qui-sommes-nous\/notre-expertise\/certifications-et-conformite\/#primaryimage","url":"https:\/\/cryopdp.com\/wp-content\/uploads\/2025\/02\/AdobeStock_317868703-scaled.jpeg","contentUrl":"https:\/\/cryopdp.com\/wp-content\/uploads\/2025\/02\/AdobeStock_317868703-scaled.jpeg","width":2560,"height":1707,"caption":"Construire la confiance par la conformit\u00e9, une poign\u00e9e de main repr\u00e9sentant l'engagement pour des pratiques logistiques conformes au PIB dans les sciences de la vie."},{"@type":"BreadcrumbList","@id":"https:\/\/cryopdp.com\/fr\/qui-sommes-nous\/notre-expertise\/certifications-et-conformite\/#breadcrumb","itemListElement":[{"@type":"ListItem","position":1,"name":"Accueil","item":"https:\/\/cryopdp.com\/fr\/"},{"@type":"ListItem","position":2,"name":"Notre expertise","item":"https:\/\/cryopdp.com\/fr\/qui-sommes-nous__trashed\/notre-expertise\/"},{"@type":"ListItem","position":3,"name":"Certifications et conformit\u00e9"}]},{"@type":"WebSite","@id":"https:\/\/cryopdp.com\/fr\/#website","url":"https:\/\/cryopdp.com\/fr\/","name":"CRYOPDP","description":"","publisher":{"@id":"https:\/\/cryopdp.com\/fr\/#organization"},"potentialAction":[{"@type":"SearchAction","target":{"@type":"EntryPoint","urlTemplate":"https:\/\/cryopdp.com\/fr\/?s={search_term_string}"},"query-input":{"@type":"PropertyValueSpecification","valueRequired":true,"valueName":"search_term_string"}}],"inLanguage":"fr-FR"},{"@type":"Organization","@id":"https:\/\/cryopdp.com\/fr\/#organization","name":"CRYOPDP","url":"https:\/\/cryopdp.com\/fr\/","logo":{"@type":"ImageObject","inLanguage":"fr-FR","@id":"https:\/\/cryopdp.com\/fr\/#\/schema\/logo\/image\/","url":"https:\/\/cryopdp.com\/wp-content\/uploads\/sites\/2\/2023\/12\/pdp-square.png","contentUrl":"https:\/\/cryopdp.com\/wp-content\/uploads\/sites\/2\/2023\/12\/pdp-square.png","width":1200,"height":1200,"caption":"CRYOPDP"},"image":{"@id":"https:\/\/cryopdp.com\/fr\/#\/schema\/logo\/image\/"},"sameAs":["https:\/\/x.com\/CRYOPDP_","https:\/\/www.linkedin.com\/company\/cryopdp","https:\/\/www.youtube.com\/channel\/UCMAksAtjJDxbVHG0ItM4lUQ","https:\/\/open.spotify.com\/show\/38TuNaX1QexPKFvL6mU0Fw?si=9766c86aea1e4b7f"]}]}},"_links":{"self":[{"href":"https:\/\/cryopdp.com\/fr\/wp-json\/wp\/v2\/pages\/13458","targetHints":{"allow":["GET"]}}],"collection":[{"href":"https:\/\/cryopdp.com\/fr\/wp-json\/wp\/v2\/pages"}],"about":[{"href":"https:\/\/cryopdp.com\/fr\/wp-json\/wp\/v2\/types\/page"}],"author":[{"embeddable":true,"href":"https:\/\/cryopdp.com\/fr\/wp-json\/wp\/v2\/users\/4"}],"replies":[{"embeddable":true,"href":"https:\/\/cryopdp.com\/fr\/wp-json\/wp\/v2\/comments?post=13458"}],"version-history":[{"count":0,"href":"https:\/\/cryopdp.com\/fr\/wp-json\/wp\/v2\/pages\/13458\/revisions"}],"up":[{"embeddable":true,"href":"https:\/\/cryopdp.com\/fr\/wp-json\/wp\/v2\/pages\/13961"}],"wp:featuredmedia":[{"embeddable":true,"href":"https:\/\/cryopdp.com\/fr\/wp-json\/wp\/v2\/media\/9813"}],"wp:attachment":[{"href":"https:\/\/cryopdp.com\/fr\/wp-json\/wp\/v2\/media?parent=13458"}],"curies":[{"name":"wp","href":"https:\/\/api.w.org\/{rel}","templated":true}]}}