{"id":13493,"date":"2023-09-07T14:19:48","date_gmt":"2023-09-07T13:19:48","guid":{"rendered":"https:\/\/cryopdp.com\/responsabilite-sociale-des-entreprises-rse\/"},"modified":"2026-02-25T18:27:00","modified_gmt":"2026-02-25T18:27:00","slug":"responsabilite-sociale-des-entreprises-rse","status":"publish","type":"page","link":"https:\/\/cryopdp.com\/fr\/responsabilite-sociale-des-entreprises-rse\/","title":{"rendered":"Responsabilit\u00e9 sociale des entreprises (RSE)"},"content":{"rendered":"","protected":false},"excerpt":{"rendered":"","protected":false},"author":2,"featured_media":1464,"parent":0,"menu_order":0,"comment_status":"closed","ping_status":"closed","template":"","meta":{"_acf_changed":false,"_lmt_disableupdate":"","_lmt_disable":"","footnotes":""},"class_list":["post-13493","page","type-page","status-publish","has-post-thumbnail","hentry"],"acf":[],"yoast_head":"<!-- This site is optimized with the Yoast SEO plugin v27.3 - https:\/\/yoast.com\/product\/yoast-seo-wordpress\/ -->\n<title>Responsabilit\u00e9 sociale des entreprises (RSE) - CRYOPDP<\/title>\n<meta name=\"description\" content=\"CRYOPDP excelle dans la logistique durable, garantissant la pr\u00e9servation de l&#039;environnement et la valeur \u00e9conomique, et assumant la responsabilit\u00e9 de l&#039;entreprise.\" \/>\n<meta name=\"robots\" content=\"index, follow, max-snippet:-1, max-image-preview:large, max-video-preview:-1\" \/>\n<link rel=\"canonical\" href=\"https:\/\/cryopdp.com\/fr\/responsabilite-sociale-des-entreprises-rse\/\" \/>\n<meta property=\"og:locale\" content=\"fr_FR\" \/>\n<meta property=\"og:type\" content=\"article\" \/>\n<meta property=\"og:title\" content=\"Responsabilit\u00e9 sociale des entreprises (RSE) - CRYOPDP\" \/>\n<meta property=\"og:description\" content=\"CRYOPDP excelle dans la logistique durable, garantissant la pr\u00e9servation de l&#039;environnement et la valeur \u00e9conomique, et assumant la responsabilit\u00e9 de l&#039;entreprise.\" \/>\n<meta property=\"og:url\" content=\"https:\/\/cryopdp.com\/fr\/responsabilite-sociale-des-entreprises-rse\/\" \/>\n<meta property=\"og:site_name\" content=\"CRYOPDP\" \/>\n<meta property=\"article:modified_time\" content=\"2026-02-25T18:27:00+00:00\" \/>\n<meta property=\"og:image\" content=\"https:\/\/cryopdp.com\/wp-content\/uploads\/2023\/11\/AdobeStock_642201318-scaled.jpeg\" \/>\n\t<meta property=\"og:image:width\" content=\"1728\" \/>\n\t<meta property=\"og:image:height\" content=\"313\" \/>\n\t<meta property=\"og:image:type\" content=\"image\/png\" \/>\n<meta name=\"twitter:card\" content=\"summary_large_image\" \/>\n<meta name=\"twitter:site\" content=\"@CRYOPDP_\" \/>\n<script type=\"application\/ld+json\" class=\"yoast-schema-graph\">{\"@context\":\"https:\\\/\\\/schema.org\",\"@graph\":[{\"@type\":\"WebPage\",\"@id\":\"https:\\\/\\\/cryopdp.com\\\/fr\\\/responsabilite-sociale-des-entreprises-rse\\\/\",\"url\":\"https:\\\/\\\/cryopdp.com\\\/fr\\\/responsabilite-sociale-des-entreprises-rse\\\/\",\"name\":\"Responsabilit\u00e9 sociale des entreprises (RSE) - CRYOPDP\",\"isPartOf\":{\"@id\":\"https:\\\/\\\/cryopdp.com\\\/fr\\\/#website\"},\"primaryImageOfPage\":{\"@id\":\"https:\\\/\\\/cryopdp.com\\\/fr\\\/responsabilite-sociale-des-entreprises-rse\\\/#primaryimage\"},\"image\":{\"@id\":\"https:\\\/\\\/cryopdp.com\\\/fr\\\/responsabilite-sociale-des-entreprises-rse\\\/#primaryimage\"},\"thumbnailUrl\":\"https:\\\/\\\/cryopdp.com\\\/wp-content\\\/uploads\\\/2023\\\/11\\\/AdobeStock_642201318-scaled.jpeg\",\"datePublished\":\"2023-09-07T13:19:48+00:00\",\"dateModified\":\"2026-02-25T18:27:00+00:00\",\"description\":\"CRYOPDP excelle dans la logistique durable, garantissant la pr\u00e9servation de l'environnement et la valeur \u00e9conomique, et assumant la responsabilit\u00e9 de l'entreprise.\",\"breadcrumb\":{\"@id\":\"https:\\\/\\\/cryopdp.com\\\/fr\\\/responsabilite-sociale-des-entreprises-rse\\\/#breadcrumb\"},\"inLanguage\":\"fr-FR\",\"potentialAction\":[{\"@type\":\"ReadAction\",\"target\":[\"https:\\\/\\\/cryopdp.com\\\/fr\\\/responsabilite-sociale-des-entreprises-rse\\\/\"]}]},{\"@type\":\"ImageObject\",\"inLanguage\":\"fr-FR\",\"@id\":\"https:\\\/\\\/cryopdp.com\\\/fr\\\/responsabilite-sociale-des-entreprises-rse\\\/#primaryimage\",\"url\":\"https:\\\/\\\/cryopdp.com\\\/wp-content\\\/uploads\\\/2023\\\/11\\\/AdobeStock_642201318-scaled.jpeg\",\"contentUrl\":\"https:\\\/\\\/cryopdp.com\\\/wp-content\\\/uploads\\\/2023\\\/11\\\/AdobeStock_642201318-scaled.jpeg\",\"width\":1728,\"height\":313,\"caption\":\"Plantation, durabilit\u00e9 et soutien avec les mains des hommes d'affaires pour le travail d'\u00e9quipe, la terre ou l'environnement d'en haut. Collaboration, croissance et investissement avec les employ\u00e9s pour l'avenir, le partenariat ou la communaut\u00e9.\"},{\"@type\":\"BreadcrumbList\",\"@id\":\"https:\\\/\\\/cryopdp.com\\\/fr\\\/responsabilite-sociale-des-entreprises-rse\\\/#breadcrumb\",\"itemListElement\":[{\"@type\":\"ListItem\",\"position\":1,\"name\":\"Accueil\",\"item\":\"https:\\\/\\\/cryopdp.com\\\/fr\\\/\"},{\"@type\":\"ListItem\",\"position\":2,\"name\":\"Responsabilit\u00e9 sociale des entreprises (RSE)\"}]},{\"@type\":\"WebSite\",\"@id\":\"https:\\\/\\\/cryopdp.com\\\/fr\\\/#website\",\"url\":\"https:\\\/\\\/cryopdp.com\\\/fr\\\/\",\"name\":\"CRYOPDP\",\"description\":\"\",\"publisher\":{\"@id\":\"https:\\\/\\\/cryopdp.com\\\/fr\\\/#organization\"},\"potentialAction\":[{\"@type\":\"SearchAction\",\"target\":{\"@type\":\"EntryPoint\",\"urlTemplate\":\"https:\\\/\\\/cryopdp.com\\\/fr\\\/?s={search_term_string}\"},\"query-input\":{\"@type\":\"PropertyValueSpecification\",\"valueRequired\":true,\"valueName\":\"search_term_string\"}}],\"inLanguage\":\"fr-FR\"},{\"@type\":\"Organization\",\"@id\":\"https:\\\/\\\/cryopdp.com\\\/fr\\\/#organization\",\"name\":\"CRYOPDP\",\"url\":\"https:\\\/\\\/cryopdp.com\\\/fr\\\/\",\"logo\":{\"@type\":\"ImageObject\",\"inLanguage\":\"fr-FR\",\"@id\":\"https:\\\/\\\/cryopdp.com\\\/fr\\\/#\\\/schema\\\/logo\\\/image\\\/\",\"url\":\"https:\\\/\\\/cryopdp.com\\\/wp-content\\\/uploads\\\/sites\\\/2\\\/2023\\\/12\\\/pdp-square.png\",\"contentUrl\":\"https:\\\/\\\/cryopdp.com\\\/wp-content\\\/uploads\\\/sites\\\/2\\\/2023\\\/12\\\/pdp-square.png\",\"width\":1200,\"height\":1200,\"caption\":\"CRYOPDP\"},\"image\":{\"@id\":\"https:\\\/\\\/cryopdp.com\\\/fr\\\/#\\\/schema\\\/logo\\\/image\\\/\"},\"sameAs\":[\"https:\\\/\\\/x.com\\\/CRYOPDP_\",\"https:\\\/\\\/www.linkedin.com\\\/company\\\/cryopdp\",\"https:\\\/\\\/www.youtube.com\\\/channel\\\/UCMAksAtjJDxbVHG0ItM4lUQ\",\"https:\\\/\\\/open.spotify.com\\\/show\\\/38TuNaX1QexPKFvL6mU0Fw?si=9766c86aea1e4b7f\"]}]}<\/script>\n<!-- \/ Yoast SEO plugin. -->","yoast_head_json":{"title":"Responsabilit\u00e9 sociale des entreprises (RSE) - CRYOPDP","description":"CRYOPDP excelle dans la logistique durable, garantissant la pr\u00e9servation de l'environnement et la valeur \u00e9conomique, et assumant la responsabilit\u00e9 de l'entreprise.","robots":{"index":"index","follow":"follow","max-snippet":"max-snippet:-1","max-image-preview":"max-image-preview:large","max-video-preview":"max-video-preview:-1"},"canonical":"https:\/\/cryopdp.com\/fr\/responsabilite-sociale-des-entreprises-rse\/","og_locale":"fr_FR","og_type":"article","og_title":"Responsabilit\u00e9 sociale des entreprises (RSE) - CRYOPDP","og_description":"CRYOPDP excelle dans la logistique durable, garantissant la pr\u00e9servation de l'environnement et la valeur \u00e9conomique, et assumant la responsabilit\u00e9 de l'entreprise.","og_url":"https:\/\/cryopdp.com\/fr\/responsabilite-sociale-des-entreprises-rse\/","og_site_name":"CRYOPDP","article_modified_time":"2026-02-25T18:27:00+00:00","og_image":[{"width":1728,"height":313,"url":"https:\/\/cryopdp.com\/wp-content\/uploads\/2023\/11\/AdobeStock_642201318-scaled.jpeg","type":"image\/png"}],"twitter_card":"summary_large_image","twitter_site":"@CRYOPDP_","schema":{"@context":"https:\/\/schema.org","@graph":[{"@type":"WebPage","@id":"https:\/\/cryopdp.com\/fr\/responsabilite-sociale-des-entreprises-rse\/","url":"https:\/\/cryopdp.com\/fr\/responsabilite-sociale-des-entreprises-rse\/","name":"Responsabilit\u00e9 sociale des entreprises (RSE) - CRYOPDP","isPartOf":{"@id":"https:\/\/cryopdp.com\/fr\/#website"},"primaryImageOfPage":{"@id":"https:\/\/cryopdp.com\/fr\/responsabilite-sociale-des-entreprises-rse\/#primaryimage"},"image":{"@id":"https:\/\/cryopdp.com\/fr\/responsabilite-sociale-des-entreprises-rse\/#primaryimage"},"thumbnailUrl":"https:\/\/cryopdp.com\/wp-content\/uploads\/2023\/11\/AdobeStock_642201318-scaled.jpeg","datePublished":"2023-09-07T13:19:48+00:00","dateModified":"2026-02-25T18:27:00+00:00","description":"CRYOPDP excelle dans la logistique durable, garantissant la pr\u00e9servation de l'environnement et la valeur \u00e9conomique, et assumant la responsabilit\u00e9 de l'entreprise.","breadcrumb":{"@id":"https:\/\/cryopdp.com\/fr\/responsabilite-sociale-des-entreprises-rse\/#breadcrumb"},"inLanguage":"fr-FR","potentialAction":[{"@type":"ReadAction","target":["https:\/\/cryopdp.com\/fr\/responsabilite-sociale-des-entreprises-rse\/"]}]},{"@type":"ImageObject","inLanguage":"fr-FR","@id":"https:\/\/cryopdp.com\/fr\/responsabilite-sociale-des-entreprises-rse\/#primaryimage","url":"https:\/\/cryopdp.com\/wp-content\/uploads\/2023\/11\/AdobeStock_642201318-scaled.jpeg","contentUrl":"https:\/\/cryopdp.com\/wp-content\/uploads\/2023\/11\/AdobeStock_642201318-scaled.jpeg","width":1728,"height":313,"caption":"Plantation, durabilit\u00e9 et soutien avec les mains des hommes d'affaires pour le travail d'\u00e9quipe, la terre ou l'environnement d'en haut. Collaboration, croissance et investissement avec les employ\u00e9s pour l'avenir, le partenariat ou la communaut\u00e9."},{"@type":"BreadcrumbList","@id":"https:\/\/cryopdp.com\/fr\/responsabilite-sociale-des-entreprises-rse\/#breadcrumb","itemListElement":[{"@type":"ListItem","position":1,"name":"Accueil","item":"https:\/\/cryopdp.com\/fr\/"},{"@type":"ListItem","position":2,"name":"Responsabilit\u00e9 sociale des entreprises (RSE)"}]},{"@type":"WebSite","@id":"https:\/\/cryopdp.com\/fr\/#website","url":"https:\/\/cryopdp.com\/fr\/","name":"CRYOPDP","description":"","publisher":{"@id":"https:\/\/cryopdp.com\/fr\/#organization"},"potentialAction":[{"@type":"SearchAction","target":{"@type":"EntryPoint","urlTemplate":"https:\/\/cryopdp.com\/fr\/?s={search_term_string}"},"query-input":{"@type":"PropertyValueSpecification","valueRequired":true,"valueName":"search_term_string"}}],"inLanguage":"fr-FR"},{"@type":"Organization","@id":"https:\/\/cryopdp.com\/fr\/#organization","name":"CRYOPDP","url":"https:\/\/cryopdp.com\/fr\/","logo":{"@type":"ImageObject","inLanguage":"fr-FR","@id":"https:\/\/cryopdp.com\/fr\/#\/schema\/logo\/image\/","url":"https:\/\/cryopdp.com\/wp-content\/uploads\/sites\/2\/2023\/12\/pdp-square.png","contentUrl":"https:\/\/cryopdp.com\/wp-content\/uploads\/sites\/2\/2023\/12\/pdp-square.png","width":1200,"height":1200,"caption":"CRYOPDP"},"image":{"@id":"https:\/\/cryopdp.com\/fr\/#\/schema\/logo\/image\/"},"sameAs":["https:\/\/x.com\/CRYOPDP_","https:\/\/www.linkedin.com\/company\/cryopdp","https:\/\/www.youtube.com\/channel\/UCMAksAtjJDxbVHG0ItM4lUQ","https:\/\/open.spotify.com\/show\/38TuNaX1QexPKFvL6mU0Fw?si=9766c86aea1e4b7f"]}]}},"_links":{"self":[{"href":"https:\/\/cryopdp.com\/fr\/wp-json\/wp\/v2\/pages\/13493","targetHints":{"allow":["GET"]}}],"collection":[{"href":"https:\/\/cryopdp.com\/fr\/wp-json\/wp\/v2\/pages"}],"about":[{"href":"https:\/\/cryopdp.com\/fr\/wp-json\/wp\/v2\/types\/page"}],"author":[{"embeddable":true,"href":"https:\/\/cryopdp.com\/fr\/wp-json\/wp\/v2\/users\/2"}],"replies":[{"embeddable":true,"href":"https:\/\/cryopdp.com\/fr\/wp-json\/wp\/v2\/comments?post=13493"}],"version-history":[{"count":0,"href":"https:\/\/cryopdp.com\/fr\/wp-json\/wp\/v2\/pages\/13493\/revisions"}],"wp:featuredmedia":[{"embeddable":true,"href":"https:\/\/cryopdp.com\/fr\/wp-json\/wp\/v2\/media\/1464"}],"wp:attachment":[{"href":"https:\/\/cryopdp.com\/fr\/wp-json\/wp\/v2\/media?parent=13493"}],"curies":[{"name":"wp","href":"https:\/\/api.w.org\/{rel}","templated":true}]}}