{"id":13563,"date":"2024-07-16T11:37:16","date_gmt":"2024-07-16T10:37:16","guid":{"rendered":"https:\/\/cryopdp.com\/cryopdp-japon-et-coree-du-sud\/"},"modified":"2026-02-25T18:38:44","modified_gmt":"2026-02-25T18:38:44","slug":"cryopdp-japon-et-coree-du-sud","status":"publish","type":"page","link":"https:\/\/cryopdp.com\/fr\/reseau-et-sites\/cryopdp-japon-et-coree-du-sud\/","title":{"rendered":"CRYOPDP Japon et Cor\u00e9e du Sud"},"content":{"rendered":"","protected":false},"excerpt":{"rendered":"","protected":false},"author":8,"featured_media":12018,"parent":13942,"menu_order":0,"comment_status":"closed","ping_status":"closed","template":"","meta":{"_acf_changed":false,"_lmt_disableupdate":"","_lmt_disable":"","footnotes":""},"class_list":["post-13563","page","type-page","status-publish","has-post-thumbnail","hentry"],"acf":[],"yoast_head":"<!-- This site is optimized with the Yoast SEO plugin v27.3 - https:\/\/yoast.com\/product\/yoast-seo-wordpress\/ -->\n<title>CRYOPDP Japon et Cor\u00e9e du Sud - CRYOPDP<\/title>\n<meta name=\"description\" content=\"Le CRYOPDP Japon et Cor\u00e9e du Sud est le leader de la logistique \u00e0 temp\u00e9rature contr\u00f4l\u00e9e pour les sciences de la vie et les soins de sant\u00e9, garantissant un transport r\u00e9gional s\u00e9curis\u00e9.\" \/>\n<meta name=\"robots\" content=\"index, nofollow, max-snippet:-1, max-image-preview:large, max-video-preview:-1\" \/>\n<link rel=\"canonical\" href=\"https:\/\/cryopdp.com\/fr\/reseau-et-sites\/cryopdp-japon-et-coree-du-sud\/\" \/>\n<meta property=\"og:locale\" content=\"fr_FR\" \/>\n<meta property=\"og:type\" content=\"article\" \/>\n<meta property=\"og:title\" content=\"CRYOPDP Japon et Cor\u00e9e du Sud - CRYOPDP\" \/>\n<meta property=\"og:description\" content=\"Le CRYOPDP Japon et Cor\u00e9e du Sud est le leader de la logistique \u00e0 temp\u00e9rature contr\u00f4l\u00e9e pour les sciences de la vie et les soins de sant\u00e9, garantissant un transport r\u00e9gional s\u00e9curis\u00e9.\" \/>\n<meta property=\"og:url\" content=\"https:\/\/cryopdp.com\/fr\/reseau-et-sites\/cryopdp-japon-et-coree-du-sud\/\" \/>\n<meta property=\"og:site_name\" content=\"CRYOPDP\" \/>\n<meta property=\"article:modified_time\" content=\"2026-02-25T18:38:44+00:00\" \/>\n<meta property=\"og:image\" content=\"https:\/\/cryopdp.com\/wp-content\/uploads\/2025\/06\/Delivery_2-2-scaled.jpg\" \/>\n\t<meta property=\"og:image:width\" content=\"2560\" \/>\n\t<meta property=\"og:image:height\" content=\"1707\" \/>\n\t<meta property=\"og:image:type\" content=\"image\/jpeg\" \/>\n<meta name=\"twitter:card\" content=\"summary_large_image\" \/>\n<meta name=\"twitter:site\" content=\"@CRYOPDP_\" \/>\n<script type=\"application\/ld+json\" class=\"yoast-schema-graph\">{\"@context\":\"https:\\\/\\\/schema.org\",\"@graph\":[{\"@type\":\"WebPage\",\"@id\":\"https:\\\/\\\/cryopdp.com\\\/fr\\\/reseau-et-sites\\\/cryopdp-japon-et-coree-du-sud\\\/\",\"url\":\"https:\\\/\\\/cryopdp.com\\\/fr\\\/reseau-et-sites\\\/cryopdp-japon-et-coree-du-sud\\\/\",\"name\":\"CRYOPDP Japon et Cor\u00e9e du Sud - CRYOPDP\",\"isPartOf\":{\"@id\":\"https:\\\/\\\/cryopdp.com\\\/fr\\\/#website\"},\"primaryImageOfPage\":{\"@id\":\"https:\\\/\\\/cryopdp.com\\\/fr\\\/reseau-et-sites\\\/cryopdp-japon-et-coree-du-sud\\\/#primaryimage\"},\"image\":{\"@id\":\"https:\\\/\\\/cryopdp.com\\\/fr\\\/reseau-et-sites\\\/cryopdp-japon-et-coree-du-sud\\\/#primaryimage\"},\"thumbnailUrl\":\"https:\\\/\\\/cryopdp.com\\\/wp-content\\\/uploads\\\/2025\\\/06\\\/Delivery_2-2-scaled.jpg\",\"datePublished\":\"2024-07-16T10:37:16+00:00\",\"dateModified\":\"2026-02-25T18:38:44+00:00\",\"description\":\"Le CRYOPDP Japon et Cor\u00e9e du Sud est le leader de la logistique \u00e0 temp\u00e9rature contr\u00f4l\u00e9e pour les sciences de la vie et les soins de sant\u00e9, garantissant un transport r\u00e9gional s\u00e9curis\u00e9.\",\"breadcrumb\":{\"@id\":\"https:\\\/\\\/cryopdp.com\\\/fr\\\/reseau-et-sites\\\/cryopdp-japon-et-coree-du-sud\\\/#breadcrumb\"},\"inLanguage\":\"fr-FR\",\"potentialAction\":[{\"@type\":\"ReadAction\",\"target\":[\"https:\\\/\\\/cryopdp.com\\\/fr\\\/reseau-et-sites\\\/cryopdp-japon-et-coree-du-sud\\\/\"]}]},{\"@type\":\"ImageObject\",\"inLanguage\":\"fr-FR\",\"@id\":\"https:\\\/\\\/cryopdp.com\\\/fr\\\/reseau-et-sites\\\/cryopdp-japon-et-coree-du-sud\\\/#primaryimage\",\"url\":\"https:\\\/\\\/cryopdp.com\\\/wp-content\\\/uploads\\\/2025\\\/06\\\/Delivery_2-2-scaled.jpg\",\"contentUrl\":\"https:\\\/\\\/cryopdp.com\\\/wp-content\\\/uploads\\\/2025\\\/06\\\/Delivery_2-2-scaled.jpg\",\"width\":2560,\"height\":1707,\"caption\":\"Des v\u00e9hicules sp\u00e9cialis\u00e9s prot\u00e8gent les mat\u00e9riaux critiques du d\u00e9but \u00e0 la fin.\"},{\"@type\":\"BreadcrumbList\",\"@id\":\"https:\\\/\\\/cryopdp.com\\\/fr\\\/reseau-et-sites\\\/cryopdp-japon-et-coree-du-sud\\\/#breadcrumb\",\"itemListElement\":[{\"@type\":\"ListItem\",\"position\":1,\"name\":\"Accueil\",\"item\":\"https:\\\/\\\/cryopdp.com\\\/fr\\\/\"},{\"@type\":\"ListItem\",\"position\":2,\"name\":\"CRYOPDP Japon et Cor\u00e9e du Sud\"}]},{\"@type\":\"WebSite\",\"@id\":\"https:\\\/\\\/cryopdp.com\\\/fr\\\/#website\",\"url\":\"https:\\\/\\\/cryopdp.com\\\/fr\\\/\",\"name\":\"CRYOPDP\",\"description\":\"\",\"publisher\":{\"@id\":\"https:\\\/\\\/cryopdp.com\\\/fr\\\/#organization\"},\"potentialAction\":[{\"@type\":\"SearchAction\",\"target\":{\"@type\":\"EntryPoint\",\"urlTemplate\":\"https:\\\/\\\/cryopdp.com\\\/fr\\\/?s={search_term_string}\"},\"query-input\":{\"@type\":\"PropertyValueSpecification\",\"valueRequired\":true,\"valueName\":\"search_term_string\"}}],\"inLanguage\":\"fr-FR\"},{\"@type\":\"Organization\",\"@id\":\"https:\\\/\\\/cryopdp.com\\\/fr\\\/#organization\",\"name\":\"CRYOPDP\",\"url\":\"https:\\\/\\\/cryopdp.com\\\/fr\\\/\",\"logo\":{\"@type\":\"ImageObject\",\"inLanguage\":\"fr-FR\",\"@id\":\"https:\\\/\\\/cryopdp.com\\\/fr\\\/#\\\/schema\\\/logo\\\/image\\\/\",\"url\":\"https:\\\/\\\/cryopdp.com\\\/wp-content\\\/uploads\\\/sites\\\/2\\\/2023\\\/12\\\/pdp-square.png\",\"contentUrl\":\"https:\\\/\\\/cryopdp.com\\\/wp-content\\\/uploads\\\/sites\\\/2\\\/2023\\\/12\\\/pdp-square.png\",\"width\":1200,\"height\":1200,\"caption\":\"CRYOPDP\"},\"image\":{\"@id\":\"https:\\\/\\\/cryopdp.com\\\/fr\\\/#\\\/schema\\\/logo\\\/image\\\/\"},\"sameAs\":[\"https:\\\/\\\/x.com\\\/CRYOPDP_\",\"https:\\\/\\\/www.linkedin.com\\\/company\\\/cryopdp\",\"https:\\\/\\\/www.youtube.com\\\/channel\\\/UCMAksAtjJDxbVHG0ItM4lUQ\",\"https:\\\/\\\/open.spotify.com\\\/show\\\/38TuNaX1QexPKFvL6mU0Fw?si=9766c86aea1e4b7f\"]}]}<\/script>\n<!-- \/ Yoast SEO plugin. -->","yoast_head_json":{"title":"CRYOPDP Japon et Cor\u00e9e du Sud - CRYOPDP","description":"Le CRYOPDP Japon et Cor\u00e9e du Sud est le leader de la logistique \u00e0 temp\u00e9rature contr\u00f4l\u00e9e pour les sciences de la vie et les soins de sant\u00e9, garantissant un transport r\u00e9gional s\u00e9curis\u00e9.","robots":{"index":"index","follow":"nofollow","max-snippet":"max-snippet:-1","max-image-preview":"max-image-preview:large","max-video-preview":"max-video-preview:-1"},"canonical":"https:\/\/cryopdp.com\/fr\/reseau-et-sites\/cryopdp-japon-et-coree-du-sud\/","og_locale":"fr_FR","og_type":"article","og_title":"CRYOPDP Japon et Cor\u00e9e du Sud - CRYOPDP","og_description":"Le CRYOPDP Japon et Cor\u00e9e du Sud est le leader de la logistique \u00e0 temp\u00e9rature contr\u00f4l\u00e9e pour les sciences de la vie et les soins de sant\u00e9, garantissant un transport r\u00e9gional s\u00e9curis\u00e9.","og_url":"https:\/\/cryopdp.com\/fr\/reseau-et-sites\/cryopdp-japon-et-coree-du-sud\/","og_site_name":"CRYOPDP","article_modified_time":"2026-02-25T18:38:44+00:00","og_image":[{"width":2560,"height":1707,"url":"https:\/\/cryopdp.com\/wp-content\/uploads\/2025\/06\/Delivery_2-2-scaled.jpg","type":"image\/jpeg"}],"twitter_card":"summary_large_image","twitter_site":"@CRYOPDP_","schema":{"@context":"https:\/\/schema.org","@graph":[{"@type":"WebPage","@id":"https:\/\/cryopdp.com\/fr\/reseau-et-sites\/cryopdp-japon-et-coree-du-sud\/","url":"https:\/\/cryopdp.com\/fr\/reseau-et-sites\/cryopdp-japon-et-coree-du-sud\/","name":"CRYOPDP Japon et Cor\u00e9e du Sud - CRYOPDP","isPartOf":{"@id":"https:\/\/cryopdp.com\/fr\/#website"},"primaryImageOfPage":{"@id":"https:\/\/cryopdp.com\/fr\/reseau-et-sites\/cryopdp-japon-et-coree-du-sud\/#primaryimage"},"image":{"@id":"https:\/\/cryopdp.com\/fr\/reseau-et-sites\/cryopdp-japon-et-coree-du-sud\/#primaryimage"},"thumbnailUrl":"https:\/\/cryopdp.com\/wp-content\/uploads\/2025\/06\/Delivery_2-2-scaled.jpg","datePublished":"2024-07-16T10:37:16+00:00","dateModified":"2026-02-25T18:38:44+00:00","description":"Le CRYOPDP Japon et Cor\u00e9e du Sud est le leader de la logistique \u00e0 temp\u00e9rature contr\u00f4l\u00e9e pour les sciences de la vie et les soins de sant\u00e9, garantissant un transport r\u00e9gional s\u00e9curis\u00e9.","breadcrumb":{"@id":"https:\/\/cryopdp.com\/fr\/reseau-et-sites\/cryopdp-japon-et-coree-du-sud\/#breadcrumb"},"inLanguage":"fr-FR","potentialAction":[{"@type":"ReadAction","target":["https:\/\/cryopdp.com\/fr\/reseau-et-sites\/cryopdp-japon-et-coree-du-sud\/"]}]},{"@type":"ImageObject","inLanguage":"fr-FR","@id":"https:\/\/cryopdp.com\/fr\/reseau-et-sites\/cryopdp-japon-et-coree-du-sud\/#primaryimage","url":"https:\/\/cryopdp.com\/wp-content\/uploads\/2025\/06\/Delivery_2-2-scaled.jpg","contentUrl":"https:\/\/cryopdp.com\/wp-content\/uploads\/2025\/06\/Delivery_2-2-scaled.jpg","width":2560,"height":1707,"caption":"Des v\u00e9hicules sp\u00e9cialis\u00e9s prot\u00e8gent les mat\u00e9riaux critiques du d\u00e9but \u00e0 la fin."},{"@type":"BreadcrumbList","@id":"https:\/\/cryopdp.com\/fr\/reseau-et-sites\/cryopdp-japon-et-coree-du-sud\/#breadcrumb","itemListElement":[{"@type":"ListItem","position":1,"name":"Accueil","item":"https:\/\/cryopdp.com\/fr\/"},{"@type":"ListItem","position":2,"name":"CRYOPDP Japon et Cor\u00e9e du Sud"}]},{"@type":"WebSite","@id":"https:\/\/cryopdp.com\/fr\/#website","url":"https:\/\/cryopdp.com\/fr\/","name":"CRYOPDP","description":"","publisher":{"@id":"https:\/\/cryopdp.com\/fr\/#organization"},"potentialAction":[{"@type":"SearchAction","target":{"@type":"EntryPoint","urlTemplate":"https:\/\/cryopdp.com\/fr\/?s={search_term_string}"},"query-input":{"@type":"PropertyValueSpecification","valueRequired":true,"valueName":"search_term_string"}}],"inLanguage":"fr-FR"},{"@type":"Organization","@id":"https:\/\/cryopdp.com\/fr\/#organization","name":"CRYOPDP","url":"https:\/\/cryopdp.com\/fr\/","logo":{"@type":"ImageObject","inLanguage":"fr-FR","@id":"https:\/\/cryopdp.com\/fr\/#\/schema\/logo\/image\/","url":"https:\/\/cryopdp.com\/wp-content\/uploads\/sites\/2\/2023\/12\/pdp-square.png","contentUrl":"https:\/\/cryopdp.com\/wp-content\/uploads\/sites\/2\/2023\/12\/pdp-square.png","width":1200,"height":1200,"caption":"CRYOPDP"},"image":{"@id":"https:\/\/cryopdp.com\/fr\/#\/schema\/logo\/image\/"},"sameAs":["https:\/\/x.com\/CRYOPDP_","https:\/\/www.linkedin.com\/company\/cryopdp","https:\/\/www.youtube.com\/channel\/UCMAksAtjJDxbVHG0ItM4lUQ","https:\/\/open.spotify.com\/show\/38TuNaX1QexPKFvL6mU0Fw?si=9766c86aea1e4b7f"]}]}},"_links":{"self":[{"href":"https:\/\/cryopdp.com\/fr\/wp-json\/wp\/v2\/pages\/13563","targetHints":{"allow":["GET"]}}],"collection":[{"href":"https:\/\/cryopdp.com\/fr\/wp-json\/wp\/v2\/pages"}],"about":[{"href":"https:\/\/cryopdp.com\/fr\/wp-json\/wp\/v2\/types\/page"}],"author":[{"embeddable":true,"href":"https:\/\/cryopdp.com\/fr\/wp-json\/wp\/v2\/users\/8"}],"replies":[{"embeddable":true,"href":"https:\/\/cryopdp.com\/fr\/wp-json\/wp\/v2\/comments?post=13563"}],"version-history":[{"count":0,"href":"https:\/\/cryopdp.com\/fr\/wp-json\/wp\/v2\/pages\/13563\/revisions"}],"up":[{"embeddable":true,"href":"https:\/\/cryopdp.com\/fr\/wp-json\/wp\/v2\/pages\/13942"}],"wp:featuredmedia":[{"embeddable":true,"href":"https:\/\/cryopdp.com\/fr\/wp-json\/wp\/v2\/media\/12018"}],"wp:attachment":[{"href":"https:\/\/cryopdp.com\/fr\/wp-json\/wp\/v2\/media?parent=13563"}],"curies":[{"name":"wp","href":"https:\/\/api.w.org\/{rel}","templated":true}]}}