{"id":13566,"date":"2023-09-07T14:21:18","date_gmt":"2023-09-07T13:21:18","guid":{"rendered":"https:\/\/cryopdp.com\/qui-sommes-nous\/equipe-de-gestion-du-pdrc\/"},"modified":"2026-02-25T18:43:22","modified_gmt":"2026-02-25T18:43:22","slug":"equipe-de-gestion-du-pdrc","status":"publish","type":"page","link":"https:\/\/cryopdp.com\/fr\/qui-sommes-nous\/equipe-de-gestion-du-pdrc\/","title":{"rendered":"\u00c9quipe de gestion du PDRC"},"content":{"rendered":"","protected":false},"excerpt":{"rendered":"","protected":false},"author":2,"featured_media":1330,"parent":14149,"menu_order":0,"comment_status":"closed","ping_status":"closed","template":"","meta":{"_acf_changed":false,"_lmt_disableupdate":"","_lmt_disable":"","footnotes":""},"class_list":["post-13566","page","type-page","status-publish","has-post-thumbnail","hentry"],"acf":[],"yoast_head":"<!-- This site is optimized with the Yoast SEO plugin v27.3 - https:\/\/yoast.com\/product\/yoast-seo-wordpress\/ -->\n<title>\u00c9quipe de gestion du PDRC - CRYOPDP<\/title>\n<meta name=\"description\" content=\"Rencontrez l&#039;\u00e9quipe du CRYOPDP qui est \u00e0 l&#039;origine des secteurs des sciences de la vie et des soins de sant\u00e9 \u00e0 temp\u00e9rature contr\u00f4l\u00e9e, et qui associe aujourd&#039;hui une expertise polyvalente \u00e0 l&#039;attention du client.\" \/>\n<meta name=\"robots\" content=\"index, follow, max-snippet:-1, max-image-preview:large, max-video-preview:-1\" \/>\n<link rel=\"canonical\" href=\"https:\/\/cryopdp.com\/fr\/qui-sommes-nous\/equipe-de-gestion-du-pdrc\/\" \/>\n<meta property=\"og:locale\" content=\"fr_FR\" \/>\n<meta property=\"og:type\" content=\"article\" \/>\n<meta property=\"og:title\" content=\"\u00c9quipe de gestion du PDRC - CRYOPDP\" \/>\n<meta property=\"og:description\" content=\"Rencontrez l&#039;\u00e9quipe du CRYOPDP qui est \u00e0 l&#039;origine des secteurs des sciences de la vie et des soins de sant\u00e9 \u00e0 temp\u00e9rature contr\u00f4l\u00e9e, et qui associe aujourd&#039;hui une expertise polyvalente \u00e0 l&#039;attention du client.\" \/>\n<meta property=\"og:url\" content=\"https:\/\/cryopdp.com\/fr\/qui-sommes-nous\/equipe-de-gestion-du-pdrc\/\" \/>\n<meta property=\"og:site_name\" content=\"CRYOPDP\" \/>\n<meta property=\"article:modified_time\" content=\"2026-02-25T18:43:22+00:00\" \/>\n<meta property=\"og:image\" content=\"https:\/\/cryopdp.com\/wp-content\/uploads\/2023\/11\/topbanner-1.jpg\" \/>\n\t<meta property=\"og:image:width\" content=\"1920\" \/>\n\t<meta property=\"og:image:height\" content=\"907\" \/>\n\t<meta property=\"og:image:type\" content=\"image\/jpeg\" \/>\n<meta name=\"twitter:card\" content=\"summary_large_image\" \/>\n<meta name=\"twitter:site\" content=\"@CRYOPDP_\" \/>\n<script type=\"application\/ld+json\" class=\"yoast-schema-graph\">{\"@context\":\"https:\\\/\\\/schema.org\",\"@graph\":[{\"@type\":\"WebPage\",\"@id\":\"https:\\\/\\\/cryopdp.com\\\/fr\\\/qui-sommes-nous\\\/equipe-de-gestion-du-pdrc\\\/\",\"url\":\"https:\\\/\\\/cryopdp.com\\\/fr\\\/qui-sommes-nous\\\/equipe-de-gestion-du-pdrc\\\/\",\"name\":\"\u00c9quipe de gestion du PDRC - CRYOPDP\",\"isPartOf\":{\"@id\":\"https:\\\/\\\/cryopdp.com\\\/fr\\\/#website\"},\"primaryImageOfPage\":{\"@id\":\"https:\\\/\\\/cryopdp.com\\\/fr\\\/qui-sommes-nous\\\/equipe-de-gestion-du-pdrc\\\/#primaryimage\"},\"image\":{\"@id\":\"https:\\\/\\\/cryopdp.com\\\/fr\\\/qui-sommes-nous\\\/equipe-de-gestion-du-pdrc\\\/#primaryimage\"},\"thumbnailUrl\":\"https:\\\/\\\/cryopdp.com\\\/wp-content\\\/uploads\\\/2023\\\/11\\\/topbanner-1.jpg\",\"datePublished\":\"2023-09-07T13:21:18+00:00\",\"dateModified\":\"2026-02-25T18:43:22+00:00\",\"description\":\"Rencontrez l'\u00e9quipe du CRYOPDP qui est \u00e0 l'origine des secteurs des sciences de la vie et des soins de sant\u00e9 \u00e0 temp\u00e9rature contr\u00f4l\u00e9e, et qui associe aujourd'hui une expertise polyvalente \u00e0 l'attention du client.\",\"breadcrumb\":{\"@id\":\"https:\\\/\\\/cryopdp.com\\\/fr\\\/qui-sommes-nous\\\/equipe-de-gestion-du-pdrc\\\/#breadcrumb\"},\"inLanguage\":\"fr-FR\",\"potentialAction\":[{\"@type\":\"ReadAction\",\"target\":[\"https:\\\/\\\/cryopdp.com\\\/fr\\\/qui-sommes-nous\\\/equipe-de-gestion-du-pdrc\\\/\"]}]},{\"@type\":\"ImageObject\",\"inLanguage\":\"fr-FR\",\"@id\":\"https:\\\/\\\/cryopdp.com\\\/fr\\\/qui-sommes-nous\\\/equipe-de-gestion-du-pdrc\\\/#primaryimage\",\"url\":\"https:\\\/\\\/cryopdp.com\\\/wp-content\\\/uploads\\\/2023\\\/11\\\/topbanner-1.jpg\",\"contentUrl\":\"https:\\\/\\\/cryopdp.com\\\/wp-content\\\/uploads\\\/2023\\\/11\\\/topbanner-1.jpg\",\"width\":1920,\"height\":907,\"caption\":\"Image repr\u00e9sentant une \u00e9quipe de gestion diversifi\u00e9e en discussion.\"},{\"@type\":\"BreadcrumbList\",\"@id\":\"https:\\\/\\\/cryopdp.com\\\/fr\\\/qui-sommes-nous\\\/equipe-de-gestion-du-pdrc\\\/#breadcrumb\",\"itemListElement\":[{\"@type\":\"ListItem\",\"position\":1,\"name\":\"Accueil\",\"item\":\"https:\\\/\\\/cryopdp.com\\\/fr\\\/\"},{\"@type\":\"ListItem\",\"position\":2,\"name\":\"\u00c9quipe de gestion du PDRC\"}]},{\"@type\":\"WebSite\",\"@id\":\"https:\\\/\\\/cryopdp.com\\\/fr\\\/#website\",\"url\":\"https:\\\/\\\/cryopdp.com\\\/fr\\\/\",\"name\":\"CRYOPDP\",\"description\":\"\",\"publisher\":{\"@id\":\"https:\\\/\\\/cryopdp.com\\\/fr\\\/#organization\"},\"potentialAction\":[{\"@type\":\"SearchAction\",\"target\":{\"@type\":\"EntryPoint\",\"urlTemplate\":\"https:\\\/\\\/cryopdp.com\\\/fr\\\/?s={search_term_string}\"},\"query-input\":{\"@type\":\"PropertyValueSpecification\",\"valueRequired\":true,\"valueName\":\"search_term_string\"}}],\"inLanguage\":\"fr-FR\"},{\"@type\":\"Organization\",\"@id\":\"https:\\\/\\\/cryopdp.com\\\/fr\\\/#organization\",\"name\":\"CRYOPDP\",\"url\":\"https:\\\/\\\/cryopdp.com\\\/fr\\\/\",\"logo\":{\"@type\":\"ImageObject\",\"inLanguage\":\"fr-FR\",\"@id\":\"https:\\\/\\\/cryopdp.com\\\/fr\\\/#\\\/schema\\\/logo\\\/image\\\/\",\"url\":\"https:\\\/\\\/cryopdp.com\\\/wp-content\\\/uploads\\\/sites\\\/2\\\/2023\\\/12\\\/pdp-square.png\",\"contentUrl\":\"https:\\\/\\\/cryopdp.com\\\/wp-content\\\/uploads\\\/sites\\\/2\\\/2023\\\/12\\\/pdp-square.png\",\"width\":1200,\"height\":1200,\"caption\":\"CRYOPDP\"},\"image\":{\"@id\":\"https:\\\/\\\/cryopdp.com\\\/fr\\\/#\\\/schema\\\/logo\\\/image\\\/\"},\"sameAs\":[\"https:\\\/\\\/x.com\\\/CRYOPDP_\",\"https:\\\/\\\/www.linkedin.com\\\/company\\\/cryopdp\",\"https:\\\/\\\/www.youtube.com\\\/channel\\\/UCMAksAtjJDxbVHG0ItM4lUQ\",\"https:\\\/\\\/open.spotify.com\\\/show\\\/38TuNaX1QexPKFvL6mU0Fw?si=9766c86aea1e4b7f\"]}]}<\/script>\n<!-- \/ Yoast SEO plugin. -->","yoast_head_json":{"title":"\u00c9quipe de gestion du PDRC - CRYOPDP","description":"Rencontrez l'\u00e9quipe du CRYOPDP qui est \u00e0 l'origine des secteurs des sciences de la vie et des soins de sant\u00e9 \u00e0 temp\u00e9rature contr\u00f4l\u00e9e, et qui associe aujourd'hui une expertise polyvalente \u00e0 l'attention du client.","robots":{"index":"index","follow":"follow","max-snippet":"max-snippet:-1","max-image-preview":"max-image-preview:large","max-video-preview":"max-video-preview:-1"},"canonical":"https:\/\/cryopdp.com\/fr\/qui-sommes-nous\/equipe-de-gestion-du-pdrc\/","og_locale":"fr_FR","og_type":"article","og_title":"\u00c9quipe de gestion du PDRC - CRYOPDP","og_description":"Rencontrez l'\u00e9quipe du CRYOPDP qui est \u00e0 l'origine des secteurs des sciences de la vie et des soins de sant\u00e9 \u00e0 temp\u00e9rature contr\u00f4l\u00e9e, et qui associe aujourd'hui une expertise polyvalente \u00e0 l'attention du client.","og_url":"https:\/\/cryopdp.com\/fr\/qui-sommes-nous\/equipe-de-gestion-du-pdrc\/","og_site_name":"CRYOPDP","article_modified_time":"2026-02-25T18:43:22+00:00","og_image":[{"width":1920,"height":907,"url":"https:\/\/cryopdp.com\/wp-content\/uploads\/2023\/11\/topbanner-1.jpg","type":"image\/jpeg"}],"twitter_card":"summary_large_image","twitter_site":"@CRYOPDP_","schema":{"@context":"https:\/\/schema.org","@graph":[{"@type":"WebPage","@id":"https:\/\/cryopdp.com\/fr\/qui-sommes-nous\/equipe-de-gestion-du-pdrc\/","url":"https:\/\/cryopdp.com\/fr\/qui-sommes-nous\/equipe-de-gestion-du-pdrc\/","name":"\u00c9quipe de gestion du PDRC - CRYOPDP","isPartOf":{"@id":"https:\/\/cryopdp.com\/fr\/#website"},"primaryImageOfPage":{"@id":"https:\/\/cryopdp.com\/fr\/qui-sommes-nous\/equipe-de-gestion-du-pdrc\/#primaryimage"},"image":{"@id":"https:\/\/cryopdp.com\/fr\/qui-sommes-nous\/equipe-de-gestion-du-pdrc\/#primaryimage"},"thumbnailUrl":"https:\/\/cryopdp.com\/wp-content\/uploads\/2023\/11\/topbanner-1.jpg","datePublished":"2023-09-07T13:21:18+00:00","dateModified":"2026-02-25T18:43:22+00:00","description":"Rencontrez l'\u00e9quipe du CRYOPDP qui est \u00e0 l'origine des secteurs des sciences de la vie et des soins de sant\u00e9 \u00e0 temp\u00e9rature contr\u00f4l\u00e9e, et qui associe aujourd'hui une expertise polyvalente \u00e0 l'attention du client.","breadcrumb":{"@id":"https:\/\/cryopdp.com\/fr\/qui-sommes-nous\/equipe-de-gestion-du-pdrc\/#breadcrumb"},"inLanguage":"fr-FR","potentialAction":[{"@type":"ReadAction","target":["https:\/\/cryopdp.com\/fr\/qui-sommes-nous\/equipe-de-gestion-du-pdrc\/"]}]},{"@type":"ImageObject","inLanguage":"fr-FR","@id":"https:\/\/cryopdp.com\/fr\/qui-sommes-nous\/equipe-de-gestion-du-pdrc\/#primaryimage","url":"https:\/\/cryopdp.com\/wp-content\/uploads\/2023\/11\/topbanner-1.jpg","contentUrl":"https:\/\/cryopdp.com\/wp-content\/uploads\/2023\/11\/topbanner-1.jpg","width":1920,"height":907,"caption":"Image repr\u00e9sentant une \u00e9quipe de gestion diversifi\u00e9e en discussion."},{"@type":"BreadcrumbList","@id":"https:\/\/cryopdp.com\/fr\/qui-sommes-nous\/equipe-de-gestion-du-pdrc\/#breadcrumb","itemListElement":[{"@type":"ListItem","position":1,"name":"Accueil","item":"https:\/\/cryopdp.com\/fr\/"},{"@type":"ListItem","position":2,"name":"\u00c9quipe de gestion du PDRC"}]},{"@type":"WebSite","@id":"https:\/\/cryopdp.com\/fr\/#website","url":"https:\/\/cryopdp.com\/fr\/","name":"CRYOPDP","description":"","publisher":{"@id":"https:\/\/cryopdp.com\/fr\/#organization"},"potentialAction":[{"@type":"SearchAction","target":{"@type":"EntryPoint","urlTemplate":"https:\/\/cryopdp.com\/fr\/?s={search_term_string}"},"query-input":{"@type":"PropertyValueSpecification","valueRequired":true,"valueName":"search_term_string"}}],"inLanguage":"fr-FR"},{"@type":"Organization","@id":"https:\/\/cryopdp.com\/fr\/#organization","name":"CRYOPDP","url":"https:\/\/cryopdp.com\/fr\/","logo":{"@type":"ImageObject","inLanguage":"fr-FR","@id":"https:\/\/cryopdp.com\/fr\/#\/schema\/logo\/image\/","url":"https:\/\/cryopdp.com\/wp-content\/uploads\/sites\/2\/2023\/12\/pdp-square.png","contentUrl":"https:\/\/cryopdp.com\/wp-content\/uploads\/sites\/2\/2023\/12\/pdp-square.png","width":1200,"height":1200,"caption":"CRYOPDP"},"image":{"@id":"https:\/\/cryopdp.com\/fr\/#\/schema\/logo\/image\/"},"sameAs":["https:\/\/x.com\/CRYOPDP_","https:\/\/www.linkedin.com\/company\/cryopdp","https:\/\/www.youtube.com\/channel\/UCMAksAtjJDxbVHG0ItM4lUQ","https:\/\/open.spotify.com\/show\/38TuNaX1QexPKFvL6mU0Fw?si=9766c86aea1e4b7f"]}]}},"_links":{"self":[{"href":"https:\/\/cryopdp.com\/fr\/wp-json\/wp\/v2\/pages\/13566","targetHints":{"allow":["GET"]}}],"collection":[{"href":"https:\/\/cryopdp.com\/fr\/wp-json\/wp\/v2\/pages"}],"about":[{"href":"https:\/\/cryopdp.com\/fr\/wp-json\/wp\/v2\/types\/page"}],"author":[{"embeddable":true,"href":"https:\/\/cryopdp.com\/fr\/wp-json\/wp\/v2\/users\/2"}],"replies":[{"embeddable":true,"href":"https:\/\/cryopdp.com\/fr\/wp-json\/wp\/v2\/comments?post=13566"}],"version-history":[{"count":0,"href":"https:\/\/cryopdp.com\/fr\/wp-json\/wp\/v2\/pages\/13566\/revisions"}],"up":[{"embeddable":true,"href":"https:\/\/cryopdp.com\/fr\/wp-json\/wp\/v2\/pages\/14149"}],"wp:featuredmedia":[{"embeddable":true,"href":"https:\/\/cryopdp.com\/fr\/wp-json\/wp\/v2\/media\/1330"}],"wp:attachment":[{"href":"https:\/\/cryopdp.com\/fr\/wp-json\/wp\/v2\/media?parent=13566"}],"curies":[{"name":"wp","href":"https:\/\/api.w.org\/{rel}","templated":true}]}}