{"id":13626,"date":"2025-02-13T16:34:25","date_gmt":"2025-02-13T16:34:25","guid":{"rendered":"https:\/\/cryopdp.com\/rse-et-esg\/"},"modified":"2026-02-25T18:59:03","modified_gmt":"2026-02-25T18:59:03","slug":"rse-et-esg","status":"publish","type":"page","link":"https:\/\/cryopdp.com\/fr\/rse-et-esg\/","title":{"rendered":"RSE et ESG"},"content":{"rendered":"","protected":false},"excerpt":{"rendered":"","protected":false},"author":8,"featured_media":9665,"parent":0,"menu_order":0,"comment_status":"closed","ping_status":"closed","template":"","meta":{"_acf_changed":false,"_lmt_disableupdate":"","_lmt_disable":"","footnotes":""},"class_list":["post-13626","page","type-page","status-publish","has-post-thumbnail","hentry"],"acf":[],"yoast_head":"<!-- This site is optimized with the Yoast SEO plugin v27.3 - https:\/\/yoast.com\/product\/yoast-seo-wordpress\/ -->\n<title>RSE et ESG - CRYOPDP<\/title>\n<meta name=\"description\" content=\"CRYOPDP encourage la RSE et l&#039;ESG dans la logistique des soins de sant\u00e9 en int\u00e9grant la durabilit\u00e9, la gouvernance \u00e9thique et l&#039;impact social dans les op\u00e9rations quotidiennes.\" \/>\n<meta name=\"robots\" content=\"index, follow, max-snippet:-1, max-image-preview:large, max-video-preview:-1\" \/>\n<link rel=\"canonical\" href=\"https:\/\/cryopdp.com\/fr\/rse-et-esg\/\" \/>\n<meta property=\"og:locale\" content=\"fr_FR\" \/>\n<meta property=\"og:type\" content=\"article\" \/>\n<meta property=\"og:title\" content=\"RSE et ESG - CRYOPDP\" \/>\n<meta property=\"og:description\" content=\"CRYOPDP encourage la RSE et l&#039;ESG dans la logistique des soins de sant\u00e9 en int\u00e9grant la durabilit\u00e9, la gouvernance \u00e9thique et l&#039;impact social dans les op\u00e9rations quotidiennes.\" \/>\n<meta property=\"og:url\" content=\"https:\/\/cryopdp.com\/fr\/rse-et-esg\/\" \/>\n<meta property=\"og:site_name\" content=\"CRYOPDP\" \/>\n<meta property=\"article:modified_time\" content=\"2026-02-25T18:59:03+00:00\" \/>\n<meta property=\"og:image\" content=\"https:\/\/cryopdp.com\/wp-content\/uploads\/2025\/02\/overhead-aerial-shot-thick-forest-with-beautiful-trees-greenery-scaled.jpg\" \/>\n\t<meta property=\"og:image:width\" content=\"2560\" \/>\n\t<meta property=\"og:image:height\" content=\"1705\" \/>\n\t<meta property=\"og:image:type\" content=\"image\/jpeg\" \/>\n<meta name=\"twitter:card\" content=\"summary_large_image\" \/>\n<meta name=\"twitter:site\" content=\"@CRYOPDP_\" \/>\n<script type=\"application\/ld+json\" class=\"yoast-schema-graph\">{\"@context\":\"https:\\\/\\\/schema.org\",\"@graph\":[{\"@type\":\"WebPage\",\"@id\":\"https:\\\/\\\/cryopdp.com\\\/fr\\\/rse-et-esg\\\/\",\"url\":\"https:\\\/\\\/cryopdp.com\\\/fr\\\/rse-et-esg\\\/\",\"name\":\"RSE et ESG - CRYOPDP\",\"isPartOf\":{\"@id\":\"https:\\\/\\\/cryopdp.com\\\/fr\\\/#website\"},\"primaryImageOfPage\":{\"@id\":\"https:\\\/\\\/cryopdp.com\\\/fr\\\/rse-et-esg\\\/#primaryimage\"},\"image\":{\"@id\":\"https:\\\/\\\/cryopdp.com\\\/fr\\\/rse-et-esg\\\/#primaryimage\"},\"thumbnailUrl\":\"https:\\\/\\\/cryopdp.com\\\/wp-content\\\/uploads\\\/2025\\\/02\\\/overhead-aerial-shot-thick-forest-with-beautiful-trees-greenery-scaled.jpg\",\"datePublished\":\"2025-02-13T16:34:25+00:00\",\"dateModified\":\"2026-02-25T18:59:03+00:00\",\"description\":\"CRYOPDP encourage la RSE et l'ESG dans la logistique des soins de sant\u00e9 en int\u00e9grant la durabilit\u00e9, la gouvernance \u00e9thique et l'impact social dans les op\u00e9rations quotidiennes.\",\"breadcrumb\":{\"@id\":\"https:\\\/\\\/cryopdp.com\\\/fr\\\/rse-et-esg\\\/#breadcrumb\"},\"inLanguage\":\"fr-FR\",\"potentialAction\":[{\"@type\":\"ReadAction\",\"target\":[\"https:\\\/\\\/cryopdp.com\\\/fr\\\/rse-et-esg\\\/\"]}]},{\"@type\":\"ImageObject\",\"inLanguage\":\"fr-FR\",\"@id\":\"https:\\\/\\\/cryopdp.com\\\/fr\\\/rse-et-esg\\\/#primaryimage\",\"url\":\"https:\\\/\\\/cryopdp.com\\\/wp-content\\\/uploads\\\/2025\\\/02\\\/overhead-aerial-shot-thick-forest-with-beautiful-trees-greenery-scaled.jpg\",\"contentUrl\":\"https:\\\/\\\/cryopdp.com\\\/wp-content\\\/uploads\\\/2025\\\/02\\\/overhead-aerial-shot-thick-forest-with-beautiful-trees-greenery-scaled.jpg\",\"width\":2560,\"height\":1705,\"caption\":\"Le d\u00e9veloppement durable est au c\u0153ur de la RSE et de la GSE de CRYOPDP dans le domaine de la logistique des soins de sant\u00e9, guidant les actions vers un impact r\u00e9duit et des op\u00e9rations plus vertes.\"},{\"@type\":\"BreadcrumbList\",\"@id\":\"https:\\\/\\\/cryopdp.com\\\/fr\\\/rse-et-esg\\\/#breadcrumb\",\"itemListElement\":[{\"@type\":\"ListItem\",\"position\":1,\"name\":\"Accueil\",\"item\":\"https:\\\/\\\/cryopdp.com\\\/fr\\\/\"},{\"@type\":\"ListItem\",\"position\":2,\"name\":\"RSE et ESG\"}]},{\"@type\":\"WebSite\",\"@id\":\"https:\\\/\\\/cryopdp.com\\\/fr\\\/#website\",\"url\":\"https:\\\/\\\/cryopdp.com\\\/fr\\\/\",\"name\":\"CRYOPDP\",\"description\":\"\",\"publisher\":{\"@id\":\"https:\\\/\\\/cryopdp.com\\\/fr\\\/#organization\"},\"potentialAction\":[{\"@type\":\"SearchAction\",\"target\":{\"@type\":\"EntryPoint\",\"urlTemplate\":\"https:\\\/\\\/cryopdp.com\\\/fr\\\/?s={search_term_string}\"},\"query-input\":{\"@type\":\"PropertyValueSpecification\",\"valueRequired\":true,\"valueName\":\"search_term_string\"}}],\"inLanguage\":\"fr-FR\"},{\"@type\":\"Organization\",\"@id\":\"https:\\\/\\\/cryopdp.com\\\/fr\\\/#organization\",\"name\":\"CRYOPDP\",\"url\":\"https:\\\/\\\/cryopdp.com\\\/fr\\\/\",\"logo\":{\"@type\":\"ImageObject\",\"inLanguage\":\"fr-FR\",\"@id\":\"https:\\\/\\\/cryopdp.com\\\/fr\\\/#\\\/schema\\\/logo\\\/image\\\/\",\"url\":\"https:\\\/\\\/cryopdp.com\\\/wp-content\\\/uploads\\\/sites\\\/2\\\/2023\\\/12\\\/pdp-square.png\",\"contentUrl\":\"https:\\\/\\\/cryopdp.com\\\/wp-content\\\/uploads\\\/sites\\\/2\\\/2023\\\/12\\\/pdp-square.png\",\"width\":1200,\"height\":1200,\"caption\":\"CRYOPDP\"},\"image\":{\"@id\":\"https:\\\/\\\/cryopdp.com\\\/fr\\\/#\\\/schema\\\/logo\\\/image\\\/\"},\"sameAs\":[\"https:\\\/\\\/x.com\\\/CRYOPDP_\",\"https:\\\/\\\/www.linkedin.com\\\/company\\\/cryopdp\",\"https:\\\/\\\/www.youtube.com\\\/channel\\\/UCMAksAtjJDxbVHG0ItM4lUQ\",\"https:\\\/\\\/open.spotify.com\\\/show\\\/38TuNaX1QexPKFvL6mU0Fw?si=9766c86aea1e4b7f\"]}]}<\/script>\n<!-- \/ Yoast SEO plugin. -->","yoast_head_json":{"title":"RSE et ESG - CRYOPDP","description":"CRYOPDP encourage la RSE et l'ESG dans la logistique des soins de sant\u00e9 en int\u00e9grant la durabilit\u00e9, la gouvernance \u00e9thique et l'impact social dans les op\u00e9rations quotidiennes.","robots":{"index":"index","follow":"follow","max-snippet":"max-snippet:-1","max-image-preview":"max-image-preview:large","max-video-preview":"max-video-preview:-1"},"canonical":"https:\/\/cryopdp.com\/fr\/rse-et-esg\/","og_locale":"fr_FR","og_type":"article","og_title":"RSE et ESG - CRYOPDP","og_description":"CRYOPDP encourage la RSE et l'ESG dans la logistique des soins de sant\u00e9 en int\u00e9grant la durabilit\u00e9, la gouvernance \u00e9thique et l'impact social dans les op\u00e9rations quotidiennes.","og_url":"https:\/\/cryopdp.com\/fr\/rse-et-esg\/","og_site_name":"CRYOPDP","article_modified_time":"2026-02-25T18:59:03+00:00","og_image":[{"width":2560,"height":1705,"url":"https:\/\/cryopdp.com\/wp-content\/uploads\/2025\/02\/overhead-aerial-shot-thick-forest-with-beautiful-trees-greenery-scaled.jpg","type":"image\/jpeg"}],"twitter_card":"summary_large_image","twitter_site":"@CRYOPDP_","schema":{"@context":"https:\/\/schema.org","@graph":[{"@type":"WebPage","@id":"https:\/\/cryopdp.com\/fr\/rse-et-esg\/","url":"https:\/\/cryopdp.com\/fr\/rse-et-esg\/","name":"RSE et ESG - CRYOPDP","isPartOf":{"@id":"https:\/\/cryopdp.com\/fr\/#website"},"primaryImageOfPage":{"@id":"https:\/\/cryopdp.com\/fr\/rse-et-esg\/#primaryimage"},"image":{"@id":"https:\/\/cryopdp.com\/fr\/rse-et-esg\/#primaryimage"},"thumbnailUrl":"https:\/\/cryopdp.com\/wp-content\/uploads\/2025\/02\/overhead-aerial-shot-thick-forest-with-beautiful-trees-greenery-scaled.jpg","datePublished":"2025-02-13T16:34:25+00:00","dateModified":"2026-02-25T18:59:03+00:00","description":"CRYOPDP encourage la RSE et l'ESG dans la logistique des soins de sant\u00e9 en int\u00e9grant la durabilit\u00e9, la gouvernance \u00e9thique et l'impact social dans les op\u00e9rations quotidiennes.","breadcrumb":{"@id":"https:\/\/cryopdp.com\/fr\/rse-et-esg\/#breadcrumb"},"inLanguage":"fr-FR","potentialAction":[{"@type":"ReadAction","target":["https:\/\/cryopdp.com\/fr\/rse-et-esg\/"]}]},{"@type":"ImageObject","inLanguage":"fr-FR","@id":"https:\/\/cryopdp.com\/fr\/rse-et-esg\/#primaryimage","url":"https:\/\/cryopdp.com\/wp-content\/uploads\/2025\/02\/overhead-aerial-shot-thick-forest-with-beautiful-trees-greenery-scaled.jpg","contentUrl":"https:\/\/cryopdp.com\/wp-content\/uploads\/2025\/02\/overhead-aerial-shot-thick-forest-with-beautiful-trees-greenery-scaled.jpg","width":2560,"height":1705,"caption":"Le d\u00e9veloppement durable est au c\u0153ur de la RSE et de la GSE de CRYOPDP dans le domaine de la logistique des soins de sant\u00e9, guidant les actions vers un impact r\u00e9duit et des op\u00e9rations plus vertes."},{"@type":"BreadcrumbList","@id":"https:\/\/cryopdp.com\/fr\/rse-et-esg\/#breadcrumb","itemListElement":[{"@type":"ListItem","position":1,"name":"Accueil","item":"https:\/\/cryopdp.com\/fr\/"},{"@type":"ListItem","position":2,"name":"RSE et ESG"}]},{"@type":"WebSite","@id":"https:\/\/cryopdp.com\/fr\/#website","url":"https:\/\/cryopdp.com\/fr\/","name":"CRYOPDP","description":"","publisher":{"@id":"https:\/\/cryopdp.com\/fr\/#organization"},"potentialAction":[{"@type":"SearchAction","target":{"@type":"EntryPoint","urlTemplate":"https:\/\/cryopdp.com\/fr\/?s={search_term_string}"},"query-input":{"@type":"PropertyValueSpecification","valueRequired":true,"valueName":"search_term_string"}}],"inLanguage":"fr-FR"},{"@type":"Organization","@id":"https:\/\/cryopdp.com\/fr\/#organization","name":"CRYOPDP","url":"https:\/\/cryopdp.com\/fr\/","logo":{"@type":"ImageObject","inLanguage":"fr-FR","@id":"https:\/\/cryopdp.com\/fr\/#\/schema\/logo\/image\/","url":"https:\/\/cryopdp.com\/wp-content\/uploads\/sites\/2\/2023\/12\/pdp-square.png","contentUrl":"https:\/\/cryopdp.com\/wp-content\/uploads\/sites\/2\/2023\/12\/pdp-square.png","width":1200,"height":1200,"caption":"CRYOPDP"},"image":{"@id":"https:\/\/cryopdp.com\/fr\/#\/schema\/logo\/image\/"},"sameAs":["https:\/\/x.com\/CRYOPDP_","https:\/\/www.linkedin.com\/company\/cryopdp","https:\/\/www.youtube.com\/channel\/UCMAksAtjJDxbVHG0ItM4lUQ","https:\/\/open.spotify.com\/show\/38TuNaX1QexPKFvL6mU0Fw?si=9766c86aea1e4b7f"]}]}},"_links":{"self":[{"href":"https:\/\/cryopdp.com\/fr\/wp-json\/wp\/v2\/pages\/13626","targetHints":{"allow":["GET"]}}],"collection":[{"href":"https:\/\/cryopdp.com\/fr\/wp-json\/wp\/v2\/pages"}],"about":[{"href":"https:\/\/cryopdp.com\/fr\/wp-json\/wp\/v2\/types\/page"}],"author":[{"embeddable":true,"href":"https:\/\/cryopdp.com\/fr\/wp-json\/wp\/v2\/users\/8"}],"replies":[{"embeddable":true,"href":"https:\/\/cryopdp.com\/fr\/wp-json\/wp\/v2\/comments?post=13626"}],"version-history":[{"count":0,"href":"https:\/\/cryopdp.com\/fr\/wp-json\/wp\/v2\/pages\/13626\/revisions"}],"wp:featuredmedia":[{"embeddable":true,"href":"https:\/\/cryopdp.com\/fr\/wp-json\/wp\/v2\/media\/9665"}],"wp:attachment":[{"href":"https:\/\/cryopdp.com\/fr\/wp-json\/wp\/v2\/media?parent=13626"}],"curies":[{"name":"wp","href":"https:\/\/api.w.org\/{rel}","templated":true}]}}