{"id":13791,"date":"2025-02-13T17:52:18","date_gmt":"2025-02-13T17:52:18","guid":{"rendered":"https:\/\/cryopdp.com\/ebooks-et-brochures\/"},"modified":"2026-03-09T13:11:14","modified_gmt":"2026-03-09T13:11:14","slug":"ebooks-et-brochures","status":"publish","type":"page","link":"https:\/\/cryopdp.com\/fr\/ebooks-et-brochures\/","title":{"rendered":"Ebooks et brochures"},"content":{"rendered":"","protected":false},"excerpt":{"rendered":"","protected":false},"author":8,"featured_media":10927,"parent":0,"menu_order":0,"comment_status":"closed","ping_status":"closed","template":"","meta":{"_acf_changed":false,"_lmt_disableupdate":"","_lmt_disable":"","footnotes":""},"class_list":["post-13791","page","type-page","status-publish","has-post-thumbnail","hentry"],"acf":[],"yoast_head":"<!-- This site is optimized with the Yoast SEO plugin v27.3 - https:\/\/yoast.com\/product\/yoast-seo-wordpress\/ -->\n<title>Ebooks et brochures - CRYOPDP<\/title>\n<meta name=\"description\" content=\"D\u00e9couvrez des informations d\u00e9taill\u00e9es de la part de notre estim\u00e9 leader mondial de l&#039;industrie qui r\u00e9volutionne la logistique et les solutions en mati\u00e8re de soins de sant\u00e9.\" \/>\n<meta name=\"robots\" content=\"index, follow, max-snippet:-1, max-image-preview:large, max-video-preview:-1\" \/>\n<link rel=\"canonical\" href=\"https:\/\/cryopdp.com\/fr\/ebooks-et-brochures\/\" \/>\n<meta property=\"og:locale\" content=\"fr_FR\" \/>\n<meta property=\"og:type\" content=\"article\" \/>\n<meta property=\"og:title\" content=\"Ebooks et brochures - CRYOPDP\" \/>\n<meta property=\"og:description\" content=\"D\u00e9couvrez des informations d\u00e9taill\u00e9es de la part de notre estim\u00e9 leader mondial de l&#039;industrie qui r\u00e9volutionne la logistique et les solutions en mati\u00e8re de soins de sant\u00e9.\" \/>\n<meta property=\"og:url\" content=\"https:\/\/cryopdp.com\/fr\/ebooks-et-brochures\/\" \/>\n<meta property=\"og:site_name\" content=\"CRYOPDP\" \/>\n<meta property=\"article:modified_time\" content=\"2026-03-09T13:11:14+00:00\" \/>\n<meta property=\"og:image\" content=\"https:\/\/cryopdp.com\/wp-content\/uploads\/2025\/02\/young-business-people-standing-and-analyzing-docum-2023-11-27-05-23-45-utc-scaled.jpg\" \/>\n\t<meta property=\"og:image:width\" content=\"2560\" \/>\n\t<meta property=\"og:image:height\" content=\"1707\" \/>\n\t<meta property=\"og:image:type\" content=\"image\/jpeg\" \/>\n<meta name=\"twitter:card\" content=\"summary_large_image\" \/>\n<meta name=\"twitter:site\" content=\"@CRYOPDP_\" \/>\n<script type=\"application\/ld+json\" class=\"yoast-schema-graph\">{\"@context\":\"https:\\\/\\\/schema.org\",\"@graph\":[{\"@type\":\"WebPage\",\"@id\":\"https:\\\/\\\/cryopdp.com\\\/fr\\\/ebooks-et-brochures\\\/\",\"url\":\"https:\\\/\\\/cryopdp.com\\\/fr\\\/ebooks-et-brochures\\\/\",\"name\":\"Ebooks et brochures - CRYOPDP\",\"isPartOf\":{\"@id\":\"https:\\\/\\\/cryopdp.com\\\/fr\\\/#website\"},\"primaryImageOfPage\":{\"@id\":\"https:\\\/\\\/cryopdp.com\\\/fr\\\/ebooks-et-brochures\\\/#primaryimage\"},\"image\":{\"@id\":\"https:\\\/\\\/cryopdp.com\\\/fr\\\/ebooks-et-brochures\\\/#primaryimage\"},\"thumbnailUrl\":\"https:\\\/\\\/cryopdp.com\\\/wp-content\\\/uploads\\\/2025\\\/02\\\/young-business-people-standing-and-analyzing-docum-2023-11-27-05-23-45-utc-scaled.jpg\",\"datePublished\":\"2025-02-13T17:52:18+00:00\",\"dateModified\":\"2026-03-09T13:11:14+00:00\",\"description\":\"D\u00e9couvrez des informations d\u00e9taill\u00e9es de la part de notre estim\u00e9 leader mondial de l'industrie qui r\u00e9volutionne la logistique et les solutions en mati\u00e8re de soins de sant\u00e9.\",\"breadcrumb\":{\"@id\":\"https:\\\/\\\/cryopdp.com\\\/fr\\\/ebooks-et-brochures\\\/#breadcrumb\"},\"inLanguage\":\"fr-FR\",\"potentialAction\":[{\"@type\":\"ReadAction\",\"target\":[\"https:\\\/\\\/cryopdp.com\\\/fr\\\/ebooks-et-brochures\\\/\"]}]},{\"@type\":\"ImageObject\",\"inLanguage\":\"fr-FR\",\"@id\":\"https:\\\/\\\/cryopdp.com\\\/fr\\\/ebooks-et-brochures\\\/#primaryimage\",\"url\":\"https:\\\/\\\/cryopdp.com\\\/wp-content\\\/uploads\\\/2025\\\/02\\\/young-business-people-standing-and-analyzing-docum-2023-11-27-05-23-45-utc-scaled.jpg\",\"contentUrl\":\"https:\\\/\\\/cryopdp.com\\\/wp-content\\\/uploads\\\/2025\\\/02\\\/young-business-people-standing-and-analyzing-docum-2023-11-27-05-23-45-utc-scaled.jpg\",\"width\":2560,\"height\":1707,\"caption\":\"En tant que leader mondial de l'industrie, CRYOPDP r\u00e9unit des experts de toutes les r\u00e9gions afin de fournir une logistique conforme et performante au secteur des sciences de la vie.\"},{\"@type\":\"BreadcrumbList\",\"@id\":\"https:\\\/\\\/cryopdp.com\\\/fr\\\/ebooks-et-brochures\\\/#breadcrumb\",\"itemListElement\":[{\"@type\":\"ListItem\",\"position\":1,\"name\":\"Accueil\",\"item\":\"https:\\\/\\\/cryopdp.com\\\/fr\\\/\"},{\"@type\":\"ListItem\",\"position\":2,\"name\":\"Ebooks et brochures\"}]},{\"@type\":\"WebSite\",\"@id\":\"https:\\\/\\\/cryopdp.com\\\/fr\\\/#website\",\"url\":\"https:\\\/\\\/cryopdp.com\\\/fr\\\/\",\"name\":\"CRYOPDP\",\"description\":\"\",\"publisher\":{\"@id\":\"https:\\\/\\\/cryopdp.com\\\/fr\\\/#organization\"},\"potentialAction\":[{\"@type\":\"SearchAction\",\"target\":{\"@type\":\"EntryPoint\",\"urlTemplate\":\"https:\\\/\\\/cryopdp.com\\\/fr\\\/?s={search_term_string}\"},\"query-input\":{\"@type\":\"PropertyValueSpecification\",\"valueRequired\":true,\"valueName\":\"search_term_string\"}}],\"inLanguage\":\"fr-FR\"},{\"@type\":\"Organization\",\"@id\":\"https:\\\/\\\/cryopdp.com\\\/fr\\\/#organization\",\"name\":\"CRYOPDP\",\"url\":\"https:\\\/\\\/cryopdp.com\\\/fr\\\/\",\"logo\":{\"@type\":\"ImageObject\",\"inLanguage\":\"fr-FR\",\"@id\":\"https:\\\/\\\/cryopdp.com\\\/fr\\\/#\\\/schema\\\/logo\\\/image\\\/\",\"url\":\"https:\\\/\\\/cryopdp.com\\\/wp-content\\\/uploads\\\/sites\\\/2\\\/2023\\\/12\\\/pdp-square.png\",\"contentUrl\":\"https:\\\/\\\/cryopdp.com\\\/wp-content\\\/uploads\\\/sites\\\/2\\\/2023\\\/12\\\/pdp-square.png\",\"width\":1200,\"height\":1200,\"caption\":\"CRYOPDP\"},\"image\":{\"@id\":\"https:\\\/\\\/cryopdp.com\\\/fr\\\/#\\\/schema\\\/logo\\\/image\\\/\"},\"sameAs\":[\"https:\\\/\\\/x.com\\\/CRYOPDP_\",\"https:\\\/\\\/www.linkedin.com\\\/company\\\/cryopdp\",\"https:\\\/\\\/www.youtube.com\\\/channel\\\/UCMAksAtjJDxbVHG0ItM4lUQ\",\"https:\\\/\\\/open.spotify.com\\\/show\\\/38TuNaX1QexPKFvL6mU0Fw?si=9766c86aea1e4b7f\"]}]}<\/script>\n<!-- \/ Yoast SEO plugin. -->","yoast_head_json":{"title":"Ebooks et brochures - CRYOPDP","description":"D\u00e9couvrez des informations d\u00e9taill\u00e9es de la part de notre estim\u00e9 leader mondial de l'industrie qui r\u00e9volutionne la logistique et les solutions en mati\u00e8re de soins de sant\u00e9.","robots":{"index":"index","follow":"follow","max-snippet":"max-snippet:-1","max-image-preview":"max-image-preview:large","max-video-preview":"max-video-preview:-1"},"canonical":"https:\/\/cryopdp.com\/fr\/ebooks-et-brochures\/","og_locale":"fr_FR","og_type":"article","og_title":"Ebooks et brochures - CRYOPDP","og_description":"D\u00e9couvrez des informations d\u00e9taill\u00e9es de la part de notre estim\u00e9 leader mondial de l'industrie qui r\u00e9volutionne la logistique et les solutions en mati\u00e8re de soins de sant\u00e9.","og_url":"https:\/\/cryopdp.com\/fr\/ebooks-et-brochures\/","og_site_name":"CRYOPDP","article_modified_time":"2026-03-09T13:11:14+00:00","og_image":[{"width":2560,"height":1707,"url":"https:\/\/cryopdp.com\/wp-content\/uploads\/2025\/02\/young-business-people-standing-and-analyzing-docum-2023-11-27-05-23-45-utc-scaled.jpg","type":"image\/jpeg"}],"twitter_card":"summary_large_image","twitter_site":"@CRYOPDP_","schema":{"@context":"https:\/\/schema.org","@graph":[{"@type":"WebPage","@id":"https:\/\/cryopdp.com\/fr\/ebooks-et-brochures\/","url":"https:\/\/cryopdp.com\/fr\/ebooks-et-brochures\/","name":"Ebooks et brochures - CRYOPDP","isPartOf":{"@id":"https:\/\/cryopdp.com\/fr\/#website"},"primaryImageOfPage":{"@id":"https:\/\/cryopdp.com\/fr\/ebooks-et-brochures\/#primaryimage"},"image":{"@id":"https:\/\/cryopdp.com\/fr\/ebooks-et-brochures\/#primaryimage"},"thumbnailUrl":"https:\/\/cryopdp.com\/wp-content\/uploads\/2025\/02\/young-business-people-standing-and-analyzing-docum-2023-11-27-05-23-45-utc-scaled.jpg","datePublished":"2025-02-13T17:52:18+00:00","dateModified":"2026-03-09T13:11:14+00:00","description":"D\u00e9couvrez des informations d\u00e9taill\u00e9es de la part de notre estim\u00e9 leader mondial de l'industrie qui r\u00e9volutionne la logistique et les solutions en mati\u00e8re de soins de sant\u00e9.","breadcrumb":{"@id":"https:\/\/cryopdp.com\/fr\/ebooks-et-brochures\/#breadcrumb"},"inLanguage":"fr-FR","potentialAction":[{"@type":"ReadAction","target":["https:\/\/cryopdp.com\/fr\/ebooks-et-brochures\/"]}]},{"@type":"ImageObject","inLanguage":"fr-FR","@id":"https:\/\/cryopdp.com\/fr\/ebooks-et-brochures\/#primaryimage","url":"https:\/\/cryopdp.com\/wp-content\/uploads\/2025\/02\/young-business-people-standing-and-analyzing-docum-2023-11-27-05-23-45-utc-scaled.jpg","contentUrl":"https:\/\/cryopdp.com\/wp-content\/uploads\/2025\/02\/young-business-people-standing-and-analyzing-docum-2023-11-27-05-23-45-utc-scaled.jpg","width":2560,"height":1707,"caption":"En tant que leader mondial de l'industrie, CRYOPDP r\u00e9unit des experts de toutes les r\u00e9gions afin de fournir une logistique conforme et performante au secteur des sciences de la vie."},{"@type":"BreadcrumbList","@id":"https:\/\/cryopdp.com\/fr\/ebooks-et-brochures\/#breadcrumb","itemListElement":[{"@type":"ListItem","position":1,"name":"Accueil","item":"https:\/\/cryopdp.com\/fr\/"},{"@type":"ListItem","position":2,"name":"Ebooks et brochures"}]},{"@type":"WebSite","@id":"https:\/\/cryopdp.com\/fr\/#website","url":"https:\/\/cryopdp.com\/fr\/","name":"CRYOPDP","description":"","publisher":{"@id":"https:\/\/cryopdp.com\/fr\/#organization"},"potentialAction":[{"@type":"SearchAction","target":{"@type":"EntryPoint","urlTemplate":"https:\/\/cryopdp.com\/fr\/?s={search_term_string}"},"query-input":{"@type":"PropertyValueSpecification","valueRequired":true,"valueName":"search_term_string"}}],"inLanguage":"fr-FR"},{"@type":"Organization","@id":"https:\/\/cryopdp.com\/fr\/#organization","name":"CRYOPDP","url":"https:\/\/cryopdp.com\/fr\/","logo":{"@type":"ImageObject","inLanguage":"fr-FR","@id":"https:\/\/cryopdp.com\/fr\/#\/schema\/logo\/image\/","url":"https:\/\/cryopdp.com\/wp-content\/uploads\/sites\/2\/2023\/12\/pdp-square.png","contentUrl":"https:\/\/cryopdp.com\/wp-content\/uploads\/sites\/2\/2023\/12\/pdp-square.png","width":1200,"height":1200,"caption":"CRYOPDP"},"image":{"@id":"https:\/\/cryopdp.com\/fr\/#\/schema\/logo\/image\/"},"sameAs":["https:\/\/x.com\/CRYOPDP_","https:\/\/www.linkedin.com\/company\/cryopdp","https:\/\/www.youtube.com\/channel\/UCMAksAtjJDxbVHG0ItM4lUQ","https:\/\/open.spotify.com\/show\/38TuNaX1QexPKFvL6mU0Fw?si=9766c86aea1e4b7f"]}]}},"_links":{"self":[{"href":"https:\/\/cryopdp.com\/fr\/wp-json\/wp\/v2\/pages\/13791","targetHints":{"allow":["GET"]}}],"collection":[{"href":"https:\/\/cryopdp.com\/fr\/wp-json\/wp\/v2\/pages"}],"about":[{"href":"https:\/\/cryopdp.com\/fr\/wp-json\/wp\/v2\/types\/page"}],"author":[{"embeddable":true,"href":"https:\/\/cryopdp.com\/fr\/wp-json\/wp\/v2\/users\/8"}],"replies":[{"embeddable":true,"href":"https:\/\/cryopdp.com\/fr\/wp-json\/wp\/v2\/comments?post=13791"}],"version-history":[{"count":0,"href":"https:\/\/cryopdp.com\/fr\/wp-json\/wp\/v2\/pages\/13791\/revisions"}],"wp:featuredmedia":[{"embeddable":true,"href":"https:\/\/cryopdp.com\/fr\/wp-json\/wp\/v2\/media\/10927"}],"wp:attachment":[{"href":"https:\/\/cryopdp.com\/fr\/wp-json\/wp\/v2\/media?parent=13791"}],"curies":[{"name":"wp","href":"https:\/\/api.w.org\/{rel}","templated":true}]}}