{"id":13821,"date":"2023-03-24T11:26:58","date_gmt":"2023-03-24T11:26:58","guid":{"rendered":"https:\/\/cryopdp.com\/tour-de-controle-mondiale\/"},"modified":"2026-03-09T13:22:49","modified_gmt":"2026-03-09T13:22:49","slug":"tour-de-controle-mondiale","status":"publish","type":"page","link":"https:\/\/cryopdp.com\/fr\/suivi-controle-et-technologies\/tour-de-controle-mondiale\/","title":{"rendered":"Tour de contr\u00f4le mondiale"},"content":{"rendered":"","protected":false},"excerpt":{"rendered":"","protected":false},"author":2,"featured_media":1850,"parent":14119,"menu_order":0,"comment_status":"closed","ping_status":"closed","template":"","meta":{"_acf_changed":false,"_lmt_disableupdate":"","_lmt_disable":"","footnotes":""},"class_list":["post-13821","page","type-page","status-publish","has-post-thumbnail","hentry"],"acf":[],"yoast_head":"<!-- This site is optimized with the Yoast SEO plugin v27.3 - https:\/\/yoast.com\/product\/yoast-seo-wordpress\/ -->\n<title>Tour de contr\u00f4le mondiale - CRYOPDP<\/title>\n<meta name=\"description\" content=\"Tour de contr\u00f4le mondiale de CRYOPDP : couverture logistique mondiale 24 heures sur 24 et 7 jours sur 7. Contr\u00f4lez, coordonnez et optimisez votre cha\u00eene d&#039;approvisionnement gr\u00e2ce \u00e0 des analyses en temps r\u00e9el.\" \/>\n<meta name=\"robots\" content=\"index, follow, max-snippet:-1, max-image-preview:large, max-video-preview:-1\" \/>\n<link rel=\"canonical\" href=\"https:\/\/cryopdp.com\/fr\/suivi-controle-et-technologies\/tour-de-controle-mondiale\/\" \/>\n<meta property=\"og:locale\" content=\"fr_FR\" \/>\n<meta property=\"og:type\" content=\"article\" \/>\n<meta property=\"og:title\" content=\"Tour de contr\u00f4le mondiale - CRYOPDP\" \/>\n<meta property=\"og:description\" content=\"Tour de contr\u00f4le mondiale de CRYOPDP : couverture logistique mondiale 24 heures sur 24 et 7 jours sur 7. Contr\u00f4lez, coordonnez et optimisez votre cha\u00eene d&#039;approvisionnement gr\u00e2ce \u00e0 des analyses en temps r\u00e9el.\" \/>\n<meta property=\"og:url\" content=\"https:\/\/cryopdp.com\/fr\/suivi-controle-et-technologies\/tour-de-controle-mondiale\/\" \/>\n<meta property=\"og:site_name\" content=\"CRYOPDP\" \/>\n<meta property=\"article:modified_time\" content=\"2026-03-09T13:22:49+00:00\" \/>\n<meta property=\"og:image\" content=\"https:\/\/cryopdp.com\/wp-content\/uploads\/2023\/11\/shot-of-a-young-call-centre-agent-working-alongsid-2022-09-30-21-41-31-utc.jpg\" \/>\n\t<meta property=\"og:image:width\" content=\"1920\" \/>\n\t<meta property=\"og:image:height\" content=\"1182\" \/>\n\t<meta property=\"og:image:type\" content=\"image\/jpeg\" \/>\n<meta name=\"twitter:card\" content=\"summary_large_image\" \/>\n<meta name=\"twitter:site\" content=\"@CRYOPDP_\" \/>\n<script type=\"application\/ld+json\" class=\"yoast-schema-graph\">{\"@context\":\"https:\\\/\\\/schema.org\",\"@graph\":[{\"@type\":\"WebPage\",\"@id\":\"https:\\\/\\\/cryopdp.com\\\/fr\\\/suivi-controle-et-technologies\\\/tour-de-controle-mondiale\\\/\",\"url\":\"https:\\\/\\\/cryopdp.com\\\/fr\\\/suivi-controle-et-technologies\\\/tour-de-controle-mondiale\\\/\",\"name\":\"Tour de contr\u00f4le mondiale - CRYOPDP\",\"isPartOf\":{\"@id\":\"https:\\\/\\\/cryopdp.com\\\/fr\\\/#website\"},\"primaryImageOfPage\":{\"@id\":\"https:\\\/\\\/cryopdp.com\\\/fr\\\/suivi-controle-et-technologies\\\/tour-de-controle-mondiale\\\/#primaryimage\"},\"image\":{\"@id\":\"https:\\\/\\\/cryopdp.com\\\/fr\\\/suivi-controle-et-technologies\\\/tour-de-controle-mondiale\\\/#primaryimage\"},\"thumbnailUrl\":\"https:\\\/\\\/cryopdp.com\\\/wp-content\\\/uploads\\\/2023\\\/11\\\/shot-of-a-young-call-centre-agent-working-alongsid-2022-09-30-21-41-31-utc.jpg\",\"datePublished\":\"2023-03-24T11:26:58+00:00\",\"dateModified\":\"2026-03-09T13:22:49+00:00\",\"description\":\"Tour de contr\u00f4le mondiale de CRYOPDP : couverture logistique mondiale 24 heures sur 24 et 7 jours sur 7. Contr\u00f4lez, coordonnez et optimisez votre cha\u00eene d'approvisionnement gr\u00e2ce \u00e0 des analyses en temps r\u00e9el.\",\"breadcrumb\":{\"@id\":\"https:\\\/\\\/cryopdp.com\\\/fr\\\/suivi-controle-et-technologies\\\/tour-de-controle-mondiale\\\/#breadcrumb\"},\"inLanguage\":\"fr-FR\",\"potentialAction\":[{\"@type\":\"ReadAction\",\"target\":[\"https:\\\/\\\/cryopdp.com\\\/fr\\\/suivi-controle-et-technologies\\\/tour-de-controle-mondiale\\\/\"]}]},{\"@type\":\"ImageObject\",\"inLanguage\":\"fr-FR\",\"@id\":\"https:\\\/\\\/cryopdp.com\\\/fr\\\/suivi-controle-et-technologies\\\/tour-de-controle-mondiale\\\/#primaryimage\",\"url\":\"https:\\\/\\\/cryopdp.com\\\/wp-content\\\/uploads\\\/2023\\\/11\\\/shot-of-a-young-call-centre-agent-working-alongsid-2022-09-30-21-41-31-utc.jpg\",\"contentUrl\":\"https:\\\/\\\/cryopdp.com\\\/wp-content\\\/uploads\\\/2023\\\/11\\\/shot-of-a-young-call-centre-agent-working-alongsid-2022-09-30-21-41-31-utc.jpg\",\"width\":1920,\"height\":1182,\"caption\":\"Les \u00e9quipes de la tour de contr\u00f4le mondiale surveillent les exp\u00e9ditions en temps r\u00e9el et coordonnent les \u00e9tapes suivantes lorsque les conditions changent.\"},{\"@type\":\"BreadcrumbList\",\"@id\":\"https:\\\/\\\/cryopdp.com\\\/fr\\\/suivi-controle-et-technologies\\\/tour-de-controle-mondiale\\\/#breadcrumb\",\"itemListElement\":[{\"@type\":\"ListItem\",\"position\":1,\"name\":\"Accueil\",\"item\":\"https:\\\/\\\/cryopdp.com\\\/fr\\\/\"},{\"@type\":\"ListItem\",\"position\":2,\"name\":\"Tour de contr\u00f4le mondiale\"}]},{\"@type\":\"WebSite\",\"@id\":\"https:\\\/\\\/cryopdp.com\\\/fr\\\/#website\",\"url\":\"https:\\\/\\\/cryopdp.com\\\/fr\\\/\",\"name\":\"CRYOPDP\",\"description\":\"\",\"publisher\":{\"@id\":\"https:\\\/\\\/cryopdp.com\\\/fr\\\/#organization\"},\"potentialAction\":[{\"@type\":\"SearchAction\",\"target\":{\"@type\":\"EntryPoint\",\"urlTemplate\":\"https:\\\/\\\/cryopdp.com\\\/fr\\\/?s={search_term_string}\"},\"query-input\":{\"@type\":\"PropertyValueSpecification\",\"valueRequired\":true,\"valueName\":\"search_term_string\"}}],\"inLanguage\":\"fr-FR\"},{\"@type\":\"Organization\",\"@id\":\"https:\\\/\\\/cryopdp.com\\\/fr\\\/#organization\",\"name\":\"CRYOPDP\",\"url\":\"https:\\\/\\\/cryopdp.com\\\/fr\\\/\",\"logo\":{\"@type\":\"ImageObject\",\"inLanguage\":\"fr-FR\",\"@id\":\"https:\\\/\\\/cryopdp.com\\\/fr\\\/#\\\/schema\\\/logo\\\/image\\\/\",\"url\":\"https:\\\/\\\/cryopdp.com\\\/wp-content\\\/uploads\\\/sites\\\/2\\\/2023\\\/12\\\/pdp-square.png\",\"contentUrl\":\"https:\\\/\\\/cryopdp.com\\\/wp-content\\\/uploads\\\/sites\\\/2\\\/2023\\\/12\\\/pdp-square.png\",\"width\":1200,\"height\":1200,\"caption\":\"CRYOPDP\"},\"image\":{\"@id\":\"https:\\\/\\\/cryopdp.com\\\/fr\\\/#\\\/schema\\\/logo\\\/image\\\/\"},\"sameAs\":[\"https:\\\/\\\/x.com\\\/CRYOPDP_\",\"https:\\\/\\\/www.linkedin.com\\\/company\\\/cryopdp\",\"https:\\\/\\\/www.youtube.com\\\/channel\\\/UCMAksAtjJDxbVHG0ItM4lUQ\",\"https:\\\/\\\/open.spotify.com\\\/show\\\/38TuNaX1QexPKFvL6mU0Fw?si=9766c86aea1e4b7f\"]}]}<\/script>\n<!-- \/ Yoast SEO plugin. -->","yoast_head_json":{"title":"Tour de contr\u00f4le mondiale - CRYOPDP","description":"Tour de contr\u00f4le mondiale de CRYOPDP : couverture logistique mondiale 24 heures sur 24 et 7 jours sur 7. Contr\u00f4lez, coordonnez et optimisez votre cha\u00eene d'approvisionnement gr\u00e2ce \u00e0 des analyses en temps r\u00e9el.","robots":{"index":"index","follow":"follow","max-snippet":"max-snippet:-1","max-image-preview":"max-image-preview:large","max-video-preview":"max-video-preview:-1"},"canonical":"https:\/\/cryopdp.com\/fr\/suivi-controle-et-technologies\/tour-de-controle-mondiale\/","og_locale":"fr_FR","og_type":"article","og_title":"Tour de contr\u00f4le mondiale - CRYOPDP","og_description":"Tour de contr\u00f4le mondiale de CRYOPDP : couverture logistique mondiale 24 heures sur 24 et 7 jours sur 7. Contr\u00f4lez, coordonnez et optimisez votre cha\u00eene d'approvisionnement gr\u00e2ce \u00e0 des analyses en temps r\u00e9el.","og_url":"https:\/\/cryopdp.com\/fr\/suivi-controle-et-technologies\/tour-de-controle-mondiale\/","og_site_name":"CRYOPDP","article_modified_time":"2026-03-09T13:22:49+00:00","og_image":[{"width":1920,"height":1182,"url":"https:\/\/cryopdp.com\/wp-content\/uploads\/2023\/11\/shot-of-a-young-call-centre-agent-working-alongsid-2022-09-30-21-41-31-utc.jpg","type":"image\/jpeg"}],"twitter_card":"summary_large_image","twitter_site":"@CRYOPDP_","schema":{"@context":"https:\/\/schema.org","@graph":[{"@type":"WebPage","@id":"https:\/\/cryopdp.com\/fr\/suivi-controle-et-technologies\/tour-de-controle-mondiale\/","url":"https:\/\/cryopdp.com\/fr\/suivi-controle-et-technologies\/tour-de-controle-mondiale\/","name":"Tour de contr\u00f4le mondiale - CRYOPDP","isPartOf":{"@id":"https:\/\/cryopdp.com\/fr\/#website"},"primaryImageOfPage":{"@id":"https:\/\/cryopdp.com\/fr\/suivi-controle-et-technologies\/tour-de-controle-mondiale\/#primaryimage"},"image":{"@id":"https:\/\/cryopdp.com\/fr\/suivi-controle-et-technologies\/tour-de-controle-mondiale\/#primaryimage"},"thumbnailUrl":"https:\/\/cryopdp.com\/wp-content\/uploads\/2023\/11\/shot-of-a-young-call-centre-agent-working-alongsid-2022-09-30-21-41-31-utc.jpg","datePublished":"2023-03-24T11:26:58+00:00","dateModified":"2026-03-09T13:22:49+00:00","description":"Tour de contr\u00f4le mondiale de CRYOPDP : couverture logistique mondiale 24 heures sur 24 et 7 jours sur 7. Contr\u00f4lez, coordonnez et optimisez votre cha\u00eene d'approvisionnement gr\u00e2ce \u00e0 des analyses en temps r\u00e9el.","breadcrumb":{"@id":"https:\/\/cryopdp.com\/fr\/suivi-controle-et-technologies\/tour-de-controle-mondiale\/#breadcrumb"},"inLanguage":"fr-FR","potentialAction":[{"@type":"ReadAction","target":["https:\/\/cryopdp.com\/fr\/suivi-controle-et-technologies\/tour-de-controle-mondiale\/"]}]},{"@type":"ImageObject","inLanguage":"fr-FR","@id":"https:\/\/cryopdp.com\/fr\/suivi-controle-et-technologies\/tour-de-controle-mondiale\/#primaryimage","url":"https:\/\/cryopdp.com\/wp-content\/uploads\/2023\/11\/shot-of-a-young-call-centre-agent-working-alongsid-2022-09-30-21-41-31-utc.jpg","contentUrl":"https:\/\/cryopdp.com\/wp-content\/uploads\/2023\/11\/shot-of-a-young-call-centre-agent-working-alongsid-2022-09-30-21-41-31-utc.jpg","width":1920,"height":1182,"caption":"Les \u00e9quipes de la tour de contr\u00f4le mondiale surveillent les exp\u00e9ditions en temps r\u00e9el et coordonnent les \u00e9tapes suivantes lorsque les conditions changent."},{"@type":"BreadcrumbList","@id":"https:\/\/cryopdp.com\/fr\/suivi-controle-et-technologies\/tour-de-controle-mondiale\/#breadcrumb","itemListElement":[{"@type":"ListItem","position":1,"name":"Accueil","item":"https:\/\/cryopdp.com\/fr\/"},{"@type":"ListItem","position":2,"name":"Tour de contr\u00f4le mondiale"}]},{"@type":"WebSite","@id":"https:\/\/cryopdp.com\/fr\/#website","url":"https:\/\/cryopdp.com\/fr\/","name":"CRYOPDP","description":"","publisher":{"@id":"https:\/\/cryopdp.com\/fr\/#organization"},"potentialAction":[{"@type":"SearchAction","target":{"@type":"EntryPoint","urlTemplate":"https:\/\/cryopdp.com\/fr\/?s={search_term_string}"},"query-input":{"@type":"PropertyValueSpecification","valueRequired":true,"valueName":"search_term_string"}}],"inLanguage":"fr-FR"},{"@type":"Organization","@id":"https:\/\/cryopdp.com\/fr\/#organization","name":"CRYOPDP","url":"https:\/\/cryopdp.com\/fr\/","logo":{"@type":"ImageObject","inLanguage":"fr-FR","@id":"https:\/\/cryopdp.com\/fr\/#\/schema\/logo\/image\/","url":"https:\/\/cryopdp.com\/wp-content\/uploads\/sites\/2\/2023\/12\/pdp-square.png","contentUrl":"https:\/\/cryopdp.com\/wp-content\/uploads\/sites\/2\/2023\/12\/pdp-square.png","width":1200,"height":1200,"caption":"CRYOPDP"},"image":{"@id":"https:\/\/cryopdp.com\/fr\/#\/schema\/logo\/image\/"},"sameAs":["https:\/\/x.com\/CRYOPDP_","https:\/\/www.linkedin.com\/company\/cryopdp","https:\/\/www.youtube.com\/channel\/UCMAksAtjJDxbVHG0ItM4lUQ","https:\/\/open.spotify.com\/show\/38TuNaX1QexPKFvL6mU0Fw?si=9766c86aea1e4b7f"]}]}},"_links":{"self":[{"href":"https:\/\/cryopdp.com\/fr\/wp-json\/wp\/v2\/pages\/13821","targetHints":{"allow":["GET"]}}],"collection":[{"href":"https:\/\/cryopdp.com\/fr\/wp-json\/wp\/v2\/pages"}],"about":[{"href":"https:\/\/cryopdp.com\/fr\/wp-json\/wp\/v2\/types\/page"}],"author":[{"embeddable":true,"href":"https:\/\/cryopdp.com\/fr\/wp-json\/wp\/v2\/users\/2"}],"replies":[{"embeddable":true,"href":"https:\/\/cryopdp.com\/fr\/wp-json\/wp\/v2\/comments?post=13821"}],"version-history":[{"count":0,"href":"https:\/\/cryopdp.com\/fr\/wp-json\/wp\/v2\/pages\/13821\/revisions"}],"up":[{"embeddable":true,"href":"https:\/\/cryopdp.com\/fr\/wp-json\/wp\/v2\/pages\/14119"}],"wp:featuredmedia":[{"embeddable":true,"href":"https:\/\/cryopdp.com\/fr\/wp-json\/wp\/v2\/media\/1850"}],"wp:attachment":[{"href":"https:\/\/cryopdp.com\/fr\/wp-json\/wp\/v2\/media?parent=13821"}],"curies":[{"name":"wp","href":"https:\/\/api.w.org\/{rel}","templated":true}]}}