{"id":13829,"date":"2024-07-10T15:59:29","date_gmt":"2024-07-10T14:59:29","guid":{"rendered":"https:\/\/cryopdp.com\/qui-sommes-nous\/vue-densemble-mondiale-carte\/"},"modified":"2026-03-09T13:28:12","modified_gmt":"2026-03-09T13:28:12","slug":"vue-densemble-mondiale-carte","status":"publish","type":"page","link":"https:\/\/cryopdp.com\/fr\/qui-sommes-nous\/vue-densemble-mondiale-carte\/","title":{"rendered":"Vue d&rsquo;ensemble mondiale (carte)"},"content":{"rendered":"","protected":false},"excerpt":{"rendered":"","protected":false},"author":8,"featured_media":0,"parent":14149,"menu_order":0,"comment_status":"closed","ping_status":"closed","template":"","meta":{"_acf_changed":false,"_lmt_disableupdate":"","_lmt_disable":"","footnotes":""},"class_list":["post-13829","page","type-page","status-publish","hentry"],"acf":[],"yoast_head":"<!-- This site is optimized with the Yoast SEO plugin v27.5 - https:\/\/yoast.com\/product\/yoast-seo-wordpress\/ -->\n<title>Vue d&#039;ensemble mondiale (carte) - CRYOPDP<\/title>\n<meta name=\"description\" content=\"CRYOPDP Global Overview fournit des services logistiques dans plus de 135 pays en s&#039;appuyant sur un syst\u00e8me de gestion de la qualit\u00e9 \u00e9prouv\u00e9 afin d&#039;offrir un service fiable dans le monde entier.\" \/>\n<meta name=\"robots\" content=\"index, follow, max-snippet:-1, max-image-preview:large, max-video-preview:-1\" \/>\n<link rel=\"canonical\" href=\"https:\/\/cryopdp.com\/fr\/qui-sommes-nous\/vue-densemble-mondiale-carte\/\" \/>\n<meta property=\"og:locale\" content=\"fr_FR\" \/>\n<meta property=\"og:type\" content=\"article\" \/>\n<meta property=\"og:title\" content=\"Vue d&#039;ensemble mondiale (carte) - CRYOPDP\" \/>\n<meta property=\"og:description\" content=\"CRYOPDP Global Overview fournit des services logistiques dans plus de 135 pays en s&#039;appuyant sur un syst\u00e8me de gestion de la qualit\u00e9 \u00e9prouv\u00e9 afin d&#039;offrir un service fiable dans le monde entier.\" \/>\n<meta property=\"og:url\" content=\"https:\/\/cryopdp.com\/fr\/qui-sommes-nous\/vue-densemble-mondiale-carte\/\" \/>\n<meta property=\"og:site_name\" content=\"CRYOPDP\" \/>\n<meta property=\"article:modified_time\" content=\"2026-03-09T13:28:12+00:00\" \/>\n<meta property=\"og:image\" content=\"https:\/\/cryopdp.com\/wp-content\/uploads\/2023\/12\/pdp-seo.png\" \/>\n\t<meta property=\"og:image:width\" content=\"1200\" \/>\n\t<meta property=\"og:image:height\" content=\"675\" \/>\n\t<meta property=\"og:image:type\" content=\"image\/png\" \/>\n<meta name=\"twitter:card\" content=\"summary_large_image\" \/>\n<meta name=\"twitter:site\" content=\"@CRYOPDP_\" \/>\n<script type=\"application\/ld+json\" class=\"yoast-schema-graph\">{\"@context\":\"https:\\\/\\\/schema.org\",\"@graph\":[{\"@type\":\"WebPage\",\"@id\":\"https:\\\/\\\/cryopdp.com\\\/fr\\\/qui-sommes-nous\\\/vue-densemble-mondiale-carte\\\/\",\"url\":\"https:\\\/\\\/cryopdp.com\\\/fr\\\/qui-sommes-nous\\\/vue-densemble-mondiale-carte\\\/\",\"name\":\"Vue d'ensemble mondiale (carte) - CRYOPDP\",\"isPartOf\":{\"@id\":\"https:\\\/\\\/cryopdp.com\\\/fr\\\/#website\"},\"datePublished\":\"2024-07-10T14:59:29+00:00\",\"dateModified\":\"2026-03-09T13:28:12+00:00\",\"description\":\"CRYOPDP Global Overview fournit des services logistiques dans plus de 135 pays en s'appuyant sur un syst\u00e8me de gestion de la qualit\u00e9 \u00e9prouv\u00e9 afin d'offrir un service fiable dans le monde entier.\",\"breadcrumb\":{\"@id\":\"https:\\\/\\\/cryopdp.com\\\/fr\\\/qui-sommes-nous\\\/vue-densemble-mondiale-carte\\\/#breadcrumb\"},\"inLanguage\":\"fr-FR\",\"potentialAction\":[{\"@type\":\"ReadAction\",\"target\":[\"https:\\\/\\\/cryopdp.com\\\/fr\\\/qui-sommes-nous\\\/vue-densemble-mondiale-carte\\\/\"]}]},{\"@type\":\"BreadcrumbList\",\"@id\":\"https:\\\/\\\/cryopdp.com\\\/fr\\\/qui-sommes-nous\\\/vue-densemble-mondiale-carte\\\/#breadcrumb\",\"itemListElement\":[{\"@type\":\"ListItem\",\"position\":1,\"name\":\"Accueil\",\"item\":\"https:\\\/\\\/cryopdp.com\\\/fr\\\/\"},{\"@type\":\"ListItem\",\"position\":2,\"name\":\"Vue d&#8217;ensemble mondiale (carte)\"}]},{\"@type\":\"WebSite\",\"@id\":\"https:\\\/\\\/cryopdp.com\\\/fr\\\/#website\",\"url\":\"https:\\\/\\\/cryopdp.com\\\/fr\\\/\",\"name\":\"CRYOPDP\",\"description\":\"\",\"publisher\":{\"@id\":\"https:\\\/\\\/cryopdp.com\\\/fr\\\/#organization\"},\"potentialAction\":[{\"@type\":\"SearchAction\",\"target\":{\"@type\":\"EntryPoint\",\"urlTemplate\":\"https:\\\/\\\/cryopdp.com\\\/fr\\\/?s={search_term_string}\"},\"query-input\":{\"@type\":\"PropertyValueSpecification\",\"valueRequired\":true,\"valueName\":\"search_term_string\"}}],\"inLanguage\":\"fr-FR\"},{\"@type\":\"Organization\",\"@id\":\"https:\\\/\\\/cryopdp.com\\\/fr\\\/#organization\",\"name\":\"CRYOPDP\",\"url\":\"https:\\\/\\\/cryopdp.com\\\/fr\\\/\",\"logo\":{\"@type\":\"ImageObject\",\"inLanguage\":\"fr-FR\",\"@id\":\"https:\\\/\\\/cryopdp.com\\\/fr\\\/#\\\/schema\\\/logo\\\/image\\\/\",\"url\":\"https:\\\/\\\/cryopdp.com\\\/wp-content\\\/uploads\\\/sites\\\/2\\\/2023\\\/12\\\/pdp-square.png\",\"contentUrl\":\"https:\\\/\\\/cryopdp.com\\\/wp-content\\\/uploads\\\/sites\\\/2\\\/2023\\\/12\\\/pdp-square.png\",\"width\":1200,\"height\":1200,\"caption\":\"CRYOPDP\"},\"image\":{\"@id\":\"https:\\\/\\\/cryopdp.com\\\/fr\\\/#\\\/schema\\\/logo\\\/image\\\/\"},\"sameAs\":[\"https:\\\/\\\/x.com\\\/CRYOPDP_\",\"https:\\\/\\\/www.linkedin.com\\\/company\\\/cryopdp\",\"https:\\\/\\\/www.youtube.com\\\/channel\\\/UCMAksAtjJDxbVHG0ItM4lUQ\",\"https:\\\/\\\/open.spotify.com\\\/show\\\/38TuNaX1QexPKFvL6mU0Fw?si=9766c86aea1e4b7f\"]}]}<\/script>\n<!-- \/ Yoast SEO plugin. -->","yoast_head_json":{"title":"Vue d'ensemble mondiale (carte) - CRYOPDP","description":"CRYOPDP Global Overview fournit des services logistiques dans plus de 135 pays en s'appuyant sur un syst\u00e8me de gestion de la qualit\u00e9 \u00e9prouv\u00e9 afin d'offrir un service fiable dans le monde entier.","robots":{"index":"index","follow":"follow","max-snippet":"max-snippet:-1","max-image-preview":"max-image-preview:large","max-video-preview":"max-video-preview:-1"},"canonical":"https:\/\/cryopdp.com\/fr\/qui-sommes-nous\/vue-densemble-mondiale-carte\/","og_locale":"fr_FR","og_type":"article","og_title":"Vue d'ensemble mondiale (carte) - CRYOPDP","og_description":"CRYOPDP Global Overview fournit des services logistiques dans plus de 135 pays en s'appuyant sur un syst\u00e8me de gestion de la qualit\u00e9 \u00e9prouv\u00e9 afin d'offrir un service fiable dans le monde entier.","og_url":"https:\/\/cryopdp.com\/fr\/qui-sommes-nous\/vue-densemble-mondiale-carte\/","og_site_name":"CRYOPDP","article_modified_time":"2026-03-09T13:28:12+00:00","og_image":[{"width":1200,"height":675,"url":"https:\/\/cryopdp.com\/wp-content\/uploads\/2023\/12\/pdp-seo.png","type":"image\/png"}],"twitter_card":"summary_large_image","twitter_site":"@CRYOPDP_","schema":{"@context":"https:\/\/schema.org","@graph":[{"@type":"WebPage","@id":"https:\/\/cryopdp.com\/fr\/qui-sommes-nous\/vue-densemble-mondiale-carte\/","url":"https:\/\/cryopdp.com\/fr\/qui-sommes-nous\/vue-densemble-mondiale-carte\/","name":"Vue d'ensemble mondiale (carte) - CRYOPDP","isPartOf":{"@id":"https:\/\/cryopdp.com\/fr\/#website"},"datePublished":"2024-07-10T14:59:29+00:00","dateModified":"2026-03-09T13:28:12+00:00","description":"CRYOPDP Global Overview fournit des services logistiques dans plus de 135 pays en s'appuyant sur un syst\u00e8me de gestion de la qualit\u00e9 \u00e9prouv\u00e9 afin d'offrir un service fiable dans le monde entier.","breadcrumb":{"@id":"https:\/\/cryopdp.com\/fr\/qui-sommes-nous\/vue-densemble-mondiale-carte\/#breadcrumb"},"inLanguage":"fr-FR","potentialAction":[{"@type":"ReadAction","target":["https:\/\/cryopdp.com\/fr\/qui-sommes-nous\/vue-densemble-mondiale-carte\/"]}]},{"@type":"BreadcrumbList","@id":"https:\/\/cryopdp.com\/fr\/qui-sommes-nous\/vue-densemble-mondiale-carte\/#breadcrumb","itemListElement":[{"@type":"ListItem","position":1,"name":"Accueil","item":"https:\/\/cryopdp.com\/fr\/"},{"@type":"ListItem","position":2,"name":"Vue d&#8217;ensemble mondiale (carte)"}]},{"@type":"WebSite","@id":"https:\/\/cryopdp.com\/fr\/#website","url":"https:\/\/cryopdp.com\/fr\/","name":"CRYOPDP","description":"","publisher":{"@id":"https:\/\/cryopdp.com\/fr\/#organization"},"potentialAction":[{"@type":"SearchAction","target":{"@type":"EntryPoint","urlTemplate":"https:\/\/cryopdp.com\/fr\/?s={search_term_string}"},"query-input":{"@type":"PropertyValueSpecification","valueRequired":true,"valueName":"search_term_string"}}],"inLanguage":"fr-FR"},{"@type":"Organization","@id":"https:\/\/cryopdp.com\/fr\/#organization","name":"CRYOPDP","url":"https:\/\/cryopdp.com\/fr\/","logo":{"@type":"ImageObject","inLanguage":"fr-FR","@id":"https:\/\/cryopdp.com\/fr\/#\/schema\/logo\/image\/","url":"https:\/\/cryopdp.com\/wp-content\/uploads\/sites\/2\/2023\/12\/pdp-square.png","contentUrl":"https:\/\/cryopdp.com\/wp-content\/uploads\/sites\/2\/2023\/12\/pdp-square.png","width":1200,"height":1200,"caption":"CRYOPDP"},"image":{"@id":"https:\/\/cryopdp.com\/fr\/#\/schema\/logo\/image\/"},"sameAs":["https:\/\/x.com\/CRYOPDP_","https:\/\/www.linkedin.com\/company\/cryopdp","https:\/\/www.youtube.com\/channel\/UCMAksAtjJDxbVHG0ItM4lUQ","https:\/\/open.spotify.com\/show\/38TuNaX1QexPKFvL6mU0Fw?si=9766c86aea1e4b7f"]}]}},"_links":{"self":[{"href":"https:\/\/cryopdp.com\/fr\/wp-json\/wp\/v2\/pages\/13829","targetHints":{"allow":["GET"]}}],"collection":[{"href":"https:\/\/cryopdp.com\/fr\/wp-json\/wp\/v2\/pages"}],"about":[{"href":"https:\/\/cryopdp.com\/fr\/wp-json\/wp\/v2\/types\/page"}],"author":[{"embeddable":true,"href":"https:\/\/cryopdp.com\/fr\/wp-json\/wp\/v2\/users\/8"}],"replies":[{"embeddable":true,"href":"https:\/\/cryopdp.com\/fr\/wp-json\/wp\/v2\/comments?post=13829"}],"version-history":[{"count":0,"href":"https:\/\/cryopdp.com\/fr\/wp-json\/wp\/v2\/pages\/13829\/revisions"}],"up":[{"embeddable":true,"href":"https:\/\/cryopdp.com\/fr\/wp-json\/wp\/v2\/pages\/14149"}],"wp:attachment":[{"href":"https:\/\/cryopdp.com\/fr\/wp-json\/wp\/v2\/media?parent=13829"}],"curies":[{"name":"wp","href":"https:\/\/api.w.org\/{rel}","templated":true}]}}