{"id":13875,"date":"2023-03-24T11:26:58","date_gmt":"2023-03-24T11:26:58","guid":{"rendered":"https:\/\/cryopdp.com\/solutions-a-valeur-ajoutee-pour-les-essais-cliniques\/lab-move-solutions\/"},"modified":"2026-03-09T13:45:01","modified_gmt":"2026-03-09T13:45:01","slug":"lab-move-solutions","status":"publish","type":"page","link":"https:\/\/cryopdp.com\/fr\/solutions-a-valeur-ajoutee-pour-les-essais-cliniques\/lab-move-solutions\/","title":{"rendered":"Lab Move Solutions"},"content":{"rendered":"","protected":false},"excerpt":{"rendered":"","protected":false},"author":2,"featured_media":1621,"parent":13466,"menu_order":0,"comment_status":"closed","ping_status":"closed","template":"","meta":{"_acf_changed":false,"_lmt_disableupdate":"","_lmt_disable":"","footnotes":""},"class_list":["post-13875","page","type-page","status-publish","has-post-thumbnail","hentry"],"acf":[],"yoast_head":"<!-- This site is optimized with the Yoast SEO plugin v27.3 - https:\/\/yoast.com\/product\/yoast-seo-wordpress\/ -->\n<title>Lab Move Solutions - CRYOPDP<\/title>\n<meta name=\"description\" content=\"CRYOPDP excelle dans les solutions de transfert de laboratoire, en g\u00e9rant globalement les \u00e9chantillons vitaux avec la cryoconservation, la reprise apr\u00e8s sinistre et le respect m\u00e9ticuleux des proc\u00e9dures op\u00e9ratoires normalis\u00e9es (SOP).\" \/>\n<meta name=\"robots\" content=\"index, follow, max-snippet:-1, max-image-preview:large, max-video-preview:-1\" \/>\n<link rel=\"canonical\" href=\"https:\/\/cryopdp.com\/fr\/solutions-a-valeur-ajoutee-pour-les-essais-cliniques\/lab-move-solutions\/\" \/>\n<meta property=\"og:locale\" content=\"fr_FR\" \/>\n<meta property=\"og:type\" content=\"article\" \/>\n<meta property=\"og:title\" content=\"Lab Move Solutions - CRYOPDP\" \/>\n<meta property=\"og:description\" content=\"CRYOPDP excelle dans les solutions de transfert de laboratoire, en g\u00e9rant globalement les \u00e9chantillons vitaux avec la cryoconservation, la reprise apr\u00e8s sinistre et le respect m\u00e9ticuleux des proc\u00e9dures op\u00e9ratoires normalis\u00e9es (SOP).\" \/>\n<meta property=\"og:url\" content=\"https:\/\/cryopdp.com\/fr\/solutions-a-valeur-ajoutee-pour-les-essais-cliniques\/lab-move-solutions\/\" \/>\n<meta property=\"og:site_name\" content=\"CRYOPDP\" \/>\n<meta property=\"article:modified_time\" content=\"2026-03-09T13:45:01+00:00\" \/>\n<meta property=\"og:image\" content=\"https:\/\/cryopdp.com\/wp-content\/uploads\/2023\/11\/top-banner.jpg\" \/>\n\t<meta property=\"og:image:width\" content=\"1920\" \/>\n\t<meta property=\"og:image:height\" content=\"1280\" \/>\n\t<meta property=\"og:image:type\" content=\"image\/jpeg\" \/>\n<meta name=\"twitter:card\" content=\"summary_large_image\" \/>\n<meta name=\"twitter:site\" content=\"@CRYOPDP_\" \/>\n<script type=\"application\/ld+json\" class=\"yoast-schema-graph\">{\"@context\":\"https:\\\/\\\/schema.org\",\"@graph\":[{\"@type\":\"WebPage\",\"@id\":\"https:\\\/\\\/cryopdp.com\\\/fr\\\/solutions-a-valeur-ajoutee-pour-les-essais-cliniques\\\/lab-move-solutions\\\/\",\"url\":\"https:\\\/\\\/cryopdp.com\\\/fr\\\/solutions-a-valeur-ajoutee-pour-les-essais-cliniques\\\/lab-move-solutions\\\/\",\"name\":\"Lab Move Solutions - CRYOPDP\",\"isPartOf\":{\"@id\":\"https:\\\/\\\/cryopdp.com\\\/fr\\\/#website\"},\"primaryImageOfPage\":{\"@id\":\"https:\\\/\\\/cryopdp.com\\\/fr\\\/solutions-a-valeur-ajoutee-pour-les-essais-cliniques\\\/lab-move-solutions\\\/#primaryimage\"},\"image\":{\"@id\":\"https:\\\/\\\/cryopdp.com\\\/fr\\\/solutions-a-valeur-ajoutee-pour-les-essais-cliniques\\\/lab-move-solutions\\\/#primaryimage\"},\"thumbnailUrl\":\"https:\\\/\\\/cryopdp.com\\\/wp-content\\\/uploads\\\/2023\\\/11\\\/top-banner.jpg\",\"datePublished\":\"2023-03-24T11:26:58+00:00\",\"dateModified\":\"2026-03-09T13:45:01+00:00\",\"description\":\"CRYOPDP excelle dans les solutions de transfert de laboratoire, en g\u00e9rant globalement les \u00e9chantillons vitaux avec la cryoconservation, la reprise apr\u00e8s sinistre et le respect m\u00e9ticuleux des proc\u00e9dures op\u00e9ratoires normalis\u00e9es (SOP).\",\"breadcrumb\":{\"@id\":\"https:\\\/\\\/cryopdp.com\\\/fr\\\/solutions-a-valeur-ajoutee-pour-les-essais-cliniques\\\/lab-move-solutions\\\/#breadcrumb\"},\"inLanguage\":\"fr-FR\",\"potentialAction\":[{\"@type\":\"ReadAction\",\"target\":[\"https:\\\/\\\/cryopdp.com\\\/fr\\\/solutions-a-valeur-ajoutee-pour-les-essais-cliniques\\\/lab-move-solutions\\\/\"]}]},{\"@type\":\"ImageObject\",\"inLanguage\":\"fr-FR\",\"@id\":\"https:\\\/\\\/cryopdp.com\\\/fr\\\/solutions-a-valeur-ajoutee-pour-les-essais-cliniques\\\/lab-move-solutions\\\/#primaryimage\",\"url\":\"https:\\\/\\\/cryopdp.com\\\/wp-content\\\/uploads\\\/2023\\\/11\\\/top-banner.jpg\",\"contentUrl\":\"https:\\\/\\\/cryopdp.com\\\/wp-content\\\/uploads\\\/2023\\\/11\\\/top-banner.jpg\",\"width\":1920,\"height\":1280,\"caption\":\"Image d'une pipette avec des tubes \u00e0 essai, symbolisant les solutions de d\u00e9m\u00e9nagement de laboratoires de CRYOPDP qui privil\u00e9gient la pr\u00e9cision et le soin dans le transport d'\u00e9quipements de laboratoire d\u00e9licats.\"},{\"@type\":\"BreadcrumbList\",\"@id\":\"https:\\\/\\\/cryopdp.com\\\/fr\\\/solutions-a-valeur-ajoutee-pour-les-essais-cliniques\\\/lab-move-solutions\\\/#breadcrumb\",\"itemListElement\":[{\"@type\":\"ListItem\",\"position\":1,\"name\":\"Accueil\",\"item\":\"https:\\\/\\\/cryopdp.com\\\/fr\\\/\"},{\"@type\":\"ListItem\",\"position\":2,\"name\":\"Solutions \u00e0 valeur ajout\u00e9e pour les essais cliniques\",\"item\":\"https:\\\/\\\/cryopdp.com\\\/fr\\\/solutions-a-valeur-ajoutee-pour-les-essais-cliniques\\\/\"},{\"@type\":\"ListItem\",\"position\":3,\"name\":\"Lab Move Solutions\"}]},{\"@type\":\"WebSite\",\"@id\":\"https:\\\/\\\/cryopdp.com\\\/fr\\\/#website\",\"url\":\"https:\\\/\\\/cryopdp.com\\\/fr\\\/\",\"name\":\"CRYOPDP\",\"description\":\"\",\"publisher\":{\"@id\":\"https:\\\/\\\/cryopdp.com\\\/fr\\\/#organization\"},\"potentialAction\":[{\"@type\":\"SearchAction\",\"target\":{\"@type\":\"EntryPoint\",\"urlTemplate\":\"https:\\\/\\\/cryopdp.com\\\/fr\\\/?s={search_term_string}\"},\"query-input\":{\"@type\":\"PropertyValueSpecification\",\"valueRequired\":true,\"valueName\":\"search_term_string\"}}],\"inLanguage\":\"fr-FR\"},{\"@type\":\"Organization\",\"@id\":\"https:\\\/\\\/cryopdp.com\\\/fr\\\/#organization\",\"name\":\"CRYOPDP\",\"url\":\"https:\\\/\\\/cryopdp.com\\\/fr\\\/\",\"logo\":{\"@type\":\"ImageObject\",\"inLanguage\":\"fr-FR\",\"@id\":\"https:\\\/\\\/cryopdp.com\\\/fr\\\/#\\\/schema\\\/logo\\\/image\\\/\",\"url\":\"https:\\\/\\\/cryopdp.com\\\/wp-content\\\/uploads\\\/sites\\\/2\\\/2023\\\/12\\\/pdp-square.png\",\"contentUrl\":\"https:\\\/\\\/cryopdp.com\\\/wp-content\\\/uploads\\\/sites\\\/2\\\/2023\\\/12\\\/pdp-square.png\",\"width\":1200,\"height\":1200,\"caption\":\"CRYOPDP\"},\"image\":{\"@id\":\"https:\\\/\\\/cryopdp.com\\\/fr\\\/#\\\/schema\\\/logo\\\/image\\\/\"},\"sameAs\":[\"https:\\\/\\\/x.com\\\/CRYOPDP_\",\"https:\\\/\\\/www.linkedin.com\\\/company\\\/cryopdp\",\"https:\\\/\\\/www.youtube.com\\\/channel\\\/UCMAksAtjJDxbVHG0ItM4lUQ\",\"https:\\\/\\\/open.spotify.com\\\/show\\\/38TuNaX1QexPKFvL6mU0Fw?si=9766c86aea1e4b7f\"]}]}<\/script>\n<!-- \/ Yoast SEO plugin. -->","yoast_head_json":{"title":"Lab Move Solutions - CRYOPDP","description":"CRYOPDP excelle dans les solutions de transfert de laboratoire, en g\u00e9rant globalement les \u00e9chantillons vitaux avec la cryoconservation, la reprise apr\u00e8s sinistre et le respect m\u00e9ticuleux des proc\u00e9dures op\u00e9ratoires normalis\u00e9es (SOP).","robots":{"index":"index","follow":"follow","max-snippet":"max-snippet:-1","max-image-preview":"max-image-preview:large","max-video-preview":"max-video-preview:-1"},"canonical":"https:\/\/cryopdp.com\/fr\/solutions-a-valeur-ajoutee-pour-les-essais-cliniques\/lab-move-solutions\/","og_locale":"fr_FR","og_type":"article","og_title":"Lab Move Solutions - CRYOPDP","og_description":"CRYOPDP excelle dans les solutions de transfert de laboratoire, en g\u00e9rant globalement les \u00e9chantillons vitaux avec la cryoconservation, la reprise apr\u00e8s sinistre et le respect m\u00e9ticuleux des proc\u00e9dures op\u00e9ratoires normalis\u00e9es (SOP).","og_url":"https:\/\/cryopdp.com\/fr\/solutions-a-valeur-ajoutee-pour-les-essais-cliniques\/lab-move-solutions\/","og_site_name":"CRYOPDP","article_modified_time":"2026-03-09T13:45:01+00:00","og_image":[{"width":1920,"height":1280,"url":"https:\/\/cryopdp.com\/wp-content\/uploads\/2023\/11\/top-banner.jpg","type":"image\/jpeg"}],"twitter_card":"summary_large_image","twitter_site":"@CRYOPDP_","schema":{"@context":"https:\/\/schema.org","@graph":[{"@type":"WebPage","@id":"https:\/\/cryopdp.com\/fr\/solutions-a-valeur-ajoutee-pour-les-essais-cliniques\/lab-move-solutions\/","url":"https:\/\/cryopdp.com\/fr\/solutions-a-valeur-ajoutee-pour-les-essais-cliniques\/lab-move-solutions\/","name":"Lab Move Solutions - CRYOPDP","isPartOf":{"@id":"https:\/\/cryopdp.com\/fr\/#website"},"primaryImageOfPage":{"@id":"https:\/\/cryopdp.com\/fr\/solutions-a-valeur-ajoutee-pour-les-essais-cliniques\/lab-move-solutions\/#primaryimage"},"image":{"@id":"https:\/\/cryopdp.com\/fr\/solutions-a-valeur-ajoutee-pour-les-essais-cliniques\/lab-move-solutions\/#primaryimage"},"thumbnailUrl":"https:\/\/cryopdp.com\/wp-content\/uploads\/2023\/11\/top-banner.jpg","datePublished":"2023-03-24T11:26:58+00:00","dateModified":"2026-03-09T13:45:01+00:00","description":"CRYOPDP excelle dans les solutions de transfert de laboratoire, en g\u00e9rant globalement les \u00e9chantillons vitaux avec la cryoconservation, la reprise apr\u00e8s sinistre et le respect m\u00e9ticuleux des proc\u00e9dures op\u00e9ratoires normalis\u00e9es (SOP).","breadcrumb":{"@id":"https:\/\/cryopdp.com\/fr\/solutions-a-valeur-ajoutee-pour-les-essais-cliniques\/lab-move-solutions\/#breadcrumb"},"inLanguage":"fr-FR","potentialAction":[{"@type":"ReadAction","target":["https:\/\/cryopdp.com\/fr\/solutions-a-valeur-ajoutee-pour-les-essais-cliniques\/lab-move-solutions\/"]}]},{"@type":"ImageObject","inLanguage":"fr-FR","@id":"https:\/\/cryopdp.com\/fr\/solutions-a-valeur-ajoutee-pour-les-essais-cliniques\/lab-move-solutions\/#primaryimage","url":"https:\/\/cryopdp.com\/wp-content\/uploads\/2023\/11\/top-banner.jpg","contentUrl":"https:\/\/cryopdp.com\/wp-content\/uploads\/2023\/11\/top-banner.jpg","width":1920,"height":1280,"caption":"Image d'une pipette avec des tubes \u00e0 essai, symbolisant les solutions de d\u00e9m\u00e9nagement de laboratoires de CRYOPDP qui privil\u00e9gient la pr\u00e9cision et le soin dans le transport d'\u00e9quipements de laboratoire d\u00e9licats."},{"@type":"BreadcrumbList","@id":"https:\/\/cryopdp.com\/fr\/solutions-a-valeur-ajoutee-pour-les-essais-cliniques\/lab-move-solutions\/#breadcrumb","itemListElement":[{"@type":"ListItem","position":1,"name":"Accueil","item":"https:\/\/cryopdp.com\/fr\/"},{"@type":"ListItem","position":2,"name":"Solutions \u00e0 valeur ajout\u00e9e pour les essais cliniques","item":"https:\/\/cryopdp.com\/fr\/solutions-a-valeur-ajoutee-pour-les-essais-cliniques\/"},{"@type":"ListItem","position":3,"name":"Lab Move Solutions"}]},{"@type":"WebSite","@id":"https:\/\/cryopdp.com\/fr\/#website","url":"https:\/\/cryopdp.com\/fr\/","name":"CRYOPDP","description":"","publisher":{"@id":"https:\/\/cryopdp.com\/fr\/#organization"},"potentialAction":[{"@type":"SearchAction","target":{"@type":"EntryPoint","urlTemplate":"https:\/\/cryopdp.com\/fr\/?s={search_term_string}"},"query-input":{"@type":"PropertyValueSpecification","valueRequired":true,"valueName":"search_term_string"}}],"inLanguage":"fr-FR"},{"@type":"Organization","@id":"https:\/\/cryopdp.com\/fr\/#organization","name":"CRYOPDP","url":"https:\/\/cryopdp.com\/fr\/","logo":{"@type":"ImageObject","inLanguage":"fr-FR","@id":"https:\/\/cryopdp.com\/fr\/#\/schema\/logo\/image\/","url":"https:\/\/cryopdp.com\/wp-content\/uploads\/sites\/2\/2023\/12\/pdp-square.png","contentUrl":"https:\/\/cryopdp.com\/wp-content\/uploads\/sites\/2\/2023\/12\/pdp-square.png","width":1200,"height":1200,"caption":"CRYOPDP"},"image":{"@id":"https:\/\/cryopdp.com\/fr\/#\/schema\/logo\/image\/"},"sameAs":["https:\/\/x.com\/CRYOPDP_","https:\/\/www.linkedin.com\/company\/cryopdp","https:\/\/www.youtube.com\/channel\/UCMAksAtjJDxbVHG0ItM4lUQ","https:\/\/open.spotify.com\/show\/38TuNaX1QexPKFvL6mU0Fw?si=9766c86aea1e4b7f"]}]}},"_links":{"self":[{"href":"https:\/\/cryopdp.com\/fr\/wp-json\/wp\/v2\/pages\/13875","targetHints":{"allow":["GET"]}}],"collection":[{"href":"https:\/\/cryopdp.com\/fr\/wp-json\/wp\/v2\/pages"}],"about":[{"href":"https:\/\/cryopdp.com\/fr\/wp-json\/wp\/v2\/types\/page"}],"author":[{"embeddable":true,"href":"https:\/\/cryopdp.com\/fr\/wp-json\/wp\/v2\/users\/2"}],"replies":[{"embeddable":true,"href":"https:\/\/cryopdp.com\/fr\/wp-json\/wp\/v2\/comments?post=13875"}],"version-history":[{"count":0,"href":"https:\/\/cryopdp.com\/fr\/wp-json\/wp\/v2\/pages\/13875\/revisions"}],"up":[{"embeddable":true,"href":"https:\/\/cryopdp.com\/fr\/wp-json\/wp\/v2\/pages\/13466"}],"wp:featuredmedia":[{"embeddable":true,"href":"https:\/\/cryopdp.com\/fr\/wp-json\/wp\/v2\/media\/1621"}],"wp:attachment":[{"href":"https:\/\/cryopdp.com\/fr\/wp-json\/wp\/v2\/media?parent=13875"}],"curies":[{"name":"wp","href":"https:\/\/api.w.org\/{rel}","templated":true}]}}