{"id":14057,"date":"2023-11-28T14:24:56","date_gmt":"2023-11-28T14:24:56","guid":{"rendered":"https:\/\/cryopdp.com\/solutions-a-valeur-ajoutee-pour-les-essais-cliniques\/rationaliser-les-essais-cliniques\/"},"modified":"2026-03-09T15:12:31","modified_gmt":"2026-03-09T15:12:31","slug":"rationaliser-les-essais-cliniques","status":"publish","type":"page","link":"https:\/\/cryopdp.com\/fr\/solutions-a-valeur-ajoutee-pour-les-essais-cliniques\/rationaliser-les-essais-cliniques\/","title":{"rendered":"Rationaliser les essais cliniques"},"content":{"rendered":"","protected":false},"excerpt":{"rendered":"","protected":false},"author":8,"featured_media":2266,"parent":13466,"menu_order":3,"comment_status":"closed","ping_status":"closed","template":"","meta":{"_acf_changed":false,"_lmt_disableupdate":"","_lmt_disable":"","footnotes":""},"class_list":["post-14057","page","type-page","status-publish","has-post-thumbnail","hentry"],"acf":[],"yoast_head":"<!-- This site is optimized with the Yoast SEO plugin v27.3 - https:\/\/yoast.com\/product\/yoast-seo-wordpress\/ -->\n<title>Rationaliser les essais cliniques - CRYOPDP<\/title>\n<meta name=\"description\" content=\"D\u00e9couvrez comment les solutions de cha\u00eene du froid rationalisent les essais cliniques pour acc\u00e9l\u00e9rer les perc\u00e9es et les avanc\u00e9es dans le domaine de la recherche et de la gestion des soins de sant\u00e9.\" \/>\n<meta name=\"robots\" content=\"index, follow, max-snippet:-1, max-image-preview:large, max-video-preview:-1\" \/>\n<link rel=\"canonical\" href=\"https:\/\/cryopdp.com\/fr\/solutions-a-valeur-ajoutee-pour-les-essais-cliniques\/rationaliser-les-essais-cliniques\/\" \/>\n<meta property=\"og:locale\" content=\"fr_FR\" \/>\n<meta property=\"og:type\" content=\"article\" \/>\n<meta property=\"og:title\" content=\"Rationaliser les essais cliniques - CRYOPDP\" \/>\n<meta property=\"og:description\" content=\"D\u00e9couvrez comment les solutions de cha\u00eene du froid rationalisent les essais cliniques pour acc\u00e9l\u00e9rer les perc\u00e9es et les avanc\u00e9es dans le domaine de la recherche et de la gestion des soins de sant\u00e9.\" \/>\n<meta property=\"og:url\" content=\"https:\/\/cryopdp.com\/fr\/solutions-a-valeur-ajoutee-pour-les-essais-cliniques\/rationaliser-les-essais-cliniques\/\" \/>\n<meta property=\"og:site_name\" content=\"CRYOPDP\" \/>\n<meta property=\"article:modified_time\" content=\"2026-03-09T15:12:31+00:00\" \/>\n<meta property=\"og:image\" content=\"https:\/\/cryopdp.com\/wp-content\/uploads\/2023\/11\/close-up-view-of-medical-or-scientific-researcher-2023-04-17-20-26-55-utc-scaled.jpg\" \/>\n\t<meta property=\"og:image:width\" content=\"2560\" \/>\n\t<meta property=\"og:image:height\" content=\"866\" \/>\n\t<meta property=\"og:image:type\" content=\"image\/jpeg\" \/>\n<meta name=\"twitter:card\" content=\"summary_large_image\" \/>\n<meta name=\"twitter:site\" content=\"@CRYOPDP_\" \/>\n<script type=\"application\/ld+json\" class=\"yoast-schema-graph\">{\"@context\":\"https:\\\/\\\/schema.org\",\"@graph\":[{\"@type\":\"WebPage\",\"@id\":\"https:\\\/\\\/cryopdp.com\\\/fr\\\/solutions-a-valeur-ajoutee-pour-les-essais-cliniques\\\/rationaliser-les-essais-cliniques\\\/\",\"url\":\"https:\\\/\\\/cryopdp.com\\\/fr\\\/solutions-a-valeur-ajoutee-pour-les-essais-cliniques\\\/rationaliser-les-essais-cliniques\\\/\",\"name\":\"Rationaliser les essais cliniques - CRYOPDP\",\"isPartOf\":{\"@id\":\"https:\\\/\\\/cryopdp.com\\\/fr\\\/#website\"},\"primaryImageOfPage\":{\"@id\":\"https:\\\/\\\/cryopdp.com\\\/fr\\\/solutions-a-valeur-ajoutee-pour-les-essais-cliniques\\\/rationaliser-les-essais-cliniques\\\/#primaryimage\"},\"image\":{\"@id\":\"https:\\\/\\\/cryopdp.com\\\/fr\\\/solutions-a-valeur-ajoutee-pour-les-essais-cliniques\\\/rationaliser-les-essais-cliniques\\\/#primaryimage\"},\"thumbnailUrl\":\"https:\\\/\\\/cryopdp.com\\\/wp-content\\\/uploads\\\/2023\\\/11\\\/close-up-view-of-medical-or-scientific-researcher-2023-04-17-20-26-55-utc-scaled.jpg\",\"datePublished\":\"2023-11-28T14:24:56+00:00\",\"dateModified\":\"2026-03-09T15:12:31+00:00\",\"description\":\"D\u00e9couvrez comment les solutions de cha\u00eene du froid rationalisent les essais cliniques pour acc\u00e9l\u00e9rer les perc\u00e9es et les avanc\u00e9es dans le domaine de la recherche et de la gestion des soins de sant\u00e9.\",\"breadcrumb\":{\"@id\":\"https:\\\/\\\/cryopdp.com\\\/fr\\\/solutions-a-valeur-ajoutee-pour-les-essais-cliniques\\\/rationaliser-les-essais-cliniques\\\/#breadcrumb\"},\"inLanguage\":\"fr-FR\",\"potentialAction\":[{\"@type\":\"ReadAction\",\"target\":[\"https:\\\/\\\/cryopdp.com\\\/fr\\\/solutions-a-valeur-ajoutee-pour-les-essais-cliniques\\\/rationaliser-les-essais-cliniques\\\/\"]}]},{\"@type\":\"ImageObject\",\"inLanguage\":\"fr-FR\",\"@id\":\"https:\\\/\\\/cryopdp.com\\\/fr\\\/solutions-a-valeur-ajoutee-pour-les-essais-cliniques\\\/rationaliser-les-essais-cliniques\\\/#primaryimage\",\"url\":\"https:\\\/\\\/cryopdp.com\\\/wp-content\\\/uploads\\\/2023\\\/11\\\/close-up-view-of-medical-or-scientific-researcher-2023-04-17-20-26-55-utc-scaled.jpg\",\"contentUrl\":\"https:\\\/\\\/cryopdp.com\\\/wp-content\\\/uploads\\\/2023\\\/11\\\/close-up-view-of-medical-or-scientific-researcher-2023-04-17-20-26-55-utc-scaled.jpg\",\"width\":2560,\"height\":866,\"caption\":\"Scientifique contribuant \u00e0 la rationalisation des essais cliniques gr\u00e2ce \u00e0 des tests pr\u00e9cis.\"},{\"@type\":\"BreadcrumbList\",\"@id\":\"https:\\\/\\\/cryopdp.com\\\/fr\\\/solutions-a-valeur-ajoutee-pour-les-essais-cliniques\\\/rationaliser-les-essais-cliniques\\\/#breadcrumb\",\"itemListElement\":[{\"@type\":\"ListItem\",\"position\":1,\"name\":\"Accueil\",\"item\":\"https:\\\/\\\/cryopdp.com\\\/fr\\\/\"},{\"@type\":\"ListItem\",\"position\":2,\"name\":\"Solutions \u00e0 valeur ajout\u00e9e pour les essais cliniques\",\"item\":\"https:\\\/\\\/cryopdp.com\\\/fr\\\/solutions-a-valeur-ajoutee-pour-les-essais-cliniques\\\/\"},{\"@type\":\"ListItem\",\"position\":3,\"name\":\"Rationaliser les essais cliniques\"}]},{\"@type\":\"WebSite\",\"@id\":\"https:\\\/\\\/cryopdp.com\\\/fr\\\/#website\",\"url\":\"https:\\\/\\\/cryopdp.com\\\/fr\\\/\",\"name\":\"CRYOPDP\",\"description\":\"\",\"publisher\":{\"@id\":\"https:\\\/\\\/cryopdp.com\\\/fr\\\/#organization\"},\"potentialAction\":[{\"@type\":\"SearchAction\",\"target\":{\"@type\":\"EntryPoint\",\"urlTemplate\":\"https:\\\/\\\/cryopdp.com\\\/fr\\\/?s={search_term_string}\"},\"query-input\":{\"@type\":\"PropertyValueSpecification\",\"valueRequired\":true,\"valueName\":\"search_term_string\"}}],\"inLanguage\":\"fr-FR\"},{\"@type\":\"Organization\",\"@id\":\"https:\\\/\\\/cryopdp.com\\\/fr\\\/#organization\",\"name\":\"CRYOPDP\",\"url\":\"https:\\\/\\\/cryopdp.com\\\/fr\\\/\",\"logo\":{\"@type\":\"ImageObject\",\"inLanguage\":\"fr-FR\",\"@id\":\"https:\\\/\\\/cryopdp.com\\\/fr\\\/#\\\/schema\\\/logo\\\/image\\\/\",\"url\":\"https:\\\/\\\/cryopdp.com\\\/wp-content\\\/uploads\\\/sites\\\/2\\\/2023\\\/12\\\/pdp-square.png\",\"contentUrl\":\"https:\\\/\\\/cryopdp.com\\\/wp-content\\\/uploads\\\/sites\\\/2\\\/2023\\\/12\\\/pdp-square.png\",\"width\":1200,\"height\":1200,\"caption\":\"CRYOPDP\"},\"image\":{\"@id\":\"https:\\\/\\\/cryopdp.com\\\/fr\\\/#\\\/schema\\\/logo\\\/image\\\/\"},\"sameAs\":[\"https:\\\/\\\/x.com\\\/CRYOPDP_\",\"https:\\\/\\\/www.linkedin.com\\\/company\\\/cryopdp\",\"https:\\\/\\\/www.youtube.com\\\/channel\\\/UCMAksAtjJDxbVHG0ItM4lUQ\",\"https:\\\/\\\/open.spotify.com\\\/show\\\/38TuNaX1QexPKFvL6mU0Fw?si=9766c86aea1e4b7f\"]}]}<\/script>\n<!-- \/ Yoast SEO plugin. -->","yoast_head_json":{"title":"Rationaliser les essais cliniques - CRYOPDP","description":"D\u00e9couvrez comment les solutions de cha\u00eene du froid rationalisent les essais cliniques pour acc\u00e9l\u00e9rer les perc\u00e9es et les avanc\u00e9es dans le domaine de la recherche et de la gestion des soins de sant\u00e9.","robots":{"index":"index","follow":"follow","max-snippet":"max-snippet:-1","max-image-preview":"max-image-preview:large","max-video-preview":"max-video-preview:-1"},"canonical":"https:\/\/cryopdp.com\/fr\/solutions-a-valeur-ajoutee-pour-les-essais-cliniques\/rationaliser-les-essais-cliniques\/","og_locale":"fr_FR","og_type":"article","og_title":"Rationaliser les essais cliniques - CRYOPDP","og_description":"D\u00e9couvrez comment les solutions de cha\u00eene du froid rationalisent les essais cliniques pour acc\u00e9l\u00e9rer les perc\u00e9es et les avanc\u00e9es dans le domaine de la recherche et de la gestion des soins de sant\u00e9.","og_url":"https:\/\/cryopdp.com\/fr\/solutions-a-valeur-ajoutee-pour-les-essais-cliniques\/rationaliser-les-essais-cliniques\/","og_site_name":"CRYOPDP","article_modified_time":"2026-03-09T15:12:31+00:00","og_image":[{"width":2560,"height":866,"url":"https:\/\/cryopdp.com\/wp-content\/uploads\/2023\/11\/close-up-view-of-medical-or-scientific-researcher-2023-04-17-20-26-55-utc-scaled.jpg","type":"image\/jpeg"}],"twitter_card":"summary_large_image","twitter_site":"@CRYOPDP_","schema":{"@context":"https:\/\/schema.org","@graph":[{"@type":"WebPage","@id":"https:\/\/cryopdp.com\/fr\/solutions-a-valeur-ajoutee-pour-les-essais-cliniques\/rationaliser-les-essais-cliniques\/","url":"https:\/\/cryopdp.com\/fr\/solutions-a-valeur-ajoutee-pour-les-essais-cliniques\/rationaliser-les-essais-cliniques\/","name":"Rationaliser les essais cliniques - CRYOPDP","isPartOf":{"@id":"https:\/\/cryopdp.com\/fr\/#website"},"primaryImageOfPage":{"@id":"https:\/\/cryopdp.com\/fr\/solutions-a-valeur-ajoutee-pour-les-essais-cliniques\/rationaliser-les-essais-cliniques\/#primaryimage"},"image":{"@id":"https:\/\/cryopdp.com\/fr\/solutions-a-valeur-ajoutee-pour-les-essais-cliniques\/rationaliser-les-essais-cliniques\/#primaryimage"},"thumbnailUrl":"https:\/\/cryopdp.com\/wp-content\/uploads\/2023\/11\/close-up-view-of-medical-or-scientific-researcher-2023-04-17-20-26-55-utc-scaled.jpg","datePublished":"2023-11-28T14:24:56+00:00","dateModified":"2026-03-09T15:12:31+00:00","description":"D\u00e9couvrez comment les solutions de cha\u00eene du froid rationalisent les essais cliniques pour acc\u00e9l\u00e9rer les perc\u00e9es et les avanc\u00e9es dans le domaine de la recherche et de la gestion des soins de sant\u00e9.","breadcrumb":{"@id":"https:\/\/cryopdp.com\/fr\/solutions-a-valeur-ajoutee-pour-les-essais-cliniques\/rationaliser-les-essais-cliniques\/#breadcrumb"},"inLanguage":"fr-FR","potentialAction":[{"@type":"ReadAction","target":["https:\/\/cryopdp.com\/fr\/solutions-a-valeur-ajoutee-pour-les-essais-cliniques\/rationaliser-les-essais-cliniques\/"]}]},{"@type":"ImageObject","inLanguage":"fr-FR","@id":"https:\/\/cryopdp.com\/fr\/solutions-a-valeur-ajoutee-pour-les-essais-cliniques\/rationaliser-les-essais-cliniques\/#primaryimage","url":"https:\/\/cryopdp.com\/wp-content\/uploads\/2023\/11\/close-up-view-of-medical-or-scientific-researcher-2023-04-17-20-26-55-utc-scaled.jpg","contentUrl":"https:\/\/cryopdp.com\/wp-content\/uploads\/2023\/11\/close-up-view-of-medical-or-scientific-researcher-2023-04-17-20-26-55-utc-scaled.jpg","width":2560,"height":866,"caption":"Scientifique contribuant \u00e0 la rationalisation des essais cliniques gr\u00e2ce \u00e0 des tests pr\u00e9cis."},{"@type":"BreadcrumbList","@id":"https:\/\/cryopdp.com\/fr\/solutions-a-valeur-ajoutee-pour-les-essais-cliniques\/rationaliser-les-essais-cliniques\/#breadcrumb","itemListElement":[{"@type":"ListItem","position":1,"name":"Accueil","item":"https:\/\/cryopdp.com\/fr\/"},{"@type":"ListItem","position":2,"name":"Solutions \u00e0 valeur ajout\u00e9e pour les essais cliniques","item":"https:\/\/cryopdp.com\/fr\/solutions-a-valeur-ajoutee-pour-les-essais-cliniques\/"},{"@type":"ListItem","position":3,"name":"Rationaliser les essais cliniques"}]},{"@type":"WebSite","@id":"https:\/\/cryopdp.com\/fr\/#website","url":"https:\/\/cryopdp.com\/fr\/","name":"CRYOPDP","description":"","publisher":{"@id":"https:\/\/cryopdp.com\/fr\/#organization"},"potentialAction":[{"@type":"SearchAction","target":{"@type":"EntryPoint","urlTemplate":"https:\/\/cryopdp.com\/fr\/?s={search_term_string}"},"query-input":{"@type":"PropertyValueSpecification","valueRequired":true,"valueName":"search_term_string"}}],"inLanguage":"fr-FR"},{"@type":"Organization","@id":"https:\/\/cryopdp.com\/fr\/#organization","name":"CRYOPDP","url":"https:\/\/cryopdp.com\/fr\/","logo":{"@type":"ImageObject","inLanguage":"fr-FR","@id":"https:\/\/cryopdp.com\/fr\/#\/schema\/logo\/image\/","url":"https:\/\/cryopdp.com\/wp-content\/uploads\/sites\/2\/2023\/12\/pdp-square.png","contentUrl":"https:\/\/cryopdp.com\/wp-content\/uploads\/sites\/2\/2023\/12\/pdp-square.png","width":1200,"height":1200,"caption":"CRYOPDP"},"image":{"@id":"https:\/\/cryopdp.com\/fr\/#\/schema\/logo\/image\/"},"sameAs":["https:\/\/x.com\/CRYOPDP_","https:\/\/www.linkedin.com\/company\/cryopdp","https:\/\/www.youtube.com\/channel\/UCMAksAtjJDxbVHG0ItM4lUQ","https:\/\/open.spotify.com\/show\/38TuNaX1QexPKFvL6mU0Fw?si=9766c86aea1e4b7f"]}]}},"_links":{"self":[{"href":"https:\/\/cryopdp.com\/fr\/wp-json\/wp\/v2\/pages\/14057","targetHints":{"allow":["GET"]}}],"collection":[{"href":"https:\/\/cryopdp.com\/fr\/wp-json\/wp\/v2\/pages"}],"about":[{"href":"https:\/\/cryopdp.com\/fr\/wp-json\/wp\/v2\/types\/page"}],"author":[{"embeddable":true,"href":"https:\/\/cryopdp.com\/fr\/wp-json\/wp\/v2\/users\/8"}],"replies":[{"embeddable":true,"href":"https:\/\/cryopdp.com\/fr\/wp-json\/wp\/v2\/comments?post=14057"}],"version-history":[{"count":0,"href":"https:\/\/cryopdp.com\/fr\/wp-json\/wp\/v2\/pages\/14057\/revisions"}],"up":[{"embeddable":true,"href":"https:\/\/cryopdp.com\/fr\/wp-json\/wp\/v2\/pages\/13466"}],"wp:featuredmedia":[{"embeddable":true,"href":"https:\/\/cryopdp.com\/fr\/wp-json\/wp\/v2\/media\/2266"}],"wp:attachment":[{"href":"https:\/\/cryopdp.com\/fr\/wp-json\/wp\/v2\/media?parent=14057"}],"curies":[{"name":"wp","href":"https:\/\/api.w.org\/{rel}","templated":true}]}}