{"id":14065,"date":"2023-03-24T11:26:58","date_gmt":"2023-03-24T11:26:58","guid":{"rendered":"https:\/\/cryopdp.com\/gestion-de-projet-et-conseil\/centre-de-preparation-aux-etudes\/"},"modified":"2026-03-09T15:16:58","modified_gmt":"2026-03-09T15:16:58","slug":"centre-de-preparation-aux-etudes","status":"publish","type":"page","link":"https:\/\/cryopdp.com\/fr\/gestion-de-projet-et-conseil\/centre-de-preparation-aux-etudes\/","title":{"rendered":"Centre de pr\u00e9paration aux \u00e9tudes"},"content":{"rendered":"","protected":false},"excerpt":{"rendered":"","protected":false},"author":2,"featured_media":1888,"parent":14021,"menu_order":0,"comment_status":"closed","ping_status":"closed","template":"","meta":{"_acf_changed":false,"_lmt_disableupdate":"","_lmt_disable":"","footnotes":""},"class_list":["post-14065","page","type-page","status-publish","has-post-thumbnail","hentry"],"acf":[],"yoast_head":"<!-- This site is optimized with the Yoast SEO plugin v27.3 - https:\/\/yoast.com\/product\/yoast-seo-wordpress\/ -->\n<title>Centre de pr\u00e9paration aux \u00e9tudes - CRYOPDP<\/title>\n<meta name=\"description\" content=\"Le centre d&#039;installation d&#039;\u00e9tudes du CRYOPDP propose des solutions pour les essais de phase I \u00e0 IV, des emballages conformes \u00e0 l&#039;IATA et une expertise de premier ordre en mati\u00e8re de logistique des soins de sant\u00e9.\" \/>\n<meta name=\"robots\" content=\"index, follow, max-snippet:-1, max-image-preview:large, max-video-preview:-1\" \/>\n<link rel=\"canonical\" href=\"https:\/\/cryopdp.com\/fr\/gestion-de-projet-et-conseil\/centre-de-preparation-aux-etudes\/\" \/>\n<meta property=\"og:locale\" content=\"fr_FR\" \/>\n<meta property=\"og:type\" content=\"article\" \/>\n<meta property=\"og:title\" content=\"Centre de pr\u00e9paration aux \u00e9tudes - CRYOPDP\" \/>\n<meta property=\"og:description\" content=\"Le centre d&#039;installation d&#039;\u00e9tudes du CRYOPDP propose des solutions pour les essais de phase I \u00e0 IV, des emballages conformes \u00e0 l&#039;IATA et une expertise de premier ordre en mati\u00e8re de logistique des soins de sant\u00e9.\" \/>\n<meta property=\"og:url\" content=\"https:\/\/cryopdp.com\/fr\/gestion-de-projet-et-conseil\/centre-de-preparation-aux-etudes\/\" \/>\n<meta property=\"og:site_name\" content=\"CRYOPDP\" \/>\n<meta property=\"article:modified_time\" content=\"2026-03-09T15:16:58+00:00\" \/>\n<meta property=\"og:image\" content=\"https:\/\/cryopdp.com\/wp-content\/uploads\/2023\/11\/topbanner-13.jpg\" \/>\n\t<meta property=\"og:image:width\" content=\"1920\" \/>\n\t<meta property=\"og:image:height\" content=\"1080\" \/>\n\t<meta property=\"og:image:type\" content=\"image\/jpeg\" \/>\n<meta name=\"twitter:card\" content=\"summary_large_image\" \/>\n<meta name=\"twitter:site\" content=\"@CRYOPDP_\" \/>\n<script type=\"application\/ld+json\" class=\"yoast-schema-graph\">{\"@context\":\"https:\\\/\\\/schema.org\",\"@graph\":[{\"@type\":\"WebPage\",\"@id\":\"https:\\\/\\\/cryopdp.com\\\/fr\\\/gestion-de-projet-et-conseil\\\/centre-de-preparation-aux-etudes\\\/\",\"url\":\"https:\\\/\\\/cryopdp.com\\\/fr\\\/gestion-de-projet-et-conseil\\\/centre-de-preparation-aux-etudes\\\/\",\"name\":\"Centre de pr\u00e9paration aux \u00e9tudes - CRYOPDP\",\"isPartOf\":{\"@id\":\"https:\\\/\\\/cryopdp.com\\\/fr\\\/#website\"},\"primaryImageOfPage\":{\"@id\":\"https:\\\/\\\/cryopdp.com\\\/fr\\\/gestion-de-projet-et-conseil\\\/centre-de-preparation-aux-etudes\\\/#primaryimage\"},\"image\":{\"@id\":\"https:\\\/\\\/cryopdp.com\\\/fr\\\/gestion-de-projet-et-conseil\\\/centre-de-preparation-aux-etudes\\\/#primaryimage\"},\"thumbnailUrl\":\"https:\\\/\\\/cryopdp.com\\\/wp-content\\\/uploads\\\/2023\\\/11\\\/topbanner-13.jpg\",\"datePublished\":\"2023-03-24T11:26:58+00:00\",\"dateModified\":\"2026-03-09T15:16:58+00:00\",\"description\":\"Le centre d'installation d'\u00e9tudes du CRYOPDP propose des solutions pour les essais de phase I \u00e0 IV, des emballages conformes \u00e0 l'IATA et une expertise de premier ordre en mati\u00e8re de logistique des soins de sant\u00e9.\",\"breadcrumb\":{\"@id\":\"https:\\\/\\\/cryopdp.com\\\/fr\\\/gestion-de-projet-et-conseil\\\/centre-de-preparation-aux-etudes\\\/#breadcrumb\"},\"inLanguage\":\"fr-FR\",\"potentialAction\":[{\"@type\":\"ReadAction\",\"target\":[\"https:\\\/\\\/cryopdp.com\\\/fr\\\/gestion-de-projet-et-conseil\\\/centre-de-preparation-aux-etudes\\\/\"]}]},{\"@type\":\"ImageObject\",\"inLanguage\":\"fr-FR\",\"@id\":\"https:\\\/\\\/cryopdp.com\\\/fr\\\/gestion-de-projet-et-conseil\\\/centre-de-preparation-aux-etudes\\\/#primaryimage\",\"url\":\"https:\\\/\\\/cryopdp.com\\\/wp-content\\\/uploads\\\/2023\\\/11\\\/topbanner-13.jpg\",\"contentUrl\":\"https:\\\/\\\/cryopdp.com\\\/wp-content\\\/uploads\\\/2023\\\/11\\\/topbanner-13.jpg\",\"width\":1920,\"height\":1080,\"caption\":\"Un professionnel en costume utilisant une tablette, symbole de l'efficacit\u00e9 des op\u00e9rations au Centre de pr\u00e9paration des \u00e9tudes.\"},{\"@type\":\"BreadcrumbList\",\"@id\":\"https:\\\/\\\/cryopdp.com\\\/fr\\\/gestion-de-projet-et-conseil\\\/centre-de-preparation-aux-etudes\\\/#breadcrumb\",\"itemListElement\":[{\"@type\":\"ListItem\",\"position\":1,\"name\":\"Accueil\",\"item\":\"https:\\\/\\\/cryopdp.com\\\/fr\\\/\"},{\"@type\":\"ListItem\",\"position\":2,\"name\":\"Gestion de projet et conseil\",\"item\":\"https:\\\/\\\/cryopdp.com\\\/fr\\\/gestion-de-projet-et-conseil\\\/\"},{\"@type\":\"ListItem\",\"position\":3,\"name\":\"Centre de pr\u00e9paration aux \u00e9tudes\"}]},{\"@type\":\"WebSite\",\"@id\":\"https:\\\/\\\/cryopdp.com\\\/fr\\\/#website\",\"url\":\"https:\\\/\\\/cryopdp.com\\\/fr\\\/\",\"name\":\"CRYOPDP\",\"description\":\"\",\"publisher\":{\"@id\":\"https:\\\/\\\/cryopdp.com\\\/fr\\\/#organization\"},\"potentialAction\":[{\"@type\":\"SearchAction\",\"target\":{\"@type\":\"EntryPoint\",\"urlTemplate\":\"https:\\\/\\\/cryopdp.com\\\/fr\\\/?s={search_term_string}\"},\"query-input\":{\"@type\":\"PropertyValueSpecification\",\"valueRequired\":true,\"valueName\":\"search_term_string\"}}],\"inLanguage\":\"fr-FR\"},{\"@type\":\"Organization\",\"@id\":\"https:\\\/\\\/cryopdp.com\\\/fr\\\/#organization\",\"name\":\"CRYOPDP\",\"url\":\"https:\\\/\\\/cryopdp.com\\\/fr\\\/\",\"logo\":{\"@type\":\"ImageObject\",\"inLanguage\":\"fr-FR\",\"@id\":\"https:\\\/\\\/cryopdp.com\\\/fr\\\/#\\\/schema\\\/logo\\\/image\\\/\",\"url\":\"https:\\\/\\\/cryopdp.com\\\/wp-content\\\/uploads\\\/sites\\\/2\\\/2023\\\/12\\\/pdp-square.png\",\"contentUrl\":\"https:\\\/\\\/cryopdp.com\\\/wp-content\\\/uploads\\\/sites\\\/2\\\/2023\\\/12\\\/pdp-square.png\",\"width\":1200,\"height\":1200,\"caption\":\"CRYOPDP\"},\"image\":{\"@id\":\"https:\\\/\\\/cryopdp.com\\\/fr\\\/#\\\/schema\\\/logo\\\/image\\\/\"},\"sameAs\":[\"https:\\\/\\\/x.com\\\/CRYOPDP_\",\"https:\\\/\\\/www.linkedin.com\\\/company\\\/cryopdp\",\"https:\\\/\\\/www.youtube.com\\\/channel\\\/UCMAksAtjJDxbVHG0ItM4lUQ\",\"https:\\\/\\\/open.spotify.com\\\/show\\\/38TuNaX1QexPKFvL6mU0Fw?si=9766c86aea1e4b7f\"]}]}<\/script>\n<!-- \/ Yoast SEO plugin. -->","yoast_head_json":{"title":"Centre de pr\u00e9paration aux \u00e9tudes - CRYOPDP","description":"Le centre d'installation d'\u00e9tudes du CRYOPDP propose des solutions pour les essais de phase I \u00e0 IV, des emballages conformes \u00e0 l'IATA et une expertise de premier ordre en mati\u00e8re de logistique des soins de sant\u00e9.","robots":{"index":"index","follow":"follow","max-snippet":"max-snippet:-1","max-image-preview":"max-image-preview:large","max-video-preview":"max-video-preview:-1"},"canonical":"https:\/\/cryopdp.com\/fr\/gestion-de-projet-et-conseil\/centre-de-preparation-aux-etudes\/","og_locale":"fr_FR","og_type":"article","og_title":"Centre de pr\u00e9paration aux \u00e9tudes - CRYOPDP","og_description":"Le centre d'installation d'\u00e9tudes du CRYOPDP propose des solutions pour les essais de phase I \u00e0 IV, des emballages conformes \u00e0 l'IATA et une expertise de premier ordre en mati\u00e8re de logistique des soins de sant\u00e9.","og_url":"https:\/\/cryopdp.com\/fr\/gestion-de-projet-et-conseil\/centre-de-preparation-aux-etudes\/","og_site_name":"CRYOPDP","article_modified_time":"2026-03-09T15:16:58+00:00","og_image":[{"width":1920,"height":1080,"url":"https:\/\/cryopdp.com\/wp-content\/uploads\/2023\/11\/topbanner-13.jpg","type":"image\/jpeg"}],"twitter_card":"summary_large_image","twitter_site":"@CRYOPDP_","schema":{"@context":"https:\/\/schema.org","@graph":[{"@type":"WebPage","@id":"https:\/\/cryopdp.com\/fr\/gestion-de-projet-et-conseil\/centre-de-preparation-aux-etudes\/","url":"https:\/\/cryopdp.com\/fr\/gestion-de-projet-et-conseil\/centre-de-preparation-aux-etudes\/","name":"Centre de pr\u00e9paration aux \u00e9tudes - CRYOPDP","isPartOf":{"@id":"https:\/\/cryopdp.com\/fr\/#website"},"primaryImageOfPage":{"@id":"https:\/\/cryopdp.com\/fr\/gestion-de-projet-et-conseil\/centre-de-preparation-aux-etudes\/#primaryimage"},"image":{"@id":"https:\/\/cryopdp.com\/fr\/gestion-de-projet-et-conseil\/centre-de-preparation-aux-etudes\/#primaryimage"},"thumbnailUrl":"https:\/\/cryopdp.com\/wp-content\/uploads\/2023\/11\/topbanner-13.jpg","datePublished":"2023-03-24T11:26:58+00:00","dateModified":"2026-03-09T15:16:58+00:00","description":"Le centre d'installation d'\u00e9tudes du CRYOPDP propose des solutions pour les essais de phase I \u00e0 IV, des emballages conformes \u00e0 l'IATA et une expertise de premier ordre en mati\u00e8re de logistique des soins de sant\u00e9.","breadcrumb":{"@id":"https:\/\/cryopdp.com\/fr\/gestion-de-projet-et-conseil\/centre-de-preparation-aux-etudes\/#breadcrumb"},"inLanguage":"fr-FR","potentialAction":[{"@type":"ReadAction","target":["https:\/\/cryopdp.com\/fr\/gestion-de-projet-et-conseil\/centre-de-preparation-aux-etudes\/"]}]},{"@type":"ImageObject","inLanguage":"fr-FR","@id":"https:\/\/cryopdp.com\/fr\/gestion-de-projet-et-conseil\/centre-de-preparation-aux-etudes\/#primaryimage","url":"https:\/\/cryopdp.com\/wp-content\/uploads\/2023\/11\/topbanner-13.jpg","contentUrl":"https:\/\/cryopdp.com\/wp-content\/uploads\/2023\/11\/topbanner-13.jpg","width":1920,"height":1080,"caption":"Un professionnel en costume utilisant une tablette, symbole de l'efficacit\u00e9 des op\u00e9rations au Centre de pr\u00e9paration des \u00e9tudes."},{"@type":"BreadcrumbList","@id":"https:\/\/cryopdp.com\/fr\/gestion-de-projet-et-conseil\/centre-de-preparation-aux-etudes\/#breadcrumb","itemListElement":[{"@type":"ListItem","position":1,"name":"Accueil","item":"https:\/\/cryopdp.com\/fr\/"},{"@type":"ListItem","position":2,"name":"Gestion de projet et conseil","item":"https:\/\/cryopdp.com\/fr\/gestion-de-projet-et-conseil\/"},{"@type":"ListItem","position":3,"name":"Centre de pr\u00e9paration aux \u00e9tudes"}]},{"@type":"WebSite","@id":"https:\/\/cryopdp.com\/fr\/#website","url":"https:\/\/cryopdp.com\/fr\/","name":"CRYOPDP","description":"","publisher":{"@id":"https:\/\/cryopdp.com\/fr\/#organization"},"potentialAction":[{"@type":"SearchAction","target":{"@type":"EntryPoint","urlTemplate":"https:\/\/cryopdp.com\/fr\/?s={search_term_string}"},"query-input":{"@type":"PropertyValueSpecification","valueRequired":true,"valueName":"search_term_string"}}],"inLanguage":"fr-FR"},{"@type":"Organization","@id":"https:\/\/cryopdp.com\/fr\/#organization","name":"CRYOPDP","url":"https:\/\/cryopdp.com\/fr\/","logo":{"@type":"ImageObject","inLanguage":"fr-FR","@id":"https:\/\/cryopdp.com\/fr\/#\/schema\/logo\/image\/","url":"https:\/\/cryopdp.com\/wp-content\/uploads\/sites\/2\/2023\/12\/pdp-square.png","contentUrl":"https:\/\/cryopdp.com\/wp-content\/uploads\/sites\/2\/2023\/12\/pdp-square.png","width":1200,"height":1200,"caption":"CRYOPDP"},"image":{"@id":"https:\/\/cryopdp.com\/fr\/#\/schema\/logo\/image\/"},"sameAs":["https:\/\/x.com\/CRYOPDP_","https:\/\/www.linkedin.com\/company\/cryopdp","https:\/\/www.youtube.com\/channel\/UCMAksAtjJDxbVHG0ItM4lUQ","https:\/\/open.spotify.com\/show\/38TuNaX1QexPKFvL6mU0Fw?si=9766c86aea1e4b7f"]}]}},"_links":{"self":[{"href":"https:\/\/cryopdp.com\/fr\/wp-json\/wp\/v2\/pages\/14065","targetHints":{"allow":["GET"]}}],"collection":[{"href":"https:\/\/cryopdp.com\/fr\/wp-json\/wp\/v2\/pages"}],"about":[{"href":"https:\/\/cryopdp.com\/fr\/wp-json\/wp\/v2\/types\/page"}],"author":[{"embeddable":true,"href":"https:\/\/cryopdp.com\/fr\/wp-json\/wp\/v2\/users\/2"}],"replies":[{"embeddable":true,"href":"https:\/\/cryopdp.com\/fr\/wp-json\/wp\/v2\/comments?post=14065"}],"version-history":[{"count":0,"href":"https:\/\/cryopdp.com\/fr\/wp-json\/wp\/v2\/pages\/14065\/revisions"}],"up":[{"embeddable":true,"href":"https:\/\/cryopdp.com\/fr\/wp-json\/wp\/v2\/pages\/14021"}],"wp:featuredmedia":[{"embeddable":true,"href":"https:\/\/cryopdp.com\/fr\/wp-json\/wp\/v2\/media\/1888"}],"wp:attachment":[{"href":"https:\/\/cryopdp.com\/fr\/wp-json\/wp\/v2\/media?parent=14065"}],"curies":[{"name":"wp","href":"https:\/\/api.w.org\/{rel}","templated":true}]}}