{"id":14080,"date":"2023-03-24T11:26:58","date_gmt":"2023-03-24T11:26:58","guid":{"rendered":"https:\/\/cryopdp.com\/emballage-a-temperature-controlee\/"},"modified":"2026-03-09T15:24:13","modified_gmt":"2026-03-09T15:24:13","slug":"emballage-a-temperature-controlee","status":"publish","type":"page","link":"https:\/\/cryopdp.com\/fr\/emballage-a-temperature-controlee\/","title":{"rendered":"Emballage \u00e0 temp\u00e9rature contr\u00f4l\u00e9e"},"content":{"rendered":"","protected":false},"excerpt":{"rendered":"","protected":false},"author":2,"featured_media":1711,"parent":0,"menu_order":0,"comment_status":"closed","ping_status":"closed","template":"","meta":{"_acf_changed":false,"_lmt_disableupdate":"","_lmt_disable":"","footnotes":""},"class_list":["post-14080","page","type-page","status-publish","has-post-thumbnail","hentry"],"acf":[],"yoast_head":"<!-- This site is optimized with the Yoast SEO plugin v27.3 - https:\/\/yoast.com\/product\/yoast-seo-wordpress\/ -->\n<title>Emballage \u00e0 temp\u00e9rature contr\u00f4l\u00e9e - CRYOPDP<\/title>\n<meta name=\"description\" content=\"D\u00e9couvrez nos solutions d&#039;emballage \u00e0 temp\u00e9rature contr\u00f4l\u00e9e de pr\u00e9cision -196\u00b0C \u00e0 +25\u00b0C pour les exp\u00e9ditions vitales et les besoins uniques.\" \/>\n<meta name=\"robots\" content=\"index, follow, max-snippet:-1, max-image-preview:large, max-video-preview:-1\" \/>\n<link rel=\"canonical\" href=\"https:\/\/cryopdp.com\/fr\/emballage-a-temperature-controlee\/\" \/>\n<meta property=\"og:locale\" content=\"fr_FR\" \/>\n<meta property=\"og:type\" content=\"article\" \/>\n<meta property=\"og:title\" content=\"Emballage \u00e0 temp\u00e9rature contr\u00f4l\u00e9e - CRYOPDP\" \/>\n<meta property=\"og:description\" content=\"D\u00e9couvrez nos solutions d&#039;emballage \u00e0 temp\u00e9rature contr\u00f4l\u00e9e de pr\u00e9cision -196\u00b0C \u00e0 +25\u00b0C pour les exp\u00e9ditions vitales et les besoins uniques.\" \/>\n<meta property=\"og:url\" content=\"https:\/\/cryopdp.com\/fr\/emballage-a-temperature-controlee\/\" \/>\n<meta property=\"og:site_name\" content=\"CRYOPDP\" \/>\n<meta property=\"article:modified_time\" content=\"2026-03-09T15:24:13+00:00\" \/>\n<meta property=\"og:image\" content=\"https:\/\/cryopdp.com\/wp-content\/uploads\/2023\/11\/topbanner-10-e1710947479642.jpg\" \/>\n\t<meta property=\"og:image:width\" content=\"1920\" \/>\n\t<meta property=\"og:image:height\" content=\"1280\" \/>\n\t<meta property=\"og:image:type\" content=\"image\/jpeg\" \/>\n<meta name=\"twitter:card\" content=\"summary_large_image\" \/>\n<meta name=\"twitter:site\" content=\"@CRYOPDP_\" \/>\n<script type=\"application\/ld+json\" class=\"yoast-schema-graph\">{\"@context\":\"https:\\\/\\\/schema.org\",\"@graph\":[{\"@type\":\"WebPage\",\"@id\":\"https:\\\/\\\/cryopdp.com\\\/fr\\\/emballage-a-temperature-controlee\\\/\",\"url\":\"https:\\\/\\\/cryopdp.com\\\/fr\\\/emballage-a-temperature-controlee\\\/\",\"name\":\"Emballage \u00e0 temp\u00e9rature contr\u00f4l\u00e9e - CRYOPDP\",\"isPartOf\":{\"@id\":\"https:\\\/\\\/cryopdp.com\\\/fr\\\/#website\"},\"primaryImageOfPage\":{\"@id\":\"https:\\\/\\\/cryopdp.com\\\/fr\\\/emballage-a-temperature-controlee\\\/#primaryimage\"},\"image\":{\"@id\":\"https:\\\/\\\/cryopdp.com\\\/fr\\\/emballage-a-temperature-controlee\\\/#primaryimage\"},\"thumbnailUrl\":\"https:\\\/\\\/cryopdp.com\\\/wp-content\\\/uploads\\\/2023\\\/11\\\/topbanner-10-e1710947479642.jpg\",\"datePublished\":\"2023-03-24T11:26:58+00:00\",\"dateModified\":\"2026-03-09T15:24:13+00:00\",\"description\":\"D\u00e9couvrez nos solutions d'emballage \u00e0 temp\u00e9rature contr\u00f4l\u00e9e de pr\u00e9cision -196\u00b0C \u00e0 +25\u00b0C pour les exp\u00e9ditions vitales et les besoins uniques.\",\"breadcrumb\":{\"@id\":\"https:\\\/\\\/cryopdp.com\\\/fr\\\/emballage-a-temperature-controlee\\\/#breadcrumb\"},\"inLanguage\":\"fr-FR\",\"potentialAction\":[{\"@type\":\"ReadAction\",\"target\":[\"https:\\\/\\\/cryopdp.com\\\/fr\\\/emballage-a-temperature-controlee\\\/\"]}]},{\"@type\":\"ImageObject\",\"inLanguage\":\"fr-FR\",\"@id\":\"https:\\\/\\\/cryopdp.com\\\/fr\\\/emballage-a-temperature-controlee\\\/#primaryimage\",\"url\":\"https:\\\/\\\/cryopdp.com\\\/wp-content\\\/uploads\\\/2023\\\/11\\\/topbanner-10-e1710947479642.jpg\",\"contentUrl\":\"https:\\\/\\\/cryopdp.com\\\/wp-content\\\/uploads\\\/2023\\\/11\\\/topbanner-10-e1710947479642.jpg\",\"width\":1920,\"height\":1280,\"caption\":\"Les solutions d'emballage de CRYOPDP garantissent la stabilit\u00e9 de la glace s\u00e8che depuis le moment o\u00f9 elle est scell\u00e9e jusqu'\u00e0 la livraison finale.\"},{\"@type\":\"BreadcrumbList\",\"@id\":\"https:\\\/\\\/cryopdp.com\\\/fr\\\/emballage-a-temperature-controlee\\\/#breadcrumb\",\"itemListElement\":[{\"@type\":\"ListItem\",\"position\":1,\"name\":\"Accueil\",\"item\":\"https:\\\/\\\/cryopdp.com\\\/fr\\\/\"},{\"@type\":\"ListItem\",\"position\":2,\"name\":\"Emballage \u00e0 temp\u00e9rature contr\u00f4l\u00e9e\"}]},{\"@type\":\"WebSite\",\"@id\":\"https:\\\/\\\/cryopdp.com\\\/fr\\\/#website\",\"url\":\"https:\\\/\\\/cryopdp.com\\\/fr\\\/\",\"name\":\"CRYOPDP\",\"description\":\"\",\"publisher\":{\"@id\":\"https:\\\/\\\/cryopdp.com\\\/fr\\\/#organization\"},\"potentialAction\":[{\"@type\":\"SearchAction\",\"target\":{\"@type\":\"EntryPoint\",\"urlTemplate\":\"https:\\\/\\\/cryopdp.com\\\/fr\\\/?s={search_term_string}\"},\"query-input\":{\"@type\":\"PropertyValueSpecification\",\"valueRequired\":true,\"valueName\":\"search_term_string\"}}],\"inLanguage\":\"fr-FR\"},{\"@type\":\"Organization\",\"@id\":\"https:\\\/\\\/cryopdp.com\\\/fr\\\/#organization\",\"name\":\"CRYOPDP\",\"url\":\"https:\\\/\\\/cryopdp.com\\\/fr\\\/\",\"logo\":{\"@type\":\"ImageObject\",\"inLanguage\":\"fr-FR\",\"@id\":\"https:\\\/\\\/cryopdp.com\\\/fr\\\/#\\\/schema\\\/logo\\\/image\\\/\",\"url\":\"https:\\\/\\\/cryopdp.com\\\/wp-content\\\/uploads\\\/sites\\\/2\\\/2023\\\/12\\\/pdp-square.png\",\"contentUrl\":\"https:\\\/\\\/cryopdp.com\\\/wp-content\\\/uploads\\\/sites\\\/2\\\/2023\\\/12\\\/pdp-square.png\",\"width\":1200,\"height\":1200,\"caption\":\"CRYOPDP\"},\"image\":{\"@id\":\"https:\\\/\\\/cryopdp.com\\\/fr\\\/#\\\/schema\\\/logo\\\/image\\\/\"},\"sameAs\":[\"https:\\\/\\\/x.com\\\/CRYOPDP_\",\"https:\\\/\\\/www.linkedin.com\\\/company\\\/cryopdp\",\"https:\\\/\\\/www.youtube.com\\\/channel\\\/UCMAksAtjJDxbVHG0ItM4lUQ\",\"https:\\\/\\\/open.spotify.com\\\/show\\\/38TuNaX1QexPKFvL6mU0Fw?si=9766c86aea1e4b7f\"]}]}<\/script>\n<!-- \/ Yoast SEO plugin. -->","yoast_head_json":{"title":"Emballage \u00e0 temp\u00e9rature contr\u00f4l\u00e9e - CRYOPDP","description":"D\u00e9couvrez nos solutions d'emballage \u00e0 temp\u00e9rature contr\u00f4l\u00e9e de pr\u00e9cision -196\u00b0C \u00e0 +25\u00b0C pour les exp\u00e9ditions vitales et les besoins uniques.","robots":{"index":"index","follow":"follow","max-snippet":"max-snippet:-1","max-image-preview":"max-image-preview:large","max-video-preview":"max-video-preview:-1"},"canonical":"https:\/\/cryopdp.com\/fr\/emballage-a-temperature-controlee\/","og_locale":"fr_FR","og_type":"article","og_title":"Emballage \u00e0 temp\u00e9rature contr\u00f4l\u00e9e - CRYOPDP","og_description":"D\u00e9couvrez nos solutions d'emballage \u00e0 temp\u00e9rature contr\u00f4l\u00e9e de pr\u00e9cision -196\u00b0C \u00e0 +25\u00b0C pour les exp\u00e9ditions vitales et les besoins uniques.","og_url":"https:\/\/cryopdp.com\/fr\/emballage-a-temperature-controlee\/","og_site_name":"CRYOPDP","article_modified_time":"2026-03-09T15:24:13+00:00","og_image":[{"width":1920,"height":1280,"url":"https:\/\/cryopdp.com\/wp-content\/uploads\/2023\/11\/topbanner-10-e1710947479642.jpg","type":"image\/jpeg"}],"twitter_card":"summary_large_image","twitter_site":"@CRYOPDP_","schema":{"@context":"https:\/\/schema.org","@graph":[{"@type":"WebPage","@id":"https:\/\/cryopdp.com\/fr\/emballage-a-temperature-controlee\/","url":"https:\/\/cryopdp.com\/fr\/emballage-a-temperature-controlee\/","name":"Emballage \u00e0 temp\u00e9rature contr\u00f4l\u00e9e - CRYOPDP","isPartOf":{"@id":"https:\/\/cryopdp.com\/fr\/#website"},"primaryImageOfPage":{"@id":"https:\/\/cryopdp.com\/fr\/emballage-a-temperature-controlee\/#primaryimage"},"image":{"@id":"https:\/\/cryopdp.com\/fr\/emballage-a-temperature-controlee\/#primaryimage"},"thumbnailUrl":"https:\/\/cryopdp.com\/wp-content\/uploads\/2023\/11\/topbanner-10-e1710947479642.jpg","datePublished":"2023-03-24T11:26:58+00:00","dateModified":"2026-03-09T15:24:13+00:00","description":"D\u00e9couvrez nos solutions d'emballage \u00e0 temp\u00e9rature contr\u00f4l\u00e9e de pr\u00e9cision -196\u00b0C \u00e0 +25\u00b0C pour les exp\u00e9ditions vitales et les besoins uniques.","breadcrumb":{"@id":"https:\/\/cryopdp.com\/fr\/emballage-a-temperature-controlee\/#breadcrumb"},"inLanguage":"fr-FR","potentialAction":[{"@type":"ReadAction","target":["https:\/\/cryopdp.com\/fr\/emballage-a-temperature-controlee\/"]}]},{"@type":"ImageObject","inLanguage":"fr-FR","@id":"https:\/\/cryopdp.com\/fr\/emballage-a-temperature-controlee\/#primaryimage","url":"https:\/\/cryopdp.com\/wp-content\/uploads\/2023\/11\/topbanner-10-e1710947479642.jpg","contentUrl":"https:\/\/cryopdp.com\/wp-content\/uploads\/2023\/11\/topbanner-10-e1710947479642.jpg","width":1920,"height":1280,"caption":"Les solutions d'emballage de CRYOPDP garantissent la stabilit\u00e9 de la glace s\u00e8che depuis le moment o\u00f9 elle est scell\u00e9e jusqu'\u00e0 la livraison finale."},{"@type":"BreadcrumbList","@id":"https:\/\/cryopdp.com\/fr\/emballage-a-temperature-controlee\/#breadcrumb","itemListElement":[{"@type":"ListItem","position":1,"name":"Accueil","item":"https:\/\/cryopdp.com\/fr\/"},{"@type":"ListItem","position":2,"name":"Emballage \u00e0 temp\u00e9rature contr\u00f4l\u00e9e"}]},{"@type":"WebSite","@id":"https:\/\/cryopdp.com\/fr\/#website","url":"https:\/\/cryopdp.com\/fr\/","name":"CRYOPDP","description":"","publisher":{"@id":"https:\/\/cryopdp.com\/fr\/#organization"},"potentialAction":[{"@type":"SearchAction","target":{"@type":"EntryPoint","urlTemplate":"https:\/\/cryopdp.com\/fr\/?s={search_term_string}"},"query-input":{"@type":"PropertyValueSpecification","valueRequired":true,"valueName":"search_term_string"}}],"inLanguage":"fr-FR"},{"@type":"Organization","@id":"https:\/\/cryopdp.com\/fr\/#organization","name":"CRYOPDP","url":"https:\/\/cryopdp.com\/fr\/","logo":{"@type":"ImageObject","inLanguage":"fr-FR","@id":"https:\/\/cryopdp.com\/fr\/#\/schema\/logo\/image\/","url":"https:\/\/cryopdp.com\/wp-content\/uploads\/sites\/2\/2023\/12\/pdp-square.png","contentUrl":"https:\/\/cryopdp.com\/wp-content\/uploads\/sites\/2\/2023\/12\/pdp-square.png","width":1200,"height":1200,"caption":"CRYOPDP"},"image":{"@id":"https:\/\/cryopdp.com\/fr\/#\/schema\/logo\/image\/"},"sameAs":["https:\/\/x.com\/CRYOPDP_","https:\/\/www.linkedin.com\/company\/cryopdp","https:\/\/www.youtube.com\/channel\/UCMAksAtjJDxbVHG0ItM4lUQ","https:\/\/open.spotify.com\/show\/38TuNaX1QexPKFvL6mU0Fw?si=9766c86aea1e4b7f"]}]}},"_links":{"self":[{"href":"https:\/\/cryopdp.com\/fr\/wp-json\/wp\/v2\/pages\/14080","targetHints":{"allow":["GET"]}}],"collection":[{"href":"https:\/\/cryopdp.com\/fr\/wp-json\/wp\/v2\/pages"}],"about":[{"href":"https:\/\/cryopdp.com\/fr\/wp-json\/wp\/v2\/types\/page"}],"author":[{"embeddable":true,"href":"https:\/\/cryopdp.com\/fr\/wp-json\/wp\/v2\/users\/2"}],"replies":[{"embeddable":true,"href":"https:\/\/cryopdp.com\/fr\/wp-json\/wp\/v2\/comments?post=14080"}],"version-history":[{"count":0,"href":"https:\/\/cryopdp.com\/fr\/wp-json\/wp\/v2\/pages\/14080\/revisions"}],"wp:featuredmedia":[{"embeddable":true,"href":"https:\/\/cryopdp.com\/fr\/wp-json\/wp\/v2\/media\/1711"}],"wp:attachment":[{"href":"https:\/\/cryopdp.com\/fr\/wp-json\/wp\/v2\/media?parent=14080"}],"curies":[{"name":"wp","href":"https:\/\/api.w.org\/{rel}","templated":true}]}}