{"id":14084,"date":"2024-03-18T11:35:04","date_gmt":"2024-03-18T11:35:04","guid":{"rendered":"https:\/\/cryopdp.com\/emballage-a-temperature-controlee\/vehicules-a-temperature-controlee\/"},"modified":"2026-03-09T15:26:17","modified_gmt":"2026-03-09T15:26:17","slug":"vehicules-a-temperature-controlee","status":"publish","type":"page","link":"https:\/\/cryopdp.com\/fr\/emballage-a-temperature-controlee\/vehicules-a-temperature-controlee\/","title":{"rendered":"V\u00e9hicules \u00e0 temp\u00e9rature contr\u00f4l\u00e9e"},"content":{"rendered":"","protected":false},"excerpt":{"rendered":"","protected":false},"author":8,"featured_media":4866,"parent":14080,"menu_order":0,"comment_status":"closed","ping_status":"closed","template":"","meta":{"_acf_changed":false,"_lmt_disableupdate":"","_lmt_disable":"","footnotes":""},"class_list":["post-14084","page","type-page","status-publish","has-post-thumbnail","hentry"],"acf":[],"yoast_head":"<!-- This site is optimized with the Yoast SEO plugin v27.3 - https:\/\/yoast.com\/product\/yoast-seo-wordpress\/ -->\n<title>V\u00e9hicules \u00e0 temp\u00e9rature contr\u00f4l\u00e9e - CRYOPDP<\/title>\n<meta name=\"description\" content=\"Envois pharmaceutiques en vrac s\u00e9curis\u00e9s et flexibles : nos v\u00e9hicules \u00e0 temp\u00e9rature contr\u00f4l\u00e9e maintiennent une temp\u00e9rature comprise entre -25\u00baC et +25\u00baC, avec suivi par GPS.\" \/>\n<meta name=\"robots\" content=\"index, follow, max-snippet:-1, max-image-preview:large, max-video-preview:-1\" \/>\n<link rel=\"canonical\" href=\"https:\/\/cryopdp.com\/fr\/emballage-a-temperature-controlee\/vehicules-a-temperature-controlee\/\" \/>\n<meta property=\"og:locale\" content=\"fr_FR\" \/>\n<meta property=\"og:type\" content=\"article\" \/>\n<meta property=\"og:title\" content=\"V\u00e9hicules \u00e0 temp\u00e9rature contr\u00f4l\u00e9e - CRYOPDP\" \/>\n<meta property=\"og:description\" content=\"Envois pharmaceutiques en vrac s\u00e9curis\u00e9s et flexibles : nos v\u00e9hicules \u00e0 temp\u00e9rature contr\u00f4l\u00e9e maintiennent une temp\u00e9rature comprise entre -25\u00baC et +25\u00baC, avec suivi par GPS.\" \/>\n<meta property=\"og:url\" content=\"https:\/\/cryopdp.com\/fr\/emballage-a-temperature-controlee\/vehicules-a-temperature-controlee\/\" \/>\n<meta property=\"og:site_name\" content=\"CRYOPDP\" \/>\n<meta property=\"article:modified_time\" content=\"2026-03-09T15:26:17+00:00\" \/>\n<meta property=\"og:image\" content=\"https:\/\/cryopdp.com\/wp-content\/uploads\/2024\/03\/iStock-508511847.jpg\" \/>\n\t<meta property=\"og:image:width\" content=\"1254\" \/>\n\t<meta property=\"og:image:height\" content=\"836\" \/>\n\t<meta property=\"og:image:type\" content=\"image\/jpeg\" \/>\n<meta name=\"twitter:card\" content=\"summary_large_image\" \/>\n<meta name=\"twitter:site\" content=\"@CRYOPDP_\" \/>\n<script type=\"application\/ld+json\" class=\"yoast-schema-graph\">{\"@context\":\"https:\\\/\\\/schema.org\",\"@graph\":[{\"@type\":\"WebPage\",\"@id\":\"https:\\\/\\\/cryopdp.com\\\/fr\\\/emballage-a-temperature-controlee\\\/vehicules-a-temperature-controlee\\\/\",\"url\":\"https:\\\/\\\/cryopdp.com\\\/fr\\\/emballage-a-temperature-controlee\\\/vehicules-a-temperature-controlee\\\/\",\"name\":\"V\u00e9hicules \u00e0 temp\u00e9rature contr\u00f4l\u00e9e - CRYOPDP\",\"isPartOf\":{\"@id\":\"https:\\\/\\\/cryopdp.com\\\/fr\\\/#website\"},\"primaryImageOfPage\":{\"@id\":\"https:\\\/\\\/cryopdp.com\\\/fr\\\/emballage-a-temperature-controlee\\\/vehicules-a-temperature-controlee\\\/#primaryimage\"},\"image\":{\"@id\":\"https:\\\/\\\/cryopdp.com\\\/fr\\\/emballage-a-temperature-controlee\\\/vehicules-a-temperature-controlee\\\/#primaryimage\"},\"thumbnailUrl\":\"https:\\\/\\\/cryopdp.com\\\/wp-content\\\/uploads\\\/2024\\\/03\\\/iStock-508511847.jpg\",\"datePublished\":\"2024-03-18T11:35:04+00:00\",\"dateModified\":\"2026-03-09T15:26:17+00:00\",\"description\":\"Envois pharmaceutiques en vrac s\u00e9curis\u00e9s et flexibles : nos v\u00e9hicules \u00e0 temp\u00e9rature contr\u00f4l\u00e9e maintiennent une temp\u00e9rature comprise entre -25\u00baC et +25\u00baC, avec suivi par GPS.\",\"breadcrumb\":{\"@id\":\"https:\\\/\\\/cryopdp.com\\\/fr\\\/emballage-a-temperature-controlee\\\/vehicules-a-temperature-controlee\\\/#breadcrumb\"},\"inLanguage\":\"fr-FR\",\"potentialAction\":[{\"@type\":\"ReadAction\",\"target\":[\"https:\\\/\\\/cryopdp.com\\\/fr\\\/emballage-a-temperature-controlee\\\/vehicules-a-temperature-controlee\\\/\"]}]},{\"@type\":\"ImageObject\",\"inLanguage\":\"fr-FR\",\"@id\":\"https:\\\/\\\/cryopdp.com\\\/fr\\\/emballage-a-temperature-controlee\\\/vehicules-a-temperature-controlee\\\/#primaryimage\",\"url\":\"https:\\\/\\\/cryopdp.com\\\/wp-content\\\/uploads\\\/2024\\\/03\\\/iStock-508511847.jpg\",\"contentUrl\":\"https:\\\/\\\/cryopdp.com\\\/wp-content\\\/uploads\\\/2024\\\/03\\\/iStock-508511847.jpg\",\"width\":1254,\"height\":836,\"caption\":\"Fiable et conforme, notre flotte garantit l'int\u00e9grit\u00e9 de la cha\u00eene du froid \u00e0 chaque livraison.\"},{\"@type\":\"BreadcrumbList\",\"@id\":\"https:\\\/\\\/cryopdp.com\\\/fr\\\/emballage-a-temperature-controlee\\\/vehicules-a-temperature-controlee\\\/#breadcrumb\",\"itemListElement\":[{\"@type\":\"ListItem\",\"position\":1,\"name\":\"Accueil\",\"item\":\"https:\\\/\\\/cryopdp.com\\\/fr\\\/\"},{\"@type\":\"ListItem\",\"position\":2,\"name\":\"Emballage \u00e0 temp\u00e9rature contr\u00f4l\u00e9e\",\"item\":\"https:\\\/\\\/cryopdp.com\\\/fr\\\/emballage-a-temperature-controlee\\\/\"},{\"@type\":\"ListItem\",\"position\":3,\"name\":\"V\u00e9hicules \u00e0 temp\u00e9rature contr\u00f4l\u00e9e\"}]},{\"@type\":\"WebSite\",\"@id\":\"https:\\\/\\\/cryopdp.com\\\/fr\\\/#website\",\"url\":\"https:\\\/\\\/cryopdp.com\\\/fr\\\/\",\"name\":\"CRYOPDP\",\"description\":\"\",\"publisher\":{\"@id\":\"https:\\\/\\\/cryopdp.com\\\/fr\\\/#organization\"},\"potentialAction\":[{\"@type\":\"SearchAction\",\"target\":{\"@type\":\"EntryPoint\",\"urlTemplate\":\"https:\\\/\\\/cryopdp.com\\\/fr\\\/?s={search_term_string}\"},\"query-input\":{\"@type\":\"PropertyValueSpecification\",\"valueRequired\":true,\"valueName\":\"search_term_string\"}}],\"inLanguage\":\"fr-FR\"},{\"@type\":\"Organization\",\"@id\":\"https:\\\/\\\/cryopdp.com\\\/fr\\\/#organization\",\"name\":\"CRYOPDP\",\"url\":\"https:\\\/\\\/cryopdp.com\\\/fr\\\/\",\"logo\":{\"@type\":\"ImageObject\",\"inLanguage\":\"fr-FR\",\"@id\":\"https:\\\/\\\/cryopdp.com\\\/fr\\\/#\\\/schema\\\/logo\\\/image\\\/\",\"url\":\"https:\\\/\\\/cryopdp.com\\\/wp-content\\\/uploads\\\/sites\\\/2\\\/2023\\\/12\\\/pdp-square.png\",\"contentUrl\":\"https:\\\/\\\/cryopdp.com\\\/wp-content\\\/uploads\\\/sites\\\/2\\\/2023\\\/12\\\/pdp-square.png\",\"width\":1200,\"height\":1200,\"caption\":\"CRYOPDP\"},\"image\":{\"@id\":\"https:\\\/\\\/cryopdp.com\\\/fr\\\/#\\\/schema\\\/logo\\\/image\\\/\"},\"sameAs\":[\"https:\\\/\\\/x.com\\\/CRYOPDP_\",\"https:\\\/\\\/www.linkedin.com\\\/company\\\/cryopdp\",\"https:\\\/\\\/www.youtube.com\\\/channel\\\/UCMAksAtjJDxbVHG0ItM4lUQ\",\"https:\\\/\\\/open.spotify.com\\\/show\\\/38TuNaX1QexPKFvL6mU0Fw?si=9766c86aea1e4b7f\"]}]}<\/script>\n<!-- \/ Yoast SEO plugin. -->","yoast_head_json":{"title":"V\u00e9hicules \u00e0 temp\u00e9rature contr\u00f4l\u00e9e - CRYOPDP","description":"Envois pharmaceutiques en vrac s\u00e9curis\u00e9s et flexibles : nos v\u00e9hicules \u00e0 temp\u00e9rature contr\u00f4l\u00e9e maintiennent une temp\u00e9rature comprise entre -25\u00baC et +25\u00baC, avec suivi par GPS.","robots":{"index":"index","follow":"follow","max-snippet":"max-snippet:-1","max-image-preview":"max-image-preview:large","max-video-preview":"max-video-preview:-1"},"canonical":"https:\/\/cryopdp.com\/fr\/emballage-a-temperature-controlee\/vehicules-a-temperature-controlee\/","og_locale":"fr_FR","og_type":"article","og_title":"V\u00e9hicules \u00e0 temp\u00e9rature contr\u00f4l\u00e9e - CRYOPDP","og_description":"Envois pharmaceutiques en vrac s\u00e9curis\u00e9s et flexibles : nos v\u00e9hicules \u00e0 temp\u00e9rature contr\u00f4l\u00e9e maintiennent une temp\u00e9rature comprise entre -25\u00baC et +25\u00baC, avec suivi par GPS.","og_url":"https:\/\/cryopdp.com\/fr\/emballage-a-temperature-controlee\/vehicules-a-temperature-controlee\/","og_site_name":"CRYOPDP","article_modified_time":"2026-03-09T15:26:17+00:00","og_image":[{"width":1254,"height":836,"url":"https:\/\/cryopdp.com\/wp-content\/uploads\/2024\/03\/iStock-508511847.jpg","type":"image\/jpeg"}],"twitter_card":"summary_large_image","twitter_site":"@CRYOPDP_","schema":{"@context":"https:\/\/schema.org","@graph":[{"@type":"WebPage","@id":"https:\/\/cryopdp.com\/fr\/emballage-a-temperature-controlee\/vehicules-a-temperature-controlee\/","url":"https:\/\/cryopdp.com\/fr\/emballage-a-temperature-controlee\/vehicules-a-temperature-controlee\/","name":"V\u00e9hicules \u00e0 temp\u00e9rature contr\u00f4l\u00e9e - CRYOPDP","isPartOf":{"@id":"https:\/\/cryopdp.com\/fr\/#website"},"primaryImageOfPage":{"@id":"https:\/\/cryopdp.com\/fr\/emballage-a-temperature-controlee\/vehicules-a-temperature-controlee\/#primaryimage"},"image":{"@id":"https:\/\/cryopdp.com\/fr\/emballage-a-temperature-controlee\/vehicules-a-temperature-controlee\/#primaryimage"},"thumbnailUrl":"https:\/\/cryopdp.com\/wp-content\/uploads\/2024\/03\/iStock-508511847.jpg","datePublished":"2024-03-18T11:35:04+00:00","dateModified":"2026-03-09T15:26:17+00:00","description":"Envois pharmaceutiques en vrac s\u00e9curis\u00e9s et flexibles : nos v\u00e9hicules \u00e0 temp\u00e9rature contr\u00f4l\u00e9e maintiennent une temp\u00e9rature comprise entre -25\u00baC et +25\u00baC, avec suivi par GPS.","breadcrumb":{"@id":"https:\/\/cryopdp.com\/fr\/emballage-a-temperature-controlee\/vehicules-a-temperature-controlee\/#breadcrumb"},"inLanguage":"fr-FR","potentialAction":[{"@type":"ReadAction","target":["https:\/\/cryopdp.com\/fr\/emballage-a-temperature-controlee\/vehicules-a-temperature-controlee\/"]}]},{"@type":"ImageObject","inLanguage":"fr-FR","@id":"https:\/\/cryopdp.com\/fr\/emballage-a-temperature-controlee\/vehicules-a-temperature-controlee\/#primaryimage","url":"https:\/\/cryopdp.com\/wp-content\/uploads\/2024\/03\/iStock-508511847.jpg","contentUrl":"https:\/\/cryopdp.com\/wp-content\/uploads\/2024\/03\/iStock-508511847.jpg","width":1254,"height":836,"caption":"Fiable et conforme, notre flotte garantit l'int\u00e9grit\u00e9 de la cha\u00eene du froid \u00e0 chaque livraison."},{"@type":"BreadcrumbList","@id":"https:\/\/cryopdp.com\/fr\/emballage-a-temperature-controlee\/vehicules-a-temperature-controlee\/#breadcrumb","itemListElement":[{"@type":"ListItem","position":1,"name":"Accueil","item":"https:\/\/cryopdp.com\/fr\/"},{"@type":"ListItem","position":2,"name":"Emballage \u00e0 temp\u00e9rature contr\u00f4l\u00e9e","item":"https:\/\/cryopdp.com\/fr\/emballage-a-temperature-controlee\/"},{"@type":"ListItem","position":3,"name":"V\u00e9hicules \u00e0 temp\u00e9rature contr\u00f4l\u00e9e"}]},{"@type":"WebSite","@id":"https:\/\/cryopdp.com\/fr\/#website","url":"https:\/\/cryopdp.com\/fr\/","name":"CRYOPDP","description":"","publisher":{"@id":"https:\/\/cryopdp.com\/fr\/#organization"},"potentialAction":[{"@type":"SearchAction","target":{"@type":"EntryPoint","urlTemplate":"https:\/\/cryopdp.com\/fr\/?s={search_term_string}"},"query-input":{"@type":"PropertyValueSpecification","valueRequired":true,"valueName":"search_term_string"}}],"inLanguage":"fr-FR"},{"@type":"Organization","@id":"https:\/\/cryopdp.com\/fr\/#organization","name":"CRYOPDP","url":"https:\/\/cryopdp.com\/fr\/","logo":{"@type":"ImageObject","inLanguage":"fr-FR","@id":"https:\/\/cryopdp.com\/fr\/#\/schema\/logo\/image\/","url":"https:\/\/cryopdp.com\/wp-content\/uploads\/sites\/2\/2023\/12\/pdp-square.png","contentUrl":"https:\/\/cryopdp.com\/wp-content\/uploads\/sites\/2\/2023\/12\/pdp-square.png","width":1200,"height":1200,"caption":"CRYOPDP"},"image":{"@id":"https:\/\/cryopdp.com\/fr\/#\/schema\/logo\/image\/"},"sameAs":["https:\/\/x.com\/CRYOPDP_","https:\/\/www.linkedin.com\/company\/cryopdp","https:\/\/www.youtube.com\/channel\/UCMAksAtjJDxbVHG0ItM4lUQ","https:\/\/open.spotify.com\/show\/38TuNaX1QexPKFvL6mU0Fw?si=9766c86aea1e4b7f"]}]}},"_links":{"self":[{"href":"https:\/\/cryopdp.com\/fr\/wp-json\/wp\/v2\/pages\/14084","targetHints":{"allow":["GET"]}}],"collection":[{"href":"https:\/\/cryopdp.com\/fr\/wp-json\/wp\/v2\/pages"}],"about":[{"href":"https:\/\/cryopdp.com\/fr\/wp-json\/wp\/v2\/types\/page"}],"author":[{"embeddable":true,"href":"https:\/\/cryopdp.com\/fr\/wp-json\/wp\/v2\/users\/8"}],"replies":[{"embeddable":true,"href":"https:\/\/cryopdp.com\/fr\/wp-json\/wp\/v2\/comments?post=14084"}],"version-history":[{"count":0,"href":"https:\/\/cryopdp.com\/fr\/wp-json\/wp\/v2\/pages\/14084\/revisions"}],"up":[{"embeddable":true,"href":"https:\/\/cryopdp.com\/fr\/wp-json\/wp\/v2\/pages\/14080"}],"wp:featuredmedia":[{"embeddable":true,"href":"https:\/\/cryopdp.com\/fr\/wp-json\/wp\/v2\/media\/4866"}],"wp:attachment":[{"href":"https:\/\/cryopdp.com\/fr\/wp-json\/wp\/v2\/media?parent=14084"}],"curies":[{"name":"wp","href":"https:\/\/api.w.org\/{rel}","templated":true}]}}