{"id":14159,"date":"2025-02-14T10:14:17","date_gmt":"2025-02-14T10:14:17","guid":{"rendered":"https:\/\/cryopdp.com\/logistique-des-essais-cliniques\/solution-pour-les-produits-volumineux-et-lourds\/"},"modified":"2026-03-09T17:31:14","modified_gmt":"2026-03-09T17:31:14","slug":"solution-pour-les-produits-volumineux-et-lourds","status":"publish","type":"page","link":"https:\/\/cryopdp.com\/fr\/logistique-des-essais-cliniques\/solution-pour-les-produits-volumineux-et-lourds\/","title":{"rendered":"Solution pour les produits volumineux et lourds"},"content":{"rendered":"","protected":false},"excerpt":{"rendered":"","protected":false},"author":8,"featured_media":10061,"parent":13476,"menu_order":0,"comment_status":"closed","ping_status":"closed","template":"","meta":{"_acf_changed":false,"_lmt_disableupdate":"","_lmt_disable":"","footnotes":""},"class_list":["post-14159","page","type-page","status-publish","has-post-thumbnail","hentry"],"acf":[],"yoast_head":"<!-- This site is optimized with the Yoast SEO plugin v27.3 - https:\/\/yoast.com\/product\/yoast-seo-wordpress\/ -->\n<title>Solution pour les produits volumineux et lourds - CRYOPDP<\/title>\n<meta name=\"description\" content=\"Solution pour les produits en vrac et les produits lourds : CRYOPDP est sp\u00e9cialis\u00e9 dans la logistique \u00e0 temp\u00e9rature contr\u00f4l\u00e9e pour la recherche clinique en sciences de la vie et la th\u00e9rapie cellulaire et g\u00e9nique.\" \/>\n<meta name=\"robots\" content=\"index, follow, max-snippet:-1, max-image-preview:large, max-video-preview:-1\" \/>\n<link rel=\"canonical\" href=\"https:\/\/cryopdp.com\/fr\/logistique-des-essais-cliniques\/solution-pour-les-produits-volumineux-et-lourds\/\" \/>\n<meta property=\"og:locale\" content=\"fr_FR\" \/>\n<meta property=\"og:type\" content=\"article\" \/>\n<meta property=\"og:title\" content=\"Solution pour les produits volumineux et lourds - CRYOPDP\" \/>\n<meta property=\"og:description\" content=\"Solution pour les produits en vrac et les produits lourds : CRYOPDP est sp\u00e9cialis\u00e9 dans la logistique \u00e0 temp\u00e9rature contr\u00f4l\u00e9e pour la recherche clinique en sciences de la vie et la th\u00e9rapie cellulaire et g\u00e9nique.\" \/>\n<meta property=\"og:url\" content=\"https:\/\/cryopdp.com\/fr\/logistique-des-essais-cliniques\/solution-pour-les-produits-volumineux-et-lourds\/\" \/>\n<meta property=\"og:site_name\" content=\"CRYOPDP\" \/>\n<meta property=\"article:modified_time\" content=\"2026-03-09T17:31:14+00:00\" \/>\n<meta property=\"og:image\" content=\"https:\/\/cryopdp.com\/wp-content\/uploads\/2025\/02\/AdobeStock_357286159-scaled.jpeg\" \/>\n\t<meta property=\"og:image:width\" content=\"2560\" \/>\n\t<meta property=\"og:image:height\" content=\"1707\" \/>\n\t<meta property=\"og:image:type\" content=\"image\/jpeg\" \/>\n<meta name=\"twitter:card\" content=\"summary_large_image\" \/>\n<meta name=\"twitter:site\" content=\"@CRYOPDP_\" \/>\n<script type=\"application\/ld+json\" class=\"yoast-schema-graph\">{\"@context\":\"https:\\\/\\\/schema.org\",\"@graph\":[{\"@type\":\"WebPage\",\"@id\":\"https:\\\/\\\/cryopdp.com\\\/fr\\\/logistique-des-essais-cliniques\\\/solution-pour-les-produits-volumineux-et-lourds\\\/\",\"url\":\"https:\\\/\\\/cryopdp.com\\\/fr\\\/logistique-des-essais-cliniques\\\/solution-pour-les-produits-volumineux-et-lourds\\\/\",\"name\":\"Solution pour les produits volumineux et lourds - CRYOPDP\",\"isPartOf\":{\"@id\":\"https:\\\/\\\/cryopdp.com\\\/fr\\\/#website\"},\"primaryImageOfPage\":{\"@id\":\"https:\\\/\\\/cryopdp.com\\\/fr\\\/logistique-des-essais-cliniques\\\/solution-pour-les-produits-volumineux-et-lourds\\\/#primaryimage\"},\"image\":{\"@id\":\"https:\\\/\\\/cryopdp.com\\\/fr\\\/logistique-des-essais-cliniques\\\/solution-pour-les-produits-volumineux-et-lourds\\\/#primaryimage\"},\"thumbnailUrl\":\"https:\\\/\\\/cryopdp.com\\\/wp-content\\\/uploads\\\/2025\\\/02\\\/AdobeStock_357286159-scaled.jpeg\",\"datePublished\":\"2025-02-14T10:14:17+00:00\",\"dateModified\":\"2026-03-09T17:31:14+00:00\",\"description\":\"Solution pour les produits en vrac et les produits lourds : CRYOPDP est sp\u00e9cialis\u00e9 dans la logistique \u00e0 temp\u00e9rature contr\u00f4l\u00e9e pour la recherche clinique en sciences de la vie et la th\u00e9rapie cellulaire et g\u00e9nique.\",\"breadcrumb\":{\"@id\":\"https:\\\/\\\/cryopdp.com\\\/fr\\\/logistique-des-essais-cliniques\\\/solution-pour-les-produits-volumineux-et-lourds\\\/#breadcrumb\"},\"inLanguage\":\"fr-FR\",\"potentialAction\":[{\"@type\":\"ReadAction\",\"target\":[\"https:\\\/\\\/cryopdp.com\\\/fr\\\/logistique-des-essais-cliniques\\\/solution-pour-les-produits-volumineux-et-lourds\\\/\"]}]},{\"@type\":\"ImageObject\",\"inLanguage\":\"fr-FR\",\"@id\":\"https:\\\/\\\/cryopdp.com\\\/fr\\\/logistique-des-essais-cliniques\\\/solution-pour-les-produits-volumineux-et-lourds\\\/#primaryimage\",\"url\":\"https:\\\/\\\/cryopdp.com\\\/wp-content\\\/uploads\\\/2025\\\/02\\\/AdobeStock_357286159-scaled.jpeg\",\"contentUrl\":\"https:\\\/\\\/cryopdp.com\\\/wp-content\\\/uploads\\\/2025\\\/02\\\/AdobeStock_357286159-scaled.jpeg\",\"width\":2560,\"height\":1707,\"caption\":\"La solution Bulk et Heavyweight de CRYOPDP est con\u00e7ue pour la logistique des soins de sant\u00e9 \u00e0 haut volume, o\u00f9 la pr\u00e9cision et l'\u00e9chelle vont de pair.\"},{\"@type\":\"BreadcrumbList\",\"@id\":\"https:\\\/\\\/cryopdp.com\\\/fr\\\/logistique-des-essais-cliniques\\\/solution-pour-les-produits-volumineux-et-lourds\\\/#breadcrumb\",\"itemListElement\":[{\"@type\":\"ListItem\",\"position\":1,\"name\":\"Accueil\",\"item\":\"https:\\\/\\\/cryopdp.com\\\/fr\\\/\"},{\"@type\":\"ListItem\",\"position\":2,\"name\":\"Logistique des essais cliniques\",\"item\":\"https:\\\/\\\/cryopdp.com\\\/fr\\\/logistique-des-essais-cliniques\\\/\"},{\"@type\":\"ListItem\",\"position\":3,\"name\":\"Solution pour les produits volumineux et lourds\"}]},{\"@type\":\"WebSite\",\"@id\":\"https:\\\/\\\/cryopdp.com\\\/fr\\\/#website\",\"url\":\"https:\\\/\\\/cryopdp.com\\\/fr\\\/\",\"name\":\"CRYOPDP\",\"description\":\"\",\"publisher\":{\"@id\":\"https:\\\/\\\/cryopdp.com\\\/fr\\\/#organization\"},\"potentialAction\":[{\"@type\":\"SearchAction\",\"target\":{\"@type\":\"EntryPoint\",\"urlTemplate\":\"https:\\\/\\\/cryopdp.com\\\/fr\\\/?s={search_term_string}\"},\"query-input\":{\"@type\":\"PropertyValueSpecification\",\"valueRequired\":true,\"valueName\":\"search_term_string\"}}],\"inLanguage\":\"fr-FR\"},{\"@type\":\"Organization\",\"@id\":\"https:\\\/\\\/cryopdp.com\\\/fr\\\/#organization\",\"name\":\"CRYOPDP\",\"url\":\"https:\\\/\\\/cryopdp.com\\\/fr\\\/\",\"logo\":{\"@type\":\"ImageObject\",\"inLanguage\":\"fr-FR\",\"@id\":\"https:\\\/\\\/cryopdp.com\\\/fr\\\/#\\\/schema\\\/logo\\\/image\\\/\",\"url\":\"https:\\\/\\\/cryopdp.com\\\/wp-content\\\/uploads\\\/sites\\\/2\\\/2023\\\/12\\\/pdp-square.png\",\"contentUrl\":\"https:\\\/\\\/cryopdp.com\\\/wp-content\\\/uploads\\\/sites\\\/2\\\/2023\\\/12\\\/pdp-square.png\",\"width\":1200,\"height\":1200,\"caption\":\"CRYOPDP\"},\"image\":{\"@id\":\"https:\\\/\\\/cryopdp.com\\\/fr\\\/#\\\/schema\\\/logo\\\/image\\\/\"},\"sameAs\":[\"https:\\\/\\\/x.com\\\/CRYOPDP_\",\"https:\\\/\\\/www.linkedin.com\\\/company\\\/cryopdp\",\"https:\\\/\\\/www.youtube.com\\\/channel\\\/UCMAksAtjJDxbVHG0ItM4lUQ\",\"https:\\\/\\\/open.spotify.com\\\/show\\\/38TuNaX1QexPKFvL6mU0Fw?si=9766c86aea1e4b7f\"]}]}<\/script>\n<!-- \/ Yoast SEO plugin. -->","yoast_head_json":{"title":"Solution pour les produits volumineux et lourds - CRYOPDP","description":"Solution pour les produits en vrac et les produits lourds : CRYOPDP est sp\u00e9cialis\u00e9 dans la logistique \u00e0 temp\u00e9rature contr\u00f4l\u00e9e pour la recherche clinique en sciences de la vie et la th\u00e9rapie cellulaire et g\u00e9nique.","robots":{"index":"index","follow":"follow","max-snippet":"max-snippet:-1","max-image-preview":"max-image-preview:large","max-video-preview":"max-video-preview:-1"},"canonical":"https:\/\/cryopdp.com\/fr\/logistique-des-essais-cliniques\/solution-pour-les-produits-volumineux-et-lourds\/","og_locale":"fr_FR","og_type":"article","og_title":"Solution pour les produits volumineux et lourds - CRYOPDP","og_description":"Solution pour les produits en vrac et les produits lourds : CRYOPDP est sp\u00e9cialis\u00e9 dans la logistique \u00e0 temp\u00e9rature contr\u00f4l\u00e9e pour la recherche clinique en sciences de la vie et la th\u00e9rapie cellulaire et g\u00e9nique.","og_url":"https:\/\/cryopdp.com\/fr\/logistique-des-essais-cliniques\/solution-pour-les-produits-volumineux-et-lourds\/","og_site_name":"CRYOPDP","article_modified_time":"2026-03-09T17:31:14+00:00","og_image":[{"width":2560,"height":1707,"url":"https:\/\/cryopdp.com\/wp-content\/uploads\/2025\/02\/AdobeStock_357286159-scaled.jpeg","type":"image\/jpeg"}],"twitter_card":"summary_large_image","twitter_site":"@CRYOPDP_","schema":{"@context":"https:\/\/schema.org","@graph":[{"@type":"WebPage","@id":"https:\/\/cryopdp.com\/fr\/logistique-des-essais-cliniques\/solution-pour-les-produits-volumineux-et-lourds\/","url":"https:\/\/cryopdp.com\/fr\/logistique-des-essais-cliniques\/solution-pour-les-produits-volumineux-et-lourds\/","name":"Solution pour les produits volumineux et lourds - CRYOPDP","isPartOf":{"@id":"https:\/\/cryopdp.com\/fr\/#website"},"primaryImageOfPage":{"@id":"https:\/\/cryopdp.com\/fr\/logistique-des-essais-cliniques\/solution-pour-les-produits-volumineux-et-lourds\/#primaryimage"},"image":{"@id":"https:\/\/cryopdp.com\/fr\/logistique-des-essais-cliniques\/solution-pour-les-produits-volumineux-et-lourds\/#primaryimage"},"thumbnailUrl":"https:\/\/cryopdp.com\/wp-content\/uploads\/2025\/02\/AdobeStock_357286159-scaled.jpeg","datePublished":"2025-02-14T10:14:17+00:00","dateModified":"2026-03-09T17:31:14+00:00","description":"Solution pour les produits en vrac et les produits lourds : CRYOPDP est sp\u00e9cialis\u00e9 dans la logistique \u00e0 temp\u00e9rature contr\u00f4l\u00e9e pour la recherche clinique en sciences de la vie et la th\u00e9rapie cellulaire et g\u00e9nique.","breadcrumb":{"@id":"https:\/\/cryopdp.com\/fr\/logistique-des-essais-cliniques\/solution-pour-les-produits-volumineux-et-lourds\/#breadcrumb"},"inLanguage":"fr-FR","potentialAction":[{"@type":"ReadAction","target":["https:\/\/cryopdp.com\/fr\/logistique-des-essais-cliniques\/solution-pour-les-produits-volumineux-et-lourds\/"]}]},{"@type":"ImageObject","inLanguage":"fr-FR","@id":"https:\/\/cryopdp.com\/fr\/logistique-des-essais-cliniques\/solution-pour-les-produits-volumineux-et-lourds\/#primaryimage","url":"https:\/\/cryopdp.com\/wp-content\/uploads\/2025\/02\/AdobeStock_357286159-scaled.jpeg","contentUrl":"https:\/\/cryopdp.com\/wp-content\/uploads\/2025\/02\/AdobeStock_357286159-scaled.jpeg","width":2560,"height":1707,"caption":"La solution Bulk et Heavyweight de CRYOPDP est con\u00e7ue pour la logistique des soins de sant\u00e9 \u00e0 haut volume, o\u00f9 la pr\u00e9cision et l'\u00e9chelle vont de pair."},{"@type":"BreadcrumbList","@id":"https:\/\/cryopdp.com\/fr\/logistique-des-essais-cliniques\/solution-pour-les-produits-volumineux-et-lourds\/#breadcrumb","itemListElement":[{"@type":"ListItem","position":1,"name":"Accueil","item":"https:\/\/cryopdp.com\/fr\/"},{"@type":"ListItem","position":2,"name":"Logistique des essais cliniques","item":"https:\/\/cryopdp.com\/fr\/logistique-des-essais-cliniques\/"},{"@type":"ListItem","position":3,"name":"Solution pour les produits volumineux et lourds"}]},{"@type":"WebSite","@id":"https:\/\/cryopdp.com\/fr\/#website","url":"https:\/\/cryopdp.com\/fr\/","name":"CRYOPDP","description":"","publisher":{"@id":"https:\/\/cryopdp.com\/fr\/#organization"},"potentialAction":[{"@type":"SearchAction","target":{"@type":"EntryPoint","urlTemplate":"https:\/\/cryopdp.com\/fr\/?s={search_term_string}"},"query-input":{"@type":"PropertyValueSpecification","valueRequired":true,"valueName":"search_term_string"}}],"inLanguage":"fr-FR"},{"@type":"Organization","@id":"https:\/\/cryopdp.com\/fr\/#organization","name":"CRYOPDP","url":"https:\/\/cryopdp.com\/fr\/","logo":{"@type":"ImageObject","inLanguage":"fr-FR","@id":"https:\/\/cryopdp.com\/fr\/#\/schema\/logo\/image\/","url":"https:\/\/cryopdp.com\/wp-content\/uploads\/sites\/2\/2023\/12\/pdp-square.png","contentUrl":"https:\/\/cryopdp.com\/wp-content\/uploads\/sites\/2\/2023\/12\/pdp-square.png","width":1200,"height":1200,"caption":"CRYOPDP"},"image":{"@id":"https:\/\/cryopdp.com\/fr\/#\/schema\/logo\/image\/"},"sameAs":["https:\/\/x.com\/CRYOPDP_","https:\/\/www.linkedin.com\/company\/cryopdp","https:\/\/www.youtube.com\/channel\/UCMAksAtjJDxbVHG0ItM4lUQ","https:\/\/open.spotify.com\/show\/38TuNaX1QexPKFvL6mU0Fw?si=9766c86aea1e4b7f"]}]}},"_links":{"self":[{"href":"https:\/\/cryopdp.com\/fr\/wp-json\/wp\/v2\/pages\/14159","targetHints":{"allow":["GET"]}}],"collection":[{"href":"https:\/\/cryopdp.com\/fr\/wp-json\/wp\/v2\/pages"}],"about":[{"href":"https:\/\/cryopdp.com\/fr\/wp-json\/wp\/v2\/types\/page"}],"author":[{"embeddable":true,"href":"https:\/\/cryopdp.com\/fr\/wp-json\/wp\/v2\/users\/8"}],"replies":[{"embeddable":true,"href":"https:\/\/cryopdp.com\/fr\/wp-json\/wp\/v2\/comments?post=14159"}],"version-history":[{"count":0,"href":"https:\/\/cryopdp.com\/fr\/wp-json\/wp\/v2\/pages\/14159\/revisions"}],"up":[{"embeddable":true,"href":"https:\/\/cryopdp.com\/fr\/wp-json\/wp\/v2\/pages\/13476"}],"wp:featuredmedia":[{"embeddable":true,"href":"https:\/\/cryopdp.com\/fr\/wp-json\/wp\/v2\/media\/10061"}],"wp:attachment":[{"href":"https:\/\/cryopdp.com\/fr\/wp-json\/wp\/v2\/media?parent=14159"}],"curies":[{"name":"wp","href":"https:\/\/api.w.org\/{rel}","templated":true}]}}