{"id":13445,"date":"2025-02-14T10:14:27","date_gmt":"2025-02-14T10:14:27","guid":{"rendered":"https:\/\/cryopdp.com\/logistyka-badan-klinicznych\/rozwiazanie-central-labs\/"},"modified":"2026-02-25T18:10:38","modified_gmt":"2026-02-25T18:10:38","slug":"rozwiazanie-central-labs","status":"publish","type":"page","link":"https:\/\/cryopdp.com\/pl\/logistyka-badan-klinicznych\/rozwiazanie-central-labs\/","title":{"rendered":"Rozwi\u0105zanie Central Labs"},"content":{"rendered":"","protected":false},"excerpt":{"rendered":"","protected":false},"author":8,"featured_media":9890,"parent":13480,"menu_order":0,"comment_status":"closed","ping_status":"closed","template":"","meta":{"_acf_changed":false,"_lmt_disableupdate":"","_lmt_disable":"","footnotes":""},"class_list":["post-13445","page","type-page","status-publish","has-post-thumbnail","hentry"],"acf":[],"yoast_head":"<!-- This site is optimized with the Yoast SEO plugin v27.3 - https:\/\/yoast.com\/product\/yoast-seo-wordpress\/ -->\n<title>Rozwi\u0105zanie Central Labs - CRYOPDP<\/title>\n<meta name=\"description\" content=\"CRYOPDP zapewnia centraln\u0105 logistyk\u0119 laboratoryjn\u0105 z kontrol\u0105 temperatury, \u015bledzeniem w czasie rzeczywistym, globaln\u0105 zgodno\u015bci\u0105 dla pr\u00f3bek, zestaw\u00f3w i materia\u0142\u00f3w klinicznych.\" \/>\n<meta name=\"robots\" content=\"index, follow, max-snippet:-1, max-image-preview:large, max-video-preview:-1\" \/>\n<link rel=\"canonical\" href=\"https:\/\/cryopdp.com\/pl\/logistyka-badan-klinicznych\/rozwiazanie-central-labs\/\" \/>\n<meta property=\"og:locale\" content=\"pl_PL\" \/>\n<meta property=\"og:type\" content=\"article\" \/>\n<meta property=\"og:title\" content=\"Rozwi\u0105zanie Central Labs - CRYOPDP\" \/>\n<meta property=\"og:description\" content=\"CRYOPDP zapewnia centraln\u0105 logistyk\u0119 laboratoryjn\u0105 z kontrol\u0105 temperatury, \u015bledzeniem w czasie rzeczywistym, globaln\u0105 zgodno\u015bci\u0105 dla pr\u00f3bek, zestaw\u00f3w i materia\u0142\u00f3w klinicznych.\" \/>\n<meta property=\"og:url\" content=\"https:\/\/cryopdp.com\/pl\/logistyka-badan-klinicznych\/rozwiazanie-central-labs\/\" \/>\n<meta property=\"og:site_name\" content=\"CRYOPDP\" \/>\n<meta property=\"article:modified_time\" content=\"2026-02-25T18:10:38+00:00\" \/>\n<meta property=\"og:image\" content=\"https:\/\/cryopdp.com\/wp-content\/uploads\/2025\/02\/AdobeStock_357304015-scaled.jpeg\" \/>\n\t<meta property=\"og:image:width\" content=\"2560\" \/>\n\t<meta property=\"og:image:height\" content=\"1172\" \/>\n\t<meta property=\"og:image:type\" content=\"image\/jpeg\" \/>\n<meta name=\"twitter:card\" content=\"summary_large_image\" \/>\n<meta name=\"twitter:site\" content=\"@CRYOPDP_\" \/>\n<script type=\"application\/ld+json\" class=\"yoast-schema-graph\">{\"@context\":\"https:\\\/\\\/schema.org\",\"@graph\":[{\"@type\":\"WebPage\",\"@id\":\"https:\\\/\\\/cryopdp.com\\\/pl\\\/logistyka-badan-klinicznych\\\/rozwiazanie-central-labs\\\/\",\"url\":\"https:\\\/\\\/cryopdp.com\\\/pl\\\/logistyka-badan-klinicznych\\\/rozwiazanie-central-labs\\\/\",\"name\":\"Rozwi\u0105zanie Central Labs - CRYOPDP\",\"isPartOf\":{\"@id\":\"https:\\\/\\\/cryopdp.com\\\/pl\\\/#website\"},\"primaryImageOfPage\":{\"@id\":\"https:\\\/\\\/cryopdp.com\\\/pl\\\/logistyka-badan-klinicznych\\\/rozwiazanie-central-labs\\\/#primaryimage\"},\"image\":{\"@id\":\"https:\\\/\\\/cryopdp.com\\\/pl\\\/logistyka-badan-klinicznych\\\/rozwiazanie-central-labs\\\/#primaryimage\"},\"thumbnailUrl\":\"https:\\\/\\\/cryopdp.com\\\/wp-content\\\/uploads\\\/2025\\\/02\\\/AdobeStock_357304015-scaled.jpeg\",\"datePublished\":\"2025-02-14T10:14:27+00:00\",\"dateModified\":\"2026-02-25T18:10:38+00:00\",\"description\":\"CRYOPDP zapewnia centraln\u0105 logistyk\u0119 laboratoryjn\u0105 z kontrol\u0105 temperatury, \u015bledzeniem w czasie rzeczywistym, globaln\u0105 zgodno\u015bci\u0105 dla pr\u00f3bek, zestaw\u00f3w i materia\u0142\u00f3w klinicznych.\",\"breadcrumb\":{\"@id\":\"https:\\\/\\\/cryopdp.com\\\/pl\\\/logistyka-badan-klinicznych\\\/rozwiazanie-central-labs\\\/#breadcrumb\"},\"inLanguage\":\"pl-PL\",\"potentialAction\":[{\"@type\":\"ReadAction\",\"target\":[\"https:\\\/\\\/cryopdp.com\\\/pl\\\/logistyka-badan-klinicznych\\\/rozwiazanie-central-labs\\\/\"]}]},{\"@type\":\"ImageObject\",\"inLanguage\":\"pl-PL\",\"@id\":\"https:\\\/\\\/cryopdp.com\\\/pl\\\/logistyka-badan-klinicznych\\\/rozwiazanie-central-labs\\\/#primaryimage\",\"url\":\"https:\\\/\\\/cryopdp.com\\\/wp-content\\\/uploads\\\/2025\\\/02\\\/AdobeStock_357304015-scaled.jpeg\",\"contentUrl\":\"https:\\\/\\\/cryopdp.com\\\/wp-content\\\/uploads\\\/2025\\\/02\\\/AdobeStock_357304015-scaled.jpeg\",\"width\":2560,\"height\":1172,\"caption\":\"Za ka\u017cdym prze\u0142omowym odkryciem stoi niezawodny \u0142a\u0144cuch dostaw. CRYOPDP zapewnia to, czego laboratoria potrzebuj\u0105, aby badania mog\u0142y posuwa\u0107 si\u0119 naprz\u00f3d\"},{\"@type\":\"BreadcrumbList\",\"@id\":\"https:\\\/\\\/cryopdp.com\\\/pl\\\/logistyka-badan-klinicznych\\\/rozwiazanie-central-labs\\\/#breadcrumb\",\"itemListElement\":[{\"@type\":\"ListItem\",\"position\":1,\"name\":\"Strona g\u0142\u00f3wna\",\"item\":\"https:\\\/\\\/cryopdp.com\\\/pl\\\/\"},{\"@type\":\"ListItem\",\"position\":2,\"name\":\"Rozwi\u0105zanie Central Labs\"}]},{\"@type\":\"WebSite\",\"@id\":\"https:\\\/\\\/cryopdp.com\\\/pl\\\/#website\",\"url\":\"https:\\\/\\\/cryopdp.com\\\/pl\\\/\",\"name\":\"CRYOPDP\",\"description\":\"\",\"publisher\":{\"@id\":\"https:\\\/\\\/cryopdp.com\\\/pl\\\/#organization\"},\"potentialAction\":[{\"@type\":\"SearchAction\",\"target\":{\"@type\":\"EntryPoint\",\"urlTemplate\":\"https:\\\/\\\/cryopdp.com\\\/pl\\\/?s={search_term_string}\"},\"query-input\":{\"@type\":\"PropertyValueSpecification\",\"valueRequired\":true,\"valueName\":\"search_term_string\"}}],\"inLanguage\":\"pl-PL\"},{\"@type\":\"Organization\",\"@id\":\"https:\\\/\\\/cryopdp.com\\\/pl\\\/#organization\",\"name\":\"CRYOPDP\",\"url\":\"https:\\\/\\\/cryopdp.com\\\/pl\\\/\",\"logo\":{\"@type\":\"ImageObject\",\"inLanguage\":\"pl-PL\",\"@id\":\"https:\\\/\\\/cryopdp.com\\\/pl\\\/#\\\/schema\\\/logo\\\/image\\\/\",\"url\":\"https:\\\/\\\/cryopdp.com\\\/wp-content\\\/uploads\\\/sites\\\/2\\\/2023\\\/12\\\/pdp-square.png\",\"contentUrl\":\"https:\\\/\\\/cryopdp.com\\\/wp-content\\\/uploads\\\/sites\\\/2\\\/2023\\\/12\\\/pdp-square.png\",\"width\":1200,\"height\":1200,\"caption\":\"CRYOPDP\"},\"image\":{\"@id\":\"https:\\\/\\\/cryopdp.com\\\/pl\\\/#\\\/schema\\\/logo\\\/image\\\/\"},\"sameAs\":[\"https:\\\/\\\/x.com\\\/CRYOPDP_\",\"https:\\\/\\\/www.linkedin.com\\\/company\\\/cryopdp\",\"https:\\\/\\\/www.youtube.com\\\/channel\\\/UCMAksAtjJDxbVHG0ItM4lUQ\",\"https:\\\/\\\/open.spotify.com\\\/show\\\/38TuNaX1QexPKFvL6mU0Fw?si=9766c86aea1e4b7f\"]}]}<\/script>\n<!-- \/ Yoast SEO plugin. -->","yoast_head_json":{"title":"Rozwi\u0105zanie Central Labs - CRYOPDP","description":"CRYOPDP zapewnia centraln\u0105 logistyk\u0119 laboratoryjn\u0105 z kontrol\u0105 temperatury, \u015bledzeniem w czasie rzeczywistym, globaln\u0105 zgodno\u015bci\u0105 dla pr\u00f3bek, zestaw\u00f3w i materia\u0142\u00f3w klinicznych.","robots":{"index":"index","follow":"follow","max-snippet":"max-snippet:-1","max-image-preview":"max-image-preview:large","max-video-preview":"max-video-preview:-1"},"canonical":"https:\/\/cryopdp.com\/pl\/logistyka-badan-klinicznych\/rozwiazanie-central-labs\/","og_locale":"pl_PL","og_type":"article","og_title":"Rozwi\u0105zanie Central Labs - CRYOPDP","og_description":"CRYOPDP zapewnia centraln\u0105 logistyk\u0119 laboratoryjn\u0105 z kontrol\u0105 temperatury, \u015bledzeniem w czasie rzeczywistym, globaln\u0105 zgodno\u015bci\u0105 dla pr\u00f3bek, zestaw\u00f3w i materia\u0142\u00f3w klinicznych.","og_url":"https:\/\/cryopdp.com\/pl\/logistyka-badan-klinicznych\/rozwiazanie-central-labs\/","og_site_name":"CRYOPDP","article_modified_time":"2026-02-25T18:10:38+00:00","og_image":[{"width":2560,"height":1172,"url":"https:\/\/cryopdp.com\/wp-content\/uploads\/2025\/02\/AdobeStock_357304015-scaled.jpeg","type":"image\/jpeg"}],"twitter_card":"summary_large_image","twitter_site":"@CRYOPDP_","schema":{"@context":"https:\/\/schema.org","@graph":[{"@type":"WebPage","@id":"https:\/\/cryopdp.com\/pl\/logistyka-badan-klinicznych\/rozwiazanie-central-labs\/","url":"https:\/\/cryopdp.com\/pl\/logistyka-badan-klinicznych\/rozwiazanie-central-labs\/","name":"Rozwi\u0105zanie Central Labs - CRYOPDP","isPartOf":{"@id":"https:\/\/cryopdp.com\/pl\/#website"},"primaryImageOfPage":{"@id":"https:\/\/cryopdp.com\/pl\/logistyka-badan-klinicznych\/rozwiazanie-central-labs\/#primaryimage"},"image":{"@id":"https:\/\/cryopdp.com\/pl\/logistyka-badan-klinicznych\/rozwiazanie-central-labs\/#primaryimage"},"thumbnailUrl":"https:\/\/cryopdp.com\/wp-content\/uploads\/2025\/02\/AdobeStock_357304015-scaled.jpeg","datePublished":"2025-02-14T10:14:27+00:00","dateModified":"2026-02-25T18:10:38+00:00","description":"CRYOPDP zapewnia centraln\u0105 logistyk\u0119 laboratoryjn\u0105 z kontrol\u0105 temperatury, \u015bledzeniem w czasie rzeczywistym, globaln\u0105 zgodno\u015bci\u0105 dla pr\u00f3bek, zestaw\u00f3w i materia\u0142\u00f3w klinicznych.","breadcrumb":{"@id":"https:\/\/cryopdp.com\/pl\/logistyka-badan-klinicznych\/rozwiazanie-central-labs\/#breadcrumb"},"inLanguage":"pl-PL","potentialAction":[{"@type":"ReadAction","target":["https:\/\/cryopdp.com\/pl\/logistyka-badan-klinicznych\/rozwiazanie-central-labs\/"]}]},{"@type":"ImageObject","inLanguage":"pl-PL","@id":"https:\/\/cryopdp.com\/pl\/logistyka-badan-klinicznych\/rozwiazanie-central-labs\/#primaryimage","url":"https:\/\/cryopdp.com\/wp-content\/uploads\/2025\/02\/AdobeStock_357304015-scaled.jpeg","contentUrl":"https:\/\/cryopdp.com\/wp-content\/uploads\/2025\/02\/AdobeStock_357304015-scaled.jpeg","width":2560,"height":1172,"caption":"Za ka\u017cdym prze\u0142omowym odkryciem stoi niezawodny \u0142a\u0144cuch dostaw. CRYOPDP zapewnia to, czego laboratoria potrzebuj\u0105, aby badania mog\u0142y posuwa\u0107 si\u0119 naprz\u00f3d"},{"@type":"BreadcrumbList","@id":"https:\/\/cryopdp.com\/pl\/logistyka-badan-klinicznych\/rozwiazanie-central-labs\/#breadcrumb","itemListElement":[{"@type":"ListItem","position":1,"name":"Strona g\u0142\u00f3wna","item":"https:\/\/cryopdp.com\/pl\/"},{"@type":"ListItem","position":2,"name":"Rozwi\u0105zanie Central Labs"}]},{"@type":"WebSite","@id":"https:\/\/cryopdp.com\/pl\/#website","url":"https:\/\/cryopdp.com\/pl\/","name":"CRYOPDP","description":"","publisher":{"@id":"https:\/\/cryopdp.com\/pl\/#organization"},"potentialAction":[{"@type":"SearchAction","target":{"@type":"EntryPoint","urlTemplate":"https:\/\/cryopdp.com\/pl\/?s={search_term_string}"},"query-input":{"@type":"PropertyValueSpecification","valueRequired":true,"valueName":"search_term_string"}}],"inLanguage":"pl-PL"},{"@type":"Organization","@id":"https:\/\/cryopdp.com\/pl\/#organization","name":"CRYOPDP","url":"https:\/\/cryopdp.com\/pl\/","logo":{"@type":"ImageObject","inLanguage":"pl-PL","@id":"https:\/\/cryopdp.com\/pl\/#\/schema\/logo\/image\/","url":"https:\/\/cryopdp.com\/wp-content\/uploads\/sites\/2\/2023\/12\/pdp-square.png","contentUrl":"https:\/\/cryopdp.com\/wp-content\/uploads\/sites\/2\/2023\/12\/pdp-square.png","width":1200,"height":1200,"caption":"CRYOPDP"},"image":{"@id":"https:\/\/cryopdp.com\/pl\/#\/schema\/logo\/image\/"},"sameAs":["https:\/\/x.com\/CRYOPDP_","https:\/\/www.linkedin.com\/company\/cryopdp","https:\/\/www.youtube.com\/channel\/UCMAksAtjJDxbVHG0ItM4lUQ","https:\/\/open.spotify.com\/show\/38TuNaX1QexPKFvL6mU0Fw?si=9766c86aea1e4b7f"]}]}},"_links":{"self":[{"href":"https:\/\/cryopdp.com\/pl\/wp-json\/wp\/v2\/pages\/13445","targetHints":{"allow":["GET"]}}],"collection":[{"href":"https:\/\/cryopdp.com\/pl\/wp-json\/wp\/v2\/pages"}],"about":[{"href":"https:\/\/cryopdp.com\/pl\/wp-json\/wp\/v2\/types\/page"}],"author":[{"embeddable":true,"href":"https:\/\/cryopdp.com\/pl\/wp-json\/wp\/v2\/users\/8"}],"replies":[{"embeddable":true,"href":"https:\/\/cryopdp.com\/pl\/wp-json\/wp\/v2\/comments?post=13445"}],"version-history":[{"count":0,"href":"https:\/\/cryopdp.com\/pl\/wp-json\/wp\/v2\/pages\/13445\/revisions"}],"up":[{"embeddable":true,"href":"https:\/\/cryopdp.com\/pl\/wp-json\/wp\/v2\/pages\/13480"}],"wp:featuredmedia":[{"embeddable":true,"href":"https:\/\/cryopdp.com\/pl\/wp-json\/wp\/v2\/media\/9890"}],"wp:attachment":[{"href":"https:\/\/cryopdp.com\/pl\/wp-json\/wp\/v2\/media?parent=13445"}],"curies":[{"name":"wp","href":"https:\/\/api.w.org\/{rel}","templated":true}]}}