{"id":13457,"date":"2025-02-13T15:02:12","date_gmt":"2025-02-13T15:02:12","guid":{"rendered":"https:\/\/cryopdp.com\/kim-jestesmy\/wiedza-specjalistyczna\/certyfikaty-i-zgodnosc-z-przepisami\/"},"modified":"2026-02-25T18:12:57","modified_gmt":"2026-02-25T18:12:57","slug":"certyfikaty-i-zgodnosc-z-przepisami","status":"publish","type":"page","link":"https:\/\/cryopdp.com\/pl\/kim-jestesmy\/nasza-wiedza\/certyfikaty-i-zgodnosc-z-przepisami\/","title":{"rendered":"Certyfikaty i zgodno\u015b\u0107 z przepisami"},"content":{"rendered":"","protected":false},"excerpt":{"rendered":"","protected":false},"author":4,"featured_media":9815,"parent":13964,"menu_order":0,"comment_status":"closed","ping_status":"closed","template":"","meta":{"_acf_changed":false,"_lmt_disableupdate":"","_lmt_disable":"","footnotes":""},"class_list":["post-13457","page","type-page","status-publish","has-post-thumbnail","hentry"],"acf":[],"yoast_head":"<!-- This site is optimized with the Yoast SEO plugin v27.3 - https:\/\/yoast.com\/product\/yoast-seo-wordpress\/ -->\n<title>Certyfikaty i zgodno\u015b\u0107 z przepisami - CRYOPDP<\/title>\n<meta name=\"description\" content=\"CRYOPDP specjalizuje si\u0119 w logistyce zgodnej z GDP dla nauk przyrodniczych, bada\u0144 oraz terapii kom\u00f3rkowej i genowej z wykorzystaniem rozwi\u0105za\u0144 kontroli temperatury na ca\u0142ym \u015bwiecie.\" \/>\n<meta name=\"robots\" content=\"index, follow, max-snippet:-1, max-image-preview:large, max-video-preview:-1\" \/>\n<link rel=\"canonical\" href=\"https:\/\/cryopdp.com\/pl\/kim-jestesmy\/nasza-wiedza\/certyfikaty-i-zgodnosc-z-przepisami\/\" \/>\n<meta property=\"og:locale\" content=\"pl_PL\" \/>\n<meta property=\"og:type\" content=\"article\" \/>\n<meta property=\"og:title\" content=\"Certyfikaty i zgodno\u015b\u0107 z przepisami - CRYOPDP\" \/>\n<meta property=\"og:description\" content=\"CRYOPDP specjalizuje si\u0119 w logistyce zgodnej z GDP dla nauk przyrodniczych, bada\u0144 oraz terapii kom\u00f3rkowej i genowej z wykorzystaniem rozwi\u0105za\u0144 kontroli temperatury na ca\u0142ym \u015bwiecie.\" \/>\n<meta property=\"og:url\" content=\"https:\/\/cryopdp.com\/pl\/kim-jestesmy\/nasza-wiedza\/certyfikaty-i-zgodnosc-z-przepisami\/\" \/>\n<meta property=\"og:site_name\" content=\"CRYOPDP\" \/>\n<meta property=\"article:modified_time\" content=\"2026-02-25T18:12:57+00:00\" \/>\n<meta property=\"og:image\" content=\"https:\/\/cryopdp.com\/wp-content\/uploads\/2025\/02\/AdobeStock_317868703-scaled.jpeg\" \/>\n\t<meta property=\"og:image:width\" content=\"2560\" \/>\n\t<meta property=\"og:image:height\" content=\"1707\" \/>\n\t<meta property=\"og:image:type\" content=\"image\/jpeg\" \/>\n<meta name=\"twitter:card\" content=\"summary_large_image\" \/>\n<meta name=\"twitter:site\" content=\"@CRYOPDP_\" \/>\n<script type=\"application\/ld+json\" class=\"yoast-schema-graph\">{\"@context\":\"https:\\\/\\\/schema.org\",\"@graph\":[{\"@type\":\"WebPage\",\"@id\":\"https:\\\/\\\/cryopdp.com\\\/pl\\\/kim-jestesmy\\\/nasza-wiedza\\\/certyfikaty-i-zgodnosc-z-przepisami\\\/\",\"url\":\"https:\\\/\\\/cryopdp.com\\\/pl\\\/kim-jestesmy\\\/nasza-wiedza\\\/certyfikaty-i-zgodnosc-z-przepisami\\\/\",\"name\":\"Certyfikaty i zgodno\u015b\u0107 z przepisami - CRYOPDP\",\"isPartOf\":{\"@id\":\"https:\\\/\\\/cryopdp.com\\\/pl\\\/#website\"},\"primaryImageOfPage\":{\"@id\":\"https:\\\/\\\/cryopdp.com\\\/pl\\\/kim-jestesmy\\\/nasza-wiedza\\\/certyfikaty-i-zgodnosc-z-przepisami\\\/#primaryimage\"},\"image\":{\"@id\":\"https:\\\/\\\/cryopdp.com\\\/pl\\\/kim-jestesmy\\\/nasza-wiedza\\\/certyfikaty-i-zgodnosc-z-przepisami\\\/#primaryimage\"},\"thumbnailUrl\":\"https:\\\/\\\/cryopdp.com\\\/wp-content\\\/uploads\\\/2025\\\/02\\\/AdobeStock_317868703-scaled.jpeg\",\"datePublished\":\"2025-02-13T15:02:12+00:00\",\"dateModified\":\"2026-02-25T18:12:57+00:00\",\"description\":\"CRYOPDP specjalizuje si\u0119 w logistyce zgodnej z GDP dla nauk przyrodniczych, bada\u0144 oraz terapii kom\u00f3rkowej i genowej z wykorzystaniem rozwi\u0105za\u0144 kontroli temperatury na ca\u0142ym \u015bwiecie.\",\"breadcrumb\":{\"@id\":\"https:\\\/\\\/cryopdp.com\\\/pl\\\/kim-jestesmy\\\/nasza-wiedza\\\/certyfikaty-i-zgodnosc-z-przepisami\\\/#breadcrumb\"},\"inLanguage\":\"pl-PL\",\"potentialAction\":[{\"@type\":\"ReadAction\",\"target\":[\"https:\\\/\\\/cryopdp.com\\\/pl\\\/kim-jestesmy\\\/nasza-wiedza\\\/certyfikaty-i-zgodnosc-z-przepisami\\\/\"]}]},{\"@type\":\"ImageObject\",\"inLanguage\":\"pl-PL\",\"@id\":\"https:\\\/\\\/cryopdp.com\\\/pl\\\/kim-jestesmy\\\/nasza-wiedza\\\/certyfikaty-i-zgodnosc-z-przepisami\\\/#primaryimage\",\"url\":\"https:\\\/\\\/cryopdp.com\\\/wp-content\\\/uploads\\\/2025\\\/02\\\/AdobeStock_317868703-scaled.jpeg\",\"contentUrl\":\"https:\\\/\\\/cryopdp.com\\\/wp-content\\\/uploads\\\/2025\\\/02\\\/AdobeStock_317868703-scaled.jpeg\",\"width\":2560,\"height\":1707,\"caption\":\"Budowanie zaufania poprzez zgodno\u015b\u0107, u\u015bcisk d\u0142oni reprezentuj\u0105cy zaanga\u017cowanie w praktyki logistyczne zgodne z GDP w naukach przyrodniczych.\"},{\"@type\":\"BreadcrumbList\",\"@id\":\"https:\\\/\\\/cryopdp.com\\\/pl\\\/kim-jestesmy\\\/nasza-wiedza\\\/certyfikaty-i-zgodnosc-z-przepisami\\\/#breadcrumb\",\"itemListElement\":[{\"@type\":\"ListItem\",\"position\":1,\"name\":\"Strona g\u0142\u00f3wna\",\"item\":\"https:\\\/\\\/cryopdp.com\\\/pl\\\/\"},{\"@type\":\"ListItem\",\"position\":2,\"name\":\"Nasza wiedza\",\"item\":\"https:\\\/\\\/cryopdp.com\\\/pl\\\/kim-jestesmy__trashed\\\/nasza-wiedza\\\/\"},{\"@type\":\"ListItem\",\"position\":3,\"name\":\"Certyfikaty i zgodno\u015b\u0107 z przepisami\"}]},{\"@type\":\"WebSite\",\"@id\":\"https:\\\/\\\/cryopdp.com\\\/pl\\\/#website\",\"url\":\"https:\\\/\\\/cryopdp.com\\\/pl\\\/\",\"name\":\"CRYOPDP\",\"description\":\"\",\"publisher\":{\"@id\":\"https:\\\/\\\/cryopdp.com\\\/pl\\\/#organization\"},\"potentialAction\":[{\"@type\":\"SearchAction\",\"target\":{\"@type\":\"EntryPoint\",\"urlTemplate\":\"https:\\\/\\\/cryopdp.com\\\/pl\\\/?s={search_term_string}\"},\"query-input\":{\"@type\":\"PropertyValueSpecification\",\"valueRequired\":true,\"valueName\":\"search_term_string\"}}],\"inLanguage\":\"pl-PL\"},{\"@type\":\"Organization\",\"@id\":\"https:\\\/\\\/cryopdp.com\\\/pl\\\/#organization\",\"name\":\"CRYOPDP\",\"url\":\"https:\\\/\\\/cryopdp.com\\\/pl\\\/\",\"logo\":{\"@type\":\"ImageObject\",\"inLanguage\":\"pl-PL\",\"@id\":\"https:\\\/\\\/cryopdp.com\\\/pl\\\/#\\\/schema\\\/logo\\\/image\\\/\",\"url\":\"https:\\\/\\\/cryopdp.com\\\/wp-content\\\/uploads\\\/sites\\\/2\\\/2023\\\/12\\\/pdp-square.png\",\"contentUrl\":\"https:\\\/\\\/cryopdp.com\\\/wp-content\\\/uploads\\\/sites\\\/2\\\/2023\\\/12\\\/pdp-square.png\",\"width\":1200,\"height\":1200,\"caption\":\"CRYOPDP\"},\"image\":{\"@id\":\"https:\\\/\\\/cryopdp.com\\\/pl\\\/#\\\/schema\\\/logo\\\/image\\\/\"},\"sameAs\":[\"https:\\\/\\\/x.com\\\/CRYOPDP_\",\"https:\\\/\\\/www.linkedin.com\\\/company\\\/cryopdp\",\"https:\\\/\\\/www.youtube.com\\\/channel\\\/UCMAksAtjJDxbVHG0ItM4lUQ\",\"https:\\\/\\\/open.spotify.com\\\/show\\\/38TuNaX1QexPKFvL6mU0Fw?si=9766c86aea1e4b7f\"]}]}<\/script>\n<!-- \/ Yoast SEO plugin. -->","yoast_head_json":{"title":"Certyfikaty i zgodno\u015b\u0107 z przepisami - CRYOPDP","description":"CRYOPDP specjalizuje si\u0119 w logistyce zgodnej z GDP dla nauk przyrodniczych, bada\u0144 oraz terapii kom\u00f3rkowej i genowej z wykorzystaniem rozwi\u0105za\u0144 kontroli temperatury na ca\u0142ym \u015bwiecie.","robots":{"index":"index","follow":"follow","max-snippet":"max-snippet:-1","max-image-preview":"max-image-preview:large","max-video-preview":"max-video-preview:-1"},"canonical":"https:\/\/cryopdp.com\/pl\/kim-jestesmy\/nasza-wiedza\/certyfikaty-i-zgodnosc-z-przepisami\/","og_locale":"pl_PL","og_type":"article","og_title":"Certyfikaty i zgodno\u015b\u0107 z przepisami - CRYOPDP","og_description":"CRYOPDP specjalizuje si\u0119 w logistyce zgodnej z GDP dla nauk przyrodniczych, bada\u0144 oraz terapii kom\u00f3rkowej i genowej z wykorzystaniem rozwi\u0105za\u0144 kontroli temperatury na ca\u0142ym \u015bwiecie.","og_url":"https:\/\/cryopdp.com\/pl\/kim-jestesmy\/nasza-wiedza\/certyfikaty-i-zgodnosc-z-przepisami\/","og_site_name":"CRYOPDP","article_modified_time":"2026-02-25T18:12:57+00:00","og_image":[{"width":2560,"height":1707,"url":"https:\/\/cryopdp.com\/wp-content\/uploads\/2025\/02\/AdobeStock_317868703-scaled.jpeg","type":"image\/jpeg"}],"twitter_card":"summary_large_image","twitter_site":"@CRYOPDP_","schema":{"@context":"https:\/\/schema.org","@graph":[{"@type":"WebPage","@id":"https:\/\/cryopdp.com\/pl\/kim-jestesmy\/nasza-wiedza\/certyfikaty-i-zgodnosc-z-przepisami\/","url":"https:\/\/cryopdp.com\/pl\/kim-jestesmy\/nasza-wiedza\/certyfikaty-i-zgodnosc-z-przepisami\/","name":"Certyfikaty i zgodno\u015b\u0107 z przepisami - CRYOPDP","isPartOf":{"@id":"https:\/\/cryopdp.com\/pl\/#website"},"primaryImageOfPage":{"@id":"https:\/\/cryopdp.com\/pl\/kim-jestesmy\/nasza-wiedza\/certyfikaty-i-zgodnosc-z-przepisami\/#primaryimage"},"image":{"@id":"https:\/\/cryopdp.com\/pl\/kim-jestesmy\/nasza-wiedza\/certyfikaty-i-zgodnosc-z-przepisami\/#primaryimage"},"thumbnailUrl":"https:\/\/cryopdp.com\/wp-content\/uploads\/2025\/02\/AdobeStock_317868703-scaled.jpeg","datePublished":"2025-02-13T15:02:12+00:00","dateModified":"2026-02-25T18:12:57+00:00","description":"CRYOPDP specjalizuje si\u0119 w logistyce zgodnej z GDP dla nauk przyrodniczych, bada\u0144 oraz terapii kom\u00f3rkowej i genowej z wykorzystaniem rozwi\u0105za\u0144 kontroli temperatury na ca\u0142ym \u015bwiecie.","breadcrumb":{"@id":"https:\/\/cryopdp.com\/pl\/kim-jestesmy\/nasza-wiedza\/certyfikaty-i-zgodnosc-z-przepisami\/#breadcrumb"},"inLanguage":"pl-PL","potentialAction":[{"@type":"ReadAction","target":["https:\/\/cryopdp.com\/pl\/kim-jestesmy\/nasza-wiedza\/certyfikaty-i-zgodnosc-z-przepisami\/"]}]},{"@type":"ImageObject","inLanguage":"pl-PL","@id":"https:\/\/cryopdp.com\/pl\/kim-jestesmy\/nasza-wiedza\/certyfikaty-i-zgodnosc-z-przepisami\/#primaryimage","url":"https:\/\/cryopdp.com\/wp-content\/uploads\/2025\/02\/AdobeStock_317868703-scaled.jpeg","contentUrl":"https:\/\/cryopdp.com\/wp-content\/uploads\/2025\/02\/AdobeStock_317868703-scaled.jpeg","width":2560,"height":1707,"caption":"Budowanie zaufania poprzez zgodno\u015b\u0107, u\u015bcisk d\u0142oni reprezentuj\u0105cy zaanga\u017cowanie w praktyki logistyczne zgodne z GDP w naukach przyrodniczych."},{"@type":"BreadcrumbList","@id":"https:\/\/cryopdp.com\/pl\/kim-jestesmy\/nasza-wiedza\/certyfikaty-i-zgodnosc-z-przepisami\/#breadcrumb","itemListElement":[{"@type":"ListItem","position":1,"name":"Strona g\u0142\u00f3wna","item":"https:\/\/cryopdp.com\/pl\/"},{"@type":"ListItem","position":2,"name":"Nasza wiedza","item":"https:\/\/cryopdp.com\/pl\/kim-jestesmy__trashed\/nasza-wiedza\/"},{"@type":"ListItem","position":3,"name":"Certyfikaty i zgodno\u015b\u0107 z przepisami"}]},{"@type":"WebSite","@id":"https:\/\/cryopdp.com\/pl\/#website","url":"https:\/\/cryopdp.com\/pl\/","name":"CRYOPDP","description":"","publisher":{"@id":"https:\/\/cryopdp.com\/pl\/#organization"},"potentialAction":[{"@type":"SearchAction","target":{"@type":"EntryPoint","urlTemplate":"https:\/\/cryopdp.com\/pl\/?s={search_term_string}"},"query-input":{"@type":"PropertyValueSpecification","valueRequired":true,"valueName":"search_term_string"}}],"inLanguage":"pl-PL"},{"@type":"Organization","@id":"https:\/\/cryopdp.com\/pl\/#organization","name":"CRYOPDP","url":"https:\/\/cryopdp.com\/pl\/","logo":{"@type":"ImageObject","inLanguage":"pl-PL","@id":"https:\/\/cryopdp.com\/pl\/#\/schema\/logo\/image\/","url":"https:\/\/cryopdp.com\/wp-content\/uploads\/sites\/2\/2023\/12\/pdp-square.png","contentUrl":"https:\/\/cryopdp.com\/wp-content\/uploads\/sites\/2\/2023\/12\/pdp-square.png","width":1200,"height":1200,"caption":"CRYOPDP"},"image":{"@id":"https:\/\/cryopdp.com\/pl\/#\/schema\/logo\/image\/"},"sameAs":["https:\/\/x.com\/CRYOPDP_","https:\/\/www.linkedin.com\/company\/cryopdp","https:\/\/www.youtube.com\/channel\/UCMAksAtjJDxbVHG0ItM4lUQ","https:\/\/open.spotify.com\/show\/38TuNaX1QexPKFvL6mU0Fw?si=9766c86aea1e4b7f"]}]}},"_links":{"self":[{"href":"https:\/\/cryopdp.com\/pl\/wp-json\/wp\/v2\/pages\/13457","targetHints":{"allow":["GET"]}}],"collection":[{"href":"https:\/\/cryopdp.com\/pl\/wp-json\/wp\/v2\/pages"}],"about":[{"href":"https:\/\/cryopdp.com\/pl\/wp-json\/wp\/v2\/types\/page"}],"author":[{"embeddable":true,"href":"https:\/\/cryopdp.com\/pl\/wp-json\/wp\/v2\/users\/4"}],"replies":[{"embeddable":true,"href":"https:\/\/cryopdp.com\/pl\/wp-json\/wp\/v2\/comments?post=13457"}],"version-history":[{"count":0,"href":"https:\/\/cryopdp.com\/pl\/wp-json\/wp\/v2\/pages\/13457\/revisions"}],"up":[{"embeddable":true,"href":"https:\/\/cryopdp.com\/pl\/wp-json\/wp\/v2\/pages\/13964"}],"wp:featuredmedia":[{"embeddable":true,"href":"https:\/\/cryopdp.com\/pl\/wp-json\/wp\/v2\/media\/9815"}],"wp:attachment":[{"href":"https:\/\/cryopdp.com\/pl\/wp-json\/wp\/v2\/media?parent=13457"}],"curies":[{"name":"wp","href":"https:\/\/api.w.org\/{rel}","templated":true}]}}