{"id":13600,"date":"2025-02-14T11:22:32","date_gmt":"2025-02-14T11:22:32","guid":{"rendered":"https:\/\/cryopdp.com\/dostawa-produktow-cryopdp\/"},"modified":"2026-02-25T18:53:13","modified_gmt":"2026-02-25T18:53:13","slug":"dostawa-produktow-cryopdp","status":"publish","type":"page","link":"https:\/\/cryopdp.com\/pl\/dostawa-produktow-cryopdp\/","title":{"rendered":"Dostawa produkt\u00f3w CRYOPDP"},"content":{"rendered":"","protected":false},"excerpt":{"rendered":"","protected":false},"author":8,"featured_media":11001,"parent":0,"menu_order":0,"comment_status":"closed","ping_status":"closed","template":"","meta":{"_acf_changed":false,"_lmt_disableupdate":"","_lmt_disable":"","footnotes":""},"class_list":["post-13600","page","type-page","status-publish","has-post-thumbnail","hentry"],"acf":[],"yoast_head":"<!-- This site is optimized with the Yoast SEO plugin v27.3 - https:\/\/yoast.com\/product\/yoast-seo-wordpress\/ -->\n<title>Dostawa produkt\u00f3w CRYOPDP - CRYOPDP<\/title>\n<meta name=\"description\" content=\"CRYOPDP zapewnia logistyk\u0119 dostaw produkt\u00f3w z wykorzystaniem suchego lodu i ciek\u0142ego azotu do zgodnego z przepisami dostarczania towar\u00f3w klinicznych i farmaceutycznych.\" \/>\n<meta name=\"robots\" content=\"index, follow, max-snippet:-1, max-image-preview:large, max-video-preview:-1\" \/>\n<link rel=\"canonical\" href=\"https:\/\/cryopdp.com\/pl\/dostawa-produktow-cryopdp\/\" \/>\n<meta property=\"og:locale\" content=\"pl_PL\" \/>\n<meta property=\"og:type\" content=\"article\" \/>\n<meta property=\"og:title\" content=\"Dostawa produkt\u00f3w CRYOPDP - CRYOPDP\" \/>\n<meta property=\"og:description\" content=\"CRYOPDP zapewnia logistyk\u0119 dostaw produkt\u00f3w z wykorzystaniem suchego lodu i ciek\u0142ego azotu do zgodnego z przepisami dostarczania towar\u00f3w klinicznych i farmaceutycznych.\" \/>\n<meta property=\"og:url\" content=\"https:\/\/cryopdp.com\/pl\/dostawa-produktow-cryopdp\/\" \/>\n<meta property=\"og:site_name\" content=\"CRYOPDP\" \/>\n<meta property=\"article:modified_time\" content=\"2026-02-25T18:53:13+00:00\" \/>\n<meta property=\"og:image\" content=\"https:\/\/cryopdp.com\/wp-content\/uploads\/2025\/02\/AdobeStock_403435097-1-scaled-e1739530227228.jpeg\" \/>\n\t<meta property=\"og:image:width\" content=\"2560\" \/>\n\t<meta property=\"og:image:height\" content=\"1706\" \/>\n\t<meta property=\"og:image:type\" content=\"image\/jpeg\" \/>\n<meta name=\"twitter:card\" content=\"summary_large_image\" \/>\n<meta name=\"twitter:site\" content=\"@CRYOPDP_\" \/>\n<script type=\"application\/ld+json\" class=\"yoast-schema-graph\">{\"@context\":\"https:\\\/\\\/schema.org\",\"@graph\":[{\"@type\":\"WebPage\",\"@id\":\"https:\\\/\\\/cryopdp.com\\\/pl\\\/dostawa-produktow-cryopdp\\\/\",\"url\":\"https:\\\/\\\/cryopdp.com\\\/pl\\\/dostawa-produktow-cryopdp\\\/\",\"name\":\"Dostawa produkt\u00f3w CRYOPDP - CRYOPDP\",\"isPartOf\":{\"@id\":\"https:\\\/\\\/cryopdp.com\\\/pl\\\/#website\"},\"primaryImageOfPage\":{\"@id\":\"https:\\\/\\\/cryopdp.com\\\/pl\\\/dostawa-produktow-cryopdp\\\/#primaryimage\"},\"image\":{\"@id\":\"https:\\\/\\\/cryopdp.com\\\/pl\\\/dostawa-produktow-cryopdp\\\/#primaryimage\"},\"thumbnailUrl\":\"https:\\\/\\\/cryopdp.com\\\/wp-content\\\/uploads\\\/2025\\\/02\\\/AdobeStock_403435097-1-scaled-e1739530227228.jpeg\",\"datePublished\":\"2025-02-14T11:22:32+00:00\",\"dateModified\":\"2026-02-25T18:53:13+00:00\",\"description\":\"CRYOPDP zapewnia logistyk\u0119 dostaw produkt\u00f3w z wykorzystaniem suchego lodu i ciek\u0142ego azotu do zgodnego z przepisami dostarczania towar\u00f3w klinicznych i farmaceutycznych.\",\"breadcrumb\":{\"@id\":\"https:\\\/\\\/cryopdp.com\\\/pl\\\/dostawa-produktow-cryopdp\\\/#breadcrumb\"},\"inLanguage\":\"pl-PL\",\"potentialAction\":[{\"@type\":\"ReadAction\",\"target\":[\"https:\\\/\\\/cryopdp.com\\\/pl\\\/dostawa-produktow-cryopdp\\\/\"]}]},{\"@type\":\"ImageObject\",\"inLanguage\":\"pl-PL\",\"@id\":\"https:\\\/\\\/cryopdp.com\\\/pl\\\/dostawa-produktow-cryopdp\\\/#primaryimage\",\"url\":\"https:\\\/\\\/cryopdp.com\\\/wp-content\\\/uploads\\\/2025\\\/02\\\/AdobeStock_403435097-1-scaled-e1739530227228.jpeg\",\"contentUrl\":\"https:\\\/\\\/cryopdp.com\\\/wp-content\\\/uploads\\\/2025\\\/02\\\/AdobeStock_403435097-1-scaled-e1739530227228.jpeg\",\"width\":2560,\"height\":1706,\"caption\":\"Utrzymanie precyzji poni\u017cej zera od miejsca pochodzenia do miejsca docelowego.\"},{\"@type\":\"BreadcrumbList\",\"@id\":\"https:\\\/\\\/cryopdp.com\\\/pl\\\/dostawa-produktow-cryopdp\\\/#breadcrumb\",\"itemListElement\":[{\"@type\":\"ListItem\",\"position\":1,\"name\":\"Strona g\u0142\u00f3wna\",\"item\":\"https:\\\/\\\/cryopdp.com\\\/pl\\\/\"},{\"@type\":\"ListItem\",\"position\":2,\"name\":\"Dostawa produkt\u00f3w CRYOPDP\"}]},{\"@type\":\"WebSite\",\"@id\":\"https:\\\/\\\/cryopdp.com\\\/pl\\\/#website\",\"url\":\"https:\\\/\\\/cryopdp.com\\\/pl\\\/\",\"name\":\"CRYOPDP\",\"description\":\"\",\"publisher\":{\"@id\":\"https:\\\/\\\/cryopdp.com\\\/pl\\\/#organization\"},\"potentialAction\":[{\"@type\":\"SearchAction\",\"target\":{\"@type\":\"EntryPoint\",\"urlTemplate\":\"https:\\\/\\\/cryopdp.com\\\/pl\\\/?s={search_term_string}\"},\"query-input\":{\"@type\":\"PropertyValueSpecification\",\"valueRequired\":true,\"valueName\":\"search_term_string\"}}],\"inLanguage\":\"pl-PL\"},{\"@type\":\"Organization\",\"@id\":\"https:\\\/\\\/cryopdp.com\\\/pl\\\/#organization\",\"name\":\"CRYOPDP\",\"url\":\"https:\\\/\\\/cryopdp.com\\\/pl\\\/\",\"logo\":{\"@type\":\"ImageObject\",\"inLanguage\":\"pl-PL\",\"@id\":\"https:\\\/\\\/cryopdp.com\\\/pl\\\/#\\\/schema\\\/logo\\\/image\\\/\",\"url\":\"https:\\\/\\\/cryopdp.com\\\/wp-content\\\/uploads\\\/sites\\\/2\\\/2023\\\/12\\\/pdp-square.png\",\"contentUrl\":\"https:\\\/\\\/cryopdp.com\\\/wp-content\\\/uploads\\\/sites\\\/2\\\/2023\\\/12\\\/pdp-square.png\",\"width\":1200,\"height\":1200,\"caption\":\"CRYOPDP\"},\"image\":{\"@id\":\"https:\\\/\\\/cryopdp.com\\\/pl\\\/#\\\/schema\\\/logo\\\/image\\\/\"},\"sameAs\":[\"https:\\\/\\\/x.com\\\/CRYOPDP_\",\"https:\\\/\\\/www.linkedin.com\\\/company\\\/cryopdp\",\"https:\\\/\\\/www.youtube.com\\\/channel\\\/UCMAksAtjJDxbVHG0ItM4lUQ\",\"https:\\\/\\\/open.spotify.com\\\/show\\\/38TuNaX1QexPKFvL6mU0Fw?si=9766c86aea1e4b7f\"]}]}<\/script>\n<!-- \/ Yoast SEO plugin. -->","yoast_head_json":{"title":"Dostawa produkt\u00f3w CRYOPDP - CRYOPDP","description":"CRYOPDP zapewnia logistyk\u0119 dostaw produkt\u00f3w z wykorzystaniem suchego lodu i ciek\u0142ego azotu do zgodnego z przepisami dostarczania towar\u00f3w klinicznych i farmaceutycznych.","robots":{"index":"index","follow":"follow","max-snippet":"max-snippet:-1","max-image-preview":"max-image-preview:large","max-video-preview":"max-video-preview:-1"},"canonical":"https:\/\/cryopdp.com\/pl\/dostawa-produktow-cryopdp\/","og_locale":"pl_PL","og_type":"article","og_title":"Dostawa produkt\u00f3w CRYOPDP - CRYOPDP","og_description":"CRYOPDP zapewnia logistyk\u0119 dostaw produkt\u00f3w z wykorzystaniem suchego lodu i ciek\u0142ego azotu do zgodnego z przepisami dostarczania towar\u00f3w klinicznych i farmaceutycznych.","og_url":"https:\/\/cryopdp.com\/pl\/dostawa-produktow-cryopdp\/","og_site_name":"CRYOPDP","article_modified_time":"2026-02-25T18:53:13+00:00","og_image":[{"width":2560,"height":1706,"url":"https:\/\/cryopdp.com\/wp-content\/uploads\/2025\/02\/AdobeStock_403435097-1-scaled-e1739530227228.jpeg","type":"image\/jpeg"}],"twitter_card":"summary_large_image","twitter_site":"@CRYOPDP_","schema":{"@context":"https:\/\/schema.org","@graph":[{"@type":"WebPage","@id":"https:\/\/cryopdp.com\/pl\/dostawa-produktow-cryopdp\/","url":"https:\/\/cryopdp.com\/pl\/dostawa-produktow-cryopdp\/","name":"Dostawa produkt\u00f3w CRYOPDP - CRYOPDP","isPartOf":{"@id":"https:\/\/cryopdp.com\/pl\/#website"},"primaryImageOfPage":{"@id":"https:\/\/cryopdp.com\/pl\/dostawa-produktow-cryopdp\/#primaryimage"},"image":{"@id":"https:\/\/cryopdp.com\/pl\/dostawa-produktow-cryopdp\/#primaryimage"},"thumbnailUrl":"https:\/\/cryopdp.com\/wp-content\/uploads\/2025\/02\/AdobeStock_403435097-1-scaled-e1739530227228.jpeg","datePublished":"2025-02-14T11:22:32+00:00","dateModified":"2026-02-25T18:53:13+00:00","description":"CRYOPDP zapewnia logistyk\u0119 dostaw produkt\u00f3w z wykorzystaniem suchego lodu i ciek\u0142ego azotu do zgodnego z przepisami dostarczania towar\u00f3w klinicznych i farmaceutycznych.","breadcrumb":{"@id":"https:\/\/cryopdp.com\/pl\/dostawa-produktow-cryopdp\/#breadcrumb"},"inLanguage":"pl-PL","potentialAction":[{"@type":"ReadAction","target":["https:\/\/cryopdp.com\/pl\/dostawa-produktow-cryopdp\/"]}]},{"@type":"ImageObject","inLanguage":"pl-PL","@id":"https:\/\/cryopdp.com\/pl\/dostawa-produktow-cryopdp\/#primaryimage","url":"https:\/\/cryopdp.com\/wp-content\/uploads\/2025\/02\/AdobeStock_403435097-1-scaled-e1739530227228.jpeg","contentUrl":"https:\/\/cryopdp.com\/wp-content\/uploads\/2025\/02\/AdobeStock_403435097-1-scaled-e1739530227228.jpeg","width":2560,"height":1706,"caption":"Utrzymanie precyzji poni\u017cej zera od miejsca pochodzenia do miejsca docelowego."},{"@type":"BreadcrumbList","@id":"https:\/\/cryopdp.com\/pl\/dostawa-produktow-cryopdp\/#breadcrumb","itemListElement":[{"@type":"ListItem","position":1,"name":"Strona g\u0142\u00f3wna","item":"https:\/\/cryopdp.com\/pl\/"},{"@type":"ListItem","position":2,"name":"Dostawa produkt\u00f3w CRYOPDP"}]},{"@type":"WebSite","@id":"https:\/\/cryopdp.com\/pl\/#website","url":"https:\/\/cryopdp.com\/pl\/","name":"CRYOPDP","description":"","publisher":{"@id":"https:\/\/cryopdp.com\/pl\/#organization"},"potentialAction":[{"@type":"SearchAction","target":{"@type":"EntryPoint","urlTemplate":"https:\/\/cryopdp.com\/pl\/?s={search_term_string}"},"query-input":{"@type":"PropertyValueSpecification","valueRequired":true,"valueName":"search_term_string"}}],"inLanguage":"pl-PL"},{"@type":"Organization","@id":"https:\/\/cryopdp.com\/pl\/#organization","name":"CRYOPDP","url":"https:\/\/cryopdp.com\/pl\/","logo":{"@type":"ImageObject","inLanguage":"pl-PL","@id":"https:\/\/cryopdp.com\/pl\/#\/schema\/logo\/image\/","url":"https:\/\/cryopdp.com\/wp-content\/uploads\/sites\/2\/2023\/12\/pdp-square.png","contentUrl":"https:\/\/cryopdp.com\/wp-content\/uploads\/sites\/2\/2023\/12\/pdp-square.png","width":1200,"height":1200,"caption":"CRYOPDP"},"image":{"@id":"https:\/\/cryopdp.com\/pl\/#\/schema\/logo\/image\/"},"sameAs":["https:\/\/x.com\/CRYOPDP_","https:\/\/www.linkedin.com\/company\/cryopdp","https:\/\/www.youtube.com\/channel\/UCMAksAtjJDxbVHG0ItM4lUQ","https:\/\/open.spotify.com\/show\/38TuNaX1QexPKFvL6mU0Fw?si=9766c86aea1e4b7f"]}]}},"_links":{"self":[{"href":"https:\/\/cryopdp.com\/pl\/wp-json\/wp\/v2\/pages\/13600","targetHints":{"allow":["GET"]}}],"collection":[{"href":"https:\/\/cryopdp.com\/pl\/wp-json\/wp\/v2\/pages"}],"about":[{"href":"https:\/\/cryopdp.com\/pl\/wp-json\/wp\/v2\/types\/page"}],"author":[{"embeddable":true,"href":"https:\/\/cryopdp.com\/pl\/wp-json\/wp\/v2\/users\/8"}],"replies":[{"embeddable":true,"href":"https:\/\/cryopdp.com\/pl\/wp-json\/wp\/v2\/comments?post=13600"}],"version-history":[{"count":0,"href":"https:\/\/cryopdp.com\/pl\/wp-json\/wp\/v2\/pages\/13600\/revisions"}],"wp:featuredmedia":[{"embeddable":true,"href":"https:\/\/cryopdp.com\/pl\/wp-json\/wp\/v2\/media\/11001"}],"wp:attachment":[{"href":"https:\/\/cryopdp.com\/pl\/wp-json\/wp\/v2\/media?parent=13600"}],"curies":[{"name":"wp","href":"https:\/\/api.w.org\/{rel}","templated":true}]}}