{"id":13760,"date":"2023-09-07T14:58:57","date_gmt":"2023-09-07T13:58:57","guid":{"rendered":"https:\/\/cryopdp.com\/zarzadzanie-projektami-i-doradztwo\/cla-i-posrednictwo\/"},"modified":"2026-03-09T12:58:28","modified_gmt":"2026-03-09T12:58:28","slug":"cla-i-posrednictwo","status":"publish","type":"page","link":"https:\/\/cryopdp.com\/pl\/zarzadzanie-projektami-i-doradztwo\/cla-i-posrednictwo\/","title":{"rendered":"C\u0142a i po\u015brednictwo"},"content":{"rendered":"","protected":false},"excerpt":{"rendered":"","protected":false},"author":2,"featured_media":1884,"parent":14020,"menu_order":0,"comment_status":"closed","ping_status":"closed","template":"","meta":{"_acf_changed":false,"_lmt_disableupdate":"","_lmt_disable":"","footnotes":""},"class_list":["post-13760","page","type-page","status-publish","has-post-thumbnail","hentry"],"acf":[],"yoast_head":"<!-- This site is optimized with the Yoast SEO plugin v27.3 - https:\/\/yoast.com\/product\/yoast-seo-wordpress\/ -->\n<title>C\u0142a i po\u015brednictwo - CRYOPDP<\/title>\n<meta name=\"description\" content=\"CRYOPDP, eksperci w dziedzinie logistyki wra\u017cliwej na temperatur\u0119, oferuj\u0105 bezproblemowe globalne us\u0142ugi celne i odprawy celnej dla niezawodnych operacji.\" \/>\n<meta name=\"robots\" content=\"index, follow, max-snippet:-1, max-image-preview:large, max-video-preview:-1\" \/>\n<link rel=\"canonical\" href=\"https:\/\/cryopdp.com\/pl\/zarzadzanie-projektami-i-doradztwo\/cla-i-posrednictwo\/\" \/>\n<meta property=\"og:locale\" content=\"pl_PL\" \/>\n<meta property=\"og:type\" content=\"article\" \/>\n<meta property=\"og:title\" content=\"C\u0142a i po\u015brednictwo - CRYOPDP\" \/>\n<meta property=\"og:description\" content=\"CRYOPDP, eksperci w dziedzinie logistyki wra\u017cliwej na temperatur\u0119, oferuj\u0105 bezproblemowe globalne us\u0142ugi celne i odprawy celnej dla niezawodnych operacji.\" \/>\n<meta property=\"og:url\" content=\"https:\/\/cryopdp.com\/pl\/zarzadzanie-projektami-i-doradztwo\/cla-i-posrednictwo\/\" \/>\n<meta property=\"og:site_name\" content=\"CRYOPDP\" \/>\n<meta property=\"article:modified_time\" content=\"2026-03-09T12:58:28+00:00\" \/>\n<meta property=\"og:image\" content=\"https:\/\/cryopdp.com\/wp-content\/uploads\/2023\/11\/topbanner-12.jpg\" \/>\n\t<meta property=\"og:image:width\" content=\"1920\" \/>\n\t<meta property=\"og:image:height\" content=\"879\" \/>\n\t<meta property=\"og:image:type\" content=\"image\/jpeg\" \/>\n<meta name=\"twitter:card\" content=\"summary_large_image\" \/>\n<meta name=\"twitter:site\" content=\"@CRYOPDP_\" \/>\n<script type=\"application\/ld+json\" class=\"yoast-schema-graph\">{\"@context\":\"https:\\\/\\\/schema.org\",\"@graph\":[{\"@type\":\"WebPage\",\"@id\":\"https:\\\/\\\/cryopdp.com\\\/pl\\\/zarzadzanie-projektami-i-doradztwo\\\/cla-i-posrednictwo\\\/\",\"url\":\"https:\\\/\\\/cryopdp.com\\\/pl\\\/zarzadzanie-projektami-i-doradztwo\\\/cla-i-posrednictwo\\\/\",\"name\":\"C\u0142a i po\u015brednictwo - CRYOPDP\",\"isPartOf\":{\"@id\":\"https:\\\/\\\/cryopdp.com\\\/pl\\\/#website\"},\"primaryImageOfPage\":{\"@id\":\"https:\\\/\\\/cryopdp.com\\\/pl\\\/zarzadzanie-projektami-i-doradztwo\\\/cla-i-posrednictwo\\\/#primaryimage\"},\"image\":{\"@id\":\"https:\\\/\\\/cryopdp.com\\\/pl\\\/zarzadzanie-projektami-i-doradztwo\\\/cla-i-posrednictwo\\\/#primaryimage\"},\"thumbnailUrl\":\"https:\\\/\\\/cryopdp.com\\\/wp-content\\\/uploads\\\/2023\\\/11\\\/topbanner-12.jpg\",\"datePublished\":\"2023-09-07T13:58:57+00:00\",\"dateModified\":\"2026-03-09T12:58:28+00:00\",\"description\":\"CRYOPDP, eksperci w dziedzinie logistyki wra\u017cliwej na temperatur\u0119, oferuj\u0105 bezproblemowe globalne us\u0142ugi celne i odprawy celnej dla niezawodnych operacji.\",\"breadcrumb\":{\"@id\":\"https:\\\/\\\/cryopdp.com\\\/pl\\\/zarzadzanie-projektami-i-doradztwo\\\/cla-i-posrednictwo\\\/#breadcrumb\"},\"inLanguage\":\"pl-PL\",\"potentialAction\":[{\"@type\":\"ReadAction\",\"target\":[\"https:\\\/\\\/cryopdp.com\\\/pl\\\/zarzadzanie-projektami-i-doradztwo\\\/cla-i-posrednictwo\\\/\"]}]},{\"@type\":\"ImageObject\",\"inLanguage\":\"pl-PL\",\"@id\":\"https:\\\/\\\/cryopdp.com\\\/pl\\\/zarzadzanie-projektami-i-doradztwo\\\/cla-i-posrednictwo\\\/#primaryimage\",\"url\":\"https:\\\/\\\/cryopdp.com\\\/wp-content\\\/uploads\\\/2023\\\/11\\\/topbanner-12.jpg\",\"contentUrl\":\"https:\\\/\\\/cryopdp.com\\\/wp-content\\\/uploads\\\/2023\\\/11\\\/topbanner-12.jpg\",\"width\":1920,\"height\":879,\"caption\":\"Transport lotniczy obs\u0142uguj\u0105cy przesy\u0142ki wra\u017cliwe na czas i temperatur\u0119.\"},{\"@type\":\"BreadcrumbList\",\"@id\":\"https:\\\/\\\/cryopdp.com\\\/pl\\\/zarzadzanie-projektami-i-doradztwo\\\/cla-i-posrednictwo\\\/#breadcrumb\",\"itemListElement\":[{\"@type\":\"ListItem\",\"position\":1,\"name\":\"Strona g\u0142\u00f3wna\",\"item\":\"https:\\\/\\\/cryopdp.com\\\/pl\\\/\"},{\"@type\":\"ListItem\",\"position\":2,\"name\":\"C\u0142a i po\u015brednictwo\"}]},{\"@type\":\"WebSite\",\"@id\":\"https:\\\/\\\/cryopdp.com\\\/pl\\\/#website\",\"url\":\"https:\\\/\\\/cryopdp.com\\\/pl\\\/\",\"name\":\"CRYOPDP\",\"description\":\"\",\"publisher\":{\"@id\":\"https:\\\/\\\/cryopdp.com\\\/pl\\\/#organization\"},\"potentialAction\":[{\"@type\":\"SearchAction\",\"target\":{\"@type\":\"EntryPoint\",\"urlTemplate\":\"https:\\\/\\\/cryopdp.com\\\/pl\\\/?s={search_term_string}\"},\"query-input\":{\"@type\":\"PropertyValueSpecification\",\"valueRequired\":true,\"valueName\":\"search_term_string\"}}],\"inLanguage\":\"pl-PL\"},{\"@type\":\"Organization\",\"@id\":\"https:\\\/\\\/cryopdp.com\\\/pl\\\/#organization\",\"name\":\"CRYOPDP\",\"url\":\"https:\\\/\\\/cryopdp.com\\\/pl\\\/\",\"logo\":{\"@type\":\"ImageObject\",\"inLanguage\":\"pl-PL\",\"@id\":\"https:\\\/\\\/cryopdp.com\\\/pl\\\/#\\\/schema\\\/logo\\\/image\\\/\",\"url\":\"https:\\\/\\\/cryopdp.com\\\/wp-content\\\/uploads\\\/sites\\\/2\\\/2023\\\/12\\\/pdp-square.png\",\"contentUrl\":\"https:\\\/\\\/cryopdp.com\\\/wp-content\\\/uploads\\\/sites\\\/2\\\/2023\\\/12\\\/pdp-square.png\",\"width\":1200,\"height\":1200,\"caption\":\"CRYOPDP\"},\"image\":{\"@id\":\"https:\\\/\\\/cryopdp.com\\\/pl\\\/#\\\/schema\\\/logo\\\/image\\\/\"},\"sameAs\":[\"https:\\\/\\\/x.com\\\/CRYOPDP_\",\"https:\\\/\\\/www.linkedin.com\\\/company\\\/cryopdp\",\"https:\\\/\\\/www.youtube.com\\\/channel\\\/UCMAksAtjJDxbVHG0ItM4lUQ\",\"https:\\\/\\\/open.spotify.com\\\/show\\\/38TuNaX1QexPKFvL6mU0Fw?si=9766c86aea1e4b7f\"]}]}<\/script>\n<!-- \/ Yoast SEO plugin. -->","yoast_head_json":{"title":"C\u0142a i po\u015brednictwo - CRYOPDP","description":"CRYOPDP, eksperci w dziedzinie logistyki wra\u017cliwej na temperatur\u0119, oferuj\u0105 bezproblemowe globalne us\u0142ugi celne i odprawy celnej dla niezawodnych operacji.","robots":{"index":"index","follow":"follow","max-snippet":"max-snippet:-1","max-image-preview":"max-image-preview:large","max-video-preview":"max-video-preview:-1"},"canonical":"https:\/\/cryopdp.com\/pl\/zarzadzanie-projektami-i-doradztwo\/cla-i-posrednictwo\/","og_locale":"pl_PL","og_type":"article","og_title":"C\u0142a i po\u015brednictwo - CRYOPDP","og_description":"CRYOPDP, eksperci w dziedzinie logistyki wra\u017cliwej na temperatur\u0119, oferuj\u0105 bezproblemowe globalne us\u0142ugi celne i odprawy celnej dla niezawodnych operacji.","og_url":"https:\/\/cryopdp.com\/pl\/zarzadzanie-projektami-i-doradztwo\/cla-i-posrednictwo\/","og_site_name":"CRYOPDP","article_modified_time":"2026-03-09T12:58:28+00:00","og_image":[{"width":1920,"height":879,"url":"https:\/\/cryopdp.com\/wp-content\/uploads\/2023\/11\/topbanner-12.jpg","type":"image\/jpeg"}],"twitter_card":"summary_large_image","twitter_site":"@CRYOPDP_","schema":{"@context":"https:\/\/schema.org","@graph":[{"@type":"WebPage","@id":"https:\/\/cryopdp.com\/pl\/zarzadzanie-projektami-i-doradztwo\/cla-i-posrednictwo\/","url":"https:\/\/cryopdp.com\/pl\/zarzadzanie-projektami-i-doradztwo\/cla-i-posrednictwo\/","name":"C\u0142a i po\u015brednictwo - CRYOPDP","isPartOf":{"@id":"https:\/\/cryopdp.com\/pl\/#website"},"primaryImageOfPage":{"@id":"https:\/\/cryopdp.com\/pl\/zarzadzanie-projektami-i-doradztwo\/cla-i-posrednictwo\/#primaryimage"},"image":{"@id":"https:\/\/cryopdp.com\/pl\/zarzadzanie-projektami-i-doradztwo\/cla-i-posrednictwo\/#primaryimage"},"thumbnailUrl":"https:\/\/cryopdp.com\/wp-content\/uploads\/2023\/11\/topbanner-12.jpg","datePublished":"2023-09-07T13:58:57+00:00","dateModified":"2026-03-09T12:58:28+00:00","description":"CRYOPDP, eksperci w dziedzinie logistyki wra\u017cliwej na temperatur\u0119, oferuj\u0105 bezproblemowe globalne us\u0142ugi celne i odprawy celnej dla niezawodnych operacji.","breadcrumb":{"@id":"https:\/\/cryopdp.com\/pl\/zarzadzanie-projektami-i-doradztwo\/cla-i-posrednictwo\/#breadcrumb"},"inLanguage":"pl-PL","potentialAction":[{"@type":"ReadAction","target":["https:\/\/cryopdp.com\/pl\/zarzadzanie-projektami-i-doradztwo\/cla-i-posrednictwo\/"]}]},{"@type":"ImageObject","inLanguage":"pl-PL","@id":"https:\/\/cryopdp.com\/pl\/zarzadzanie-projektami-i-doradztwo\/cla-i-posrednictwo\/#primaryimage","url":"https:\/\/cryopdp.com\/wp-content\/uploads\/2023\/11\/topbanner-12.jpg","contentUrl":"https:\/\/cryopdp.com\/wp-content\/uploads\/2023\/11\/topbanner-12.jpg","width":1920,"height":879,"caption":"Transport lotniczy obs\u0142uguj\u0105cy przesy\u0142ki wra\u017cliwe na czas i temperatur\u0119."},{"@type":"BreadcrumbList","@id":"https:\/\/cryopdp.com\/pl\/zarzadzanie-projektami-i-doradztwo\/cla-i-posrednictwo\/#breadcrumb","itemListElement":[{"@type":"ListItem","position":1,"name":"Strona g\u0142\u00f3wna","item":"https:\/\/cryopdp.com\/pl\/"},{"@type":"ListItem","position":2,"name":"C\u0142a i po\u015brednictwo"}]},{"@type":"WebSite","@id":"https:\/\/cryopdp.com\/pl\/#website","url":"https:\/\/cryopdp.com\/pl\/","name":"CRYOPDP","description":"","publisher":{"@id":"https:\/\/cryopdp.com\/pl\/#organization"},"potentialAction":[{"@type":"SearchAction","target":{"@type":"EntryPoint","urlTemplate":"https:\/\/cryopdp.com\/pl\/?s={search_term_string}"},"query-input":{"@type":"PropertyValueSpecification","valueRequired":true,"valueName":"search_term_string"}}],"inLanguage":"pl-PL"},{"@type":"Organization","@id":"https:\/\/cryopdp.com\/pl\/#organization","name":"CRYOPDP","url":"https:\/\/cryopdp.com\/pl\/","logo":{"@type":"ImageObject","inLanguage":"pl-PL","@id":"https:\/\/cryopdp.com\/pl\/#\/schema\/logo\/image\/","url":"https:\/\/cryopdp.com\/wp-content\/uploads\/sites\/2\/2023\/12\/pdp-square.png","contentUrl":"https:\/\/cryopdp.com\/wp-content\/uploads\/sites\/2\/2023\/12\/pdp-square.png","width":1200,"height":1200,"caption":"CRYOPDP"},"image":{"@id":"https:\/\/cryopdp.com\/pl\/#\/schema\/logo\/image\/"},"sameAs":["https:\/\/x.com\/CRYOPDP_","https:\/\/www.linkedin.com\/company\/cryopdp","https:\/\/www.youtube.com\/channel\/UCMAksAtjJDxbVHG0ItM4lUQ","https:\/\/open.spotify.com\/show\/38TuNaX1QexPKFvL6mU0Fw?si=9766c86aea1e4b7f"]}]}},"_links":{"self":[{"href":"https:\/\/cryopdp.com\/pl\/wp-json\/wp\/v2\/pages\/13760","targetHints":{"allow":["GET"]}}],"collection":[{"href":"https:\/\/cryopdp.com\/pl\/wp-json\/wp\/v2\/pages"}],"about":[{"href":"https:\/\/cryopdp.com\/pl\/wp-json\/wp\/v2\/types\/page"}],"author":[{"embeddable":true,"href":"https:\/\/cryopdp.com\/pl\/wp-json\/wp\/v2\/users\/2"}],"replies":[{"embeddable":true,"href":"https:\/\/cryopdp.com\/pl\/wp-json\/wp\/v2\/comments?post=13760"}],"version-history":[{"count":1,"href":"https:\/\/cryopdp.com\/pl\/wp-json\/wp\/v2\/pages\/13760\/revisions"}],"predecessor-version":[{"id":13765,"href":"https:\/\/cryopdp.com\/pl\/wp-json\/wp\/v2\/pages\/13760\/revisions\/13765"}],"up":[{"embeddable":true,"href":"https:\/\/cryopdp.com\/pl\/wp-json\/wp\/v2\/pages\/14020"}],"wp:featuredmedia":[{"embeddable":true,"href":"https:\/\/cryopdp.com\/pl\/wp-json\/wp\/v2\/media\/1884"}],"wp:attachment":[{"href":"https:\/\/cryopdp.com\/pl\/wp-json\/wp\/v2\/media?parent=13760"}],"curies":[{"name":"wp","href":"https:\/\/api.w.org\/{rel}","templated":true}]}}