{"id":13940,"date":"2025-02-13T16:52:13","date_gmt":"2025-02-13T16:52:13","guid":{"rendered":"https:\/\/cryopdp.com\/siec-i-lokalizacje\/"},"modified":"2026-03-09T14:03:28","modified_gmt":"2026-03-09T14:03:28","slug":"siec-i-lokalizacje","status":"publish","type":"page","link":"https:\/\/cryopdp.com\/pl\/siec-i-lokalizacje\/","title":{"rendered":"Sie\u0107 i lokalizacje"},"content":{"rendered":"","protected":false},"excerpt":{"rendered":"","protected":false},"author":8,"featured_media":13930,"parent":0,"menu_order":0,"comment_status":"closed","ping_status":"closed","template":"","meta":{"_acf_changed":false,"_lmt_disableupdate":"","_lmt_disable":"","footnotes":""},"class_list":["post-13940","page","type-page","status-publish","has-post-thumbnail","hentry"],"acf":[],"yoast_head":"<!-- This site is optimized with the Yoast SEO plugin v27.3 - https:\/\/yoast.com\/product\/yoast-seo-wordpress\/ -->\n<title>Sie\u0107 i lokalizacje - CRYOPDP<\/title>\n<meta name=\"description\" content=\"Sie\u0107 logistyczna CRYOPDP wspiera nauki przyrodnicze, dostarczaj\u0105c dostosowane do potrzeb, wysokiej klasy us\u0142ugi transportowe z precyzj\u0105 i niezawodno\u015bci\u0105.\" \/>\n<meta name=\"robots\" content=\"index, follow, max-snippet:-1, max-image-preview:large, max-video-preview:-1\" \/>\n<link rel=\"canonical\" href=\"https:\/\/cryopdp.com\/pl\/siec-i-lokalizacje\/\" \/>\n<meta property=\"og:locale\" content=\"pl_PL\" \/>\n<meta property=\"og:type\" content=\"article\" \/>\n<meta property=\"og:title\" content=\"Sie\u0107 i lokalizacje - CRYOPDP\" \/>\n<meta property=\"og:description\" content=\"Sie\u0107 logistyczna CRYOPDP wspiera nauki przyrodnicze, dostarczaj\u0105c dostosowane do potrzeb, wysokiej klasy us\u0142ugi transportowe z precyzj\u0105 i niezawodno\u015bci\u0105.\" \/>\n<meta property=\"og:url\" content=\"https:\/\/cryopdp.com\/pl\/siec-i-lokalizacje\/\" \/>\n<meta property=\"og:site_name\" content=\"CRYOPDP\" \/>\n<meta property=\"article:modified_time\" content=\"2026-03-09T14:03:28+00:00\" \/>\n<meta property=\"og:image\" content=\"https:\/\/cryopdp.com\/wp-content\/uploads\/2026\/01\/world-globe-traveler-2023-11-27-04-49-36-utc-300x300-1.jpg\" \/>\n\t<meta property=\"og:image:width\" content=\"300\" \/>\n\t<meta property=\"og:image:height\" content=\"300\" \/>\n\t<meta property=\"og:image:type\" content=\"image\/jpeg\" \/>\n<meta name=\"twitter:card\" content=\"summary_large_image\" \/>\n<meta name=\"twitter:site\" content=\"@CRYOPDP_\" \/>\n<script type=\"application\/ld+json\" class=\"yoast-schema-graph\">{\"@context\":\"https:\\\/\\\/schema.org\",\"@graph\":[{\"@type\":\"WebPage\",\"@id\":\"https:\\\/\\\/cryopdp.com\\\/pl\\\/siec-i-lokalizacje\\\/\",\"url\":\"https:\\\/\\\/cryopdp.com\\\/pl\\\/siec-i-lokalizacje\\\/\",\"name\":\"Sie\u0107 i lokalizacje - CRYOPDP\",\"isPartOf\":{\"@id\":\"https:\\\/\\\/cryopdp.com\\\/pl\\\/#website\"},\"primaryImageOfPage\":{\"@id\":\"https:\\\/\\\/cryopdp.com\\\/pl\\\/siec-i-lokalizacje\\\/#primaryimage\"},\"image\":{\"@id\":\"https:\\\/\\\/cryopdp.com\\\/pl\\\/siec-i-lokalizacje\\\/#primaryimage\"},\"thumbnailUrl\":\"https:\\\/\\\/cryopdp.com\\\/wp-content\\\/uploads\\\/2026\\\/01\\\/world-globe-traveler-2023-11-27-04-49-36-utc-300x300-1.jpg\",\"datePublished\":\"2025-02-13T16:52:13+00:00\",\"dateModified\":\"2026-03-09T14:03:28+00:00\",\"description\":\"Sie\u0107 logistyczna CRYOPDP wspiera nauki przyrodnicze, dostarczaj\u0105c dostosowane do potrzeb, wysokiej klasy us\u0142ugi transportowe z precyzj\u0105 i niezawodno\u015bci\u0105.\",\"breadcrumb\":{\"@id\":\"https:\\\/\\\/cryopdp.com\\\/pl\\\/siec-i-lokalizacje\\\/#breadcrumb\"},\"inLanguage\":\"pl-PL\",\"potentialAction\":[{\"@type\":\"ReadAction\",\"target\":[\"https:\\\/\\\/cryopdp.com\\\/pl\\\/siec-i-lokalizacje\\\/\"]}]},{\"@type\":\"ImageObject\",\"inLanguage\":\"pl-PL\",\"@id\":\"https:\\\/\\\/cryopdp.com\\\/pl\\\/siec-i-lokalizacje\\\/#primaryimage\",\"url\":\"https:\\\/\\\/cryopdp.com\\\/wp-content\\\/uploads\\\/2026\\\/01\\\/world-globe-traveler-2023-11-27-04-49-36-utc-300x300-1.jpg\",\"contentUrl\":\"https:\\\/\\\/cryopdp.com\\\/wp-content\\\/uploads\\\/2026\\\/01\\\/world-globe-traveler-2023-11-27-04-49-36-utc-300x300-1.jpg\",\"width\":300,\"height\":300,\"caption\":\"Globalne spojrzenie na sie\u0107 logistyczn\u0105.\"},{\"@type\":\"BreadcrumbList\",\"@id\":\"https:\\\/\\\/cryopdp.com\\\/pl\\\/siec-i-lokalizacje\\\/#breadcrumb\",\"itemListElement\":[{\"@type\":\"ListItem\",\"position\":1,\"name\":\"Strona g\u0142\u00f3wna\",\"item\":\"https:\\\/\\\/cryopdp.com\\\/pl\\\/\"},{\"@type\":\"ListItem\",\"position\":2,\"name\":\"Sie\u0107 i lokalizacje\"}]},{\"@type\":\"WebSite\",\"@id\":\"https:\\\/\\\/cryopdp.com\\\/pl\\\/#website\",\"url\":\"https:\\\/\\\/cryopdp.com\\\/pl\\\/\",\"name\":\"CRYOPDP\",\"description\":\"\",\"publisher\":{\"@id\":\"https:\\\/\\\/cryopdp.com\\\/pl\\\/#organization\"},\"potentialAction\":[{\"@type\":\"SearchAction\",\"target\":{\"@type\":\"EntryPoint\",\"urlTemplate\":\"https:\\\/\\\/cryopdp.com\\\/pl\\\/?s={search_term_string}\"},\"query-input\":{\"@type\":\"PropertyValueSpecification\",\"valueRequired\":true,\"valueName\":\"search_term_string\"}}],\"inLanguage\":\"pl-PL\"},{\"@type\":\"Organization\",\"@id\":\"https:\\\/\\\/cryopdp.com\\\/pl\\\/#organization\",\"name\":\"CRYOPDP\",\"url\":\"https:\\\/\\\/cryopdp.com\\\/pl\\\/\",\"logo\":{\"@type\":\"ImageObject\",\"inLanguage\":\"pl-PL\",\"@id\":\"https:\\\/\\\/cryopdp.com\\\/pl\\\/#\\\/schema\\\/logo\\\/image\\\/\",\"url\":\"https:\\\/\\\/cryopdp.com\\\/wp-content\\\/uploads\\\/sites\\\/2\\\/2023\\\/12\\\/pdp-square.png\",\"contentUrl\":\"https:\\\/\\\/cryopdp.com\\\/wp-content\\\/uploads\\\/sites\\\/2\\\/2023\\\/12\\\/pdp-square.png\",\"width\":1200,\"height\":1200,\"caption\":\"CRYOPDP\"},\"image\":{\"@id\":\"https:\\\/\\\/cryopdp.com\\\/pl\\\/#\\\/schema\\\/logo\\\/image\\\/\"},\"sameAs\":[\"https:\\\/\\\/x.com\\\/CRYOPDP_\",\"https:\\\/\\\/www.linkedin.com\\\/company\\\/cryopdp\",\"https:\\\/\\\/www.youtube.com\\\/channel\\\/UCMAksAtjJDxbVHG0ItM4lUQ\",\"https:\\\/\\\/open.spotify.com\\\/show\\\/38TuNaX1QexPKFvL6mU0Fw?si=9766c86aea1e4b7f\"]}]}<\/script>\n<!-- \/ Yoast SEO plugin. -->","yoast_head_json":{"title":"Sie\u0107 i lokalizacje - CRYOPDP","description":"Sie\u0107 logistyczna CRYOPDP wspiera nauki przyrodnicze, dostarczaj\u0105c dostosowane do potrzeb, wysokiej klasy us\u0142ugi transportowe z precyzj\u0105 i niezawodno\u015bci\u0105.","robots":{"index":"index","follow":"follow","max-snippet":"max-snippet:-1","max-image-preview":"max-image-preview:large","max-video-preview":"max-video-preview:-1"},"canonical":"https:\/\/cryopdp.com\/pl\/siec-i-lokalizacje\/","og_locale":"pl_PL","og_type":"article","og_title":"Sie\u0107 i lokalizacje - CRYOPDP","og_description":"Sie\u0107 logistyczna CRYOPDP wspiera nauki przyrodnicze, dostarczaj\u0105c dostosowane do potrzeb, wysokiej klasy us\u0142ugi transportowe z precyzj\u0105 i niezawodno\u015bci\u0105.","og_url":"https:\/\/cryopdp.com\/pl\/siec-i-lokalizacje\/","og_site_name":"CRYOPDP","article_modified_time":"2026-03-09T14:03:28+00:00","og_image":[{"width":300,"height":300,"url":"https:\/\/cryopdp.com\/wp-content\/uploads\/2026\/01\/world-globe-traveler-2023-11-27-04-49-36-utc-300x300-1.jpg","type":"image\/jpeg"}],"twitter_card":"summary_large_image","twitter_site":"@CRYOPDP_","schema":{"@context":"https:\/\/schema.org","@graph":[{"@type":"WebPage","@id":"https:\/\/cryopdp.com\/pl\/siec-i-lokalizacje\/","url":"https:\/\/cryopdp.com\/pl\/siec-i-lokalizacje\/","name":"Sie\u0107 i lokalizacje - CRYOPDP","isPartOf":{"@id":"https:\/\/cryopdp.com\/pl\/#website"},"primaryImageOfPage":{"@id":"https:\/\/cryopdp.com\/pl\/siec-i-lokalizacje\/#primaryimage"},"image":{"@id":"https:\/\/cryopdp.com\/pl\/siec-i-lokalizacje\/#primaryimage"},"thumbnailUrl":"https:\/\/cryopdp.com\/wp-content\/uploads\/2026\/01\/world-globe-traveler-2023-11-27-04-49-36-utc-300x300-1.jpg","datePublished":"2025-02-13T16:52:13+00:00","dateModified":"2026-03-09T14:03:28+00:00","description":"Sie\u0107 logistyczna CRYOPDP wspiera nauki przyrodnicze, dostarczaj\u0105c dostosowane do potrzeb, wysokiej klasy us\u0142ugi transportowe z precyzj\u0105 i niezawodno\u015bci\u0105.","breadcrumb":{"@id":"https:\/\/cryopdp.com\/pl\/siec-i-lokalizacje\/#breadcrumb"},"inLanguage":"pl-PL","potentialAction":[{"@type":"ReadAction","target":["https:\/\/cryopdp.com\/pl\/siec-i-lokalizacje\/"]}]},{"@type":"ImageObject","inLanguage":"pl-PL","@id":"https:\/\/cryopdp.com\/pl\/siec-i-lokalizacje\/#primaryimage","url":"https:\/\/cryopdp.com\/wp-content\/uploads\/2026\/01\/world-globe-traveler-2023-11-27-04-49-36-utc-300x300-1.jpg","contentUrl":"https:\/\/cryopdp.com\/wp-content\/uploads\/2026\/01\/world-globe-traveler-2023-11-27-04-49-36-utc-300x300-1.jpg","width":300,"height":300,"caption":"Globalne spojrzenie na sie\u0107 logistyczn\u0105."},{"@type":"BreadcrumbList","@id":"https:\/\/cryopdp.com\/pl\/siec-i-lokalizacje\/#breadcrumb","itemListElement":[{"@type":"ListItem","position":1,"name":"Strona g\u0142\u00f3wna","item":"https:\/\/cryopdp.com\/pl\/"},{"@type":"ListItem","position":2,"name":"Sie\u0107 i lokalizacje"}]},{"@type":"WebSite","@id":"https:\/\/cryopdp.com\/pl\/#website","url":"https:\/\/cryopdp.com\/pl\/","name":"CRYOPDP","description":"","publisher":{"@id":"https:\/\/cryopdp.com\/pl\/#organization"},"potentialAction":[{"@type":"SearchAction","target":{"@type":"EntryPoint","urlTemplate":"https:\/\/cryopdp.com\/pl\/?s={search_term_string}"},"query-input":{"@type":"PropertyValueSpecification","valueRequired":true,"valueName":"search_term_string"}}],"inLanguage":"pl-PL"},{"@type":"Organization","@id":"https:\/\/cryopdp.com\/pl\/#organization","name":"CRYOPDP","url":"https:\/\/cryopdp.com\/pl\/","logo":{"@type":"ImageObject","inLanguage":"pl-PL","@id":"https:\/\/cryopdp.com\/pl\/#\/schema\/logo\/image\/","url":"https:\/\/cryopdp.com\/wp-content\/uploads\/sites\/2\/2023\/12\/pdp-square.png","contentUrl":"https:\/\/cryopdp.com\/wp-content\/uploads\/sites\/2\/2023\/12\/pdp-square.png","width":1200,"height":1200,"caption":"CRYOPDP"},"image":{"@id":"https:\/\/cryopdp.com\/pl\/#\/schema\/logo\/image\/"},"sameAs":["https:\/\/x.com\/CRYOPDP_","https:\/\/www.linkedin.com\/company\/cryopdp","https:\/\/www.youtube.com\/channel\/UCMAksAtjJDxbVHG0ItM4lUQ","https:\/\/open.spotify.com\/show\/38TuNaX1QexPKFvL6mU0Fw?si=9766c86aea1e4b7f"]}]}},"_links":{"self":[{"href":"https:\/\/cryopdp.com\/pl\/wp-json\/wp\/v2\/pages\/13940","targetHints":{"allow":["GET"]}}],"collection":[{"href":"https:\/\/cryopdp.com\/pl\/wp-json\/wp\/v2\/pages"}],"about":[{"href":"https:\/\/cryopdp.com\/pl\/wp-json\/wp\/v2\/types\/page"}],"author":[{"embeddable":true,"href":"https:\/\/cryopdp.com\/pl\/wp-json\/wp\/v2\/users\/8"}],"replies":[{"embeddable":true,"href":"https:\/\/cryopdp.com\/pl\/wp-json\/wp\/v2\/comments?post=13940"}],"version-history":[{"count":0,"href":"https:\/\/cryopdp.com\/pl\/wp-json\/wp\/v2\/pages\/13940\/revisions"}],"wp:featuredmedia":[{"embeddable":true,"href":"https:\/\/cryopdp.com\/pl\/wp-json\/wp\/v2\/media\/13930"}],"wp:attachment":[{"href":"https:\/\/cryopdp.com\/pl\/wp-json\/wp\/v2\/media?parent=13940"}],"curies":[{"name":"wp","href":"https:\/\/api.w.org\/{rel}","templated":true}]}}