{"id":14020,"date":"2023-03-24T11:26:58","date_gmt":"2023-03-24T11:26:58","guid":{"rendered":"https:\/\/cryopdp.com\/zarzadzanie-projektami-i-doradztwo\/"},"modified":"2026-03-09T14:49:33","modified_gmt":"2026-03-09T14:49:33","slug":"zarzadzanie-projektami-i-doradztwo","status":"publish","type":"page","link":"https:\/\/cryopdp.com\/pl\/zarzadzanie-projektami-i-doradztwo\/","title":{"rendered":"Zarz\u0105dzanie projektami i doradztwo"},"content":{"rendered":"","protected":false},"excerpt":{"rendered":"","protected":false},"author":2,"featured_media":1819,"parent":0,"menu_order":0,"comment_status":"closed","ping_status":"closed","template":"","meta":{"_acf_changed":false,"_lmt_disableupdate":"","_lmt_disable":"","footnotes":""},"class_list":["post-14020","page","type-page","status-publish","has-post-thumbnail","hentry"],"acf":[],"yoast_head":"<!-- This site is optimized with the Yoast SEO plugin v27.3 - https:\/\/yoast.com\/product\/yoast-seo-wordpress\/ -->\n<title>Zarz\u0105dzanie projektami i doradztwo - CRYOPDP<\/title>\n<meta name=\"description\" content=\"CRYOPDP specjalizuje si\u0119 w logistyce w kontrolowanej temperaturze, zarz\u0105dzaniu projektami i doradztwie dla bran\u017cy life science i opieki zdrowotnej.\" \/>\n<meta name=\"robots\" content=\"index, follow, max-snippet:-1, max-image-preview:large, max-video-preview:-1\" \/>\n<link rel=\"canonical\" href=\"https:\/\/cryopdp.com\/pl\/zarzadzanie-projektami-i-doradztwo\/\" \/>\n<meta property=\"og:locale\" content=\"pl_PL\" \/>\n<meta property=\"og:type\" content=\"article\" \/>\n<meta property=\"og:title\" content=\"Zarz\u0105dzanie projektami i doradztwo - CRYOPDP\" \/>\n<meta property=\"og:description\" content=\"CRYOPDP specjalizuje si\u0119 w logistyce w kontrolowanej temperaturze, zarz\u0105dzaniu projektami i doradztwie dla bran\u017cy life science i opieki zdrowotnej.\" \/>\n<meta property=\"og:url\" content=\"https:\/\/cryopdp.com\/pl\/zarzadzanie-projektami-i-doradztwo\/\" \/>\n<meta property=\"og:site_name\" content=\"CRYOPDP\" \/>\n<meta property=\"article:modified_time\" content=\"2026-03-09T14:49:33+00:00\" \/>\n<meta property=\"og:image\" content=\"https:\/\/cryopdp.com\/wp-content\/uploads\/2023\/11\/close-up-diverse-colleagues-working-on-project-tog-2022-10-03-22-01-16-utc.jpg\" \/>\n\t<meta property=\"og:image:width\" content=\"1920\" \/>\n\t<meta property=\"og:image:height\" content=\"917\" \/>\n\t<meta property=\"og:image:type\" content=\"image\/jpeg\" \/>\n<meta name=\"twitter:card\" content=\"summary_large_image\" \/>\n<meta name=\"twitter:site\" content=\"@CRYOPDP_\" \/>\n<script type=\"application\/ld+json\" class=\"yoast-schema-graph\">{\"@context\":\"https:\\\/\\\/schema.org\",\"@graph\":[{\"@type\":\"WebPage\",\"@id\":\"https:\\\/\\\/cryopdp.com\\\/pl\\\/zarzadzanie-projektami-i-doradztwo\\\/\",\"url\":\"https:\\\/\\\/cryopdp.com\\\/pl\\\/zarzadzanie-projektami-i-doradztwo\\\/\",\"name\":\"Zarz\u0105dzanie projektami i doradztwo - CRYOPDP\",\"isPartOf\":{\"@id\":\"https:\\\/\\\/cryopdp.com\\\/pl\\\/#website\"},\"primaryImageOfPage\":{\"@id\":\"https:\\\/\\\/cryopdp.com\\\/pl\\\/zarzadzanie-projektami-i-doradztwo\\\/#primaryimage\"},\"image\":{\"@id\":\"https:\\\/\\\/cryopdp.com\\\/pl\\\/zarzadzanie-projektami-i-doradztwo\\\/#primaryimage\"},\"thumbnailUrl\":\"https:\\\/\\\/cryopdp.com\\\/wp-content\\\/uploads\\\/2023\\\/11\\\/close-up-diverse-colleagues-working-on-project-tog-2022-10-03-22-01-16-utc.jpg\",\"datePublished\":\"2023-03-24T11:26:58+00:00\",\"dateModified\":\"2026-03-09T14:49:33+00:00\",\"description\":\"CRYOPDP specjalizuje si\u0119 w logistyce w kontrolowanej temperaturze, zarz\u0105dzaniu projektami i doradztwie dla bran\u017cy life science i opieki zdrowotnej.\",\"breadcrumb\":{\"@id\":\"https:\\\/\\\/cryopdp.com\\\/pl\\\/zarzadzanie-projektami-i-doradztwo\\\/#breadcrumb\"},\"inLanguage\":\"pl-PL\",\"potentialAction\":[{\"@type\":\"ReadAction\",\"target\":[\"https:\\\/\\\/cryopdp.com\\\/pl\\\/zarzadzanie-projektami-i-doradztwo\\\/\"]}]},{\"@type\":\"ImageObject\",\"inLanguage\":\"pl-PL\",\"@id\":\"https:\\\/\\\/cryopdp.com\\\/pl\\\/zarzadzanie-projektami-i-doradztwo\\\/#primaryimage\",\"url\":\"https:\\\/\\\/cryopdp.com\\\/wp-content\\\/uploads\\\/2023\\\/11\\\/close-up-diverse-colleagues-working-on-project-tog-2022-10-03-22-01-16-utc.jpg\",\"contentUrl\":\"https:\\\/\\\/cryopdp.com\\\/wp-content\\\/uploads\\\/2023\\\/11\\\/close-up-diverse-colleagues-working-on-project-tog-2022-10-03-22-01-16-utc.jpg\",\"width\":1920,\"height\":917,\"caption\":\"CRYOPDP wspiera operacje logistyczne poprzez ukierunkowane zarz\u0105dzanie projektami i wiedz\u0119 doradcz\u0105.\"},{\"@type\":\"BreadcrumbList\",\"@id\":\"https:\\\/\\\/cryopdp.com\\\/pl\\\/zarzadzanie-projektami-i-doradztwo\\\/#breadcrumb\",\"itemListElement\":[{\"@type\":\"ListItem\",\"position\":1,\"name\":\"Strona g\u0142\u00f3wna\",\"item\":\"https:\\\/\\\/cryopdp.com\\\/pl\\\/\"},{\"@type\":\"ListItem\",\"position\":2,\"name\":\"Zarz\u0105dzanie projektami i doradztwo\"}]},{\"@type\":\"WebSite\",\"@id\":\"https:\\\/\\\/cryopdp.com\\\/pl\\\/#website\",\"url\":\"https:\\\/\\\/cryopdp.com\\\/pl\\\/\",\"name\":\"CRYOPDP\",\"description\":\"\",\"publisher\":{\"@id\":\"https:\\\/\\\/cryopdp.com\\\/pl\\\/#organization\"},\"potentialAction\":[{\"@type\":\"SearchAction\",\"target\":{\"@type\":\"EntryPoint\",\"urlTemplate\":\"https:\\\/\\\/cryopdp.com\\\/pl\\\/?s={search_term_string}\"},\"query-input\":{\"@type\":\"PropertyValueSpecification\",\"valueRequired\":true,\"valueName\":\"search_term_string\"}}],\"inLanguage\":\"pl-PL\"},{\"@type\":\"Organization\",\"@id\":\"https:\\\/\\\/cryopdp.com\\\/pl\\\/#organization\",\"name\":\"CRYOPDP\",\"url\":\"https:\\\/\\\/cryopdp.com\\\/pl\\\/\",\"logo\":{\"@type\":\"ImageObject\",\"inLanguage\":\"pl-PL\",\"@id\":\"https:\\\/\\\/cryopdp.com\\\/pl\\\/#\\\/schema\\\/logo\\\/image\\\/\",\"url\":\"https:\\\/\\\/cryopdp.com\\\/wp-content\\\/uploads\\\/sites\\\/2\\\/2023\\\/12\\\/pdp-square.png\",\"contentUrl\":\"https:\\\/\\\/cryopdp.com\\\/wp-content\\\/uploads\\\/sites\\\/2\\\/2023\\\/12\\\/pdp-square.png\",\"width\":1200,\"height\":1200,\"caption\":\"CRYOPDP\"},\"image\":{\"@id\":\"https:\\\/\\\/cryopdp.com\\\/pl\\\/#\\\/schema\\\/logo\\\/image\\\/\"},\"sameAs\":[\"https:\\\/\\\/x.com\\\/CRYOPDP_\",\"https:\\\/\\\/www.linkedin.com\\\/company\\\/cryopdp\",\"https:\\\/\\\/www.youtube.com\\\/channel\\\/UCMAksAtjJDxbVHG0ItM4lUQ\",\"https:\\\/\\\/open.spotify.com\\\/show\\\/38TuNaX1QexPKFvL6mU0Fw?si=9766c86aea1e4b7f\"]}]}<\/script>\n<!-- \/ Yoast SEO plugin. -->","yoast_head_json":{"title":"Zarz\u0105dzanie projektami i doradztwo - CRYOPDP","description":"CRYOPDP specjalizuje si\u0119 w logistyce w kontrolowanej temperaturze, zarz\u0105dzaniu projektami i doradztwie dla bran\u017cy life science i opieki zdrowotnej.","robots":{"index":"index","follow":"follow","max-snippet":"max-snippet:-1","max-image-preview":"max-image-preview:large","max-video-preview":"max-video-preview:-1"},"canonical":"https:\/\/cryopdp.com\/pl\/zarzadzanie-projektami-i-doradztwo\/","og_locale":"pl_PL","og_type":"article","og_title":"Zarz\u0105dzanie projektami i doradztwo - CRYOPDP","og_description":"CRYOPDP specjalizuje si\u0119 w logistyce w kontrolowanej temperaturze, zarz\u0105dzaniu projektami i doradztwie dla bran\u017cy life science i opieki zdrowotnej.","og_url":"https:\/\/cryopdp.com\/pl\/zarzadzanie-projektami-i-doradztwo\/","og_site_name":"CRYOPDP","article_modified_time":"2026-03-09T14:49:33+00:00","og_image":[{"width":1920,"height":917,"url":"https:\/\/cryopdp.com\/wp-content\/uploads\/2023\/11\/close-up-diverse-colleagues-working-on-project-tog-2022-10-03-22-01-16-utc.jpg","type":"image\/jpeg"}],"twitter_card":"summary_large_image","twitter_site":"@CRYOPDP_","schema":{"@context":"https:\/\/schema.org","@graph":[{"@type":"WebPage","@id":"https:\/\/cryopdp.com\/pl\/zarzadzanie-projektami-i-doradztwo\/","url":"https:\/\/cryopdp.com\/pl\/zarzadzanie-projektami-i-doradztwo\/","name":"Zarz\u0105dzanie projektami i doradztwo - CRYOPDP","isPartOf":{"@id":"https:\/\/cryopdp.com\/pl\/#website"},"primaryImageOfPage":{"@id":"https:\/\/cryopdp.com\/pl\/zarzadzanie-projektami-i-doradztwo\/#primaryimage"},"image":{"@id":"https:\/\/cryopdp.com\/pl\/zarzadzanie-projektami-i-doradztwo\/#primaryimage"},"thumbnailUrl":"https:\/\/cryopdp.com\/wp-content\/uploads\/2023\/11\/close-up-diverse-colleagues-working-on-project-tog-2022-10-03-22-01-16-utc.jpg","datePublished":"2023-03-24T11:26:58+00:00","dateModified":"2026-03-09T14:49:33+00:00","description":"CRYOPDP specjalizuje si\u0119 w logistyce w kontrolowanej temperaturze, zarz\u0105dzaniu projektami i doradztwie dla bran\u017cy life science i opieki zdrowotnej.","breadcrumb":{"@id":"https:\/\/cryopdp.com\/pl\/zarzadzanie-projektami-i-doradztwo\/#breadcrumb"},"inLanguage":"pl-PL","potentialAction":[{"@type":"ReadAction","target":["https:\/\/cryopdp.com\/pl\/zarzadzanie-projektami-i-doradztwo\/"]}]},{"@type":"ImageObject","inLanguage":"pl-PL","@id":"https:\/\/cryopdp.com\/pl\/zarzadzanie-projektami-i-doradztwo\/#primaryimage","url":"https:\/\/cryopdp.com\/wp-content\/uploads\/2023\/11\/close-up-diverse-colleagues-working-on-project-tog-2022-10-03-22-01-16-utc.jpg","contentUrl":"https:\/\/cryopdp.com\/wp-content\/uploads\/2023\/11\/close-up-diverse-colleagues-working-on-project-tog-2022-10-03-22-01-16-utc.jpg","width":1920,"height":917,"caption":"CRYOPDP wspiera operacje logistyczne poprzez ukierunkowane zarz\u0105dzanie projektami i wiedz\u0119 doradcz\u0105."},{"@type":"BreadcrumbList","@id":"https:\/\/cryopdp.com\/pl\/zarzadzanie-projektami-i-doradztwo\/#breadcrumb","itemListElement":[{"@type":"ListItem","position":1,"name":"Strona g\u0142\u00f3wna","item":"https:\/\/cryopdp.com\/pl\/"},{"@type":"ListItem","position":2,"name":"Zarz\u0105dzanie projektami i doradztwo"}]},{"@type":"WebSite","@id":"https:\/\/cryopdp.com\/pl\/#website","url":"https:\/\/cryopdp.com\/pl\/","name":"CRYOPDP","description":"","publisher":{"@id":"https:\/\/cryopdp.com\/pl\/#organization"},"potentialAction":[{"@type":"SearchAction","target":{"@type":"EntryPoint","urlTemplate":"https:\/\/cryopdp.com\/pl\/?s={search_term_string}"},"query-input":{"@type":"PropertyValueSpecification","valueRequired":true,"valueName":"search_term_string"}}],"inLanguage":"pl-PL"},{"@type":"Organization","@id":"https:\/\/cryopdp.com\/pl\/#organization","name":"CRYOPDP","url":"https:\/\/cryopdp.com\/pl\/","logo":{"@type":"ImageObject","inLanguage":"pl-PL","@id":"https:\/\/cryopdp.com\/pl\/#\/schema\/logo\/image\/","url":"https:\/\/cryopdp.com\/wp-content\/uploads\/sites\/2\/2023\/12\/pdp-square.png","contentUrl":"https:\/\/cryopdp.com\/wp-content\/uploads\/sites\/2\/2023\/12\/pdp-square.png","width":1200,"height":1200,"caption":"CRYOPDP"},"image":{"@id":"https:\/\/cryopdp.com\/pl\/#\/schema\/logo\/image\/"},"sameAs":["https:\/\/x.com\/CRYOPDP_","https:\/\/www.linkedin.com\/company\/cryopdp","https:\/\/www.youtube.com\/channel\/UCMAksAtjJDxbVHG0ItM4lUQ","https:\/\/open.spotify.com\/show\/38TuNaX1QexPKFvL6mU0Fw?si=9766c86aea1e4b7f"]}]}},"_links":{"self":[{"href":"https:\/\/cryopdp.com\/pl\/wp-json\/wp\/v2\/pages\/14020","targetHints":{"allow":["GET"]}}],"collection":[{"href":"https:\/\/cryopdp.com\/pl\/wp-json\/wp\/v2\/pages"}],"about":[{"href":"https:\/\/cryopdp.com\/pl\/wp-json\/wp\/v2\/types\/page"}],"author":[{"embeddable":true,"href":"https:\/\/cryopdp.com\/pl\/wp-json\/wp\/v2\/users\/2"}],"replies":[{"embeddable":true,"href":"https:\/\/cryopdp.com\/pl\/wp-json\/wp\/v2\/comments?post=14020"}],"version-history":[{"count":0,"href":"https:\/\/cryopdp.com\/pl\/wp-json\/wp\/v2\/pages\/14020\/revisions"}],"wp:featuredmedia":[{"embeddable":true,"href":"https:\/\/cryopdp.com\/pl\/wp-json\/wp\/v2\/media\/1819"}],"wp:attachment":[{"href":"https:\/\/cryopdp.com\/pl\/wp-json\/wp\/v2\/media?parent=14020"}],"curies":[{"name":"wp","href":"https:\/\/api.w.org\/{rel}","templated":true}]}}