{"id":14056,"date":"2023-11-28T14:24:56","date_gmt":"2023-11-28T14:24:56","guid":{"rendered":"https:\/\/cryopdp.com\/rozwiazania-o-wartosci-dodanej-dla-badan-klinicznych\/usprawnienie-badan-klinicznych\/"},"modified":"2026-03-09T15:12:28","modified_gmt":"2026-03-09T15:12:28","slug":"usprawnienie-badan-klinicznych","status":"publish","type":"page","link":"https:\/\/cryopdp.com\/pl\/rozwiazania-o-wartosci-dodanej-dla-badan-klinicznych\/usprawnienie-badan-klinicznych\/","title":{"rendered":"Usprawnienie bada\u0144 klinicznych"},"content":{"rendered":"","protected":false},"excerpt":{"rendered":"","protected":false},"author":8,"featured_media":2268,"parent":13465,"menu_order":3,"comment_status":"closed","ping_status":"closed","template":"","meta":{"_acf_changed":false,"_lmt_disableupdate":"","_lmt_disable":"","footnotes":""},"class_list":["post-14056","page","type-page","status-publish","has-post-thumbnail","hentry"],"acf":[],"yoast_head":"<!-- This site is optimized with the Yoast SEO plugin v27.3 - https:\/\/yoast.com\/product\/yoast-seo-wordpress\/ -->\n<title>Usprawnienie bada\u0144 klinicznych - CRYOPDP<\/title>\n<meta name=\"description\" content=\"Dowiedz si\u0119, w jaki spos\u00f3b rozwi\u0105zania z zakresu \u0142a\u0144cucha ch\u0142odniczego usprawniaj\u0105 badania kliniczne, przyspieszaj\u0105c prze\u0142omowe odkrycia i post\u0119py w badaniach i zarz\u0105dzaniu opiek\u0105 zdrowotn\u0105.\" \/>\n<meta name=\"robots\" content=\"index, follow, max-snippet:-1, max-image-preview:large, max-video-preview:-1\" \/>\n<link rel=\"canonical\" href=\"https:\/\/cryopdp.com\/pl\/rozwiazania-o-wartosci-dodanej-dla-badan-klinicznych\/usprawnienie-badan-klinicznych\/\" \/>\n<meta property=\"og:locale\" content=\"pl_PL\" \/>\n<meta property=\"og:type\" content=\"article\" \/>\n<meta property=\"og:title\" content=\"Usprawnienie bada\u0144 klinicznych - CRYOPDP\" \/>\n<meta property=\"og:description\" content=\"Dowiedz si\u0119, w jaki spos\u00f3b rozwi\u0105zania z zakresu \u0142a\u0144cucha ch\u0142odniczego usprawniaj\u0105 badania kliniczne, przyspieszaj\u0105c prze\u0142omowe odkrycia i post\u0119py w badaniach i zarz\u0105dzaniu opiek\u0105 zdrowotn\u0105.\" \/>\n<meta property=\"og:url\" content=\"https:\/\/cryopdp.com\/pl\/rozwiazania-o-wartosci-dodanej-dla-badan-klinicznych\/usprawnienie-badan-klinicznych\/\" \/>\n<meta property=\"og:site_name\" content=\"CRYOPDP\" \/>\n<meta property=\"article:modified_time\" content=\"2026-03-09T15:12:28+00:00\" \/>\n<meta property=\"og:image\" content=\"https:\/\/cryopdp.com\/wp-content\/uploads\/2023\/11\/close-up-view-of-medical-or-scientific-researcher-2023-04-17-20-26-55-utc-scaled.jpg\" \/>\n\t<meta property=\"og:image:width\" content=\"2560\" \/>\n\t<meta property=\"og:image:height\" content=\"866\" \/>\n\t<meta property=\"og:image:type\" content=\"image\/jpeg\" \/>\n<meta name=\"twitter:card\" content=\"summary_large_image\" \/>\n<meta name=\"twitter:site\" content=\"@CRYOPDP_\" \/>\n<script type=\"application\/ld+json\" class=\"yoast-schema-graph\">{\"@context\":\"https:\\\/\\\/schema.org\",\"@graph\":[{\"@type\":\"WebPage\",\"@id\":\"https:\\\/\\\/cryopdp.com\\\/pl\\\/rozwiazania-o-wartosci-dodanej-dla-badan-klinicznych\\\/usprawnienie-badan-klinicznych\\\/\",\"url\":\"https:\\\/\\\/cryopdp.com\\\/pl\\\/rozwiazania-o-wartosci-dodanej-dla-badan-klinicznych\\\/usprawnienie-badan-klinicznych\\\/\",\"name\":\"Usprawnienie bada\u0144 klinicznych - CRYOPDP\",\"isPartOf\":{\"@id\":\"https:\\\/\\\/cryopdp.com\\\/pl\\\/#website\"},\"primaryImageOfPage\":{\"@id\":\"https:\\\/\\\/cryopdp.com\\\/pl\\\/rozwiazania-o-wartosci-dodanej-dla-badan-klinicznych\\\/usprawnienie-badan-klinicznych\\\/#primaryimage\"},\"image\":{\"@id\":\"https:\\\/\\\/cryopdp.com\\\/pl\\\/rozwiazania-o-wartosci-dodanej-dla-badan-klinicznych\\\/usprawnienie-badan-klinicznych\\\/#primaryimage\"},\"thumbnailUrl\":\"https:\\\/\\\/cryopdp.com\\\/wp-content\\\/uploads\\\/2023\\\/11\\\/close-up-view-of-medical-or-scientific-researcher-2023-04-17-20-26-55-utc-scaled.jpg\",\"datePublished\":\"2023-11-28T14:24:56+00:00\",\"dateModified\":\"2026-03-09T15:12:28+00:00\",\"description\":\"Dowiedz si\u0119, w jaki spos\u00f3b rozwi\u0105zania z zakresu \u0142a\u0144cucha ch\u0142odniczego usprawniaj\u0105 badania kliniczne, przyspieszaj\u0105c prze\u0142omowe odkrycia i post\u0119py w badaniach i zarz\u0105dzaniu opiek\u0105 zdrowotn\u0105.\",\"breadcrumb\":{\"@id\":\"https:\\\/\\\/cryopdp.com\\\/pl\\\/rozwiazania-o-wartosci-dodanej-dla-badan-klinicznych\\\/usprawnienie-badan-klinicznych\\\/#breadcrumb\"},\"inLanguage\":\"pl-PL\",\"potentialAction\":[{\"@type\":\"ReadAction\",\"target\":[\"https:\\\/\\\/cryopdp.com\\\/pl\\\/rozwiazania-o-wartosci-dodanej-dla-badan-klinicznych\\\/usprawnienie-badan-klinicznych\\\/\"]}]},{\"@type\":\"ImageObject\",\"inLanguage\":\"pl-PL\",\"@id\":\"https:\\\/\\\/cryopdp.com\\\/pl\\\/rozwiazania-o-wartosci-dodanej-dla-badan-klinicznych\\\/usprawnienie-badan-klinicznych\\\/#primaryimage\",\"url\":\"https:\\\/\\\/cryopdp.com\\\/wp-content\\\/uploads\\\/2023\\\/11\\\/close-up-view-of-medical-or-scientific-researcher-2023-04-17-20-26-55-utc-scaled.jpg\",\"contentUrl\":\"https:\\\/\\\/cryopdp.com\\\/wp-content\\\/uploads\\\/2023\\\/11\\\/close-up-view-of-medical-or-scientific-researcher-2023-04-17-20-26-55-utc-scaled.jpg\",\"width\":2560,\"height\":866,\"caption\":\"Naukowiec przyczyniaj\u0105cy si\u0119 do usprawnienia bada\u0144 klinicznych poprzez precyzyjne testy.\"},{\"@type\":\"BreadcrumbList\",\"@id\":\"https:\\\/\\\/cryopdp.com\\\/pl\\\/rozwiazania-o-wartosci-dodanej-dla-badan-klinicznych\\\/usprawnienie-badan-klinicznych\\\/#breadcrumb\",\"itemListElement\":[{\"@type\":\"ListItem\",\"position\":1,\"name\":\"Strona g\u0142\u00f3wna\",\"item\":\"https:\\\/\\\/cryopdp.com\\\/pl\\\/\"},{\"@type\":\"ListItem\",\"position\":2,\"name\":\"Rozwi\u0105zania o warto\u015bci dodanej dla bada\u0144 klinicznych\",\"item\":\"https:\\\/\\\/cryopdp.com\\\/pl\\\/rozwiazania-o-wartosci-dodanej-dla-badan-klinicznych\\\/\"},{\"@type\":\"ListItem\",\"position\":3,\"name\":\"Usprawnienie bada\u0144 klinicznych\"}]},{\"@type\":\"WebSite\",\"@id\":\"https:\\\/\\\/cryopdp.com\\\/pl\\\/#website\",\"url\":\"https:\\\/\\\/cryopdp.com\\\/pl\\\/\",\"name\":\"CRYOPDP\",\"description\":\"\",\"publisher\":{\"@id\":\"https:\\\/\\\/cryopdp.com\\\/pl\\\/#organization\"},\"potentialAction\":[{\"@type\":\"SearchAction\",\"target\":{\"@type\":\"EntryPoint\",\"urlTemplate\":\"https:\\\/\\\/cryopdp.com\\\/pl\\\/?s={search_term_string}\"},\"query-input\":{\"@type\":\"PropertyValueSpecification\",\"valueRequired\":true,\"valueName\":\"search_term_string\"}}],\"inLanguage\":\"pl-PL\"},{\"@type\":\"Organization\",\"@id\":\"https:\\\/\\\/cryopdp.com\\\/pl\\\/#organization\",\"name\":\"CRYOPDP\",\"url\":\"https:\\\/\\\/cryopdp.com\\\/pl\\\/\",\"logo\":{\"@type\":\"ImageObject\",\"inLanguage\":\"pl-PL\",\"@id\":\"https:\\\/\\\/cryopdp.com\\\/pl\\\/#\\\/schema\\\/logo\\\/image\\\/\",\"url\":\"https:\\\/\\\/cryopdp.com\\\/wp-content\\\/uploads\\\/sites\\\/2\\\/2023\\\/12\\\/pdp-square.png\",\"contentUrl\":\"https:\\\/\\\/cryopdp.com\\\/wp-content\\\/uploads\\\/sites\\\/2\\\/2023\\\/12\\\/pdp-square.png\",\"width\":1200,\"height\":1200,\"caption\":\"CRYOPDP\"},\"image\":{\"@id\":\"https:\\\/\\\/cryopdp.com\\\/pl\\\/#\\\/schema\\\/logo\\\/image\\\/\"},\"sameAs\":[\"https:\\\/\\\/x.com\\\/CRYOPDP_\",\"https:\\\/\\\/www.linkedin.com\\\/company\\\/cryopdp\",\"https:\\\/\\\/www.youtube.com\\\/channel\\\/UCMAksAtjJDxbVHG0ItM4lUQ\",\"https:\\\/\\\/open.spotify.com\\\/show\\\/38TuNaX1QexPKFvL6mU0Fw?si=9766c86aea1e4b7f\"]}]}<\/script>\n<!-- \/ Yoast SEO plugin. -->","yoast_head_json":{"title":"Usprawnienie bada\u0144 klinicznych - CRYOPDP","description":"Dowiedz si\u0119, w jaki spos\u00f3b rozwi\u0105zania z zakresu \u0142a\u0144cucha ch\u0142odniczego usprawniaj\u0105 badania kliniczne, przyspieszaj\u0105c prze\u0142omowe odkrycia i post\u0119py w badaniach i zarz\u0105dzaniu opiek\u0105 zdrowotn\u0105.","robots":{"index":"index","follow":"follow","max-snippet":"max-snippet:-1","max-image-preview":"max-image-preview:large","max-video-preview":"max-video-preview:-1"},"canonical":"https:\/\/cryopdp.com\/pl\/rozwiazania-o-wartosci-dodanej-dla-badan-klinicznych\/usprawnienie-badan-klinicznych\/","og_locale":"pl_PL","og_type":"article","og_title":"Usprawnienie bada\u0144 klinicznych - CRYOPDP","og_description":"Dowiedz si\u0119, w jaki spos\u00f3b rozwi\u0105zania z zakresu \u0142a\u0144cucha ch\u0142odniczego usprawniaj\u0105 badania kliniczne, przyspieszaj\u0105c prze\u0142omowe odkrycia i post\u0119py w badaniach i zarz\u0105dzaniu opiek\u0105 zdrowotn\u0105.","og_url":"https:\/\/cryopdp.com\/pl\/rozwiazania-o-wartosci-dodanej-dla-badan-klinicznych\/usprawnienie-badan-klinicznych\/","og_site_name":"CRYOPDP","article_modified_time":"2026-03-09T15:12:28+00:00","og_image":[{"width":2560,"height":866,"url":"https:\/\/cryopdp.com\/wp-content\/uploads\/2023\/11\/close-up-view-of-medical-or-scientific-researcher-2023-04-17-20-26-55-utc-scaled.jpg","type":"image\/jpeg"}],"twitter_card":"summary_large_image","twitter_site":"@CRYOPDP_","schema":{"@context":"https:\/\/schema.org","@graph":[{"@type":"WebPage","@id":"https:\/\/cryopdp.com\/pl\/rozwiazania-o-wartosci-dodanej-dla-badan-klinicznych\/usprawnienie-badan-klinicznych\/","url":"https:\/\/cryopdp.com\/pl\/rozwiazania-o-wartosci-dodanej-dla-badan-klinicznych\/usprawnienie-badan-klinicznych\/","name":"Usprawnienie bada\u0144 klinicznych - CRYOPDP","isPartOf":{"@id":"https:\/\/cryopdp.com\/pl\/#website"},"primaryImageOfPage":{"@id":"https:\/\/cryopdp.com\/pl\/rozwiazania-o-wartosci-dodanej-dla-badan-klinicznych\/usprawnienie-badan-klinicznych\/#primaryimage"},"image":{"@id":"https:\/\/cryopdp.com\/pl\/rozwiazania-o-wartosci-dodanej-dla-badan-klinicznych\/usprawnienie-badan-klinicznych\/#primaryimage"},"thumbnailUrl":"https:\/\/cryopdp.com\/wp-content\/uploads\/2023\/11\/close-up-view-of-medical-or-scientific-researcher-2023-04-17-20-26-55-utc-scaled.jpg","datePublished":"2023-11-28T14:24:56+00:00","dateModified":"2026-03-09T15:12:28+00:00","description":"Dowiedz si\u0119, w jaki spos\u00f3b rozwi\u0105zania z zakresu \u0142a\u0144cucha ch\u0142odniczego usprawniaj\u0105 badania kliniczne, przyspieszaj\u0105c prze\u0142omowe odkrycia i post\u0119py w badaniach i zarz\u0105dzaniu opiek\u0105 zdrowotn\u0105.","breadcrumb":{"@id":"https:\/\/cryopdp.com\/pl\/rozwiazania-o-wartosci-dodanej-dla-badan-klinicznych\/usprawnienie-badan-klinicznych\/#breadcrumb"},"inLanguage":"pl-PL","potentialAction":[{"@type":"ReadAction","target":["https:\/\/cryopdp.com\/pl\/rozwiazania-o-wartosci-dodanej-dla-badan-klinicznych\/usprawnienie-badan-klinicznych\/"]}]},{"@type":"ImageObject","inLanguage":"pl-PL","@id":"https:\/\/cryopdp.com\/pl\/rozwiazania-o-wartosci-dodanej-dla-badan-klinicznych\/usprawnienie-badan-klinicznych\/#primaryimage","url":"https:\/\/cryopdp.com\/wp-content\/uploads\/2023\/11\/close-up-view-of-medical-or-scientific-researcher-2023-04-17-20-26-55-utc-scaled.jpg","contentUrl":"https:\/\/cryopdp.com\/wp-content\/uploads\/2023\/11\/close-up-view-of-medical-or-scientific-researcher-2023-04-17-20-26-55-utc-scaled.jpg","width":2560,"height":866,"caption":"Naukowiec przyczyniaj\u0105cy si\u0119 do usprawnienia bada\u0144 klinicznych poprzez precyzyjne testy."},{"@type":"BreadcrumbList","@id":"https:\/\/cryopdp.com\/pl\/rozwiazania-o-wartosci-dodanej-dla-badan-klinicznych\/usprawnienie-badan-klinicznych\/#breadcrumb","itemListElement":[{"@type":"ListItem","position":1,"name":"Strona g\u0142\u00f3wna","item":"https:\/\/cryopdp.com\/pl\/"},{"@type":"ListItem","position":2,"name":"Rozwi\u0105zania o warto\u015bci dodanej dla bada\u0144 klinicznych","item":"https:\/\/cryopdp.com\/pl\/rozwiazania-o-wartosci-dodanej-dla-badan-klinicznych\/"},{"@type":"ListItem","position":3,"name":"Usprawnienie bada\u0144 klinicznych"}]},{"@type":"WebSite","@id":"https:\/\/cryopdp.com\/pl\/#website","url":"https:\/\/cryopdp.com\/pl\/","name":"CRYOPDP","description":"","publisher":{"@id":"https:\/\/cryopdp.com\/pl\/#organization"},"potentialAction":[{"@type":"SearchAction","target":{"@type":"EntryPoint","urlTemplate":"https:\/\/cryopdp.com\/pl\/?s={search_term_string}"},"query-input":{"@type":"PropertyValueSpecification","valueRequired":true,"valueName":"search_term_string"}}],"inLanguage":"pl-PL"},{"@type":"Organization","@id":"https:\/\/cryopdp.com\/pl\/#organization","name":"CRYOPDP","url":"https:\/\/cryopdp.com\/pl\/","logo":{"@type":"ImageObject","inLanguage":"pl-PL","@id":"https:\/\/cryopdp.com\/pl\/#\/schema\/logo\/image\/","url":"https:\/\/cryopdp.com\/wp-content\/uploads\/sites\/2\/2023\/12\/pdp-square.png","contentUrl":"https:\/\/cryopdp.com\/wp-content\/uploads\/sites\/2\/2023\/12\/pdp-square.png","width":1200,"height":1200,"caption":"CRYOPDP"},"image":{"@id":"https:\/\/cryopdp.com\/pl\/#\/schema\/logo\/image\/"},"sameAs":["https:\/\/x.com\/CRYOPDP_","https:\/\/www.linkedin.com\/company\/cryopdp","https:\/\/www.youtube.com\/channel\/UCMAksAtjJDxbVHG0ItM4lUQ","https:\/\/open.spotify.com\/show\/38TuNaX1QexPKFvL6mU0Fw?si=9766c86aea1e4b7f"]}]}},"_links":{"self":[{"href":"https:\/\/cryopdp.com\/pl\/wp-json\/wp\/v2\/pages\/14056","targetHints":{"allow":["GET"]}}],"collection":[{"href":"https:\/\/cryopdp.com\/pl\/wp-json\/wp\/v2\/pages"}],"about":[{"href":"https:\/\/cryopdp.com\/pl\/wp-json\/wp\/v2\/types\/page"}],"author":[{"embeddable":true,"href":"https:\/\/cryopdp.com\/pl\/wp-json\/wp\/v2\/users\/8"}],"replies":[{"embeddable":true,"href":"https:\/\/cryopdp.com\/pl\/wp-json\/wp\/v2\/comments?post=14056"}],"version-history":[{"count":0,"href":"https:\/\/cryopdp.com\/pl\/wp-json\/wp\/v2\/pages\/14056\/revisions"}],"up":[{"embeddable":true,"href":"https:\/\/cryopdp.com\/pl\/wp-json\/wp\/v2\/pages\/13465"}],"wp:featuredmedia":[{"embeddable":true,"href":"https:\/\/cryopdp.com\/pl\/wp-json\/wp\/v2\/media\/2268"}],"wp:attachment":[{"href":"https:\/\/cryopdp.com\/pl\/wp-json\/wp\/v2\/media?parent=14056"}],"curies":[{"name":"wp","href":"https:\/\/api.w.org\/{rel}","templated":true}]}}