{"id":14134,"date":"2025-02-12T15:59:16","date_gmt":"2025-02-12T15:59:16","guid":{"rendered":"https:\/\/cryopdp.com\/rozwiazania-o-wartosci-dodanej-dla-badan-klinicznych\/biale-rekawiczki\/"},"modified":"2026-03-09T17:23:39","modified_gmt":"2026-03-09T17:23:39","slug":"biale-rekawiczki","status":"publish","type":"page","link":"https:\/\/cryopdp.com\/pl\/rozwiazania-o-wartosci-dodanej-dla-badan-klinicznych\/biale-rekawiczki\/","title":{"rendered":"Bia\u0142e r\u0119kawiczki"},"content":{"rendered":"","protected":false},"excerpt":{"rendered":"","protected":false},"author":8,"featured_media":12189,"parent":13465,"menu_order":0,"comment_status":"closed","ping_status":"closed","template":"","meta":{"_acf_changed":false,"_lmt_disableupdate":"","_lmt_disable":"","footnotes":""},"class_list":["post-14134","page","type-page","status-publish","has-post-thumbnail","hentry"],"acf":[],"yoast_head":"<!-- This site is optimized with the Yoast SEO plugin v27.3 - https:\/\/yoast.com\/product\/yoast-seo-wordpress\/ -->\n<title>Bia\u0142e r\u0119kawiczki - CRYOPDP<\/title>\n<meta name=\"description\" content=\"Us\u0142uga bia\u0142ych r\u0119kawiczek CRYOPDP dostarcza krytyczne przesy\u0142ki medyczne z precyzj\u0105, staranno\u015bci\u0105 i pe\u0142n\u0105 widoczno\u015bci\u0105 na ka\u017cdym etapie.\" \/>\n<meta name=\"robots\" content=\"index, follow, max-snippet:-1, max-image-preview:large, max-video-preview:-1\" \/>\n<link rel=\"canonical\" href=\"https:\/\/cryopdp.com\/pl\/rozwiazania-o-wartosci-dodanej-dla-badan-klinicznych\/biale-rekawiczki\/\" \/>\n<meta property=\"og:locale\" content=\"pl_PL\" \/>\n<meta property=\"og:type\" content=\"article\" \/>\n<meta property=\"og:title\" content=\"Bia\u0142e r\u0119kawiczki - CRYOPDP\" \/>\n<meta property=\"og:description\" content=\"Us\u0142uga bia\u0142ych r\u0119kawiczek CRYOPDP dostarcza krytyczne przesy\u0142ki medyczne z precyzj\u0105, staranno\u015bci\u0105 i pe\u0142n\u0105 widoczno\u015bci\u0105 na ka\u017cdym etapie.\" \/>\n<meta property=\"og:url\" content=\"https:\/\/cryopdp.com\/pl\/rozwiazania-o-wartosci-dodanej-dla-badan-klinicznych\/biale-rekawiczki\/\" \/>\n<meta property=\"og:site_name\" content=\"CRYOPDP\" \/>\n<meta property=\"article:modified_time\" content=\"2026-03-09T17:23:39+00:00\" \/>\n<meta property=\"og:image\" content=\"https:\/\/cryopdp.com\/wp-content\/uploads\/2025\/06\/373-5-scaled.jpg\" \/>\n\t<meta property=\"og:image:width\" content=\"2560\" \/>\n\t<meta property=\"og:image:height\" content=\"1707\" \/>\n\t<meta property=\"og:image:type\" content=\"image\/jpeg\" \/>\n<meta name=\"twitter:card\" content=\"summary_large_image\" \/>\n<meta name=\"twitter:site\" content=\"@CRYOPDP_\" \/>\n<script type=\"application\/ld+json\" class=\"yoast-schema-graph\">{\"@context\":\"https:\\\/\\\/schema.org\",\"@graph\":[{\"@type\":\"WebPage\",\"@id\":\"https:\\\/\\\/cryopdp.com\\\/pl\\\/rozwiazania-o-wartosci-dodanej-dla-badan-klinicznych\\\/biale-rekawiczki\\\/\",\"url\":\"https:\\\/\\\/cryopdp.com\\\/pl\\\/rozwiazania-o-wartosci-dodanej-dla-badan-klinicznych\\\/biale-rekawiczki\\\/\",\"name\":\"Bia\u0142e r\u0119kawiczki - CRYOPDP\",\"isPartOf\":{\"@id\":\"https:\\\/\\\/cryopdp.com\\\/pl\\\/#website\"},\"primaryImageOfPage\":{\"@id\":\"https:\\\/\\\/cryopdp.com\\\/pl\\\/rozwiazania-o-wartosci-dodanej-dla-badan-klinicznych\\\/biale-rekawiczki\\\/#primaryimage\"},\"image\":{\"@id\":\"https:\\\/\\\/cryopdp.com\\\/pl\\\/rozwiazania-o-wartosci-dodanej-dla-badan-klinicznych\\\/biale-rekawiczki\\\/#primaryimage\"},\"thumbnailUrl\":\"https:\\\/\\\/cryopdp.com\\\/wp-content\\\/uploads\\\/2025\\\/06\\\/373-5-scaled.jpg\",\"datePublished\":\"2025-02-12T15:59:16+00:00\",\"dateModified\":\"2026-03-09T17:23:39+00:00\",\"description\":\"Us\u0142uga bia\u0142ych r\u0119kawiczek CRYOPDP dostarcza krytyczne przesy\u0142ki medyczne z precyzj\u0105, staranno\u015bci\u0105 i pe\u0142n\u0105 widoczno\u015bci\u0105 na ka\u017cdym etapie.\",\"breadcrumb\":{\"@id\":\"https:\\\/\\\/cryopdp.com\\\/pl\\\/rozwiazania-o-wartosci-dodanej-dla-badan-klinicznych\\\/biale-rekawiczki\\\/#breadcrumb\"},\"inLanguage\":\"pl-PL\",\"potentialAction\":[{\"@type\":\"ReadAction\",\"target\":[\"https:\\\/\\\/cryopdp.com\\\/pl\\\/rozwiazania-o-wartosci-dodanej-dla-badan-klinicznych\\\/biale-rekawiczki\\\/\"]}]},{\"@type\":\"ImageObject\",\"inLanguage\":\"pl-PL\",\"@id\":\"https:\\\/\\\/cryopdp.com\\\/pl\\\/rozwiazania-o-wartosci-dodanej-dla-badan-klinicznych\\\/biale-rekawiczki\\\/#primaryimage\",\"url\":\"https:\\\/\\\/cryopdp.com\\\/wp-content\\\/uploads\\\/2025\\\/06\\\/373-5-scaled.jpg\",\"contentUrl\":\"https:\\\/\\\/cryopdp.com\\\/wp-content\\\/uploads\\\/2025\\\/06\\\/373-5-scaled.jpg\",\"width\":2560,\"height\":1707,\"caption\":\"Precyzja w pakiecie. Zorientowany na pacjenta.\"},{\"@type\":\"BreadcrumbList\",\"@id\":\"https:\\\/\\\/cryopdp.com\\\/pl\\\/rozwiazania-o-wartosci-dodanej-dla-badan-klinicznych\\\/biale-rekawiczki\\\/#breadcrumb\",\"itemListElement\":[{\"@type\":\"ListItem\",\"position\":1,\"name\":\"Strona g\u0142\u00f3wna\",\"item\":\"https:\\\/\\\/cryopdp.com\\\/pl\\\/\"},{\"@type\":\"ListItem\",\"position\":2,\"name\":\"Rozwi\u0105zania o warto\u015bci dodanej dla bada\u0144 klinicznych\",\"item\":\"https:\\\/\\\/cryopdp.com\\\/pl\\\/rozwiazania-o-wartosci-dodanej-dla-badan-klinicznych\\\/\"},{\"@type\":\"ListItem\",\"position\":3,\"name\":\"Bia\u0142e r\u0119kawiczki\"}]},{\"@type\":\"WebSite\",\"@id\":\"https:\\\/\\\/cryopdp.com\\\/pl\\\/#website\",\"url\":\"https:\\\/\\\/cryopdp.com\\\/pl\\\/\",\"name\":\"CRYOPDP\",\"description\":\"\",\"publisher\":{\"@id\":\"https:\\\/\\\/cryopdp.com\\\/pl\\\/#organization\"},\"potentialAction\":[{\"@type\":\"SearchAction\",\"target\":{\"@type\":\"EntryPoint\",\"urlTemplate\":\"https:\\\/\\\/cryopdp.com\\\/pl\\\/?s={search_term_string}\"},\"query-input\":{\"@type\":\"PropertyValueSpecification\",\"valueRequired\":true,\"valueName\":\"search_term_string\"}}],\"inLanguage\":\"pl-PL\"},{\"@type\":\"Organization\",\"@id\":\"https:\\\/\\\/cryopdp.com\\\/pl\\\/#organization\",\"name\":\"CRYOPDP\",\"url\":\"https:\\\/\\\/cryopdp.com\\\/pl\\\/\",\"logo\":{\"@type\":\"ImageObject\",\"inLanguage\":\"pl-PL\",\"@id\":\"https:\\\/\\\/cryopdp.com\\\/pl\\\/#\\\/schema\\\/logo\\\/image\\\/\",\"url\":\"https:\\\/\\\/cryopdp.com\\\/wp-content\\\/uploads\\\/sites\\\/2\\\/2023\\\/12\\\/pdp-square.png\",\"contentUrl\":\"https:\\\/\\\/cryopdp.com\\\/wp-content\\\/uploads\\\/sites\\\/2\\\/2023\\\/12\\\/pdp-square.png\",\"width\":1200,\"height\":1200,\"caption\":\"CRYOPDP\"},\"image\":{\"@id\":\"https:\\\/\\\/cryopdp.com\\\/pl\\\/#\\\/schema\\\/logo\\\/image\\\/\"},\"sameAs\":[\"https:\\\/\\\/x.com\\\/CRYOPDP_\",\"https:\\\/\\\/www.linkedin.com\\\/company\\\/cryopdp\",\"https:\\\/\\\/www.youtube.com\\\/channel\\\/UCMAksAtjJDxbVHG0ItM4lUQ\",\"https:\\\/\\\/open.spotify.com\\\/show\\\/38TuNaX1QexPKFvL6mU0Fw?si=9766c86aea1e4b7f\"]}]}<\/script>\n<!-- \/ Yoast SEO plugin. -->","yoast_head_json":{"title":"Bia\u0142e r\u0119kawiczki - CRYOPDP","description":"Us\u0142uga bia\u0142ych r\u0119kawiczek CRYOPDP dostarcza krytyczne przesy\u0142ki medyczne z precyzj\u0105, staranno\u015bci\u0105 i pe\u0142n\u0105 widoczno\u015bci\u0105 na ka\u017cdym etapie.","robots":{"index":"index","follow":"follow","max-snippet":"max-snippet:-1","max-image-preview":"max-image-preview:large","max-video-preview":"max-video-preview:-1"},"canonical":"https:\/\/cryopdp.com\/pl\/rozwiazania-o-wartosci-dodanej-dla-badan-klinicznych\/biale-rekawiczki\/","og_locale":"pl_PL","og_type":"article","og_title":"Bia\u0142e r\u0119kawiczki - CRYOPDP","og_description":"Us\u0142uga bia\u0142ych r\u0119kawiczek CRYOPDP dostarcza krytyczne przesy\u0142ki medyczne z precyzj\u0105, staranno\u015bci\u0105 i pe\u0142n\u0105 widoczno\u015bci\u0105 na ka\u017cdym etapie.","og_url":"https:\/\/cryopdp.com\/pl\/rozwiazania-o-wartosci-dodanej-dla-badan-klinicznych\/biale-rekawiczki\/","og_site_name":"CRYOPDP","article_modified_time":"2026-03-09T17:23:39+00:00","og_image":[{"width":2560,"height":1707,"url":"https:\/\/cryopdp.com\/wp-content\/uploads\/2025\/06\/373-5-scaled.jpg","type":"image\/jpeg"}],"twitter_card":"summary_large_image","twitter_site":"@CRYOPDP_","schema":{"@context":"https:\/\/schema.org","@graph":[{"@type":"WebPage","@id":"https:\/\/cryopdp.com\/pl\/rozwiazania-o-wartosci-dodanej-dla-badan-klinicznych\/biale-rekawiczki\/","url":"https:\/\/cryopdp.com\/pl\/rozwiazania-o-wartosci-dodanej-dla-badan-klinicznych\/biale-rekawiczki\/","name":"Bia\u0142e r\u0119kawiczki - CRYOPDP","isPartOf":{"@id":"https:\/\/cryopdp.com\/pl\/#website"},"primaryImageOfPage":{"@id":"https:\/\/cryopdp.com\/pl\/rozwiazania-o-wartosci-dodanej-dla-badan-klinicznych\/biale-rekawiczki\/#primaryimage"},"image":{"@id":"https:\/\/cryopdp.com\/pl\/rozwiazania-o-wartosci-dodanej-dla-badan-klinicznych\/biale-rekawiczki\/#primaryimage"},"thumbnailUrl":"https:\/\/cryopdp.com\/wp-content\/uploads\/2025\/06\/373-5-scaled.jpg","datePublished":"2025-02-12T15:59:16+00:00","dateModified":"2026-03-09T17:23:39+00:00","description":"Us\u0142uga bia\u0142ych r\u0119kawiczek CRYOPDP dostarcza krytyczne przesy\u0142ki medyczne z precyzj\u0105, staranno\u015bci\u0105 i pe\u0142n\u0105 widoczno\u015bci\u0105 na ka\u017cdym etapie.","breadcrumb":{"@id":"https:\/\/cryopdp.com\/pl\/rozwiazania-o-wartosci-dodanej-dla-badan-klinicznych\/biale-rekawiczki\/#breadcrumb"},"inLanguage":"pl-PL","potentialAction":[{"@type":"ReadAction","target":["https:\/\/cryopdp.com\/pl\/rozwiazania-o-wartosci-dodanej-dla-badan-klinicznych\/biale-rekawiczki\/"]}]},{"@type":"ImageObject","inLanguage":"pl-PL","@id":"https:\/\/cryopdp.com\/pl\/rozwiazania-o-wartosci-dodanej-dla-badan-klinicznych\/biale-rekawiczki\/#primaryimage","url":"https:\/\/cryopdp.com\/wp-content\/uploads\/2025\/06\/373-5-scaled.jpg","contentUrl":"https:\/\/cryopdp.com\/wp-content\/uploads\/2025\/06\/373-5-scaled.jpg","width":2560,"height":1707,"caption":"Precyzja w pakiecie. Zorientowany na pacjenta."},{"@type":"BreadcrumbList","@id":"https:\/\/cryopdp.com\/pl\/rozwiazania-o-wartosci-dodanej-dla-badan-klinicznych\/biale-rekawiczki\/#breadcrumb","itemListElement":[{"@type":"ListItem","position":1,"name":"Strona g\u0142\u00f3wna","item":"https:\/\/cryopdp.com\/pl\/"},{"@type":"ListItem","position":2,"name":"Rozwi\u0105zania o warto\u015bci dodanej dla bada\u0144 klinicznych","item":"https:\/\/cryopdp.com\/pl\/rozwiazania-o-wartosci-dodanej-dla-badan-klinicznych\/"},{"@type":"ListItem","position":3,"name":"Bia\u0142e r\u0119kawiczki"}]},{"@type":"WebSite","@id":"https:\/\/cryopdp.com\/pl\/#website","url":"https:\/\/cryopdp.com\/pl\/","name":"CRYOPDP","description":"","publisher":{"@id":"https:\/\/cryopdp.com\/pl\/#organization"},"potentialAction":[{"@type":"SearchAction","target":{"@type":"EntryPoint","urlTemplate":"https:\/\/cryopdp.com\/pl\/?s={search_term_string}"},"query-input":{"@type":"PropertyValueSpecification","valueRequired":true,"valueName":"search_term_string"}}],"inLanguage":"pl-PL"},{"@type":"Organization","@id":"https:\/\/cryopdp.com\/pl\/#organization","name":"CRYOPDP","url":"https:\/\/cryopdp.com\/pl\/","logo":{"@type":"ImageObject","inLanguage":"pl-PL","@id":"https:\/\/cryopdp.com\/pl\/#\/schema\/logo\/image\/","url":"https:\/\/cryopdp.com\/wp-content\/uploads\/sites\/2\/2023\/12\/pdp-square.png","contentUrl":"https:\/\/cryopdp.com\/wp-content\/uploads\/sites\/2\/2023\/12\/pdp-square.png","width":1200,"height":1200,"caption":"CRYOPDP"},"image":{"@id":"https:\/\/cryopdp.com\/pl\/#\/schema\/logo\/image\/"},"sameAs":["https:\/\/x.com\/CRYOPDP_","https:\/\/www.linkedin.com\/company\/cryopdp","https:\/\/www.youtube.com\/channel\/UCMAksAtjJDxbVHG0ItM4lUQ","https:\/\/open.spotify.com\/show\/38TuNaX1QexPKFvL6mU0Fw?si=9766c86aea1e4b7f"]}]}},"_links":{"self":[{"href":"https:\/\/cryopdp.com\/pl\/wp-json\/wp\/v2\/pages\/14134","targetHints":{"allow":["GET"]}}],"collection":[{"href":"https:\/\/cryopdp.com\/pl\/wp-json\/wp\/v2\/pages"}],"about":[{"href":"https:\/\/cryopdp.com\/pl\/wp-json\/wp\/v2\/types\/page"}],"author":[{"embeddable":true,"href":"https:\/\/cryopdp.com\/pl\/wp-json\/wp\/v2\/users\/8"}],"replies":[{"embeddable":true,"href":"https:\/\/cryopdp.com\/pl\/wp-json\/wp\/v2\/comments?post=14134"}],"version-history":[{"count":0,"href":"https:\/\/cryopdp.com\/pl\/wp-json\/wp\/v2\/pages\/14134\/revisions"}],"up":[{"embeddable":true,"href":"https:\/\/cryopdp.com\/pl\/wp-json\/wp\/v2\/pages\/13465"}],"wp:featuredmedia":[{"embeddable":true,"href":"https:\/\/cryopdp.com\/pl\/wp-json\/wp\/v2\/media\/12189"}],"wp:attachment":[{"href":"https:\/\/cryopdp.com\/pl\/wp-json\/wp\/v2\/media?parent=14134"}],"curies":[{"name":"wp","href":"https:\/\/api.w.org\/{rel}","templated":true}]}}