{"id":14143,"date":"2023-03-24T11:26:59","date_gmt":"2023-03-24T11:26:59","guid":{"rendered":"https:\/\/cryopdp.com\/biale-ksiegi-i-studia-przypadkow\/"},"modified":"2026-03-09T17:25:56","modified_gmt":"2026-03-09T17:25:56","slug":"biale-ksiegi-i-studia-przypadkow","status":"publish","type":"page","link":"https:\/\/cryopdp.com\/pl\/biale-ksiegi-i-studia-przypadkow\/","title":{"rendered":"Bia\u0142e ksi\u0119gi i studia przypadk\u00f3w"},"content":{"rendered":"","protected":false},"excerpt":{"rendered":"","protected":false},"author":2,"featured_media":1916,"parent":0,"menu_order":0,"comment_status":"closed","ping_status":"closed","template":"","meta":{"_acf_changed":false,"_lmt_disableupdate":"","_lmt_disable":"","footnotes":""},"class_list":["post-14143","page","type-page","status-publish","has-post-thumbnail","hentry"],"acf":[],"yoast_head":"<!-- This site is optimized with the Yoast SEO plugin v27.3 - https:\/\/yoast.com\/product\/yoast-seo-wordpress\/ -->\n<title>Bia\u0142e ksi\u0119gi i studia przypadk\u00f3w - CRYOPDP<\/title>\n<meta name=\"description\" content=\"Zapoznaj si\u0119 z kompleksowymi informacjami zawartymi w naszych cenionych bia\u0142ych ksi\u0119gach dotycz\u0105cych \u0142a\u0144cucha ch\u0142odniczego, rewolucjonizuj\u0105cych logistyk\u0119 i rozwi\u0105zania w opiece zdrowotnej.\" \/>\n<meta name=\"robots\" content=\"index, follow, max-snippet:-1, max-image-preview:large, max-video-preview:-1\" \/>\n<link rel=\"canonical\" href=\"https:\/\/cryopdp.com\/pl\/biale-ksiegi-i-studia-przypadkow\/\" \/>\n<meta property=\"og:locale\" content=\"pl_PL\" \/>\n<meta property=\"og:type\" content=\"article\" \/>\n<meta property=\"og:title\" content=\"Bia\u0142e ksi\u0119gi i studia przypadk\u00f3w - CRYOPDP\" \/>\n<meta property=\"og:description\" content=\"Zapoznaj si\u0119 z kompleksowymi informacjami zawartymi w naszych cenionych bia\u0142ych ksi\u0119gach dotycz\u0105cych \u0142a\u0144cucha ch\u0142odniczego, rewolucjonizuj\u0105cych logistyk\u0119 i rozwi\u0105zania w opiece zdrowotnej.\" \/>\n<meta property=\"og:url\" content=\"https:\/\/cryopdp.com\/pl\/biale-ksiegi-i-studia-przypadkow\/\" \/>\n<meta property=\"og:site_name\" content=\"CRYOPDP\" \/>\n<meta property=\"article:modified_time\" content=\"2026-03-09T17:25:56+00:00\" \/>\n<meta property=\"og:image\" content=\"https:\/\/cryopdp.com\/wp-content\/uploads\/2023\/11\/programmer-with-prosthetic-arm-2022-12-01-07-09-34-utc-e1701952966981.jpg\" \/>\n\t<meta property=\"og:image:width\" content=\"1200\" \/>\n\t<meta property=\"og:image:height\" content=\"800\" \/>\n\t<meta property=\"og:image:type\" content=\"image\/jpeg\" \/>\n<meta name=\"twitter:card\" content=\"summary_large_image\" \/>\n<meta name=\"twitter:site\" content=\"@CRYOPDP_\" \/>\n<script type=\"application\/ld+json\" class=\"yoast-schema-graph\">{\"@context\":\"https:\\\/\\\/schema.org\",\"@graph\":[{\"@type\":\"WebPage\",\"@id\":\"https:\\\/\\\/cryopdp.com\\\/pl\\\/biale-ksiegi-i-studia-przypadkow\\\/\",\"url\":\"https:\\\/\\\/cryopdp.com\\\/pl\\\/biale-ksiegi-i-studia-przypadkow\\\/\",\"name\":\"Bia\u0142e ksi\u0119gi i studia przypadk\u00f3w - CRYOPDP\",\"isPartOf\":{\"@id\":\"https:\\\/\\\/cryopdp.com\\\/pl\\\/#website\"},\"primaryImageOfPage\":{\"@id\":\"https:\\\/\\\/cryopdp.com\\\/pl\\\/biale-ksiegi-i-studia-przypadkow\\\/#primaryimage\"},\"image\":{\"@id\":\"https:\\\/\\\/cryopdp.com\\\/pl\\\/biale-ksiegi-i-studia-przypadkow\\\/#primaryimage\"},\"thumbnailUrl\":\"https:\\\/\\\/cryopdp.com\\\/wp-content\\\/uploads\\\/2023\\\/11\\\/programmer-with-prosthetic-arm-2022-12-01-07-09-34-utc-e1701952966981.jpg\",\"datePublished\":\"2023-03-24T11:26:59+00:00\",\"dateModified\":\"2026-03-09T17:25:56+00:00\",\"description\":\"Zapoznaj si\u0119 z kompleksowymi informacjami zawartymi w naszych cenionych bia\u0142ych ksi\u0119gach dotycz\u0105cych \u0142a\u0144cucha ch\u0142odniczego, rewolucjonizuj\u0105cych logistyk\u0119 i rozwi\u0105zania w opiece zdrowotnej.\",\"breadcrumb\":{\"@id\":\"https:\\\/\\\/cryopdp.com\\\/pl\\\/biale-ksiegi-i-studia-przypadkow\\\/#breadcrumb\"},\"inLanguage\":\"pl-PL\",\"potentialAction\":[{\"@type\":\"ReadAction\",\"target\":[\"https:\\\/\\\/cryopdp.com\\\/pl\\\/biale-ksiegi-i-studia-przypadkow\\\/\"]}]},{\"@type\":\"ImageObject\",\"inLanguage\":\"pl-PL\",\"@id\":\"https:\\\/\\\/cryopdp.com\\\/pl\\\/biale-ksiegi-i-studia-przypadkow\\\/#primaryimage\",\"url\":\"https:\\\/\\\/cryopdp.com\\\/wp-content\\\/uploads\\\/2023\\\/11\\\/programmer-with-prosthetic-arm-2022-12-01-07-09-34-utc-e1701952966981.jpg\",\"contentUrl\":\"https:\\\/\\\/cryopdp.com\\\/wp-content\\\/uploads\\\/2023\\\/11\\\/programmer-with-prosthetic-arm-2022-12-01-07-09-34-utc-e1701952966981.jpg\",\"width\":1200,\"height\":800,\"caption\":\"Fachowa obs\u0142uga przesy\u0142ek wra\u017cliwych na temperatur\u0119 przez globalnego lidera w bran\u017cy logistyki nauk przyrodniczych.\"},{\"@type\":\"BreadcrumbList\",\"@id\":\"https:\\\/\\\/cryopdp.com\\\/pl\\\/biale-ksiegi-i-studia-przypadkow\\\/#breadcrumb\",\"itemListElement\":[{\"@type\":\"ListItem\",\"position\":1,\"name\":\"Strona g\u0142\u00f3wna\",\"item\":\"https:\\\/\\\/cryopdp.com\\\/pl\\\/\"},{\"@type\":\"ListItem\",\"position\":2,\"name\":\"Bia\u0142e ksi\u0119gi i studia przypadk\u00f3w\"}]},{\"@type\":\"WebSite\",\"@id\":\"https:\\\/\\\/cryopdp.com\\\/pl\\\/#website\",\"url\":\"https:\\\/\\\/cryopdp.com\\\/pl\\\/\",\"name\":\"CRYOPDP\",\"description\":\"\",\"publisher\":{\"@id\":\"https:\\\/\\\/cryopdp.com\\\/pl\\\/#organization\"},\"potentialAction\":[{\"@type\":\"SearchAction\",\"target\":{\"@type\":\"EntryPoint\",\"urlTemplate\":\"https:\\\/\\\/cryopdp.com\\\/pl\\\/?s={search_term_string}\"},\"query-input\":{\"@type\":\"PropertyValueSpecification\",\"valueRequired\":true,\"valueName\":\"search_term_string\"}}],\"inLanguage\":\"pl-PL\"},{\"@type\":\"Organization\",\"@id\":\"https:\\\/\\\/cryopdp.com\\\/pl\\\/#organization\",\"name\":\"CRYOPDP\",\"url\":\"https:\\\/\\\/cryopdp.com\\\/pl\\\/\",\"logo\":{\"@type\":\"ImageObject\",\"inLanguage\":\"pl-PL\",\"@id\":\"https:\\\/\\\/cryopdp.com\\\/pl\\\/#\\\/schema\\\/logo\\\/image\\\/\",\"url\":\"https:\\\/\\\/cryopdp.com\\\/wp-content\\\/uploads\\\/sites\\\/2\\\/2023\\\/12\\\/pdp-square.png\",\"contentUrl\":\"https:\\\/\\\/cryopdp.com\\\/wp-content\\\/uploads\\\/sites\\\/2\\\/2023\\\/12\\\/pdp-square.png\",\"width\":1200,\"height\":1200,\"caption\":\"CRYOPDP\"},\"image\":{\"@id\":\"https:\\\/\\\/cryopdp.com\\\/pl\\\/#\\\/schema\\\/logo\\\/image\\\/\"},\"sameAs\":[\"https:\\\/\\\/x.com\\\/CRYOPDP_\",\"https:\\\/\\\/www.linkedin.com\\\/company\\\/cryopdp\",\"https:\\\/\\\/www.youtube.com\\\/channel\\\/UCMAksAtjJDxbVHG0ItM4lUQ\",\"https:\\\/\\\/open.spotify.com\\\/show\\\/38TuNaX1QexPKFvL6mU0Fw?si=9766c86aea1e4b7f\"]}]}<\/script>\n<!-- \/ Yoast SEO plugin. -->","yoast_head_json":{"title":"Bia\u0142e ksi\u0119gi i studia przypadk\u00f3w - CRYOPDP","description":"Zapoznaj si\u0119 z kompleksowymi informacjami zawartymi w naszych cenionych bia\u0142ych ksi\u0119gach dotycz\u0105cych \u0142a\u0144cucha ch\u0142odniczego, rewolucjonizuj\u0105cych logistyk\u0119 i rozwi\u0105zania w opiece zdrowotnej.","robots":{"index":"index","follow":"follow","max-snippet":"max-snippet:-1","max-image-preview":"max-image-preview:large","max-video-preview":"max-video-preview:-1"},"canonical":"https:\/\/cryopdp.com\/pl\/biale-ksiegi-i-studia-przypadkow\/","og_locale":"pl_PL","og_type":"article","og_title":"Bia\u0142e ksi\u0119gi i studia przypadk\u00f3w - CRYOPDP","og_description":"Zapoznaj si\u0119 z kompleksowymi informacjami zawartymi w naszych cenionych bia\u0142ych ksi\u0119gach dotycz\u0105cych \u0142a\u0144cucha ch\u0142odniczego, rewolucjonizuj\u0105cych logistyk\u0119 i rozwi\u0105zania w opiece zdrowotnej.","og_url":"https:\/\/cryopdp.com\/pl\/biale-ksiegi-i-studia-przypadkow\/","og_site_name":"CRYOPDP","article_modified_time":"2026-03-09T17:25:56+00:00","og_image":[{"width":1200,"height":800,"url":"https:\/\/cryopdp.com\/wp-content\/uploads\/2023\/11\/programmer-with-prosthetic-arm-2022-12-01-07-09-34-utc-e1701952966981.jpg","type":"image\/jpeg"}],"twitter_card":"summary_large_image","twitter_site":"@CRYOPDP_","schema":{"@context":"https:\/\/schema.org","@graph":[{"@type":"WebPage","@id":"https:\/\/cryopdp.com\/pl\/biale-ksiegi-i-studia-przypadkow\/","url":"https:\/\/cryopdp.com\/pl\/biale-ksiegi-i-studia-przypadkow\/","name":"Bia\u0142e ksi\u0119gi i studia przypadk\u00f3w - CRYOPDP","isPartOf":{"@id":"https:\/\/cryopdp.com\/pl\/#website"},"primaryImageOfPage":{"@id":"https:\/\/cryopdp.com\/pl\/biale-ksiegi-i-studia-przypadkow\/#primaryimage"},"image":{"@id":"https:\/\/cryopdp.com\/pl\/biale-ksiegi-i-studia-przypadkow\/#primaryimage"},"thumbnailUrl":"https:\/\/cryopdp.com\/wp-content\/uploads\/2023\/11\/programmer-with-prosthetic-arm-2022-12-01-07-09-34-utc-e1701952966981.jpg","datePublished":"2023-03-24T11:26:59+00:00","dateModified":"2026-03-09T17:25:56+00:00","description":"Zapoznaj si\u0119 z kompleksowymi informacjami zawartymi w naszych cenionych bia\u0142ych ksi\u0119gach dotycz\u0105cych \u0142a\u0144cucha ch\u0142odniczego, rewolucjonizuj\u0105cych logistyk\u0119 i rozwi\u0105zania w opiece zdrowotnej.","breadcrumb":{"@id":"https:\/\/cryopdp.com\/pl\/biale-ksiegi-i-studia-przypadkow\/#breadcrumb"},"inLanguage":"pl-PL","potentialAction":[{"@type":"ReadAction","target":["https:\/\/cryopdp.com\/pl\/biale-ksiegi-i-studia-przypadkow\/"]}]},{"@type":"ImageObject","inLanguage":"pl-PL","@id":"https:\/\/cryopdp.com\/pl\/biale-ksiegi-i-studia-przypadkow\/#primaryimage","url":"https:\/\/cryopdp.com\/wp-content\/uploads\/2023\/11\/programmer-with-prosthetic-arm-2022-12-01-07-09-34-utc-e1701952966981.jpg","contentUrl":"https:\/\/cryopdp.com\/wp-content\/uploads\/2023\/11\/programmer-with-prosthetic-arm-2022-12-01-07-09-34-utc-e1701952966981.jpg","width":1200,"height":800,"caption":"Fachowa obs\u0142uga przesy\u0142ek wra\u017cliwych na temperatur\u0119 przez globalnego lidera w bran\u017cy logistyki nauk przyrodniczych."},{"@type":"BreadcrumbList","@id":"https:\/\/cryopdp.com\/pl\/biale-ksiegi-i-studia-przypadkow\/#breadcrumb","itemListElement":[{"@type":"ListItem","position":1,"name":"Strona g\u0142\u00f3wna","item":"https:\/\/cryopdp.com\/pl\/"},{"@type":"ListItem","position":2,"name":"Bia\u0142e ksi\u0119gi i studia przypadk\u00f3w"}]},{"@type":"WebSite","@id":"https:\/\/cryopdp.com\/pl\/#website","url":"https:\/\/cryopdp.com\/pl\/","name":"CRYOPDP","description":"","publisher":{"@id":"https:\/\/cryopdp.com\/pl\/#organization"},"potentialAction":[{"@type":"SearchAction","target":{"@type":"EntryPoint","urlTemplate":"https:\/\/cryopdp.com\/pl\/?s={search_term_string}"},"query-input":{"@type":"PropertyValueSpecification","valueRequired":true,"valueName":"search_term_string"}}],"inLanguage":"pl-PL"},{"@type":"Organization","@id":"https:\/\/cryopdp.com\/pl\/#organization","name":"CRYOPDP","url":"https:\/\/cryopdp.com\/pl\/","logo":{"@type":"ImageObject","inLanguage":"pl-PL","@id":"https:\/\/cryopdp.com\/pl\/#\/schema\/logo\/image\/","url":"https:\/\/cryopdp.com\/wp-content\/uploads\/sites\/2\/2023\/12\/pdp-square.png","contentUrl":"https:\/\/cryopdp.com\/wp-content\/uploads\/sites\/2\/2023\/12\/pdp-square.png","width":1200,"height":1200,"caption":"CRYOPDP"},"image":{"@id":"https:\/\/cryopdp.com\/pl\/#\/schema\/logo\/image\/"},"sameAs":["https:\/\/x.com\/CRYOPDP_","https:\/\/www.linkedin.com\/company\/cryopdp","https:\/\/www.youtube.com\/channel\/UCMAksAtjJDxbVHG0ItM4lUQ","https:\/\/open.spotify.com\/show\/38TuNaX1QexPKFvL6mU0Fw?si=9766c86aea1e4b7f"]}]}},"_links":{"self":[{"href":"https:\/\/cryopdp.com\/pl\/wp-json\/wp\/v2\/pages\/14143","targetHints":{"allow":["GET"]}}],"collection":[{"href":"https:\/\/cryopdp.com\/pl\/wp-json\/wp\/v2\/pages"}],"about":[{"href":"https:\/\/cryopdp.com\/pl\/wp-json\/wp\/v2\/types\/page"}],"author":[{"embeddable":true,"href":"https:\/\/cryopdp.com\/pl\/wp-json\/wp\/v2\/users\/2"}],"replies":[{"embeddable":true,"href":"https:\/\/cryopdp.com\/pl\/wp-json\/wp\/v2\/comments?post=14143"}],"version-history":[{"count":0,"href":"https:\/\/cryopdp.com\/pl\/wp-json\/wp\/v2\/pages\/14143\/revisions"}],"wp:featuredmedia":[{"embeddable":true,"href":"https:\/\/cryopdp.com\/pl\/wp-json\/wp\/v2\/media\/1916"}],"wp:attachment":[{"href":"https:\/\/cryopdp.com\/pl\/wp-json\/wp\/v2\/media?parent=14143"}],"curies":[{"name":"wp","href":"https:\/\/api.w.org\/{rel}","templated":true}]}}